{"id":864,"date":"2022-03-08T10:35:42","date_gmt":"2022-03-08T09:35:42","guid":{"rendered":"https:\/\/www.espacefinance.com\/133881bdd\/?page_id=864"},"modified":"2022-03-08T11:11:32","modified_gmt":"2022-03-08T10:11:32","slug":"camping-car-assurance","status":"publish","type":"page","link":"https:\/\/www.espacefinance.com\/133881bdd\/assurances-particuliers-professionnel-entreprise\/assurances-particuliers-auto-habitation\/assurances-de-loisirs\/camping-car-assurance\/","title":{"rendered":"Camping-car"},"content":{"rendered":"\n<figure class=\"wp-block-image size-full\" id=\"camping-car\"><img decoding=\"async\" width=\"259\" height=\"194\" src=\"https:\/\/www.espacefinance.com\/133881bdd\/wp-content\/uploads\/2022\/03\/Assurance-Camping-Car.jpg\" alt=\"assurance camping-car &amp; fourgon\" class=\"wp-image-865\" title=\"camping-car fourgon assurance\"\/><figcaption>Assurance Camping-Car &amp; Fourgon<\/figcaption><\/figure>\n\n\n\n<h1 class=\"wp-block-heading\">Formule tous risques<\/h1>\n\n\n\n<p>Sachez que le r\u00e8glement de vos dommages garantis pourra se faire directement au r\u00e9parateur de votre v\u00e9hicule, sans que vous ayez \u00e0 avancer de fonds.<\/p>\n\n\n\n<h2 class=\"wp-block-heading\">Avec la formule \u00ab\u00a0Tous risques\u00a0\u00bb, vous \u00eates couvert en toutes circonstances<\/h2>\n\n\n\n<figure class=\"wp-block-table\"><table><tbody><tr><td><img decoding=\"async\" src=\"https:\/\/www.assurance-camping-car.com\/images\/bullet_orange.gif\"><\/td><td>Responsabilit\u00e9 Civile | Passagers transport\u00e9s.<\/td><\/tr><tr><td><img decoding=\"async\" src=\"https:\/\/www.assurance-camping-car.com\/images\/bullet_orange.gif\"><\/td><td>D\u00e9fense et Protection Juridique.<\/td><\/tr><tr><td><img decoding=\"async\" src=\"https:\/\/www.assurance-camping-car.com\/images\/bullet_orange.gif\"><\/td><td>Vol&nbsp;et incendie du v\u00e9hicule \/ temp\u00eate avec franchise.<\/td><\/tr><tr><td><img decoding=\"async\" src=\"https:\/\/www.assurance-camping-car.com\/images\/bullet_orange.gif\"><\/td><td><strong><a href=\"https:\/\/www.assurance-camping-car.com\/pare-brise-reparation.php\">Bris de glaces, des optiques de phare et des vitres lat\u00e9rales y compris celles en plexiglass<\/a>.<\/strong><\/td><\/tr><tr><td><img decoding=\"async\" src=\"https:\/\/www.assurance-camping-car.com\/images\/bullet_orange.gif\"><\/td><td>Catastrophes naturelles \/ attentats.<\/td><\/tr><tr><td><img decoding=\"async\" src=\"https:\/\/www.assurance-camping-car.com\/images\/bullet_orange.gif\"><\/td><td>Contenu garanti jusqu&rsquo;\u00e0&nbsp;<strong>1.500 \u20ac<\/strong>.<\/td><\/tr><tr><td><img decoding=\"async\" src=\"https:\/\/www.assurance-camping-car.com\/images\/bullet_orange.gif\"><\/td><td>Garantie du conducteur 300.000\u20ac<\/td><\/tr><tr><td><img decoding=\"async\" src=\"https:\/\/www.assurance-camping-car.com\/images\/bullet_orange.gif\"><\/td><td>Dommages tous accidents \/ vandalisme \/ gr\u00eale avec franchise.<\/td><\/tr><tr><td><img decoding=\"async\" src=\"https:\/\/www.assurance-camping-car.com\/images\/bullet_orange.gif\"><\/td><td>Assistance 24H sur 24 d\u00e8s\u00a0<strong>0 Km<\/strong>\u00a0sp\u00e9cialement adapt\u00e9 aux camping-cars : (d\u00e8s 1 km pour les v\u00e9hicules de plus de 10 ans)<br>plafond de remorquage augment\u00e9<br>+\u00a0<strong>voiture de remplacement<\/strong>\u00a0en cas d&rsquo;accident, de vol ou vandalisme sur votre camping-car<br>+\u00a0<strong>Assistance Crevaison<\/strong><br><\/td><\/tr><\/tbody><\/table><\/figure>\n\n\n\n<h3 class=\"wp-block-heading\">Formule tous risques<\/h3>\n\n\n\n<p>Dans les contrats Tous risques, en cas de sinistre dont vous \u00eates responsable, une franchise s\u2019applique aux d\u00e9g\u00e2ts de votre camping-car (franchise mentionn\u00e9e aux Dispositions Particuli\u00e8res).<br>Autrement dit, l\u2019indemnisation que vous percevez est \u00e9gale au montant total des r\u00e9parations, moins cette franchise.<\/p>\n","protected":false},"excerpt":{"rendered":"<p>Formule tous risques Sachez que le r\u00e8glement de vos dommages garantis pourra se faire directement au r\u00e9parateur de votre v\u00e9hicule, sans que vous ayez \u00e0 avancer de fonds. Avec la formule \u00ab\u00a0Tous risques\u00a0\u00bb, vous \u00eates couvert en toutes circonstances Responsabilit\u00e9 Civile | Passagers transport\u00e9s. D\u00e9fense et Protection Juridique. Vol&nbsp;et incendie du v\u00e9hicule \/ temp\u00eate avec [&hellip;]<\/p>\n","protected":false},"author":1,"featured_media":865,"parent":850,"menu_order":1,"comment_status":"closed","ping_status":"closed","template":"","meta":{"footnotes":""},"class_list":["post-864","page","type-page","status-publish","has-post-thumbnail","hentry"],"yoast_head":"<!-- This site is optimized with the Yoast SEO Premium plugin v20.0 (Yoast SEO v27.5) - https:\/\/yoast.com\/product\/yoast-seo-premium-wordpress\/ -->\n<title>Camping-Car<\/title>\n<meta name=\"description\" content=\"Trouver la meilleure assurance pour votre camping-car ou votre fourgon am\u00e9nag\u00e9. Entre les diff\u00e9rentes offres, comparez. Important: la facilit\u00e9 \u00e0 joindre l\u2019assureur et le suivi personnalis\u00e9 ou non de votre dossier par un conseiller ou une \u00e9quipe d\u00e9di\u00e9e...\" \/>\n<meta name=\"robots\" content=\"index, follow, max-snippet:-1, max-image-preview:large, max-video-preview:-1\" \/>\n<link rel=\"canonical\" href=\"https:\/\/www.espacefinance.com\/133881bdd\/assurances-particuliers-professionnel-entreprise\/assurances-particuliers-auto-habitation\/assurances-de-loisirs\/camping-car-assurance\/\" \/>\n<meta property=\"og:locale\" content=\"fr_FR\" \/>\n<meta property=\"og:type\" content=\"article\" \/>\n<meta property=\"og:title\" content=\"Camping-car\" \/>\n<meta property=\"og:description\" content=\"Trouver la meilleure assurance pour votre camping-car ou votre fourgon am\u00e9nag\u00e9. Entre les diff\u00e9rentes offres, comparez. Important: la facilit\u00e9 \u00e0 joindre l\u2019assureur et le suivi personnalis\u00e9 ou non de votre dossier par un conseiller ou une \u00e9quipe d\u00e9di\u00e9e...\" \/>\n<meta property=\"og:url\" content=\"https:\/\/www.espacefinance.com\/133881bdd\/assurances-particuliers-professionnel-entreprise\/assurances-particuliers-auto-habitation\/assurances-de-loisirs\/camping-car-assurance\/\" \/>\n<meta property=\"og:site_name\" content=\"N\u00eemes - Cr\u00e9dit Immobilier &amp; Assurances\" \/>\n<meta property=\"article:publisher\" content=\"https:\/\/www.facebook.com\/ymanci.credit.immobilier.assurance\" \/>\n<meta property=\"article:modified_time\" content=\"2022-03-08T10:11:32+00:00\" \/>\n<meta property=\"og:image\" content=\"https:\/\/www.espacefinance.com\/133881bdd\/wp-content\/uploads\/2022\/03\/Assurance-Camping-Car.jpg\" \/>\n\t<meta property=\"og:image:width\" content=\"259\" \/>\n\t<meta property=\"og:image:height\" content=\"194\" \/>\n\t<meta property=\"og:image:type\" content=\"image\/jpeg\" \/>\n<meta name=\"twitter:card\" content=\"summary_large_image\" \/>\n<meta name=\"twitter:site\" content=\"@YMANCI_NIMES\" \/>\n<meta name=\"twitter:label1\" content=\"Dur\u00e9e de lecture estim\u00e9e\" \/>\n\t<meta name=\"twitter:data1\" content=\"3 minutes\" \/>\n<script type=\"application\/ld+json\" class=\"yoast-schema-graph\">{\"@context\":\"https:\\\/\\\/schema.org\",\"@graph\":[{\"@type\":\"WebPage\",\"@id\":\"https:\\\/\\\/www.espacefinance.com\\\/133881bdd\\\/assurances-particuliers-professionnel-entreprise\\\/assurances-particuliers-auto-habitation\\\/assurances-de-loisirs\\\/camping-car-assurance\\\/\",\"url\":\"https:\\\/\\\/www.espacefinance.com\\\/133881bdd\\\/assurances-particuliers-professionnel-entreprise\\\/assurances-particuliers-auto-habitation\\\/assurances-de-loisirs\\\/camping-car-assurance\\\/\",\"name\":\"Camping-Car\",\"isPartOf\":{\"@id\":\"https:\\\/\\\/www.espacefinance.com\\\/133881bdd\\\/#website\"},\"primaryImageOfPage\":{\"@id\":\"https:\\\/\\\/www.espacefinance.com\\\/133881bdd\\\/assurances-particuliers-professionnel-entreprise\\\/assurances-particuliers-auto-habitation\\\/assurances-de-loisirs\\\/camping-car-assurance\\\/#primaryimage\"},\"image\":{\"@id\":\"https:\\\/\\\/www.espacefinance.com\\\/133881bdd\\\/assurances-particuliers-professionnel-entreprise\\\/assurances-particuliers-auto-habitation\\\/assurances-de-loisirs\\\/camping-car-assurance\\\/#primaryimage\"},\"thumbnailUrl\":\"https:\\\/\\\/www.espacefinance.com\\\/133881bdd\\\/wp-content\\\/uploads\\\/2022\\\/03\\\/Assurance-Camping-Car.jpg\",\"datePublished\":\"2022-03-08T09:35:42+00:00\",\"dateModified\":\"2022-03-08T10:11:32+00:00\",\"description\":\"Trouver la meilleure assurance pour votre camping-car ou votre fourgon am\u00e9nag\u00e9. Entre les diff\u00e9rentes offres, comparez. Important: la facilit\u00e9 \u00e0 joindre l\u2019assureur et le suivi personnalis\u00e9 ou non de votre dossier par un conseiller ou une \u00e9quipe d\u00e9di\u00e9e...\",\"breadcrumb\":{\"@id\":\"https:\\\/\\\/www.espacefinance.com\\\/133881bdd\\\/assurances-particuliers-professionnel-entreprise\\\/assurances-particuliers-auto-habitation\\\/assurances-de-loisirs\\\/camping-car-assurance\\\/#breadcrumb\"},\"inLanguage\":\"fr-FR\",\"potentialAction\":[{\"@type\":\"ReadAction\",\"target\":[\"https:\\\/\\\/www.espacefinance.com\\\/133881bdd\\\/assurances-particuliers-professionnel-entreprise\\\/assurances-particuliers-auto-habitation\\\/assurances-de-loisirs\\\/camping-car-assurance\\\/\"]}]},{\"@type\":\"ImageObject\",\"inLanguage\":\"fr-FR\",\"@id\":\"https:\\\/\\\/www.espacefinance.com\\\/133881bdd\\\/assurances-particuliers-professionnel-entreprise\\\/assurances-particuliers-auto-habitation\\\/assurances-de-loisirs\\\/camping-car-assurance\\\/#primaryimage\",\"url\":\"https:\\\/\\\/www.espacefinance.com\\\/133881bdd\\\/wp-content\\\/uploads\\\/2022\\\/03\\\/Assurance-Camping-Car.jpg\",\"contentUrl\":\"https:\\\/\\\/www.espacefinance.com\\\/133881bdd\\\/wp-content\\\/uploads\\\/2022\\\/03\\\/Assurance-Camping-Car.jpg\",\"width\":259,\"height\":194,\"caption\":\"Assurance Camping-Car & Fourgon\"},{\"@type\":\"BreadcrumbList\",\"@id\":\"https:\\\/\\\/www.espacefinance.com\\\/133881bdd\\\/assurances-particuliers-professionnel-entreprise\\\/assurances-particuliers-auto-habitation\\\/assurances-de-loisirs\\\/camping-car-assurance\\\/#breadcrumb\",\"itemListElement\":[{\"@type\":\"ListItem\",\"position\":1,\"name\":\"Accueil\",\"item\":\"https:\\\/\\\/www.espacefinance.com\\\/133881bdd\\\/\"},{\"@type\":\"ListItem\",\"position\":2,\"name\":\"Courtage en Assurances\",\"item\":\"https:\\\/\\\/www.espacefinance.com\\\/133881bdd\\\/assurances-particuliers-professionnel-entreprise\\\/\"},{\"@type\":\"ListItem\",\"position\":3,\"name\":\"Assurances pour les particuliers\",\"item\":\"https:\\\/\\\/www.espacefinance.com\\\/133881bdd\\\/assurances-particuliers-professionnel-entreprise\\\/assurances-particuliers-auto-habitation\\\/\"},{\"@type\":\"ListItem\",\"position\":4,\"name\":\"Assurances de Loisirs\",\"item\":\"https:\\\/\\\/www.espacefinance.com\\\/133881bdd\\\/assurances-particuliers-professionnel-entreprise\\\/assurances-particuliers-auto-habitation\\\/assurances-de-loisirs\\\/\"},{\"@type\":\"ListItem\",\"position\":5,\"name\":\"Camping-car\"}]},{\"@type\":\"WebSite\",\"@id\":\"https:\\\/\\\/www.espacefinance.com\\\/133881bdd\\\/#website\",\"url\":\"https:\\\/\\\/www.espacefinance.com\\\/133881bdd\\\/\",\"name\":\"N\u00eemes - Cr\u00e9dit Immobilier &amp; Assurances\",\"description\":\"Notre expertise \u00e0 votre service en toute transparence\",\"publisher\":{\"@id\":\"https:\\\/\\\/www.espacefinance.com\\\/133881bdd\\\/#organization\"},\"potentialAction\":[{\"@type\":\"SearchAction\",\"target\":{\"@type\":\"EntryPoint\",\"urlTemplate\":\"https:\\\/\\\/www.espacefinance.com\\\/133881bdd\\\/?s={search_term_string}\"},\"query-input\":{\"@type\":\"PropertyValueSpecification\",\"valueRequired\":true,\"valueName\":\"search_term_string\"}}],\"inLanguage\":\"fr-FR\"},{\"@type\":\"Organization\",\"@id\":\"https:\\\/\\\/www.espacefinance.com\\\/133881bdd\\\/#organization\",\"name\":\"ESPACE FINANCE LP\",\"url\":\"https:\\\/\\\/www.espacefinance.com\\\/133881bdd\\\/\",\"logo\":{\"@type\":\"ImageObject\",\"inLanguage\":\"fr-FR\",\"@id\":\"https:\\\/\\\/www.espacefinance.com\\\/133881bdd\\\/#\\\/schema\\\/logo\\\/image\\\/\",\"url\":\"https:\\\/\\\/www.espacefinance.com\\\/133881bdd\\\/wp-content\\\/uploads\\\/2022\\\/03\\\/LOGO-ESFI-YMANCI-022022.jpg\",\"contentUrl\":\"https:\\\/\\\/www.espacefinance.com\\\/133881bdd\\\/wp-content\\\/uploads\\\/2022\\\/03\\\/LOGO-ESFI-YMANCI-022022.jpg\",\"width\":1273,\"height\":710,\"caption\":\"ESPACE FINANCE LP\"},\"image\":{\"@id\":\"https:\\\/\\\/www.espacefinance.com\\\/133881bdd\\\/#\\\/schema\\\/logo\\\/image\\\/\"},\"sameAs\":[\"https:\\\/\\\/www.facebook.com\\\/ymanci.credit.immobilier.assurance\",\"https:\\\/\\\/x.com\\\/YMANCI_NIMES\",\"https:\\\/\\\/www.instagram.com\\\/espacefinancelp_ymanci_nimes\\\/?hl=fr\",\"https:\\\/\\\/www.linkedin.com\\\/showcase\\\/ymanci-nmes\\\/\",\"https:\\\/\\\/www.youtube.com\\\/channel\\\/UC1PRm7p_QVdRMUaS_Hq6zwA\"]}]}<\/script>\n<!-- \/ Yoast SEO Premium plugin. -->","yoast_head_json":{"title":"Camping-Car","description":"Trouver la meilleure assurance pour votre camping-car ou votre fourgon am\u00e9nag\u00e9. Entre les diff\u00e9rentes offres, comparez. Important: la facilit\u00e9 \u00e0 joindre l\u2019assureur et le suivi personnalis\u00e9 ou non de votre dossier par un conseiller ou une \u00e9quipe d\u00e9di\u00e9e...","robots":{"index":"index","follow":"follow","max-snippet":"max-snippet:-1","max-image-preview":"max-image-preview:large","max-video-preview":"max-video-preview:-1"},"canonical":"https:\/\/www.espacefinance.com\/133881bdd\/assurances-particuliers-professionnel-entreprise\/assurances-particuliers-auto-habitation\/assurances-de-loisirs\/camping-car-assurance\/","og_locale":"fr_FR","og_type":"article","og_title":"Camping-car","og_description":"Trouver la meilleure assurance pour votre camping-car ou votre fourgon am\u00e9nag\u00e9. Entre les diff\u00e9rentes offres, comparez. Important: la facilit\u00e9 \u00e0 joindre l\u2019assureur et le suivi personnalis\u00e9 ou non de votre dossier par un conseiller ou une \u00e9quipe d\u00e9di\u00e9e...","og_url":"https:\/\/www.espacefinance.com\/133881bdd\/assurances-particuliers-professionnel-entreprise\/assurances-particuliers-auto-habitation\/assurances-de-loisirs\/camping-car-assurance\/","og_site_name":"N\u00eemes - Cr\u00e9dit Immobilier &amp; Assurances","article_publisher":"https:\/\/www.facebook.com\/ymanci.credit.immobilier.assurance","article_modified_time":"2022-03-08T10:11:32+00:00","og_image":[{"width":259,"height":194,"url":"https:\/\/www.espacefinance.com\/133881bdd\/wp-content\/uploads\/2022\/03\/Assurance-Camping-Car.jpg","type":"image\/jpeg"}],"twitter_card":"summary_large_image","twitter_site":"@YMANCI_NIMES","twitter_misc":{"Dur\u00e9e de lecture estim\u00e9e":"3 minutes"},"schema":{"@context":"https:\/\/schema.org","@graph":[{"@type":"WebPage","@id":"https:\/\/www.espacefinance.com\/133881bdd\/assurances-particuliers-professionnel-entreprise\/assurances-particuliers-auto-habitation\/assurances-de-loisirs\/camping-car-assurance\/","url":"https:\/\/www.espacefinance.com\/133881bdd\/assurances-particuliers-professionnel-entreprise\/assurances-particuliers-auto-habitation\/assurances-de-loisirs\/camping-car-assurance\/","name":"Camping-Car","isPartOf":{"@id":"https:\/\/www.espacefinance.com\/133881bdd\/#website"},"primaryImageOfPage":{"@id":"https:\/\/www.espacefinance.com\/133881bdd\/assurances-particuliers-professionnel-entreprise\/assurances-particuliers-auto-habitation\/assurances-de-loisirs\/camping-car-assurance\/#primaryimage"},"image":{"@id":"https:\/\/www.espacefinance.com\/133881bdd\/assurances-particuliers-professionnel-entreprise\/assurances-particuliers-auto-habitation\/assurances-de-loisirs\/camping-car-assurance\/#primaryimage"},"thumbnailUrl":"https:\/\/www.espacefinance.com\/133881bdd\/wp-content\/uploads\/2022\/03\/Assurance-Camping-Car.jpg","datePublished":"2022-03-08T09:35:42+00:00","dateModified":"2022-03-08T10:11:32+00:00","description":"Trouver la meilleure assurance pour votre camping-car ou votre fourgon am\u00e9nag\u00e9. Entre les diff\u00e9rentes offres, comparez. Important: la facilit\u00e9 \u00e0 joindre l\u2019assureur et le suivi personnalis\u00e9 ou non de votre dossier par un conseiller ou une \u00e9quipe d\u00e9di\u00e9e...","breadcrumb":{"@id":"https:\/\/www.espacefinance.com\/133881bdd\/assurances-particuliers-professionnel-entreprise\/assurances-particuliers-auto-habitation\/assurances-de-loisirs\/camping-car-assurance\/#breadcrumb"},"inLanguage":"fr-FR","potentialAction":[{"@type":"ReadAction","target":["https:\/\/www.espacefinance.com\/133881bdd\/assurances-particuliers-professionnel-entreprise\/assurances-particuliers-auto-habitation\/assurances-de-loisirs\/camping-car-assurance\/"]}]},{"@type":"ImageObject","inLanguage":"fr-FR","@id":"https:\/\/www.espacefinance.com\/133881bdd\/assurances-particuliers-professionnel-entreprise\/assurances-particuliers-auto-habitation\/assurances-de-loisirs\/camping-car-assurance\/#primaryimage","url":"https:\/\/www.espacefinance.com\/133881bdd\/wp-content\/uploads\/2022\/03\/Assurance-Camping-Car.jpg","contentUrl":"https:\/\/www.espacefinance.com\/133881bdd\/wp-content\/uploads\/2022\/03\/Assurance-Camping-Car.jpg","width":259,"height":194,"caption":"Assurance Camping-Car & Fourgon"},{"@type":"BreadcrumbList","@id":"https:\/\/www.espacefinance.com\/133881bdd\/assurances-particuliers-professionnel-entreprise\/assurances-particuliers-auto-habitation\/assurances-de-loisirs\/camping-car-assurance\/#breadcrumb","itemListElement":[{"@type":"ListItem","position":1,"name":"Accueil","item":"https:\/\/www.espacefinance.com\/133881bdd\/"},{"@type":"ListItem","position":2,"name":"Courtage en Assurances","item":"https:\/\/www.espacefinance.com\/133881bdd\/assurances-particuliers-professionnel-entreprise\/"},{"@type":"ListItem","position":3,"name":"Assurances pour les particuliers","item":"https:\/\/www.espacefinance.com\/133881bdd\/assurances-particuliers-professionnel-entreprise\/assurances-particuliers-auto-habitation\/"},{"@type":"ListItem","position":4,"name":"Assurances de Loisirs","item":"https:\/\/www.espacefinance.com\/133881bdd\/assurances-particuliers-professionnel-entreprise\/assurances-particuliers-auto-habitation\/assurances-de-loisirs\/"},{"@type":"ListItem","position":5,"name":"Camping-car"}]},{"@type":"WebSite","@id":"https:\/\/www.espacefinance.com\/133881bdd\/#website","url":"https:\/\/www.espacefinance.com\/133881bdd\/","name":"N\u00eemes - Cr\u00e9dit Immobilier &amp; Assurances","description":"Notre expertise \u00e0 votre service en toute transparence","publisher":{"@id":"https:\/\/www.espacefinance.com\/133881bdd\/#organization"},"potentialAction":[{"@type":"SearchAction","target":{"@type":"EntryPoint","urlTemplate":"https:\/\/www.espacefinance.com\/133881bdd\/?s={search_term_string}"},"query-input":{"@type":"PropertyValueSpecification","valueRequired":true,"valueName":"search_term_string"}}],"inLanguage":"fr-FR"},{"@type":"Organization","@id":"https:\/\/www.espacefinance.com\/133881bdd\/#organization","name":"ESPACE FINANCE LP","url":"https:\/\/www.espacefinance.com\/133881bdd\/","logo":{"@type":"ImageObject","inLanguage":"fr-FR","@id":"https:\/\/www.espacefinance.com\/133881bdd\/#\/schema\/logo\/image\/","url":"https:\/\/www.espacefinance.com\/133881bdd\/wp-content\/uploads\/2022\/03\/LOGO-ESFI-YMANCI-022022.jpg","contentUrl":"https:\/\/www.espacefinance.com\/133881bdd\/wp-content\/uploads\/2022\/03\/LOGO-ESFI-YMANCI-022022.jpg","width":1273,"height":710,"caption":"ESPACE FINANCE LP"},"image":{"@id":"https:\/\/www.espacefinance.com\/133881bdd\/#\/schema\/logo\/image\/"},"sameAs":["https:\/\/www.facebook.com\/ymanci.credit.immobilier.assurance","https:\/\/x.com\/YMANCI_NIMES","https:\/\/www.instagram.com\/espacefinancelp_ymanci_nimes\/?hl=fr","https:\/\/www.linkedin.com\/showcase\/ymanci-nmes\/","https:\/\/www.youtube.com\/channel\/UC1PRm7p_QVdRMUaS_Hq6zwA"]}]}},"_links":{"self":[{"href":"https:\/\/www.espacefinance.com\/133881bdd\/wp-json\/wp\/v2\/pages\/864","targetHints":{"allow":["GET"]}}],"collection":[{"href":"https:\/\/www.espacefinance.com\/133881bdd\/wp-json\/wp\/v2\/pages"}],"about":[{"href":"https:\/\/www.espacefinance.com\/133881bdd\/wp-json\/wp\/v2\/types\/page"}],"author":[{"embeddable":true,"href":"https:\/\/www.espacefinance.com\/133881bdd\/wp-json\/wp\/v2\/users\/1"}],"replies":[{"embeddable":true,"href":"https:\/\/www.espacefinance.com\/133881bdd\/wp-json\/wp\/v2\/comments?post=864"}],"version-history":[{"count":0,"href":"https:\/\/www.espacefinance.com\/133881bdd\/wp-json\/wp\/v2\/pages\/864\/revisions"}],"up":[{"embeddable":true,"href":"https:\/\/www.espacefinance.com\/133881bdd\/wp-json\/wp\/v2\/pages\/850"}],"wp:featuredmedia":[{"embeddable":true,"href":"https:\/\/www.espacefinance.com\/133881bdd\/wp-json\/wp\/v2\/media\/865"}],"wp:attachment":[{"href":"https:\/\/www.espacefinance.com\/133881bdd\/wp-json\/wp\/v2\/media?parent=864"}],"curies":[{"name":"wp","href":"https:\/\/api.w.org\/{rel}","templated":true}]}}