{"id":850,"date":"2022-03-08T08:18:59","date_gmt":"2022-03-08T07:18:59","guid":{"rendered":"https:\/\/www.espacefinance.com\/133881bdd\/?page_id=850"},"modified":"2022-03-08T10:53:31","modified_gmt":"2022-03-08T09:53:31","slug":"assurances-de-loisirs","status":"publish","type":"page","link":"https:\/\/www.espacefinance.com\/133881bdd\/assurances-particuliers-professionnel-entreprise\/assurances-particuliers-auto-habitation\/assurances-de-loisirs\/","title":{"rendered":"Assurances de Loisirs"},"content":{"rendered":"\n<div class=\"wp-block-media-text alignwide is-stacked-on-mobile\"><figure class=\"wp-block-media-text__media\"><img decoding=\"async\" width=\"1024\" height=\"1024\" src=\"https:\/\/www.espacefinance.com\/133881bdd\/wp-content\/uploads\/2022\/03\/assurance-loisirs-et-vacances-1024x1024.jpg\" alt=\"assurances loisirs &amp; vacances\" class=\"wp-image-851 size-full\" srcset=\"https:\/\/www.espacefinance.com\/133881bdd\/wp-content\/uploads\/2022\/03\/assurance-loisirs-et-vacances-1024x1024.jpg 1024w, https:\/\/www.espacefinance.com\/133881bdd\/wp-content\/uploads\/2022\/03\/assurance-loisirs-et-vacances-300x300.jpg 300w, https:\/\/www.espacefinance.com\/133881bdd\/wp-content\/uploads\/2022\/03\/assurance-loisirs-et-vacances-150x150.jpg 150w, https:\/\/www.espacefinance.com\/133881bdd\/wp-content\/uploads\/2022\/03\/assurance-loisirs-et-vacances-768x769.jpg 768w, https:\/\/www.espacefinance.com\/133881bdd\/wp-content\/uploads\/2022\/03\/assurance-loisirs-et-vacances.jpg 1238w\" sizes=\"(max-width: 1024px) 100vw, 1024px\" \/><\/figure><div class=\"wp-block-media-text__content\">\n<h2 class=\"wp-block-heading\">UNE VRAIE DIVERSIT\u00c9 DE GARANTIES SELON VOS BESOINS<\/h2>\n\n\n\n<p>Les assurances loisirs que nous vous proposons, vous couvrent d\u2019une multitude de risques. Nous nous adaptons \u00e0 votre situation et vos besoins :<\/p>\n\n\n\n<ul class=\"wp-block-list\"><li><strong><a href=\"https:\/\/www.espacefinance.com\/133881bdd\/assurances-particuliers-professionnel-entreprise\/assurances-particuliers-auto-habitation\/assurances-de-loisirs\/camping-car-assurance\/\" target=\"_blank\" rel=\"noreferrer noopener\">Assurance Camping-Car<\/a><\/strong><\/li><li><strong>Assurance Nautisme<\/strong><\/li><\/ul>\n\n\n\n<ul class=\"wp-block-list\"><li><strong>Assurance Annulation voyage<\/strong>&nbsp;: Faites-vous indemniser vos billets d\u2019avions et vos h\u00f4tels en cas d\u2019impr\u00e9vus.<\/li><li><strong>Assurance&nbsp;Chasse<\/strong>&nbsp;: L\u2019assurance est obligatoire pour cette activit\u00e9 qui d\u00e9plore, pour la saison 2014\/2015, 122 accidents dont 14 mortels.<\/li><li><strong>Assurance&nbsp;Chiens, Chats, Furets, Lapins ou Petits rongeurs<\/strong>&nbsp;: Couvrez les frais de sant\u00e9 de vos animaux car les v\u00e9t\u00e9rinaires ne sont pas rembours\u00e9s par la S\u00e9curit\u00e9 Sociale.<\/li><li><strong>Assurance&nbsp;V\u00e9lo<\/strong>&nbsp;: Prot\u00e9ger votre v\u00e9lo en cas de vol ou d\u2019accident (bicyclette, v\u00e9lo \u00e9lectrique, etc.)<\/li><li><strong>Assurance pour chaque loisir :<\/strong>&nbsp;Consultez-nous pour connaitre vos droits et vos risques dans la pratique de vos loisirs<\/li><\/ul>\n<\/div><\/div>\n","protected":false},"excerpt":{"rendered":"<p>UNE VRAIE DIVERSIT\u00c9 DE GARANTIES SELON VOS BESOINS Les assurances loisirs que nous vous proposons, vous couvrent d\u2019une multitude de risques. Nous nous adaptons \u00e0 votre situation et vos besoins : Assurance Camping-Car Assurance Nautisme Assurance Annulation voyage&nbsp;: Faites-vous indemniser vos billets d\u2019avions et vos h\u00f4tels en cas d\u2019impr\u00e9vus. Assurance&nbsp;Chasse&nbsp;: L\u2019assurance est obligatoire pour cette [&hellip;]<\/p>\n","protected":false},"author":1,"featured_media":852,"parent":270,"menu_order":0,"comment_status":"closed","ping_status":"closed","template":"","meta":{"footnotes":""},"class_list":["post-850","page","type-page","status-publish","has-post-thumbnail","hentry"],"yoast_head":"<!-- This site is optimized with the Yoast SEO Premium plugin v20.0 (Yoast SEO v27.5) - https:\/\/yoast.com\/product\/yoast-seo-premium-wordpress\/ -->\n<title>Assurances de Loisirs<\/title>\n<meta name=\"description\" content=\"Les assurances loisirs que nous vous proposons, vous couvrent d\u2019une multitude de risques. Nous nous adaptons \u00e0 votre situation et vos besoins\" \/>\n<meta name=\"robots\" content=\"index, follow, max-snippet:-1, max-image-preview:large, max-video-preview:-1\" \/>\n<link rel=\"canonical\" href=\"https:\/\/www.espacefinance.com\/133881bdd\/assurances-particuliers-professionnel-entreprise\/assurances-particuliers-auto-habitation\/assurances-de-loisirs\/\" \/>\n<meta property=\"og:locale\" content=\"fr_FR\" \/>\n<meta property=\"og:type\" content=\"article\" \/>\n<meta property=\"og:title\" content=\"Assurances de Loisirs\" \/>\n<meta property=\"og:description\" content=\"Les assurances loisirs que nous vous proposons, vous couvrent d\u2019une multitude de risques. Nous nous adaptons \u00e0 votre situation et vos besoins\" \/>\n<meta property=\"og:url\" content=\"https:\/\/www.espacefinance.com\/133881bdd\/assurances-particuliers-professionnel-entreprise\/assurances-particuliers-auto-habitation\/assurances-de-loisirs\/\" \/>\n<meta property=\"og:site_name\" content=\"N\u00eemes - Cr\u00e9dit Immobilier &amp; Assurances\" \/>\n<meta property=\"article:publisher\" content=\"https:\/\/www.facebook.com\/ymanci.credit.immobilier.assurance\" \/>\n<meta property=\"article:modified_time\" content=\"2022-03-08T09:53:31+00:00\" \/>\n<meta property=\"og:image\" content=\"https:\/\/www.espacefinance.com\/133881bdd\/wp-content\/uploads\/2022\/03\/assurances-de-loisirs.jpg\" \/>\n\t<meta property=\"og:image:width\" content=\"313\" \/>\n\t<meta property=\"og:image:height\" content=\"161\" \/>\n\t<meta property=\"og:image:type\" content=\"image\/jpeg\" \/>\n<meta name=\"twitter:card\" content=\"summary_large_image\" \/>\n<meta name=\"twitter:site\" content=\"@YMANCI_NIMES\" \/>\n<meta name=\"twitter:label1\" content=\"Dur\u00e9e de lecture estim\u00e9e\" \/>\n\t<meta name=\"twitter:data1\" content=\"1 minute\" \/>\n<script type=\"application\/ld+json\" class=\"yoast-schema-graph\">{\"@context\":\"https:\\\/\\\/schema.org\",\"@graph\":[{\"@type\":\"WebPage\",\"@id\":\"https:\\\/\\\/www.espacefinance.com\\\/133881bdd\\\/assurances-particuliers-professionnel-entreprise\\\/assurances-particuliers-auto-habitation\\\/assurances-de-loisirs\\\/\",\"url\":\"https:\\\/\\\/www.espacefinance.com\\\/133881bdd\\\/assurances-particuliers-professionnel-entreprise\\\/assurances-particuliers-auto-habitation\\\/assurances-de-loisirs\\\/\",\"name\":\"Assurances de Loisirs\",\"isPartOf\":{\"@id\":\"https:\\\/\\\/www.espacefinance.com\\\/133881bdd\\\/#website\"},\"primaryImageOfPage\":{\"@id\":\"https:\\\/\\\/www.espacefinance.com\\\/133881bdd\\\/assurances-particuliers-professionnel-entreprise\\\/assurances-particuliers-auto-habitation\\\/assurances-de-loisirs\\\/#primaryimage\"},\"image\":{\"@id\":\"https:\\\/\\\/www.espacefinance.com\\\/133881bdd\\\/assurances-particuliers-professionnel-entreprise\\\/assurances-particuliers-auto-habitation\\\/assurances-de-loisirs\\\/#primaryimage\"},\"thumbnailUrl\":\"https:\\\/\\\/www.espacefinance.com\\\/133881bdd\\\/wp-content\\\/uploads\\\/2022\\\/03\\\/assurances-de-loisirs.jpg\",\"datePublished\":\"2022-03-08T07:18:59+00:00\",\"dateModified\":\"2022-03-08T09:53:31+00:00\",\"description\":\"Les assurances loisirs que nous vous proposons, vous couvrent d\u2019une multitude de risques. Nous nous adaptons \u00e0 votre situation et vos besoins\",\"breadcrumb\":{\"@id\":\"https:\\\/\\\/www.espacefinance.com\\\/133881bdd\\\/assurances-particuliers-professionnel-entreprise\\\/assurances-particuliers-auto-habitation\\\/assurances-de-loisirs\\\/#breadcrumb\"},\"inLanguage\":\"fr-FR\",\"potentialAction\":[{\"@type\":\"ReadAction\",\"target\":[\"https:\\\/\\\/www.espacefinance.com\\\/133881bdd\\\/assurances-particuliers-professionnel-entreprise\\\/assurances-particuliers-auto-habitation\\\/assurances-de-loisirs\\\/\"]}]},{\"@type\":\"ImageObject\",\"inLanguage\":\"fr-FR\",\"@id\":\"https:\\\/\\\/www.espacefinance.com\\\/133881bdd\\\/assurances-particuliers-professionnel-entreprise\\\/assurances-particuliers-auto-habitation\\\/assurances-de-loisirs\\\/#primaryimage\",\"url\":\"https:\\\/\\\/www.espacefinance.com\\\/133881bdd\\\/wp-content\\\/uploads\\\/2022\\\/03\\\/assurances-de-loisirs.jpg\",\"contentUrl\":\"https:\\\/\\\/www.espacefinance.com\\\/133881bdd\\\/wp-content\\\/uploads\\\/2022\\\/03\\\/assurances-de-loisirs.jpg\",\"width\":313,\"height\":161,\"caption\":\"assurances de loisirs\"},{\"@type\":\"BreadcrumbList\",\"@id\":\"https:\\\/\\\/www.espacefinance.com\\\/133881bdd\\\/assurances-particuliers-professionnel-entreprise\\\/assurances-particuliers-auto-habitation\\\/assurances-de-loisirs\\\/#breadcrumb\",\"itemListElement\":[{\"@type\":\"ListItem\",\"position\":1,\"name\":\"Accueil\",\"item\":\"https:\\\/\\\/www.espacefinance.com\\\/133881bdd\\\/\"},{\"@type\":\"ListItem\",\"position\":2,\"name\":\"Courtage en Assurances\",\"item\":\"https:\\\/\\\/www.espacefinance.com\\\/133881bdd\\\/assurances-particuliers-professionnel-entreprise\\\/\"},{\"@type\":\"ListItem\",\"position\":3,\"name\":\"Assurances pour les particuliers\",\"item\":\"https:\\\/\\\/www.espacefinance.com\\\/133881bdd\\\/assurances-particuliers-professionnel-entreprise\\\/assurances-particuliers-auto-habitation\\\/\"},{\"@type\":\"ListItem\",\"position\":4,\"name\":\"Assurances de Loisirs\"}]},{\"@type\":\"WebSite\",\"@id\":\"https:\\\/\\\/www.espacefinance.com\\\/133881bdd\\\/#website\",\"url\":\"https:\\\/\\\/www.espacefinance.com\\\/133881bdd\\\/\",\"name\":\"N\u00eemes - Cr\u00e9dit Immobilier &amp; Assurances\",\"description\":\"Notre expertise \u00e0 votre service en toute transparence\",\"publisher\":{\"@id\":\"https:\\\/\\\/www.espacefinance.com\\\/133881bdd\\\/#organization\"},\"potentialAction\":[{\"@type\":\"SearchAction\",\"target\":{\"@type\":\"EntryPoint\",\"urlTemplate\":\"https:\\\/\\\/www.espacefinance.com\\\/133881bdd\\\/?s={search_term_string}\"},\"query-input\":{\"@type\":\"PropertyValueSpecification\",\"valueRequired\":true,\"valueName\":\"search_term_string\"}}],\"inLanguage\":\"fr-FR\"},{\"@type\":\"Organization\",\"@id\":\"https:\\\/\\\/www.espacefinance.com\\\/133881bdd\\\/#organization\",\"name\":\"ESPACE FINANCE LP\",\"url\":\"https:\\\/\\\/www.espacefinance.com\\\/133881bdd\\\/\",\"logo\":{\"@type\":\"ImageObject\",\"inLanguage\":\"fr-FR\",\"@id\":\"https:\\\/\\\/www.espacefinance.com\\\/133881bdd\\\/#\\\/schema\\\/logo\\\/image\\\/\",\"url\":\"https:\\\/\\\/www.espacefinance.com\\\/133881bdd\\\/wp-content\\\/uploads\\\/2022\\\/03\\\/LOGO-ESFI-YMANCI-022022.jpg\",\"contentUrl\":\"https:\\\/\\\/www.espacefinance.com\\\/133881bdd\\\/wp-content\\\/uploads\\\/2022\\\/03\\\/LOGO-ESFI-YMANCI-022022.jpg\",\"width\":1273,\"height\":710,\"caption\":\"ESPACE FINANCE LP\"},\"image\":{\"@id\":\"https:\\\/\\\/www.espacefinance.com\\\/133881bdd\\\/#\\\/schema\\\/logo\\\/image\\\/\"},\"sameAs\":[\"https:\\\/\\\/www.facebook.com\\\/ymanci.credit.immobilier.assurance\",\"https:\\\/\\\/x.com\\\/YMANCI_NIMES\",\"https:\\\/\\\/www.instagram.com\\\/espacefinancelp_ymanci_nimes\\\/?hl=fr\",\"https:\\\/\\\/www.linkedin.com\\\/showcase\\\/ymanci-nmes\\\/\",\"https:\\\/\\\/www.youtube.com\\\/channel\\\/UC1PRm7p_QVdRMUaS_Hq6zwA\"]}]}<\/script>\n<!-- \/ Yoast SEO Premium plugin. -->","yoast_head_json":{"title":"Assurances de Loisirs","description":"Les assurances loisirs que nous vous proposons, vous couvrent d\u2019une multitude de risques. Nous nous adaptons \u00e0 votre situation et vos besoins","robots":{"index":"index","follow":"follow","max-snippet":"max-snippet:-1","max-image-preview":"max-image-preview:large","max-video-preview":"max-video-preview:-1"},"canonical":"https:\/\/www.espacefinance.com\/133881bdd\/assurances-particuliers-professionnel-entreprise\/assurances-particuliers-auto-habitation\/assurances-de-loisirs\/","og_locale":"fr_FR","og_type":"article","og_title":"Assurances de Loisirs","og_description":"Les assurances loisirs que nous vous proposons, vous couvrent d\u2019une multitude de risques. Nous nous adaptons \u00e0 votre situation et vos besoins","og_url":"https:\/\/www.espacefinance.com\/133881bdd\/assurances-particuliers-professionnel-entreprise\/assurances-particuliers-auto-habitation\/assurances-de-loisirs\/","og_site_name":"N\u00eemes - Cr\u00e9dit Immobilier &amp; Assurances","article_publisher":"https:\/\/www.facebook.com\/ymanci.credit.immobilier.assurance","article_modified_time":"2022-03-08T09:53:31+00:00","og_image":[{"width":313,"height":161,"url":"https:\/\/www.espacefinance.com\/133881bdd\/wp-content\/uploads\/2022\/03\/assurances-de-loisirs.jpg","type":"image\/jpeg"}],"twitter_card":"summary_large_image","twitter_site":"@YMANCI_NIMES","twitter_misc":{"Dur\u00e9e de lecture estim\u00e9e":"1 minute"},"schema":{"@context":"https:\/\/schema.org","@graph":[{"@type":"WebPage","@id":"https:\/\/www.espacefinance.com\/133881bdd\/assurances-particuliers-professionnel-entreprise\/assurances-particuliers-auto-habitation\/assurances-de-loisirs\/","url":"https:\/\/www.espacefinance.com\/133881bdd\/assurances-particuliers-professionnel-entreprise\/assurances-particuliers-auto-habitation\/assurances-de-loisirs\/","name":"Assurances de Loisirs","isPartOf":{"@id":"https:\/\/www.espacefinance.com\/133881bdd\/#website"},"primaryImageOfPage":{"@id":"https:\/\/www.espacefinance.com\/133881bdd\/assurances-particuliers-professionnel-entreprise\/assurances-particuliers-auto-habitation\/assurances-de-loisirs\/#primaryimage"},"image":{"@id":"https:\/\/www.espacefinance.com\/133881bdd\/assurances-particuliers-professionnel-entreprise\/assurances-particuliers-auto-habitation\/assurances-de-loisirs\/#primaryimage"},"thumbnailUrl":"https:\/\/www.espacefinance.com\/133881bdd\/wp-content\/uploads\/2022\/03\/assurances-de-loisirs.jpg","datePublished":"2022-03-08T07:18:59+00:00","dateModified":"2022-03-08T09:53:31+00:00","description":"Les assurances loisirs que nous vous proposons, vous couvrent d\u2019une multitude de risques. Nous nous adaptons \u00e0 votre situation et vos besoins","breadcrumb":{"@id":"https:\/\/www.espacefinance.com\/133881bdd\/assurances-particuliers-professionnel-entreprise\/assurances-particuliers-auto-habitation\/assurances-de-loisirs\/#breadcrumb"},"inLanguage":"fr-FR","potentialAction":[{"@type":"ReadAction","target":["https:\/\/www.espacefinance.com\/133881bdd\/assurances-particuliers-professionnel-entreprise\/assurances-particuliers-auto-habitation\/assurances-de-loisirs\/"]}]},{"@type":"ImageObject","inLanguage":"fr-FR","@id":"https:\/\/www.espacefinance.com\/133881bdd\/assurances-particuliers-professionnel-entreprise\/assurances-particuliers-auto-habitation\/assurances-de-loisirs\/#primaryimage","url":"https:\/\/www.espacefinance.com\/133881bdd\/wp-content\/uploads\/2022\/03\/assurances-de-loisirs.jpg","contentUrl":"https:\/\/www.espacefinance.com\/133881bdd\/wp-content\/uploads\/2022\/03\/assurances-de-loisirs.jpg","width":313,"height":161,"caption":"assurances de loisirs"},{"@type":"BreadcrumbList","@id":"https:\/\/www.espacefinance.com\/133881bdd\/assurances-particuliers-professionnel-entreprise\/assurances-particuliers-auto-habitation\/assurances-de-loisirs\/#breadcrumb","itemListElement":[{"@type":"ListItem","position":1,"name":"Accueil","item":"https:\/\/www.espacefinance.com\/133881bdd\/"},{"@type":"ListItem","position":2,"name":"Courtage en Assurances","item":"https:\/\/www.espacefinance.com\/133881bdd\/assurances-particuliers-professionnel-entreprise\/"},{"@type":"ListItem","position":3,"name":"Assurances pour les particuliers","item":"https:\/\/www.espacefinance.com\/133881bdd\/assurances-particuliers-professionnel-entreprise\/assurances-particuliers-auto-habitation\/"},{"@type":"ListItem","position":4,"name":"Assurances de Loisirs"}]},{"@type":"WebSite","@id":"https:\/\/www.espacefinance.com\/133881bdd\/#website","url":"https:\/\/www.espacefinance.com\/133881bdd\/","name":"N\u00eemes - Cr\u00e9dit Immobilier &amp; Assurances","description":"Notre expertise \u00e0 votre service en toute transparence","publisher":{"@id":"https:\/\/www.espacefinance.com\/133881bdd\/#organization"},"potentialAction":[{"@type":"SearchAction","target":{"@type":"EntryPoint","urlTemplate":"https:\/\/www.espacefinance.com\/133881bdd\/?s={search_term_string}"},"query-input":{"@type":"PropertyValueSpecification","valueRequired":true,"valueName":"search_term_string"}}],"inLanguage":"fr-FR"},{"@type":"Organization","@id":"https:\/\/www.espacefinance.com\/133881bdd\/#organization","name":"ESPACE FINANCE LP","url":"https:\/\/www.espacefinance.com\/133881bdd\/","logo":{"@type":"ImageObject","inLanguage":"fr-FR","@id":"https:\/\/www.espacefinance.com\/133881bdd\/#\/schema\/logo\/image\/","url":"https:\/\/www.espacefinance.com\/133881bdd\/wp-content\/uploads\/2022\/03\/LOGO-ESFI-YMANCI-022022.jpg","contentUrl":"https:\/\/www.espacefinance.com\/133881bdd\/wp-content\/uploads\/2022\/03\/LOGO-ESFI-YMANCI-022022.jpg","width":1273,"height":710,"caption":"ESPACE FINANCE LP"},"image":{"@id":"https:\/\/www.espacefinance.com\/133881bdd\/#\/schema\/logo\/image\/"},"sameAs":["https:\/\/www.facebook.com\/ymanci.credit.immobilier.assurance","https:\/\/x.com\/YMANCI_NIMES","https:\/\/www.instagram.com\/espacefinancelp_ymanci_nimes\/?hl=fr","https:\/\/www.linkedin.com\/showcase\/ymanci-nmes\/","https:\/\/www.youtube.com\/channel\/UC1PRm7p_QVdRMUaS_Hq6zwA"]}]}},"_links":{"self":[{"href":"https:\/\/www.espacefinance.com\/133881bdd\/wp-json\/wp\/v2\/pages\/850","targetHints":{"allow":["GET"]}}],"collection":[{"href":"https:\/\/www.espacefinance.com\/133881bdd\/wp-json\/wp\/v2\/pages"}],"about":[{"href":"https:\/\/www.espacefinance.com\/133881bdd\/wp-json\/wp\/v2\/types\/page"}],"author":[{"embeddable":true,"href":"https:\/\/www.espacefinance.com\/133881bdd\/wp-json\/wp\/v2\/users\/1"}],"replies":[{"embeddable":true,"href":"https:\/\/www.espacefinance.com\/133881bdd\/wp-json\/wp\/v2\/comments?post=850"}],"version-history":[{"count":0,"href":"https:\/\/www.espacefinance.com\/133881bdd\/wp-json\/wp\/v2\/pages\/850\/revisions"}],"up":[{"embeddable":true,"href":"https:\/\/www.espacefinance.com\/133881bdd\/wp-json\/wp\/v2\/pages\/270"}],"wp:featuredmedia":[{"embeddable":true,"href":"https:\/\/www.espacefinance.com\/133881bdd\/wp-json\/wp\/v2\/media\/852"}],"wp:attachment":[{"href":"https:\/\/www.espacefinance.com\/133881bdd\/wp-json\/wp\/v2\/media?parent=850"}],"curies":[{"name":"wp","href":"https:\/\/api.w.org\/{rel}","templated":true}]}}