{"id":794,"date":"2022-03-07T11:26:18","date_gmt":"2022-03-07T10:26:18","guid":{"rendered":"https:\/\/www.espacefinance.com\/133881bdd\/?page_id=794"},"modified":"2024-08-20T16:08:51","modified_gmt":"2024-08-20T14:08:51","slug":"courtier-immobilier-ymanci","status":"publish","type":"page","link":"https:\/\/www.espacefinance.com\/133881bdd\/courtier-credit-immobilier-nimes\/courtier-immobilier-ymanci\/","title":{"rendered":"A quoi sert un courtier"},"content":{"rendered":"\n<figure class=\"wp-block-embed aligncenter is-type-video is-provider-youtube wp-block-embed-youtube wp-embed-aspect-16-9 wp-has-aspect-ratio\"><div class=\"wp-block-embed__wrapper\">\n<iframe title=\"Ymanci, courtier multi-sp\u00e9cialiste\" width=\"500\" height=\"281\" src=\"https:\/\/www.youtube.com\/embed\/ncCzGUgWTpE?start=15&#038;feature=oembed\" frameborder=\"0\" allow=\"accelerometer; autoplay; clipboard-write; encrypted-media; gyroscope; picture-in-picture; web-share\" referrerpolicy=\"strict-origin-when-cross-origin\" allowfullscreen><\/iframe>\n<\/div><\/figure>\n\n\n\n<pre class=\"wp-block-code\"><code><a href=\"http:\/\/&#91;forminator_form id=&quot;1851&quot;]\">Inscription news letters<\/a><\/code><\/pre>\n\n\n\n<p><\/p>\n","protected":false},"excerpt":{"rendered":"","protected":false},"author":1,"featured_media":683,"parent":34,"menu_order":0,"comment_status":"closed","ping_status":"closed","template":"","meta":{"footnotes":""},"class_list":["post-794","page","type-page","status-publish","has-post-thumbnail","hentry"],"yoast_head":"<!-- This site is optimized with the Yoast SEO Premium plugin v20.0 (Yoast SEO v27.5) - https:\/\/yoast.com\/product\/yoast-seo-premium-wordpress\/ -->\n<title>A quoi sert un courtier Ymanci<\/title>\n<meta name=\"description\" content=\"Depuis plus de 20 ans, le groupe partage des valeurs fortes qui forment le socle de l\u2019entreprise et contribuent \u00e0 la performance de chacun d\u2019entre nous, dans le but de trouver la solution de financement adapt\u00e9e \u00e0 chaque client et \u00e0 chaque situation.Notre objectif est d\u2019aider chacun de nos clients \u00e0 s\u2019\u00e9manciper des probl\u00e9matiques financi\u00e8res auxquelles il fait face, en lui proposant une solution de regroupement de cr\u00e9dits, de cr\u00e9dit immobilier ou d\u2019assurances, selon ses besoins.\" \/>\n<meta name=\"robots\" content=\"index, follow, max-snippet:-1, max-image-preview:large, max-video-preview:-1\" \/>\n<link rel=\"canonical\" href=\"https:\/\/www.espacefinance.com\/133881bdd\/courtier-credit-immobilier-nimes\/courtier-immobilier-ymanci\/\" \/>\n<meta property=\"og:locale\" content=\"fr_FR\" \/>\n<meta property=\"og:type\" content=\"article\" \/>\n<meta property=\"og:title\" content=\"A quoi sert un courtier\" \/>\n<meta property=\"og:description\" content=\"Depuis plus de 20 ans, le groupe partage des valeurs fortes qui forment le socle de l\u2019entreprise et contribuent \u00e0 la performance de chacun d\u2019entre nous, dans le but de trouver la solution de financement adapt\u00e9e \u00e0 chaque client et \u00e0 chaque situation.Notre objectif est d\u2019aider chacun de nos clients \u00e0 s\u2019\u00e9manciper des probl\u00e9matiques financi\u00e8res auxquelles il fait face, en lui proposant une solution de regroupement de cr\u00e9dits, de cr\u00e9dit immobilier ou d\u2019assurances, selon ses besoins.\" \/>\n<meta property=\"og:url\" content=\"https:\/\/www.espacefinance.com\/133881bdd\/courtier-credit-immobilier-nimes\/courtier-immobilier-ymanci\/\" \/>\n<meta property=\"og:site_name\" content=\"N\u00eemes - Cr\u00e9dit Immobilier &amp; Assurances\" \/>\n<meta property=\"article:publisher\" content=\"https:\/\/www.facebook.com\/ymanci.credit.immobilier.assurance\" \/>\n<meta property=\"article:modified_time\" content=\"2024-08-20T14:08:51+00:00\" \/>\n<meta property=\"og:image\" content=\"https:\/\/www.espacefinance.com\/133881bdd\/wp-content\/uploads\/2022\/03\/LOGO-ESFI-YMANCI-022022.jpg\" \/>\n\t<meta property=\"og:image:width\" content=\"1273\" \/>\n\t<meta property=\"og:image:height\" content=\"710\" \/>\n\t<meta property=\"og:image:type\" content=\"image\/jpeg\" \/>\n<meta name=\"twitter:card\" content=\"summary_large_image\" \/>\n<meta name=\"twitter:site\" content=\"@YMANCI_NIMES\" \/>\n<meta name=\"twitter:label1\" content=\"Dur\u00e9e de lecture estim\u00e9e\" \/>\n\t<meta name=\"twitter:data1\" content=\"1 minute\" \/>\n<script type=\"application\/ld+json\" class=\"yoast-schema-graph\">{\"@context\":\"https:\\\/\\\/schema.org\",\"@graph\":[{\"@type\":\"WebPage\",\"@id\":\"https:\\\/\\\/www.espacefinance.com\\\/133881bdd\\\/courtier-credit-immobilier-nimes\\\/courtier-immobilier-ymanci\\\/\",\"url\":\"https:\\\/\\\/www.espacefinance.com\\\/133881bdd\\\/courtier-credit-immobilier-nimes\\\/courtier-immobilier-ymanci\\\/\",\"name\":\"A quoi sert un courtier Ymanci\",\"isPartOf\":{\"@id\":\"https:\\\/\\\/www.espacefinance.com\\\/133881bdd\\\/#website\"},\"primaryImageOfPage\":{\"@id\":\"https:\\\/\\\/www.espacefinance.com\\\/133881bdd\\\/courtier-credit-immobilier-nimes\\\/courtier-immobilier-ymanci\\\/#primaryimage\"},\"image\":{\"@id\":\"https:\\\/\\\/www.espacefinance.com\\\/133881bdd\\\/courtier-credit-immobilier-nimes\\\/courtier-immobilier-ymanci\\\/#primaryimage\"},\"thumbnailUrl\":\"https:\\\/\\\/www.espacefinance.com\\\/133881bdd\\\/wp-content\\\/uploads\\\/2022\\\/03\\\/LOGO-ESFI-YMANCI-022022.jpg\",\"datePublished\":\"2022-03-07T10:26:18+00:00\",\"dateModified\":\"2024-08-20T14:08:51+00:00\",\"description\":\"Depuis plus de 20 ans, le groupe partage des valeurs fortes qui forment le socle de l\u2019entreprise et contribuent \u00e0 la performance de chacun d\u2019entre nous, dans le but de trouver la solution de financement adapt\u00e9e \u00e0 chaque client et \u00e0 chaque situation.Notre objectif est d\u2019aider chacun de nos clients \u00e0 s\u2019\u00e9manciper des probl\u00e9matiques financi\u00e8res auxquelles il fait face, en lui proposant une solution de regroupement de cr\u00e9dits, de cr\u00e9dit immobilier ou d\u2019assurances, selon ses besoins.\",\"breadcrumb\":{\"@id\":\"https:\\\/\\\/www.espacefinance.com\\\/133881bdd\\\/courtier-credit-immobilier-nimes\\\/courtier-immobilier-ymanci\\\/#breadcrumb\"},\"inLanguage\":\"fr-FR\",\"potentialAction\":[{\"@type\":\"ReadAction\",\"target\":[\"https:\\\/\\\/www.espacefinance.com\\\/133881bdd\\\/courtier-credit-immobilier-nimes\\\/courtier-immobilier-ymanci\\\/\"]}]},{\"@type\":\"ImageObject\",\"inLanguage\":\"fr-FR\",\"@id\":\"https:\\\/\\\/www.espacefinance.com\\\/133881bdd\\\/courtier-credit-immobilier-nimes\\\/courtier-immobilier-ymanci\\\/#primaryimage\",\"url\":\"https:\\\/\\\/www.espacefinance.com\\\/133881bdd\\\/wp-content\\\/uploads\\\/2022\\\/03\\\/LOGO-ESFI-YMANCI-022022.jpg\",\"contentUrl\":\"https:\\\/\\\/www.espacefinance.com\\\/133881bdd\\\/wp-content\\\/uploads\\\/2022\\\/03\\\/LOGO-ESFI-YMANCI-022022.jpg\",\"width\":1273,\"height\":710,\"caption\":\"Espace Finance FP Ymanci N\u00eemes\"},{\"@type\":\"BreadcrumbList\",\"@id\":\"https:\\\/\\\/www.espacefinance.com\\\/133881bdd\\\/courtier-credit-immobilier-nimes\\\/courtier-immobilier-ymanci\\\/#breadcrumb\",\"itemListElement\":[{\"@type\":\"ListItem\",\"position\":1,\"name\":\"Accueil\",\"item\":\"https:\\\/\\\/www.espacefinance.com\\\/133881bdd\\\/\"},{\"@type\":\"ListItem\",\"position\":2,\"name\":\"ymanci cr\u00e9dit immobilier n\u00eemes\",\"item\":\"https:\\\/\\\/www.espacefinance.com\\\/133881bdd\\\/\"},{\"@type\":\"ListItem\",\"position\":3,\"name\":\"A quoi sert un courtier\"}]},{\"@type\":\"WebSite\",\"@id\":\"https:\\\/\\\/www.espacefinance.com\\\/133881bdd\\\/#website\",\"url\":\"https:\\\/\\\/www.espacefinance.com\\\/133881bdd\\\/\",\"name\":\"N\u00eemes - Cr\u00e9dit Immobilier &amp; Assurances\",\"description\":\"Notre expertise \u00e0 votre service en toute transparence\",\"publisher\":{\"@id\":\"https:\\\/\\\/www.espacefinance.com\\\/133881bdd\\\/#organization\"},\"potentialAction\":[{\"@type\":\"SearchAction\",\"target\":{\"@type\":\"EntryPoint\",\"urlTemplate\":\"https:\\\/\\\/www.espacefinance.com\\\/133881bdd\\\/?s={search_term_string}\"},\"query-input\":{\"@type\":\"PropertyValueSpecification\",\"valueRequired\":true,\"valueName\":\"search_term_string\"}}],\"inLanguage\":\"fr-FR\"},{\"@type\":\"Organization\",\"@id\":\"https:\\\/\\\/www.espacefinance.com\\\/133881bdd\\\/#organization\",\"name\":\"ESPACE FINANCE LP\",\"url\":\"https:\\\/\\\/www.espacefinance.com\\\/133881bdd\\\/\",\"logo\":{\"@type\":\"ImageObject\",\"inLanguage\":\"fr-FR\",\"@id\":\"https:\\\/\\\/www.espacefinance.com\\\/133881bdd\\\/#\\\/schema\\\/logo\\\/image\\\/\",\"url\":\"https:\\\/\\\/www.espacefinance.com\\\/133881bdd\\\/wp-content\\\/uploads\\\/2022\\\/03\\\/LOGO-ESFI-YMANCI-022022.jpg\",\"contentUrl\":\"https:\\\/\\\/www.espacefinance.com\\\/133881bdd\\\/wp-content\\\/uploads\\\/2022\\\/03\\\/LOGO-ESFI-YMANCI-022022.jpg\",\"width\":1273,\"height\":710,\"caption\":\"ESPACE FINANCE LP\"},\"image\":{\"@id\":\"https:\\\/\\\/www.espacefinance.com\\\/133881bdd\\\/#\\\/schema\\\/logo\\\/image\\\/\"},\"sameAs\":[\"https:\\\/\\\/www.facebook.com\\\/ymanci.credit.immobilier.assurance\",\"https:\\\/\\\/x.com\\\/YMANCI_NIMES\",\"https:\\\/\\\/www.instagram.com\\\/espacefinancelp_ymanci_nimes\\\/?hl=fr\",\"https:\\\/\\\/www.linkedin.com\\\/showcase\\\/ymanci-nmes\\\/\",\"https:\\\/\\\/www.youtube.com\\\/channel\\\/UC1PRm7p_QVdRMUaS_Hq6zwA\"]}]}<\/script>\n<!-- \/ Yoast SEO Premium plugin. -->","yoast_head_json":{"title":"A quoi sert un courtier Ymanci","description":"Depuis plus de 20 ans, le groupe partage des valeurs fortes qui forment le socle de l\u2019entreprise et contribuent \u00e0 la performance de chacun d\u2019entre nous, dans le but de trouver la solution de financement adapt\u00e9e \u00e0 chaque client et \u00e0 chaque situation.Notre objectif est d\u2019aider chacun de nos clients \u00e0 s\u2019\u00e9manciper des probl\u00e9matiques financi\u00e8res auxquelles il fait face, en lui proposant une solution de regroupement de cr\u00e9dits, de cr\u00e9dit immobilier ou d\u2019assurances, selon ses besoins.","robots":{"index":"index","follow":"follow","max-snippet":"max-snippet:-1","max-image-preview":"max-image-preview:large","max-video-preview":"max-video-preview:-1"},"canonical":"https:\/\/www.espacefinance.com\/133881bdd\/courtier-credit-immobilier-nimes\/courtier-immobilier-ymanci\/","og_locale":"fr_FR","og_type":"article","og_title":"A quoi sert un courtier","og_description":"Depuis plus de 20 ans, le groupe partage des valeurs fortes qui forment le socle de l\u2019entreprise et contribuent \u00e0 la performance de chacun d\u2019entre nous, dans le but de trouver la solution de financement adapt\u00e9e \u00e0 chaque client et \u00e0 chaque situation.Notre objectif est d\u2019aider chacun de nos clients \u00e0 s\u2019\u00e9manciper des probl\u00e9matiques financi\u00e8res auxquelles il fait face, en lui proposant une solution de regroupement de cr\u00e9dits, de cr\u00e9dit immobilier ou d\u2019assurances, selon ses besoins.","og_url":"https:\/\/www.espacefinance.com\/133881bdd\/courtier-credit-immobilier-nimes\/courtier-immobilier-ymanci\/","og_site_name":"N\u00eemes - Cr\u00e9dit Immobilier &amp; Assurances","article_publisher":"https:\/\/www.facebook.com\/ymanci.credit.immobilier.assurance","article_modified_time":"2024-08-20T14:08:51+00:00","og_image":[{"width":1273,"height":710,"url":"https:\/\/www.espacefinance.com\/133881bdd\/wp-content\/uploads\/2022\/03\/LOGO-ESFI-YMANCI-022022.jpg","type":"image\/jpeg"}],"twitter_card":"summary_large_image","twitter_site":"@YMANCI_NIMES","twitter_misc":{"Dur\u00e9e de lecture estim\u00e9e":"1 minute"},"schema":{"@context":"https:\/\/schema.org","@graph":[{"@type":"WebPage","@id":"https:\/\/www.espacefinance.com\/133881bdd\/courtier-credit-immobilier-nimes\/courtier-immobilier-ymanci\/","url":"https:\/\/www.espacefinance.com\/133881bdd\/courtier-credit-immobilier-nimes\/courtier-immobilier-ymanci\/","name":"A quoi sert un courtier Ymanci","isPartOf":{"@id":"https:\/\/www.espacefinance.com\/133881bdd\/#website"},"primaryImageOfPage":{"@id":"https:\/\/www.espacefinance.com\/133881bdd\/courtier-credit-immobilier-nimes\/courtier-immobilier-ymanci\/#primaryimage"},"image":{"@id":"https:\/\/www.espacefinance.com\/133881bdd\/courtier-credit-immobilier-nimes\/courtier-immobilier-ymanci\/#primaryimage"},"thumbnailUrl":"https:\/\/www.espacefinance.com\/133881bdd\/wp-content\/uploads\/2022\/03\/LOGO-ESFI-YMANCI-022022.jpg","datePublished":"2022-03-07T10:26:18+00:00","dateModified":"2024-08-20T14:08:51+00:00","description":"Depuis plus de 20 ans, le groupe partage des valeurs fortes qui forment le socle de l\u2019entreprise et contribuent \u00e0 la performance de chacun d\u2019entre nous, dans le but de trouver la solution de financement adapt\u00e9e \u00e0 chaque client et \u00e0 chaque situation.Notre objectif est d\u2019aider chacun de nos clients \u00e0 s\u2019\u00e9manciper des probl\u00e9matiques financi\u00e8res auxquelles il fait face, en lui proposant une solution de regroupement de cr\u00e9dits, de cr\u00e9dit immobilier ou d\u2019assurances, selon ses besoins.","breadcrumb":{"@id":"https:\/\/www.espacefinance.com\/133881bdd\/courtier-credit-immobilier-nimes\/courtier-immobilier-ymanci\/#breadcrumb"},"inLanguage":"fr-FR","potentialAction":[{"@type":"ReadAction","target":["https:\/\/www.espacefinance.com\/133881bdd\/courtier-credit-immobilier-nimes\/courtier-immobilier-ymanci\/"]}]},{"@type":"ImageObject","inLanguage":"fr-FR","@id":"https:\/\/www.espacefinance.com\/133881bdd\/courtier-credit-immobilier-nimes\/courtier-immobilier-ymanci\/#primaryimage","url":"https:\/\/www.espacefinance.com\/133881bdd\/wp-content\/uploads\/2022\/03\/LOGO-ESFI-YMANCI-022022.jpg","contentUrl":"https:\/\/www.espacefinance.com\/133881bdd\/wp-content\/uploads\/2022\/03\/LOGO-ESFI-YMANCI-022022.jpg","width":1273,"height":710,"caption":"Espace Finance FP Ymanci N\u00eemes"},{"@type":"BreadcrumbList","@id":"https:\/\/www.espacefinance.com\/133881bdd\/courtier-credit-immobilier-nimes\/courtier-immobilier-ymanci\/#breadcrumb","itemListElement":[{"@type":"ListItem","position":1,"name":"Accueil","item":"https:\/\/www.espacefinance.com\/133881bdd\/"},{"@type":"ListItem","position":2,"name":"ymanci cr\u00e9dit immobilier n\u00eemes","item":"https:\/\/www.espacefinance.com\/133881bdd\/"},{"@type":"ListItem","position":3,"name":"A quoi sert un courtier"}]},{"@type":"WebSite","@id":"https:\/\/www.espacefinance.com\/133881bdd\/#website","url":"https:\/\/www.espacefinance.com\/133881bdd\/","name":"N\u00eemes - Cr\u00e9dit Immobilier &amp; Assurances","description":"Notre expertise \u00e0 votre service en toute transparence","publisher":{"@id":"https:\/\/www.espacefinance.com\/133881bdd\/#organization"},"potentialAction":[{"@type":"SearchAction","target":{"@type":"EntryPoint","urlTemplate":"https:\/\/www.espacefinance.com\/133881bdd\/?s={search_term_string}"},"query-input":{"@type":"PropertyValueSpecification","valueRequired":true,"valueName":"search_term_string"}}],"inLanguage":"fr-FR"},{"@type":"Organization","@id":"https:\/\/www.espacefinance.com\/133881bdd\/#organization","name":"ESPACE FINANCE LP","url":"https:\/\/www.espacefinance.com\/133881bdd\/","logo":{"@type":"ImageObject","inLanguage":"fr-FR","@id":"https:\/\/www.espacefinance.com\/133881bdd\/#\/schema\/logo\/image\/","url":"https:\/\/www.espacefinance.com\/133881bdd\/wp-content\/uploads\/2022\/03\/LOGO-ESFI-YMANCI-022022.jpg","contentUrl":"https:\/\/www.espacefinance.com\/133881bdd\/wp-content\/uploads\/2022\/03\/LOGO-ESFI-YMANCI-022022.jpg","width":1273,"height":710,"caption":"ESPACE FINANCE LP"},"image":{"@id":"https:\/\/www.espacefinance.com\/133881bdd\/#\/schema\/logo\/image\/"},"sameAs":["https:\/\/www.facebook.com\/ymanci.credit.immobilier.assurance","https:\/\/x.com\/YMANCI_NIMES","https:\/\/www.instagram.com\/espacefinancelp_ymanci_nimes\/?hl=fr","https:\/\/www.linkedin.com\/showcase\/ymanci-nmes\/","https:\/\/www.youtube.com\/channel\/UC1PRm7p_QVdRMUaS_Hq6zwA"]}]}},"_links":{"self":[{"href":"https:\/\/www.espacefinance.com\/133881bdd\/wp-json\/wp\/v2\/pages\/794","targetHints":{"allow":["GET"]}}],"collection":[{"href":"https:\/\/www.espacefinance.com\/133881bdd\/wp-json\/wp\/v2\/pages"}],"about":[{"href":"https:\/\/www.espacefinance.com\/133881bdd\/wp-json\/wp\/v2\/types\/page"}],"author":[{"embeddable":true,"href":"https:\/\/www.espacefinance.com\/133881bdd\/wp-json\/wp\/v2\/users\/1"}],"replies":[{"embeddable":true,"href":"https:\/\/www.espacefinance.com\/133881bdd\/wp-json\/wp\/v2\/comments?post=794"}],"version-history":[{"count":0,"href":"https:\/\/www.espacefinance.com\/133881bdd\/wp-json\/wp\/v2\/pages\/794\/revisions"}],"up":[{"embeddable":true,"href":"https:\/\/www.espacefinance.com\/133881bdd\/wp-json\/wp\/v2\/pages\/34"}],"wp:featuredmedia":[{"embeddable":true,"href":"https:\/\/www.espacefinance.com\/133881bdd\/wp-json\/wp\/v2\/media\/683"}],"wp:attachment":[{"href":"https:\/\/www.espacefinance.com\/133881bdd\/wp-json\/wp\/v2\/media?parent=794"}],"curies":[{"name":"wp","href":"https:\/\/api.w.org\/{rel}","templated":true}]}}