{"id":650,"date":"2022-03-02T19:07:59","date_gmt":"2022-03-02T18:07:59","guid":{"rendered":"https:\/\/www.espacefinance.com\/133881bdd\/?page_id=650"},"modified":"2022-04-08T18:02:30","modified_gmt":"2022-04-08T16:02:30","slug":"investissement-locatif","status":"publish","type":"page","link":"https:\/\/www.espacefinance.com\/133881bdd\/financement-immobilier-travaux-professionnel-particulier\/credit-profesionnel\/financement-investisseur\/investissement-locatif\/","title":{"rendered":"Investissement Locatif"},"content":{"rendered":"\n<div class=\"wp-block-media-text alignwide is-stacked-on-mobile\" style=\"grid-template-columns:40% auto\" id=\"investissement-locatif\"><figure class=\"wp-block-media-text__media\"><img decoding=\"async\" width=\"275\" height=\"183\" src=\"https:\/\/www.espacefinance.com\/133881bdd\/wp-content\/uploads\/2022\/03\/LOCATIF.jpg\" alt=\"\" class=\"wp-image-651 size-full\"\/><\/figure><div class=\"wp-block-media-text__content\">\n<p class=\"has-medium-font-size\" id=\"investissement-locatif\">Vous souhaitez vous constituer un patrimoine, r\u00e9duire vos imp\u00f4ts, g\u00e9n\u00e9rer des revenus imm\u00e9diats, financer votre futur logement, diversifier vos placements sont autant de raisons d\u2019investir dans l\u2019immobilier locatif.<\/p>\n<\/div><\/div>\n\n\n\n<hr class=\"wp-block-separator aligncenter\"\/>\n\n\n\n<p>D\u00e9couvrez avec nos experts Ymanci Cr\u00e9dit immobilier toutes les perspectives li\u00e9es \u00e0 l\u2019investissement dans l\u2019immobilier locatif, leurs avantages et leurs inconv\u00e9nients.<\/p>\n\n\n\n<h2 class=\"wp-block-heading\">Se constituer un patrimoine<\/h2>\n\n\n\n<p>Investir dans l\u2019immobilier locatif peut se r\u00e9v\u00e9ler \u00eatre un bon moyen de vous constituer un patrimoine. Ce patrimoine peut vous permettre de profiter d&rsquo;un revenu compl\u00e9mentaire durant votre retraite et peut \u00eatre transmis \u00e0 votre entourage dans un cadre fiscal favorable.&nbsp;<\/p>\n\n\n\n<h2 class=\"wp-block-heading\">Diminuer ses imp\u00f4ts<\/h2>\n\n\n\n<p>Faire l\u2019acquisition d\u2019un logement destin\u00e9 \u00e0 la location vous permet de vous construire un patrimoine durable tout en r\u00e9duisant votre imposition. Dispositif Pinel, Lou\u00e9 meubl\u00e9, r\u00e9sidences-services, dispositif Cosse, loi Malraux sont autant de dispositifs vous permettant de r\u00e9duire votre charge fiscale.<\/p>\n\n\n\n<h2 class=\"wp-block-heading\">Financer sa future r\u00e9sidence<\/h2>\n\n\n\n<p>Vous&nbsp;ne souhaitez pas acheter votre r\u00e9sidence principale dans l\u2019imm\u00e9diat car vous&nbsp;\u00eates amen\u00e9s \u00e0&nbsp;d\u00e9m\u00e9nager&nbsp;r\u00e9guli\u00e8rement\u202fde par votre emploi&nbsp;par exemple\u202f? Mais vous souhaitez investir dans l\u2019immobilier pour financer votre&nbsp;futur&nbsp;logement\u202f?&nbsp;Sachez que faire l\u2019acquisition d\u2019un bien et opter pour la&nbsp;location saisonni\u00e8re peut&nbsp;s\u2019av\u00e9rer int\u00e9ressant dans ce cas.<\/p>\n\n\n\n<h2 class=\"wp-block-heading\">Donner \u00e0 vos proches<\/h2>\n\n\n\n<p>Transmettre son patrimoine est une op\u00e9ration qui engendre des frais de succession importants. Pour les \u00e9viter et optimiser votre charge fiscale, vous avez la possibilit\u00e9 de donner un bien immobilier de votre vivant.&nbsp;<\/p>\n","protected":false},"excerpt":{"rendered":"<p>Vous souhaitez vous constituer un patrimoine, r\u00e9duire vos imp\u00f4ts, g\u00e9n\u00e9rer des revenus imm\u00e9diats, financer votre futur logement, diversifier vos placements sont autant de raisons d\u2019investir dans l\u2019immobilier locatif. D\u00e9couvrez avec nos experts Ymanci Cr\u00e9dit immobilier toutes les perspectives li\u00e9es \u00e0 l\u2019investissement dans l\u2019immobilier locatif, leurs avantages et leurs inconv\u00e9nients. Se constituer un patrimoine Investir dans [&hellip;]<\/p>\n","protected":false},"author":1,"featured_media":1075,"parent":943,"menu_order":0,"comment_status":"closed","ping_status":"closed","template":"","meta":{"footnotes":""},"class_list":["post-650","page","type-page","status-publish","has-post-thumbnail","hentry"],"yoast_head":"<!-- This site is optimized with the Yoast SEO Premium plugin v20.0 (Yoast SEO v27.5) - https:\/\/yoast.com\/product\/yoast-seo-premium-wordpress\/ -->\n<title>Investissement Locatif<\/title>\n<meta name=\"description\" content=\"N\u00eemes - Cr\u00e9dit Immobilier &amp; Assurances - Investissement Locatif Vous souhaitez vous constituer un patrimoine, r\u00e9duire vos imp\u00f4ts, g\u00e9n\u00e9rer des revenus imm\u00e9diats, financer votre futur logement, diversifier vos placements sont autant de raisons d\u2019investir dans l\u2019immobilier locatif.\" \/>\n<meta name=\"robots\" content=\"index, follow, max-snippet:-1, max-video-preview:-1, noimageindex\" \/>\n<link rel=\"canonical\" href=\"https:\/\/www.espacefinance.com\/133881bdd\/financement-immobilier-travaux-professionnel-particulier\/credit-profesionnel\/financement-investisseur\/investissement-locatif\/?customize_changeset_uuid=ca9bb9b5-ea51-4383-9fb7-7b8a42fab396\" \/>\n<meta property=\"og:locale\" content=\"fr_FR\" \/>\n<meta property=\"og:type\" content=\"article\" \/>\n<meta property=\"og:title\" content=\"Investissement Locatif\" \/>\n<meta property=\"og:description\" content=\"Vous souhaitez vous constituer un patrimoine, r\u00e9duire vos imp\u00f4ts, g\u00e9n\u00e9rer des revenus imm\u00e9diats, financer votre futur logement, diversifier vos placements sont autant de raisons d\u2019investir dans l\u2019immobilier locatif.\" \/>\n<meta property=\"og:url\" content=\"https:\/\/www.espacefinance.com\/133881bdd\/financement-immobilier-travaux-professionnel-particulier\/credit-profesionnel\/financement-investisseur\/investissement-locatif\/?customize_changeset_uuid=ca9bb9b5-ea51-4383-9fb7-7b8a42fab396\" \/>\n<meta property=\"og:site_name\" content=\"N\u00eemes - Cr\u00e9dit Immobilier &amp; Assurances\" \/>\n<meta property=\"article:publisher\" content=\"https:\/\/www.facebook.com\/ymanci.credit.immobilier.assurance\" \/>\n<meta property=\"article:modified_time\" content=\"2022-04-08T16:02:30+00:00\" \/>\n<meta property=\"og:image\" content=\"https:\/\/www.espacefinance.com\/133881bdd\/wp-content\/uploads\/2022\/03\/cropped-LOCATIF.jpg\" \/>\n\t<meta property=\"og:image:width\" content=\"183\" \/>\n\t<meta property=\"og:image:height\" content=\"183\" \/>\n\t<meta property=\"og:image:type\" content=\"image\/jpeg\" \/>\n<meta name=\"twitter:card\" content=\"summary_large_image\" \/>\n<meta name=\"twitter:title\" content=\"Investissement Locatif\" \/>\n<meta name=\"twitter:site\" content=\"@YMANCI_NIMES\" \/>\n<meta name=\"twitter:label1\" content=\"Dur\u00e9e de lecture estim\u00e9e\" \/>\n\t<meta name=\"twitter:data1\" content=\"2 minutes\" \/>\n<script type=\"application\/ld+json\" class=\"yoast-schema-graph\">{\"@context\":\"https:\\\/\\\/schema.org\",\"@graph\":[{\"@type\":\"WebPage\",\"@id\":\"https:\\\/\\\/www.espacefinance.com\\\/133881bdd\\\/financement-immobilier-travaux-professionnel-particulier\\\/credit-profesionnel\\\/financement-investisseur\\\/investissement-locatif\\\/\",\"url\":\"https:\\\/\\\/www.espacefinance.com\\\/133881bdd\\\/financement-immobilier-travaux-professionnel-particulier\\\/credit-profesionnel\\\/financement-investisseur\\\/investissement-locatif\\\/?customize_changeset_uuid=ca9bb9b5-ea51-4383-9fb7-7b8a42fab396\",\"name\":\"Investissement Locatif\",\"isPartOf\":{\"@id\":\"https:\\\/\\\/www.espacefinance.com\\\/133881bdd\\\/#website\"},\"primaryImageOfPage\":{\"@id\":\"https:\\\/\\\/www.espacefinance.com\\\/133881bdd\\\/financement-immobilier-travaux-professionnel-particulier\\\/credit-profesionnel\\\/financement-investisseur\\\/investissement-locatif\\\/?customize_changeset_uuid=ca9bb9b5-ea51-4383-9fb7-7b8a42fab396#primaryimage\"},\"image\":{\"@id\":\"https:\\\/\\\/www.espacefinance.com\\\/133881bdd\\\/financement-immobilier-travaux-professionnel-particulier\\\/credit-profesionnel\\\/financement-investisseur\\\/investissement-locatif\\\/?customize_changeset_uuid=ca9bb9b5-ea51-4383-9fb7-7b8a42fab396#primaryimage\"},\"thumbnailUrl\":\"https:\\\/\\\/www.espacefinance.com\\\/133881bdd\\\/wp-content\\\/uploads\\\/2022\\\/03\\\/cropped-LOCATIF.jpg\",\"datePublished\":\"2022-03-02T18:07:59+00:00\",\"dateModified\":\"2022-04-08T16:02:30+00:00\",\"description\":\"N\u00eemes - Cr\u00e9dit Immobilier &amp; Assurances - Investissement Locatif Vous souhaitez vous constituer un patrimoine, r\u00e9duire vos imp\u00f4ts, g\u00e9n\u00e9rer des revenus imm\u00e9diats, financer votre futur logement, diversifier vos placements sont autant de raisons d\u2019investir dans l\u2019immobilier locatif.\",\"breadcrumb\":{\"@id\":\"https:\\\/\\\/www.espacefinance.com\\\/133881bdd\\\/financement-immobilier-travaux-professionnel-particulier\\\/credit-profesionnel\\\/financement-investisseur\\\/investissement-locatif\\\/?customize_changeset_uuid=ca9bb9b5-ea51-4383-9fb7-7b8a42fab396#breadcrumb\"},\"inLanguage\":\"fr-FR\",\"potentialAction\":[{\"@type\":\"ReadAction\",\"target\":[\"https:\\\/\\\/www.espacefinance.com\\\/133881bdd\\\/financement-immobilier-travaux-professionnel-particulier\\\/credit-profesionnel\\\/financement-investisseur\\\/investissement-locatif\\\/?customize_changeset_uuid=ca9bb9b5-ea51-4383-9fb7-7b8a42fab396\"]}]},{\"@type\":\"ImageObject\",\"inLanguage\":\"fr-FR\",\"@id\":\"https:\\\/\\\/www.espacefinance.com\\\/133881bdd\\\/financement-immobilier-travaux-professionnel-particulier\\\/credit-profesionnel\\\/financement-investisseur\\\/investissement-locatif\\\/?customize_changeset_uuid=ca9bb9b5-ea51-4383-9fb7-7b8a42fab396#primaryimage\",\"url\":\"https:\\\/\\\/www.espacefinance.com\\\/133881bdd\\\/wp-content\\\/uploads\\\/2022\\\/03\\\/cropped-LOCATIF.jpg\",\"contentUrl\":\"https:\\\/\\\/www.espacefinance.com\\\/133881bdd\\\/wp-content\\\/uploads\\\/2022\\\/03\\\/cropped-LOCATIF.jpg\",\"width\":183,\"height\":183,\"caption\":\"Investissement Locatif\"},{\"@type\":\"BreadcrumbList\",\"@id\":\"https:\\\/\\\/www.espacefinance.com\\\/133881bdd\\\/financement-immobilier-travaux-professionnel-particulier\\\/credit-profesionnel\\\/financement-investisseur\\\/investissement-locatif\\\/?customize_changeset_uuid=ca9bb9b5-ea51-4383-9fb7-7b8a42fab396#breadcrumb\",\"itemListElement\":[{\"@type\":\"ListItem\",\"position\":1,\"name\":\"Accueil\",\"item\":\"https:\\\/\\\/www.espacefinance.com\\\/133881bdd\\\/\"},{\"@type\":\"ListItem\",\"position\":2,\"name\":\"Financement\",\"item\":\"https:\\\/\\\/www.espacefinance.com\\\/133881bdd\\\/financement-immobilier-travaux-professionnel-particulier\\\/\"},{\"@type\":\"ListItem\",\"position\":3,\"name\":\"Financement Pro\",\"item\":\"https:\\\/\\\/www.espacefinance.com\\\/133881bdd\\\/financement-immobilier-travaux-professionnel-particulier\\\/credit-profesionnel\\\/\"},{\"@type\":\"ListItem\",\"position\":4,\"name\":\"Financement Investisseur\",\"item\":\"https:\\\/\\\/www.espacefinance.com\\\/133881bdd\\\/financement-immobilier-travaux-professionnel-particulier\\\/credit-profesionnel\\\/financement-investisseur\\\/\"},{\"@type\":\"ListItem\",\"position\":5,\"name\":\"investissement-locatif\"}]},{\"@type\":\"WebSite\",\"@id\":\"https:\\\/\\\/www.espacefinance.com\\\/133881bdd\\\/#website\",\"url\":\"https:\\\/\\\/www.espacefinance.com\\\/133881bdd\\\/\",\"name\":\"N\u00eemes - Cr\u00e9dit Immobilier &amp; Assurances\",\"description\":\"Notre expertise \u00e0 votre service en toute transparence\",\"publisher\":{\"@id\":\"https:\\\/\\\/www.espacefinance.com\\\/133881bdd\\\/#organization\"},\"potentialAction\":[{\"@type\":\"SearchAction\",\"target\":{\"@type\":\"EntryPoint\",\"urlTemplate\":\"https:\\\/\\\/www.espacefinance.com\\\/133881bdd\\\/?s={search_term_string}\"},\"query-input\":{\"@type\":\"PropertyValueSpecification\",\"valueRequired\":true,\"valueName\":\"search_term_string\"}}],\"inLanguage\":\"fr-FR\"},{\"@type\":\"Organization\",\"@id\":\"https:\\\/\\\/www.espacefinance.com\\\/133881bdd\\\/#organization\",\"name\":\"ESPACE FINANCE LP\",\"url\":\"https:\\\/\\\/www.espacefinance.com\\\/133881bdd\\\/\",\"logo\":{\"@type\":\"ImageObject\",\"inLanguage\":\"fr-FR\",\"@id\":\"https:\\\/\\\/www.espacefinance.com\\\/133881bdd\\\/#\\\/schema\\\/logo\\\/image\\\/\",\"url\":\"https:\\\/\\\/www.espacefinance.com\\\/133881bdd\\\/wp-content\\\/uploads\\\/2022\\\/03\\\/LOGO-ESFI-YMANCI-022022.jpg\",\"contentUrl\":\"https:\\\/\\\/www.espacefinance.com\\\/133881bdd\\\/wp-content\\\/uploads\\\/2022\\\/03\\\/LOGO-ESFI-YMANCI-022022.jpg\",\"width\":1273,\"height\":710,\"caption\":\"ESPACE FINANCE LP\"},\"image\":{\"@id\":\"https:\\\/\\\/www.espacefinance.com\\\/133881bdd\\\/#\\\/schema\\\/logo\\\/image\\\/\"},\"sameAs\":[\"https:\\\/\\\/www.facebook.com\\\/ymanci.credit.immobilier.assurance\",\"https:\\\/\\\/x.com\\\/YMANCI_NIMES\",\"https:\\\/\\\/www.instagram.com\\\/espacefinancelp_ymanci_nimes\\\/?hl=fr\",\"https:\\\/\\\/www.linkedin.com\\\/showcase\\\/ymanci-nmes\\\/\",\"https:\\\/\\\/www.youtube.com\\\/channel\\\/UC1PRm7p_QVdRMUaS_Hq6zwA\"]}]}<\/script>\n<!-- \/ Yoast SEO Premium plugin. -->","yoast_head_json":{"title":"Investissement Locatif","description":"N\u00eemes - Cr\u00e9dit Immobilier &amp; Assurances - Investissement Locatif Vous souhaitez vous constituer un patrimoine, r\u00e9duire vos imp\u00f4ts, g\u00e9n\u00e9rer des revenus imm\u00e9diats, financer votre futur logement, diversifier vos placements sont autant de raisons d\u2019investir dans l\u2019immobilier locatif.","robots":{"index":"index","follow":"follow","max-snippet":"max-snippet:-1","max-video-preview":"max-video-preview:-1","imageindex":"noimageindex"},"canonical":"https:\/\/www.espacefinance.com\/133881bdd\/financement-immobilier-travaux-professionnel-particulier\/credit-profesionnel\/financement-investisseur\/investissement-locatif\/?customize_changeset_uuid=ca9bb9b5-ea51-4383-9fb7-7b8a42fab396","og_locale":"fr_FR","og_type":"article","og_title":"Investissement Locatif","og_description":"Vous souhaitez vous constituer un patrimoine, r\u00e9duire vos imp\u00f4ts, g\u00e9n\u00e9rer des revenus imm\u00e9diats, financer votre futur logement, diversifier vos placements sont autant de raisons d\u2019investir dans l\u2019immobilier locatif.","og_url":"https:\/\/www.espacefinance.com\/133881bdd\/financement-immobilier-travaux-professionnel-particulier\/credit-profesionnel\/financement-investisseur\/investissement-locatif\/?customize_changeset_uuid=ca9bb9b5-ea51-4383-9fb7-7b8a42fab396","og_site_name":"N\u00eemes - Cr\u00e9dit Immobilier &amp; Assurances","article_publisher":"https:\/\/www.facebook.com\/ymanci.credit.immobilier.assurance","article_modified_time":"2022-04-08T16:02:30+00:00","og_image":[{"width":183,"height":183,"url":"https:\/\/www.espacefinance.com\/133881bdd\/wp-content\/uploads\/2022\/03\/cropped-LOCATIF.jpg","type":"image\/jpeg"}],"twitter_card":"summary_large_image","twitter_title":"Investissement Locatif","twitter_site":"@YMANCI_NIMES","twitter_misc":{"Dur\u00e9e de lecture estim\u00e9e":"2 minutes"},"schema":{"@context":"https:\/\/schema.org","@graph":[{"@type":"WebPage","@id":"https:\/\/www.espacefinance.com\/133881bdd\/financement-immobilier-travaux-professionnel-particulier\/credit-profesionnel\/financement-investisseur\/investissement-locatif\/","url":"https:\/\/www.espacefinance.com\/133881bdd\/financement-immobilier-travaux-professionnel-particulier\/credit-profesionnel\/financement-investisseur\/investissement-locatif\/?customize_changeset_uuid=ca9bb9b5-ea51-4383-9fb7-7b8a42fab396","name":"Investissement Locatif","isPartOf":{"@id":"https:\/\/www.espacefinance.com\/133881bdd\/#website"},"primaryImageOfPage":{"@id":"https:\/\/www.espacefinance.com\/133881bdd\/financement-immobilier-travaux-professionnel-particulier\/credit-profesionnel\/financement-investisseur\/investissement-locatif\/?customize_changeset_uuid=ca9bb9b5-ea51-4383-9fb7-7b8a42fab396#primaryimage"},"image":{"@id":"https:\/\/www.espacefinance.com\/133881bdd\/financement-immobilier-travaux-professionnel-particulier\/credit-profesionnel\/financement-investisseur\/investissement-locatif\/?customize_changeset_uuid=ca9bb9b5-ea51-4383-9fb7-7b8a42fab396#primaryimage"},"thumbnailUrl":"https:\/\/www.espacefinance.com\/133881bdd\/wp-content\/uploads\/2022\/03\/cropped-LOCATIF.jpg","datePublished":"2022-03-02T18:07:59+00:00","dateModified":"2022-04-08T16:02:30+00:00","description":"N\u00eemes - Cr\u00e9dit Immobilier &amp; Assurances - Investissement Locatif Vous souhaitez vous constituer un patrimoine, r\u00e9duire vos imp\u00f4ts, g\u00e9n\u00e9rer des revenus imm\u00e9diats, financer votre futur logement, diversifier vos placements sont autant de raisons d\u2019investir dans l\u2019immobilier locatif.","breadcrumb":{"@id":"https:\/\/www.espacefinance.com\/133881bdd\/financement-immobilier-travaux-professionnel-particulier\/credit-profesionnel\/financement-investisseur\/investissement-locatif\/?customize_changeset_uuid=ca9bb9b5-ea51-4383-9fb7-7b8a42fab396#breadcrumb"},"inLanguage":"fr-FR","potentialAction":[{"@type":"ReadAction","target":["https:\/\/www.espacefinance.com\/133881bdd\/financement-immobilier-travaux-professionnel-particulier\/credit-profesionnel\/financement-investisseur\/investissement-locatif\/?customize_changeset_uuid=ca9bb9b5-ea51-4383-9fb7-7b8a42fab396"]}]},{"@type":"ImageObject","inLanguage":"fr-FR","@id":"https:\/\/www.espacefinance.com\/133881bdd\/financement-immobilier-travaux-professionnel-particulier\/credit-profesionnel\/financement-investisseur\/investissement-locatif\/?customize_changeset_uuid=ca9bb9b5-ea51-4383-9fb7-7b8a42fab396#primaryimage","url":"https:\/\/www.espacefinance.com\/133881bdd\/wp-content\/uploads\/2022\/03\/cropped-LOCATIF.jpg","contentUrl":"https:\/\/www.espacefinance.com\/133881bdd\/wp-content\/uploads\/2022\/03\/cropped-LOCATIF.jpg","width":183,"height":183,"caption":"Investissement Locatif"},{"@type":"BreadcrumbList","@id":"https:\/\/www.espacefinance.com\/133881bdd\/financement-immobilier-travaux-professionnel-particulier\/credit-profesionnel\/financement-investisseur\/investissement-locatif\/?customize_changeset_uuid=ca9bb9b5-ea51-4383-9fb7-7b8a42fab396#breadcrumb","itemListElement":[{"@type":"ListItem","position":1,"name":"Accueil","item":"https:\/\/www.espacefinance.com\/133881bdd\/"},{"@type":"ListItem","position":2,"name":"Financement","item":"https:\/\/www.espacefinance.com\/133881bdd\/financement-immobilier-travaux-professionnel-particulier\/"},{"@type":"ListItem","position":3,"name":"Financement Pro","item":"https:\/\/www.espacefinance.com\/133881bdd\/financement-immobilier-travaux-professionnel-particulier\/credit-profesionnel\/"},{"@type":"ListItem","position":4,"name":"Financement Investisseur","item":"https:\/\/www.espacefinance.com\/133881bdd\/financement-immobilier-travaux-professionnel-particulier\/credit-profesionnel\/financement-investisseur\/"},{"@type":"ListItem","position":5,"name":"investissement-locatif"}]},{"@type":"WebSite","@id":"https:\/\/www.espacefinance.com\/133881bdd\/#website","url":"https:\/\/www.espacefinance.com\/133881bdd\/","name":"N\u00eemes - Cr\u00e9dit Immobilier &amp; Assurances","description":"Notre expertise \u00e0 votre service en toute transparence","publisher":{"@id":"https:\/\/www.espacefinance.com\/133881bdd\/#organization"},"potentialAction":[{"@type":"SearchAction","target":{"@type":"EntryPoint","urlTemplate":"https:\/\/www.espacefinance.com\/133881bdd\/?s={search_term_string}"},"query-input":{"@type":"PropertyValueSpecification","valueRequired":true,"valueName":"search_term_string"}}],"inLanguage":"fr-FR"},{"@type":"Organization","@id":"https:\/\/www.espacefinance.com\/133881bdd\/#organization","name":"ESPACE FINANCE LP","url":"https:\/\/www.espacefinance.com\/133881bdd\/","logo":{"@type":"ImageObject","inLanguage":"fr-FR","@id":"https:\/\/www.espacefinance.com\/133881bdd\/#\/schema\/logo\/image\/","url":"https:\/\/www.espacefinance.com\/133881bdd\/wp-content\/uploads\/2022\/03\/LOGO-ESFI-YMANCI-022022.jpg","contentUrl":"https:\/\/www.espacefinance.com\/133881bdd\/wp-content\/uploads\/2022\/03\/LOGO-ESFI-YMANCI-022022.jpg","width":1273,"height":710,"caption":"ESPACE FINANCE LP"},"image":{"@id":"https:\/\/www.espacefinance.com\/133881bdd\/#\/schema\/logo\/image\/"},"sameAs":["https:\/\/www.facebook.com\/ymanci.credit.immobilier.assurance","https:\/\/x.com\/YMANCI_NIMES","https:\/\/www.instagram.com\/espacefinancelp_ymanci_nimes\/?hl=fr","https:\/\/www.linkedin.com\/showcase\/ymanci-nmes\/","https:\/\/www.youtube.com\/channel\/UC1PRm7p_QVdRMUaS_Hq6zwA"]}]}},"_links":{"self":[{"href":"https:\/\/www.espacefinance.com\/133881bdd\/wp-json\/wp\/v2\/pages\/650","targetHints":{"allow":["GET"]}}],"collection":[{"href":"https:\/\/www.espacefinance.com\/133881bdd\/wp-json\/wp\/v2\/pages"}],"about":[{"href":"https:\/\/www.espacefinance.com\/133881bdd\/wp-json\/wp\/v2\/types\/page"}],"author":[{"embeddable":true,"href":"https:\/\/www.espacefinance.com\/133881bdd\/wp-json\/wp\/v2\/users\/1"}],"replies":[{"embeddable":true,"href":"https:\/\/www.espacefinance.com\/133881bdd\/wp-json\/wp\/v2\/comments?post=650"}],"version-history":[{"count":0,"href":"https:\/\/www.espacefinance.com\/133881bdd\/wp-json\/wp\/v2\/pages\/650\/revisions"}],"up":[{"embeddable":true,"href":"https:\/\/www.espacefinance.com\/133881bdd\/wp-json\/wp\/v2\/pages\/943"}],"wp:featuredmedia":[{"embeddable":true,"href":"https:\/\/www.espacefinance.com\/133881bdd\/wp-json\/wp\/v2\/media\/1075"}],"wp:attachment":[{"href":"https:\/\/www.espacefinance.com\/133881bdd\/wp-json\/wp\/v2\/media?parent=650"}],"curies":[{"name":"wp","href":"https:\/\/api.w.org\/{rel}","templated":true}]}}