{"id":633,"date":"2022-03-02T18:09:18","date_gmt":"2022-03-02T17:09:18","guid":{"rendered":"https:\/\/www.espacefinance.com\/133881bdd\/?page_id=633"},"modified":"2022-04-04T18:13:51","modified_gmt":"2022-04-04T16:13:51","slug":"credit-profesionnel","status":"publish","type":"page","link":"https:\/\/www.espacefinance.com\/133881bdd\/financement-immobilier-travaux-professionnel-particulier\/credit-profesionnel\/","title":{"rendered":"Financement Pro"},"content":{"rendered":"\n<div id=\"financement-professionnel\" class=\"wp-block-image\"><figure class=\"aligncenter size-full\"><img decoding=\"async\" width=\"298\" height=\"169\" src=\"https:\/\/www.espacefinance.com\/133881bdd\/wp-content\/uploads\/2022\/03\/LOGO.jpg\" alt=\"financement professionnel\" class=\"wp-image-634\" title=\"cr\u00e9dit pro\"\/><\/figure><\/div>\n\n\n\n<figure class=\"wp-block-image size-large is-resized\" id=\"cr\u00e9dit-pro\"><img decoding=\"async\" src=\"https:\/\/www.espacefinance.com\/133881bdd\/wp-content\/uploads\/2022\/03\/SOLUTIONS-FINANCEMENT-1024x564.jpg\" alt=\"\" class=\"wp-image-635\" width=\"768\" height=\"423\" title=\"cr\u00e9dit-pro\" srcset=\"https:\/\/www.espacefinance.com\/133881bdd\/wp-content\/uploads\/2022\/03\/SOLUTIONS-FINANCEMENT-1024x564.jpg 1024w, https:\/\/www.espacefinance.com\/133881bdd\/wp-content\/uploads\/2022\/03\/SOLUTIONS-FINANCEMENT-300x165.jpg 300w, https:\/\/www.espacefinance.com\/133881bdd\/wp-content\/uploads\/2022\/03\/SOLUTIONS-FINANCEMENT-768x423.jpg 768w, https:\/\/www.espacefinance.com\/133881bdd\/wp-content\/uploads\/2022\/03\/SOLUTIONS-FINANCEMENT.jpg 1290w\" sizes=\"(max-width: 768px) 100vw, 768px\" \/><\/figure>\n","protected":false},"excerpt":{"rendered":"","protected":false},"author":1,"featured_media":634,"parent":119,"menu_order":4,"comment_status":"closed","ping_status":"closed","template":"","meta":{"footnotes":""},"class_list":["post-633","page","type-page","status-publish","has-post-thumbnail","hentry"],"yoast_head":"<!-- This site is optimized with the Yoast SEO Premium plugin v20.0 (Yoast SEO v27.5) - https:\/\/yoast.com\/product\/yoast-seo-premium-wordpress\/ -->\n<title>Financement Pro<\/title>\n<meta name=\"description\" content=\"Solutions de financement pour les professionnels, artisans, commer\u00e7ants, professions lib\u00e9rales et entreprises\" \/>\n<meta name=\"robots\" content=\"index, follow, max-snippet:-1, max-image-preview:large, max-video-preview:-1\" \/>\n<link rel=\"canonical\" href=\"https:\/\/www.espacefinance.com\/133881bdd\/financement-immobilier-travaux-professionnel-particulier\/credit-profesionnel\/\" \/>\n<meta property=\"og:locale\" content=\"fr_FR\" \/>\n<meta property=\"og:type\" content=\"article\" \/>\n<meta property=\"og:title\" content=\"Financement Pro\" \/>\n<meta property=\"og:description\" content=\"Solutions de financement pour les professionnels, artisans, commer\u00e7ants, professions lib\u00e9rales et entreprises\" \/>\n<meta property=\"og:url\" content=\"https:\/\/www.espacefinance.com\/133881bdd\/financement-immobilier-travaux-professionnel-particulier\/credit-profesionnel\/\" \/>\n<meta property=\"og:site_name\" content=\"N\u00eemes - Cr\u00e9dit Immobilier &amp; Assurances\" \/>\n<meta property=\"article:publisher\" content=\"https:\/\/www.facebook.com\/ymanci.credit.immobilier.assurance\" \/>\n<meta property=\"article:modified_time\" content=\"2022-04-04T16:13:51+00:00\" \/>\n<meta property=\"og:image\" content=\"https:\/\/www.espacefinance.com\/133881bdd\/wp-content\/uploads\/2022\/03\/LOGO.jpg\" \/>\n\t<meta property=\"og:image:width\" content=\"298\" \/>\n\t<meta property=\"og:image:height\" content=\"169\" \/>\n\t<meta property=\"og:image:type\" content=\"image\/jpeg\" \/>\n<meta name=\"twitter:card\" content=\"summary_large_image\" \/>\n<meta name=\"twitter:site\" content=\"@YMANCI_NIMES\" \/>\n<meta name=\"twitter:label1\" content=\"Dur\u00e9e de lecture estim\u00e9e\" \/>\n\t<meta name=\"twitter:data1\" content=\"1 minute\" \/>\n<script type=\"application\/ld+json\" class=\"yoast-schema-graph\">{\"@context\":\"https:\\\/\\\/schema.org\",\"@graph\":[{\"@type\":\"WebPage\",\"@id\":\"https:\\\/\\\/www.espacefinance.com\\\/133881bdd\\\/financement-immobilier-travaux-professionnel-particulier\\\/credit-profesionnel\\\/\",\"url\":\"https:\\\/\\\/www.espacefinance.com\\\/133881bdd\\\/financement-immobilier-travaux-professionnel-particulier\\\/credit-profesionnel\\\/\",\"name\":\"Financement Pro\",\"isPartOf\":{\"@id\":\"https:\\\/\\\/www.espacefinance.com\\\/133881bdd\\\/#website\"},\"primaryImageOfPage\":{\"@id\":\"https:\\\/\\\/www.espacefinance.com\\\/133881bdd\\\/financement-immobilier-travaux-professionnel-particulier\\\/credit-profesionnel\\\/#primaryimage\"},\"image\":{\"@id\":\"https:\\\/\\\/www.espacefinance.com\\\/133881bdd\\\/financement-immobilier-travaux-professionnel-particulier\\\/credit-profesionnel\\\/#primaryimage\"},\"thumbnailUrl\":\"https:\\\/\\\/www.espacefinance.com\\\/133881bdd\\\/wp-content\\\/uploads\\\/2022\\\/03\\\/LOGO.jpg\",\"datePublished\":\"2022-03-02T17:09:18+00:00\",\"dateModified\":\"2022-04-04T16:13:51+00:00\",\"description\":\"Solutions de financement pour les professionnels, artisans, commer\u00e7ants, professions lib\u00e9rales et entreprises\",\"breadcrumb\":{\"@id\":\"https:\\\/\\\/www.espacefinance.com\\\/133881bdd\\\/financement-immobilier-travaux-professionnel-particulier\\\/credit-profesionnel\\\/#breadcrumb\"},\"inLanguage\":\"fr-FR\",\"potentialAction\":[{\"@type\":\"ReadAction\",\"target\":[\"https:\\\/\\\/www.espacefinance.com\\\/133881bdd\\\/financement-immobilier-travaux-professionnel-particulier\\\/credit-profesionnel\\\/\"]}]},{\"@type\":\"ImageObject\",\"inLanguage\":\"fr-FR\",\"@id\":\"https:\\\/\\\/www.espacefinance.com\\\/133881bdd\\\/financement-immobilier-travaux-professionnel-particulier\\\/credit-profesionnel\\\/#primaryimage\",\"url\":\"https:\\\/\\\/www.espacefinance.com\\\/133881bdd\\\/wp-content\\\/uploads\\\/2022\\\/03\\\/LOGO.jpg\",\"contentUrl\":\"https:\\\/\\\/www.espacefinance.com\\\/133881bdd\\\/wp-content\\\/uploads\\\/2022\\\/03\\\/LOGO.jpg\",\"width\":298,\"height\":169,\"caption\":\"cr\u00e9dit pro\"},{\"@type\":\"BreadcrumbList\",\"@id\":\"https:\\\/\\\/www.espacefinance.com\\\/133881bdd\\\/financement-immobilier-travaux-professionnel-particulier\\\/credit-profesionnel\\\/#breadcrumb\",\"itemListElement\":[{\"@type\":\"ListItem\",\"position\":1,\"name\":\"Accueil\",\"item\":\"https:\\\/\\\/www.espacefinance.com\\\/133881bdd\\\/\"},{\"@type\":\"ListItem\",\"position\":2,\"name\":\"Financement\",\"item\":\"https:\\\/\\\/www.espacefinance.com\\\/133881bdd\\\/financement-immobilier-travaux-professionnel-particulier\\\/\"},{\"@type\":\"ListItem\",\"position\":3,\"name\":\"Financement Pro\"}]},{\"@type\":\"WebSite\",\"@id\":\"https:\\\/\\\/www.espacefinance.com\\\/133881bdd\\\/#website\",\"url\":\"https:\\\/\\\/www.espacefinance.com\\\/133881bdd\\\/\",\"name\":\"N\u00eemes - Cr\u00e9dit Immobilier &amp; Assurances\",\"description\":\"Notre expertise \u00e0 votre service en toute transparence\",\"publisher\":{\"@id\":\"https:\\\/\\\/www.espacefinance.com\\\/133881bdd\\\/#organization\"},\"potentialAction\":[{\"@type\":\"SearchAction\",\"target\":{\"@type\":\"EntryPoint\",\"urlTemplate\":\"https:\\\/\\\/www.espacefinance.com\\\/133881bdd\\\/?s={search_term_string}\"},\"query-input\":{\"@type\":\"PropertyValueSpecification\",\"valueRequired\":true,\"valueName\":\"search_term_string\"}}],\"inLanguage\":\"fr-FR\"},{\"@type\":\"Organization\",\"@id\":\"https:\\\/\\\/www.espacefinance.com\\\/133881bdd\\\/#organization\",\"name\":\"ESPACE FINANCE LP\",\"url\":\"https:\\\/\\\/www.espacefinance.com\\\/133881bdd\\\/\",\"logo\":{\"@type\":\"ImageObject\",\"inLanguage\":\"fr-FR\",\"@id\":\"https:\\\/\\\/www.espacefinance.com\\\/133881bdd\\\/#\\\/schema\\\/logo\\\/image\\\/\",\"url\":\"https:\\\/\\\/www.espacefinance.com\\\/133881bdd\\\/wp-content\\\/uploads\\\/2022\\\/03\\\/LOGO-ESFI-YMANCI-022022.jpg\",\"contentUrl\":\"https:\\\/\\\/www.espacefinance.com\\\/133881bdd\\\/wp-content\\\/uploads\\\/2022\\\/03\\\/LOGO-ESFI-YMANCI-022022.jpg\",\"width\":1273,\"height\":710,\"caption\":\"ESPACE FINANCE LP\"},\"image\":{\"@id\":\"https:\\\/\\\/www.espacefinance.com\\\/133881bdd\\\/#\\\/schema\\\/logo\\\/image\\\/\"},\"sameAs\":[\"https:\\\/\\\/www.facebook.com\\\/ymanci.credit.immobilier.assurance\",\"https:\\\/\\\/x.com\\\/YMANCI_NIMES\",\"https:\\\/\\\/www.instagram.com\\\/espacefinancelp_ymanci_nimes\\\/?hl=fr\",\"https:\\\/\\\/www.linkedin.com\\\/showcase\\\/ymanci-nmes\\\/\",\"https:\\\/\\\/www.youtube.com\\\/channel\\\/UC1PRm7p_QVdRMUaS_Hq6zwA\"]}]}<\/script>\n<!-- \/ Yoast SEO Premium plugin. -->","yoast_head_json":{"title":"Financement Pro","description":"Solutions de financement pour les professionnels, artisans, commer\u00e7ants, professions lib\u00e9rales et entreprises","robots":{"index":"index","follow":"follow","max-snippet":"max-snippet:-1","max-image-preview":"max-image-preview:large","max-video-preview":"max-video-preview:-1"},"canonical":"https:\/\/www.espacefinance.com\/133881bdd\/financement-immobilier-travaux-professionnel-particulier\/credit-profesionnel\/","og_locale":"fr_FR","og_type":"article","og_title":"Financement Pro","og_description":"Solutions de financement pour les professionnels, artisans, commer\u00e7ants, professions lib\u00e9rales et entreprises","og_url":"https:\/\/www.espacefinance.com\/133881bdd\/financement-immobilier-travaux-professionnel-particulier\/credit-profesionnel\/","og_site_name":"N\u00eemes - Cr\u00e9dit Immobilier &amp; Assurances","article_publisher":"https:\/\/www.facebook.com\/ymanci.credit.immobilier.assurance","article_modified_time":"2022-04-04T16:13:51+00:00","og_image":[{"width":298,"height":169,"url":"https:\/\/www.espacefinance.com\/133881bdd\/wp-content\/uploads\/2022\/03\/LOGO.jpg","type":"image\/jpeg"}],"twitter_card":"summary_large_image","twitter_site":"@YMANCI_NIMES","twitter_misc":{"Dur\u00e9e de lecture estim\u00e9e":"1 minute"},"schema":{"@context":"https:\/\/schema.org","@graph":[{"@type":"WebPage","@id":"https:\/\/www.espacefinance.com\/133881bdd\/financement-immobilier-travaux-professionnel-particulier\/credit-profesionnel\/","url":"https:\/\/www.espacefinance.com\/133881bdd\/financement-immobilier-travaux-professionnel-particulier\/credit-profesionnel\/","name":"Financement Pro","isPartOf":{"@id":"https:\/\/www.espacefinance.com\/133881bdd\/#website"},"primaryImageOfPage":{"@id":"https:\/\/www.espacefinance.com\/133881bdd\/financement-immobilier-travaux-professionnel-particulier\/credit-profesionnel\/#primaryimage"},"image":{"@id":"https:\/\/www.espacefinance.com\/133881bdd\/financement-immobilier-travaux-professionnel-particulier\/credit-profesionnel\/#primaryimage"},"thumbnailUrl":"https:\/\/www.espacefinance.com\/133881bdd\/wp-content\/uploads\/2022\/03\/LOGO.jpg","datePublished":"2022-03-02T17:09:18+00:00","dateModified":"2022-04-04T16:13:51+00:00","description":"Solutions de financement pour les professionnels, artisans, commer\u00e7ants, professions lib\u00e9rales et entreprises","breadcrumb":{"@id":"https:\/\/www.espacefinance.com\/133881bdd\/financement-immobilier-travaux-professionnel-particulier\/credit-profesionnel\/#breadcrumb"},"inLanguage":"fr-FR","potentialAction":[{"@type":"ReadAction","target":["https:\/\/www.espacefinance.com\/133881bdd\/financement-immobilier-travaux-professionnel-particulier\/credit-profesionnel\/"]}]},{"@type":"ImageObject","inLanguage":"fr-FR","@id":"https:\/\/www.espacefinance.com\/133881bdd\/financement-immobilier-travaux-professionnel-particulier\/credit-profesionnel\/#primaryimage","url":"https:\/\/www.espacefinance.com\/133881bdd\/wp-content\/uploads\/2022\/03\/LOGO.jpg","contentUrl":"https:\/\/www.espacefinance.com\/133881bdd\/wp-content\/uploads\/2022\/03\/LOGO.jpg","width":298,"height":169,"caption":"cr\u00e9dit pro"},{"@type":"BreadcrumbList","@id":"https:\/\/www.espacefinance.com\/133881bdd\/financement-immobilier-travaux-professionnel-particulier\/credit-profesionnel\/#breadcrumb","itemListElement":[{"@type":"ListItem","position":1,"name":"Accueil","item":"https:\/\/www.espacefinance.com\/133881bdd\/"},{"@type":"ListItem","position":2,"name":"Financement","item":"https:\/\/www.espacefinance.com\/133881bdd\/financement-immobilier-travaux-professionnel-particulier\/"},{"@type":"ListItem","position":3,"name":"Financement Pro"}]},{"@type":"WebSite","@id":"https:\/\/www.espacefinance.com\/133881bdd\/#website","url":"https:\/\/www.espacefinance.com\/133881bdd\/","name":"N\u00eemes - Cr\u00e9dit Immobilier &amp; Assurances","description":"Notre expertise \u00e0 votre service en toute transparence","publisher":{"@id":"https:\/\/www.espacefinance.com\/133881bdd\/#organization"},"potentialAction":[{"@type":"SearchAction","target":{"@type":"EntryPoint","urlTemplate":"https:\/\/www.espacefinance.com\/133881bdd\/?s={search_term_string}"},"query-input":{"@type":"PropertyValueSpecification","valueRequired":true,"valueName":"search_term_string"}}],"inLanguage":"fr-FR"},{"@type":"Organization","@id":"https:\/\/www.espacefinance.com\/133881bdd\/#organization","name":"ESPACE FINANCE LP","url":"https:\/\/www.espacefinance.com\/133881bdd\/","logo":{"@type":"ImageObject","inLanguage":"fr-FR","@id":"https:\/\/www.espacefinance.com\/133881bdd\/#\/schema\/logo\/image\/","url":"https:\/\/www.espacefinance.com\/133881bdd\/wp-content\/uploads\/2022\/03\/LOGO-ESFI-YMANCI-022022.jpg","contentUrl":"https:\/\/www.espacefinance.com\/133881bdd\/wp-content\/uploads\/2022\/03\/LOGO-ESFI-YMANCI-022022.jpg","width":1273,"height":710,"caption":"ESPACE FINANCE LP"},"image":{"@id":"https:\/\/www.espacefinance.com\/133881bdd\/#\/schema\/logo\/image\/"},"sameAs":["https:\/\/www.facebook.com\/ymanci.credit.immobilier.assurance","https:\/\/x.com\/YMANCI_NIMES","https:\/\/www.instagram.com\/espacefinancelp_ymanci_nimes\/?hl=fr","https:\/\/www.linkedin.com\/showcase\/ymanci-nmes\/","https:\/\/www.youtube.com\/channel\/UC1PRm7p_QVdRMUaS_Hq6zwA"]}]}},"_links":{"self":[{"href":"https:\/\/www.espacefinance.com\/133881bdd\/wp-json\/wp\/v2\/pages\/633","targetHints":{"allow":["GET"]}}],"collection":[{"href":"https:\/\/www.espacefinance.com\/133881bdd\/wp-json\/wp\/v2\/pages"}],"about":[{"href":"https:\/\/www.espacefinance.com\/133881bdd\/wp-json\/wp\/v2\/types\/page"}],"author":[{"embeddable":true,"href":"https:\/\/www.espacefinance.com\/133881bdd\/wp-json\/wp\/v2\/users\/1"}],"replies":[{"embeddable":true,"href":"https:\/\/www.espacefinance.com\/133881bdd\/wp-json\/wp\/v2\/comments?post=633"}],"version-history":[{"count":0,"href":"https:\/\/www.espacefinance.com\/133881bdd\/wp-json\/wp\/v2\/pages\/633\/revisions"}],"up":[{"embeddable":true,"href":"https:\/\/www.espacefinance.com\/133881bdd\/wp-json\/wp\/v2\/pages\/119"}],"wp:featuredmedia":[{"embeddable":true,"href":"https:\/\/www.espacefinance.com\/133881bdd\/wp-json\/wp\/v2\/media\/634"}],"wp:attachment":[{"href":"https:\/\/www.espacefinance.com\/133881bdd\/wp-json\/wp\/v2\/media?parent=633"}],"curies":[{"name":"wp","href":"https:\/\/api.w.org\/{rel}","templated":true}]}}