{"id":520,"date":"2022-03-02T11:40:16","date_gmt":"2022-03-02T10:40:16","guid":{"rendered":"https:\/\/www.espacefinance.com\/133881bdd\/?page_id=520"},"modified":"2022-04-08T18:06:00","modified_gmt":"2022-04-08T16:06:00","slug":"pret-travaux","status":"publish","type":"page","link":"https:\/\/www.espacefinance.com\/133881bdd\/financement-immobilier-travaux-professionnel-particulier\/pret-travaux\/","title":{"rendered":"Pr\u00eat Travaux"},"content":{"rendered":"\n<p class=\"has-drop-cap\">Vous avez l\u2019intention de&nbsp;<strong>faire des travaux dans votre logement et auriez besoin d\u2019une tr\u00e9sorerie suppl\u00e9mentaire pour concr\u00e9tiser vos projets<\/strong>. Ymanci vous propose des solutions personnalis\u00e9es qui r\u00e9pondront \u00e0 vos besoins et contribueront \u00e0 la r\u00e9alisation de vos travaux. Construisez d\u00e8s aujourd\u2019hui vos futurs projets sans mettre votre budget en p\u00e9ril.<\/p>\n\n\n\n<p>Am\u00e9nagement de cuisine ou de&nbsp;salle de bain, construction d\u2019un garage, r\u00e9fection de toiture, extension&#8230; vous envisagez d\u2019effectuer des&nbsp;<strong>travaux de r\u00e9novation<\/strong>&nbsp;ou d\u2019agrandissement dans votre actuel ou futur logement&nbsp;?&nbsp;&nbsp;&nbsp;<\/p>\n\n\n\n<p>Une r\u00e9novation ou une extension d\u2019un bien peut engendrer des frais importants et non n\u00e9gligeables pour votre budget. Sachez que diverses solutions s\u2019offrent \u00e0 vous pour&nbsp;<strong>financer ces travaux<\/strong>.<\/p>\n\n\n\n<h2 class=\"has-colibri-color-2-color has-text-color has-large-font-size wp-block-heading\" id=\"h-comment-financer-des-travaux\">Comment financer des travaux<\/h2>\n\n\n\n<h2 class=\"wp-block-heading\"><strong>N<\/strong>otre r\u00f4le<\/h2>\n\n\n\n<p>Vous ne savez pas pour quelle solution opter&nbsp;? Pas de panique, nos experts Ymanci Cr\u00e9dit immobilier sont l\u00e0 pour vous accompagner et trouver avec vous l\u2019offre de financement la plus adapt\u00e9e \u00e0 vos besoins.&nbsp;<\/p>\n\n\n\n<div style=\"height:15px\" aria-hidden=\"true\" class=\"wp-block-spacer\"><\/div>\n\n\n\n<figure class=\"wp-block-image size-large is-resized\" id=\"pr\u00eat-travaux\"><img decoding=\"async\" src=\"https:\/\/www.espacefinance.com\/133881bdd\/wp-content\/uploads\/2022\/03\/pret-travaux-choisir-la-bonne-solution-1024x963.png\" alt=\"Pr\u00eat Travaux: choisir la bonne solution\" class=\"wp-image-521\" width=\"512\" height=\"482\" title=\"solutions pr\u00eat travaux\" srcset=\"https:\/\/www.espacefinance.com\/133881bdd\/wp-content\/uploads\/2022\/03\/pret-travaux-choisir-la-bonne-solution-1024x963.png 1024w, https:\/\/www.espacefinance.com\/133881bdd\/wp-content\/uploads\/2022\/03\/pret-travaux-choisir-la-bonne-solution-300x282.png 300w, https:\/\/www.espacefinance.com\/133881bdd\/wp-content\/uploads\/2022\/03\/pret-travaux-choisir-la-bonne-solution-768x722.png 768w, https:\/\/www.espacefinance.com\/133881bdd\/wp-content\/uploads\/2022\/03\/pret-travaux-choisir-la-bonne-solution.png 1111w\" sizes=\"(max-width: 512px) 100vw, 512px\" \/><\/figure>\n\n\n\n<div style=\"height:10px\" aria-hidden=\"true\" class=\"wp-block-spacer\"><\/div>\n\n\n\n<h2 class=\"has-colibri-color-1-color has-text-color has-large-font-size wp-block-heading\"><strong>Financer des travaux avec un apport personnel<\/strong><\/h2>\n\n\n\n<p>Vous disposez d&rsquo;un apport personnel cons\u00e9quent ? Alors vous allez peut-\u00eatre d\u00e9cider d&rsquo;utiliser une partie de cette enveloppe pour r\u00e9gler les frais de notaire et une autre partie pour&nbsp;<strong>financer vos travaux<\/strong>. N\u00e9anmoins, avec les taux bas constat\u00e9s actuellement, il peut s&rsquo;av\u00e9rer judicieux d&#8217;emprunter pour la r\u00e9alisation de vos travaux et de conserver cette enveloppe pour des d\u00e9penses li\u00e9es aux impr\u00e9vus.<\/p>\n\n\n\n<h2 class=\"has-colibri-color-1-color has-text-color has-large-font-size wp-block-heading\"><strong>Financer des travaux en souscrivant un pr\u00eat travaux (pr\u00eat personnel ou \u00e0 la consommation)<\/strong><\/h2>\n\n\n\n<p>Vous pouvez envisager de souscrire \u00e0 un&nbsp;<strong>pr\u00eat travaux<\/strong>&nbsp;via un cr\u00e9dit&nbsp;\u00e0 la consommation (ou pr\u00eat personnel). Ce cr\u00e9dit&nbsp;vous permet de financer vos travaux en dehors de votre pr\u00eat immobilier. Cette solution pr\u00e9sente l\u2019avantage d\u2019\u00eatre facilement accessible. Les taux d\u2019int\u00e9r\u00eat sont plus \u00e9lev\u00e9s que ceux correspondants au financement d\u2019un pr\u00eat immobilier classique.<\/p>\n\n\n\n<p>Le pr\u00eat personnel par affectation de travaux peut aller jusqu\u2019\u00e0 75&nbsp;000 euros. Ce montant doit \u00eatre justifi\u00e9 (devis) pour pouvoir toucher les fonds. Pour un cr\u00e9dit \u00e0 la consommation \u00ab&nbsp;non affect\u00e9&nbsp;\u00bb, le montant sera plus faible mais vous pourrez b\u00e9n\u00e9ficier d\u2019une somme libre d\u2019utilisation.<\/p>\n\n\n\n<p>Si le montant de vos travaux est sup\u00e9rieur \u00e0 75&nbsp;000 euros, il vous faudra alors opter pour un pr\u00eat immobilier.<\/p>\n\n\n\n<h2 class=\"has-colibri-color-1-color has-text-color has-large-font-size wp-block-heading\"><strong>Financer des travaux en regroupant vos cr\u00e9dits<\/strong><\/h2>\n\n\n\n<p>Si vous \u00eates d\u00e9j\u00e0 propri\u00e9taires ou locataires et que vous cumulez d\u00e9j\u00e0 plusieurs cr\u00e9dits (<a href=\"https:\/\/www.espacefinance.com\/133881bdd\/financement-immobilier-travaux-professionnel-particulier\/credit-immobilier-financement\/\" target=\"_blank\" rel=\"noreferrer noopener\">cr\u00e9dit immobilier<\/a>, renouvelable, \u00e0 la <a href=\"https:\/\/www.espacefinance.com\/133881bdd\/financement-immobilier-travaux-professionnel-particulier\/credit-conso\/\" target=\"_blank\" rel=\"noreferrer noopener\">consommation<\/a>, etc.), il peut s\u2019av\u00e9rer compliqu\u00e9 pour vous d\u2019obtenir un&nbsp;<strong>pr\u00eat travaux<\/strong>&nbsp;de la part de votre banque. Si vous vous retrouvez dans cette situation, le regroupement de cr\u00e9dits peut se r\u00e9v\u00e9ler \u00eatre la solution. En effet, il vous permet de r\u00e9\u00e9quilibrer votre budget et de pouvoir d\u00e9bloquer une enveloppe pour&nbsp;<strong>financer vos travaux<\/strong>.&nbsp;<\/p>\n\n\n\n<p class=\"has-text-color\" style=\"color:#1ac709\"><strong><a href=\"https:\/\/www.espacefinance.com\/133881bdd\/financement-immobilier-travaux-professionnel-particulier\/regroupement-de-credits\/\" target=\"_blank\" rel=\"noreferrer noopener\">En savoir plus sur le Regroupement de cr\u00e9dits.<\/a><\/strong><\/p>\n\n\n\n<h2 class=\"has-colibri-color-1-color has-text-color has-large-font-size wp-block-heading\"><strong>Financer des travaux \u00e0 l&rsquo;aide d&rsquo;un \u00c9co-Pr\u00eat \u00e0 Taux Zero (\u00c9co-PTZ)<\/strong><\/h2>\n\n\n\n<p>L\u2019\u00e9co-PTZ (\u00c9co-pr\u00eat \u00e0 Taux Z\u00e9ro) peut \u00eatre une solution int\u00e9ressante dans le cadre de travaux pour am\u00e9liorer la performance \u00e9nerg\u00e9tique de votre logement. L\u2019avantage consid\u00e9rable de ce pr\u00eat est que vous ne payez pas les int\u00e9r\u00eats, ils sont \u00e0 la charge de l\u2019\u00c9tat.<\/p>\n\n\n\n<p>Ce type de pr\u00eat est accessible aux propri\u00e9taires, locataires ou bailleurs pour des travaux comme l\u2019isolation, le chauffage par exemple dans un logement utilis\u00e9 en tant que r\u00e9sidence principale. <br>Les logements concern\u00e9s ont \u00e9t\u00e9 construits depuis plus de deux ans.<\/p>\n\n\n\n<p>L\u2019\u00c9co-pr\u00eat \u00e0 Taux Z\u00e9ro peut aller jusqu\u2019\u00e0 30&nbsp;000 euros et s\u2019\u00e9taler sur 15 ans.<\/p>\n\n\n\n<p>Pour l\u2019\u00c9co-pr\u00eat \u00e0 Taux Z\u00e9ro, les travaux devront \u00eatre r\u00e9alis\u00e9s par des entreprises Reconnu Garant de l\u2019Environnement. <br>Retrouvez-les directement sur le site&nbsp;<a href=\"http:\/\/renovation-info-service.gouv.fr\/trouvez-UN-professionnel\" target=\"_blank\" rel=\"noreferrer noopener\">http:\/\/renovation-info-service.gouv.fr\/trouvez-UN-professionnel<\/a><\/p>\n\n\n\n<h2 class=\"has-colibri-color-2-color has-text-color wp-block-heading\"><strong>BON \u00c0 SAVOIR<\/strong><\/h2>\n\n\n\n<p id=\"pr\u00eat-travaux\">Sachez que si vous b\u00e9n\u00e9ficiez d\u2019une aide familiale de la CAF (Caisse d\u2019Allocations Familiales) et que vous \u00eates propri\u00e9taire ou m\u00eame locataire d\u2019une r\u00e9sidence principale, vous pouvez pr\u00e9tendre \u00e0 une aide de cet organisme pour votre&nbsp;<strong>projet de travaux<\/strong>.<\/p>\n","protected":false},"excerpt":{"rendered":"<p>Vous avez l\u2019intention de&nbsp;faire des travaux dans votre logement et auriez besoin d\u2019une tr\u00e9sorerie suppl\u00e9mentaire pour concr\u00e9tiser vos projets. Ymanci vous propose des solutions personnalis\u00e9es qui r\u00e9pondront \u00e0 vos besoins et contribueront \u00e0 la r\u00e9alisation de vos travaux. Construisez d\u00e8s aujourd\u2019hui vos futurs projets sans mettre votre budget en p\u00e9ril. Am\u00e9nagement de cuisine ou de&nbsp;salle [&hellip;]<\/p>\n","protected":false},"author":1,"featured_media":521,"parent":119,"menu_order":3,"comment_status":"closed","ping_status":"closed","template":"","meta":{"footnotes":""},"class_list":["post-520","page","type-page","status-publish","has-post-thumbnail","hentry"],"yoast_head":"<!-- This site is optimized with the Yoast SEO Premium plugin v20.0 (Yoast SEO v27.5) - https:\/\/yoast.com\/product\/yoast-seo-premium-wordpress\/ -->\n<title>Pr\u00eat Travaux Ymanci N\u00eemes<\/title>\n<meta name=\"description\" content=\"Pr\u00eat Travaux Vous avez l\u2019intention de\u00a0faire des travaux dans votre logement et auriez besoin d\u2019une tr\u00e9sorerie suppl\u00e9mentaire pour concr\u00e9tiser\" \/>\n<meta name=\"robots\" content=\"index, follow, max-snippet:-1, max-video-preview:-1, noimageindex\" \/>\n<link rel=\"canonical\" href=\"https:\/\/www.espacefinance.com\/133881bdd\/financement-immobilier-travaux-professionnel-particulier\/pret-travaux\/\" \/>\n<meta property=\"og:locale\" content=\"fr_FR\" \/>\n<meta property=\"og:type\" content=\"article\" \/>\n<meta property=\"og:title\" content=\"Pr\u00eat Travaux\" \/>\n<meta property=\"og:description\" content=\"Vous avez l\u2019intention de\u00a0faire des travaux dans votre logement et auriez besoin d\u2019une tr\u00e9sorerie suppl\u00e9mentaire pour concr\u00e9tiser vos projets. Ymanci vous propose des solutions personnalis\u00e9es qui r\u00e9pondront \u00e0 vos besoins et contribueront \u00e0 la r\u00e9alisation de vos travaux. Consultez nos solutions de pr\u00eats travaux.\" \/>\n<meta property=\"og:url\" content=\"https:\/\/www.espacefinance.com\/133881bdd\/financement-immobilier-travaux-professionnel-particulier\/pret-travaux\/\" \/>\n<meta property=\"og:site_name\" content=\"N\u00eemes - Cr\u00e9dit Immobilier &amp; Assurances\" \/>\n<meta property=\"article:publisher\" content=\"https:\/\/www.facebook.com\/ymanci.credit.immobilier.assurance\" \/>\n<meta property=\"article:modified_time\" content=\"2022-04-08T16:06:00+00:00\" \/>\n<meta property=\"og:image\" content=\"https:\/\/www.espacefinance.com\/133881bdd\/wp-content\/uploads\/2022\/03\/pret-travaux-choisir-la-bonne-solution.png\" \/>\n\t<meta property=\"og:image:width\" content=\"1111\" \/>\n\t<meta property=\"og:image:height\" content=\"1045\" \/>\n\t<meta property=\"og:image:type\" content=\"image\/png\" \/>\n<meta name=\"twitter:card\" content=\"summary_large_image\" \/>\n<meta name=\"twitter:site\" content=\"@YMANCI_NIMES\" \/>\n<meta name=\"twitter:label1\" content=\"Dur\u00e9e de lecture estim\u00e9e\" \/>\n\t<meta name=\"twitter:data1\" content=\"4 minutes\" \/>\n<script type=\"application\/ld+json\" class=\"yoast-schema-graph\">{\"@context\":\"https:\\\/\\\/schema.org\",\"@graph\":[{\"@type\":\"WebPage\",\"@id\":\"https:\\\/\\\/www.espacefinance.com\\\/133881bdd\\\/financement-immobilier-travaux-professionnel-particulier\\\/pret-travaux\\\/\",\"url\":\"https:\\\/\\\/www.espacefinance.com\\\/133881bdd\\\/financement-immobilier-travaux-professionnel-particulier\\\/pret-travaux\\\/\",\"name\":\"Pr\u00eat Travaux Ymanci N\u00eemes\",\"isPartOf\":{\"@id\":\"https:\\\/\\\/www.espacefinance.com\\\/133881bdd\\\/#website\"},\"primaryImageOfPage\":{\"@id\":\"https:\\\/\\\/www.espacefinance.com\\\/133881bdd\\\/financement-immobilier-travaux-professionnel-particulier\\\/pret-travaux\\\/#primaryimage\"},\"image\":{\"@id\":\"https:\\\/\\\/www.espacefinance.com\\\/133881bdd\\\/financement-immobilier-travaux-professionnel-particulier\\\/pret-travaux\\\/#primaryimage\"},\"thumbnailUrl\":\"https:\\\/\\\/www.espacefinance.com\\\/133881bdd\\\/wp-content\\\/uploads\\\/2022\\\/03\\\/pret-travaux-choisir-la-bonne-solution.png\",\"datePublished\":\"2022-03-02T10:40:16+00:00\",\"dateModified\":\"2022-04-08T16:06:00+00:00\",\"description\":\"Pr\u00eat Travaux Vous avez l\u2019intention de\u00a0faire des travaux dans votre logement et auriez besoin d\u2019une tr\u00e9sorerie suppl\u00e9mentaire pour concr\u00e9tiser\",\"breadcrumb\":{\"@id\":\"https:\\\/\\\/www.espacefinance.com\\\/133881bdd\\\/financement-immobilier-travaux-professionnel-particulier\\\/pret-travaux\\\/#breadcrumb\"},\"inLanguage\":\"fr-FR\",\"potentialAction\":[{\"@type\":\"ReadAction\",\"target\":[\"https:\\\/\\\/www.espacefinance.com\\\/133881bdd\\\/financement-immobilier-travaux-professionnel-particulier\\\/pret-travaux\\\/\"]}]},{\"@type\":\"ImageObject\",\"inLanguage\":\"fr-FR\",\"@id\":\"https:\\\/\\\/www.espacefinance.com\\\/133881bdd\\\/financement-immobilier-travaux-professionnel-particulier\\\/pret-travaux\\\/#primaryimage\",\"url\":\"https:\\\/\\\/www.espacefinance.com\\\/133881bdd\\\/wp-content\\\/uploads\\\/2022\\\/03\\\/pret-travaux-choisir-la-bonne-solution.png\",\"contentUrl\":\"https:\\\/\\\/www.espacefinance.com\\\/133881bdd\\\/wp-content\\\/uploads\\\/2022\\\/03\\\/pret-travaux-choisir-la-bonne-solution.png\",\"width\":1111,\"height\":1045,\"caption\":\"Choisir la bonne solution pour vos pr\u00eats travaux\"},{\"@type\":\"BreadcrumbList\",\"@id\":\"https:\\\/\\\/www.espacefinance.com\\\/133881bdd\\\/financement-immobilier-travaux-professionnel-particulier\\\/pret-travaux\\\/#breadcrumb\",\"itemListElement\":[{\"@type\":\"ListItem\",\"position\":1,\"name\":\"Accueil\",\"item\":\"https:\\\/\\\/www.espacefinance.com\\\/133881bdd\\\/\"},{\"@type\":\"ListItem\",\"position\":2,\"name\":\"Financement\",\"item\":\"https:\\\/\\\/www.espacefinance.com\\\/133881bdd\\\/financement-immobilier-travaux-professionnel-particulier\\\/\"},{\"@type\":\"ListItem\",\"position\":3,\"name\":\"pr\u00eat travaux ymanci N\u00eemes\"}]},{\"@type\":\"WebSite\",\"@id\":\"https:\\\/\\\/www.espacefinance.com\\\/133881bdd\\\/#website\",\"url\":\"https:\\\/\\\/www.espacefinance.com\\\/133881bdd\\\/\",\"name\":\"N\u00eemes - Cr\u00e9dit Immobilier &amp; Assurances\",\"description\":\"Notre expertise \u00e0 votre service en toute transparence\",\"publisher\":{\"@id\":\"https:\\\/\\\/www.espacefinance.com\\\/133881bdd\\\/#organization\"},\"potentialAction\":[{\"@type\":\"SearchAction\",\"target\":{\"@type\":\"EntryPoint\",\"urlTemplate\":\"https:\\\/\\\/www.espacefinance.com\\\/133881bdd\\\/?s={search_term_string}\"},\"query-input\":{\"@type\":\"PropertyValueSpecification\",\"valueRequired\":true,\"valueName\":\"search_term_string\"}}],\"inLanguage\":\"fr-FR\"},{\"@type\":\"Organization\",\"@id\":\"https:\\\/\\\/www.espacefinance.com\\\/133881bdd\\\/#organization\",\"name\":\"ESPACE FINANCE LP\",\"url\":\"https:\\\/\\\/www.espacefinance.com\\\/133881bdd\\\/\",\"logo\":{\"@type\":\"ImageObject\",\"inLanguage\":\"fr-FR\",\"@id\":\"https:\\\/\\\/www.espacefinance.com\\\/133881bdd\\\/#\\\/schema\\\/logo\\\/image\\\/\",\"url\":\"https:\\\/\\\/www.espacefinance.com\\\/133881bdd\\\/wp-content\\\/uploads\\\/2022\\\/03\\\/LOGO-ESFI-YMANCI-022022.jpg\",\"contentUrl\":\"https:\\\/\\\/www.espacefinance.com\\\/133881bdd\\\/wp-content\\\/uploads\\\/2022\\\/03\\\/LOGO-ESFI-YMANCI-022022.jpg\",\"width\":1273,\"height\":710,\"caption\":\"ESPACE FINANCE LP\"},\"image\":{\"@id\":\"https:\\\/\\\/www.espacefinance.com\\\/133881bdd\\\/#\\\/schema\\\/logo\\\/image\\\/\"},\"sameAs\":[\"https:\\\/\\\/www.facebook.com\\\/ymanci.credit.immobilier.assurance\",\"https:\\\/\\\/x.com\\\/YMANCI_NIMES\",\"https:\\\/\\\/www.instagram.com\\\/espacefinancelp_ymanci_nimes\\\/?hl=fr\",\"https:\\\/\\\/www.linkedin.com\\\/showcase\\\/ymanci-nmes\\\/\",\"https:\\\/\\\/www.youtube.com\\\/channel\\\/UC1PRm7p_QVdRMUaS_Hq6zwA\"]}]}<\/script>\n<!-- \/ Yoast SEO Premium plugin. -->","yoast_head_json":{"title":"Pr\u00eat Travaux Ymanci N\u00eemes","description":"Pr\u00eat Travaux Vous avez l\u2019intention de\u00a0faire des travaux dans votre logement et auriez besoin d\u2019une tr\u00e9sorerie suppl\u00e9mentaire pour concr\u00e9tiser","robots":{"index":"index","follow":"follow","max-snippet":"max-snippet:-1","max-video-preview":"max-video-preview:-1","imageindex":"noimageindex"},"canonical":"https:\/\/www.espacefinance.com\/133881bdd\/financement-immobilier-travaux-professionnel-particulier\/pret-travaux\/","og_locale":"fr_FR","og_type":"article","og_title":"Pr\u00eat Travaux","og_description":"Vous avez l\u2019intention de\u00a0faire des travaux dans votre logement et auriez besoin d\u2019une tr\u00e9sorerie suppl\u00e9mentaire pour concr\u00e9tiser vos projets. Ymanci vous propose des solutions personnalis\u00e9es qui r\u00e9pondront \u00e0 vos besoins et contribueront \u00e0 la r\u00e9alisation de vos travaux. Consultez nos solutions de pr\u00eats travaux.","og_url":"https:\/\/www.espacefinance.com\/133881bdd\/financement-immobilier-travaux-professionnel-particulier\/pret-travaux\/","og_site_name":"N\u00eemes - Cr\u00e9dit Immobilier &amp; Assurances","article_publisher":"https:\/\/www.facebook.com\/ymanci.credit.immobilier.assurance","article_modified_time":"2022-04-08T16:06:00+00:00","og_image":[{"width":1111,"height":1045,"url":"https:\/\/www.espacefinance.com\/133881bdd\/wp-content\/uploads\/2022\/03\/pret-travaux-choisir-la-bonne-solution.png","type":"image\/png"}],"twitter_card":"summary_large_image","twitter_site":"@YMANCI_NIMES","twitter_misc":{"Dur\u00e9e de lecture estim\u00e9e":"4 minutes"},"schema":{"@context":"https:\/\/schema.org","@graph":[{"@type":"WebPage","@id":"https:\/\/www.espacefinance.com\/133881bdd\/financement-immobilier-travaux-professionnel-particulier\/pret-travaux\/","url":"https:\/\/www.espacefinance.com\/133881bdd\/financement-immobilier-travaux-professionnel-particulier\/pret-travaux\/","name":"Pr\u00eat Travaux Ymanci N\u00eemes","isPartOf":{"@id":"https:\/\/www.espacefinance.com\/133881bdd\/#website"},"primaryImageOfPage":{"@id":"https:\/\/www.espacefinance.com\/133881bdd\/financement-immobilier-travaux-professionnel-particulier\/pret-travaux\/#primaryimage"},"image":{"@id":"https:\/\/www.espacefinance.com\/133881bdd\/financement-immobilier-travaux-professionnel-particulier\/pret-travaux\/#primaryimage"},"thumbnailUrl":"https:\/\/www.espacefinance.com\/133881bdd\/wp-content\/uploads\/2022\/03\/pret-travaux-choisir-la-bonne-solution.png","datePublished":"2022-03-02T10:40:16+00:00","dateModified":"2022-04-08T16:06:00+00:00","description":"Pr\u00eat Travaux Vous avez l\u2019intention de\u00a0faire des travaux dans votre logement et auriez besoin d\u2019une tr\u00e9sorerie suppl\u00e9mentaire pour concr\u00e9tiser","breadcrumb":{"@id":"https:\/\/www.espacefinance.com\/133881bdd\/financement-immobilier-travaux-professionnel-particulier\/pret-travaux\/#breadcrumb"},"inLanguage":"fr-FR","potentialAction":[{"@type":"ReadAction","target":["https:\/\/www.espacefinance.com\/133881bdd\/financement-immobilier-travaux-professionnel-particulier\/pret-travaux\/"]}]},{"@type":"ImageObject","inLanguage":"fr-FR","@id":"https:\/\/www.espacefinance.com\/133881bdd\/financement-immobilier-travaux-professionnel-particulier\/pret-travaux\/#primaryimage","url":"https:\/\/www.espacefinance.com\/133881bdd\/wp-content\/uploads\/2022\/03\/pret-travaux-choisir-la-bonne-solution.png","contentUrl":"https:\/\/www.espacefinance.com\/133881bdd\/wp-content\/uploads\/2022\/03\/pret-travaux-choisir-la-bonne-solution.png","width":1111,"height":1045,"caption":"Choisir la bonne solution pour vos pr\u00eats travaux"},{"@type":"BreadcrumbList","@id":"https:\/\/www.espacefinance.com\/133881bdd\/financement-immobilier-travaux-professionnel-particulier\/pret-travaux\/#breadcrumb","itemListElement":[{"@type":"ListItem","position":1,"name":"Accueil","item":"https:\/\/www.espacefinance.com\/133881bdd\/"},{"@type":"ListItem","position":2,"name":"Financement","item":"https:\/\/www.espacefinance.com\/133881bdd\/financement-immobilier-travaux-professionnel-particulier\/"},{"@type":"ListItem","position":3,"name":"pr\u00eat travaux ymanci N\u00eemes"}]},{"@type":"WebSite","@id":"https:\/\/www.espacefinance.com\/133881bdd\/#website","url":"https:\/\/www.espacefinance.com\/133881bdd\/","name":"N\u00eemes - Cr\u00e9dit Immobilier &amp; Assurances","description":"Notre expertise \u00e0 votre service en toute transparence","publisher":{"@id":"https:\/\/www.espacefinance.com\/133881bdd\/#organization"},"potentialAction":[{"@type":"SearchAction","target":{"@type":"EntryPoint","urlTemplate":"https:\/\/www.espacefinance.com\/133881bdd\/?s={search_term_string}"},"query-input":{"@type":"PropertyValueSpecification","valueRequired":true,"valueName":"search_term_string"}}],"inLanguage":"fr-FR"},{"@type":"Organization","@id":"https:\/\/www.espacefinance.com\/133881bdd\/#organization","name":"ESPACE FINANCE LP","url":"https:\/\/www.espacefinance.com\/133881bdd\/","logo":{"@type":"ImageObject","inLanguage":"fr-FR","@id":"https:\/\/www.espacefinance.com\/133881bdd\/#\/schema\/logo\/image\/","url":"https:\/\/www.espacefinance.com\/133881bdd\/wp-content\/uploads\/2022\/03\/LOGO-ESFI-YMANCI-022022.jpg","contentUrl":"https:\/\/www.espacefinance.com\/133881bdd\/wp-content\/uploads\/2022\/03\/LOGO-ESFI-YMANCI-022022.jpg","width":1273,"height":710,"caption":"ESPACE FINANCE LP"},"image":{"@id":"https:\/\/www.espacefinance.com\/133881bdd\/#\/schema\/logo\/image\/"},"sameAs":["https:\/\/www.facebook.com\/ymanci.credit.immobilier.assurance","https:\/\/x.com\/YMANCI_NIMES","https:\/\/www.instagram.com\/espacefinancelp_ymanci_nimes\/?hl=fr","https:\/\/www.linkedin.com\/showcase\/ymanci-nmes\/","https:\/\/www.youtube.com\/channel\/UC1PRm7p_QVdRMUaS_Hq6zwA"]}]}},"_links":{"self":[{"href":"https:\/\/www.espacefinance.com\/133881bdd\/wp-json\/wp\/v2\/pages\/520","targetHints":{"allow":["GET"]}}],"collection":[{"href":"https:\/\/www.espacefinance.com\/133881bdd\/wp-json\/wp\/v2\/pages"}],"about":[{"href":"https:\/\/www.espacefinance.com\/133881bdd\/wp-json\/wp\/v2\/types\/page"}],"author":[{"embeddable":true,"href":"https:\/\/www.espacefinance.com\/133881bdd\/wp-json\/wp\/v2\/users\/1"}],"replies":[{"embeddable":true,"href":"https:\/\/www.espacefinance.com\/133881bdd\/wp-json\/wp\/v2\/comments?post=520"}],"version-history":[{"count":0,"href":"https:\/\/www.espacefinance.com\/133881bdd\/wp-json\/wp\/v2\/pages\/520\/revisions"}],"up":[{"embeddable":true,"href":"https:\/\/www.espacefinance.com\/133881bdd\/wp-json\/wp\/v2\/pages\/119"}],"wp:featuredmedia":[{"embeddable":true,"href":"https:\/\/www.espacefinance.com\/133881bdd\/wp-json\/wp\/v2\/media\/521"}],"wp:attachment":[{"href":"https:\/\/www.espacefinance.com\/133881bdd\/wp-json\/wp\/v2\/media?parent=520"}],"curies":[{"name":"wp","href":"https:\/\/api.w.org\/{rel}","templated":true}]}}