{"id":419,"date":"2022-03-02T07:18:27","date_gmt":"2022-03-02T06:18:27","guid":{"rendered":"https:\/\/www.espacefinance.com\/133881bdd\/?page_id=419"},"modified":"2024-08-20T16:23:25","modified_gmt":"2024-08-20T14:23:25","slug":"prestations-services-espace-finance-lp","status":"publish","type":"page","link":"https:\/\/www.espacefinance.com\/133881bdd\/courtier-credit-immobilier-nimes\/prestations-services-espace-finance-lp\/","title":{"rendered":"Prestations &amp; Services Espace Finance LP"},"content":{"rendered":"\n<p class=\"has-drop-cap\">Courtier multi-sp\u00e9cialiste depuis 1998,<\/p>\n\n\n\n<hr class=\"wp-block-separator has-css-opacity\"\/>\n\n\n<div class=\"wp-block-image\">\n<figure class=\"aligncenter size-large\" id=\"courtier-nimes\"><a href=\"https:\/\/www.espacefinance.com\/133881bdd\/\" target=\"_blank\" rel=\"noopener\"><img decoding=\"async\" width=\"1024\" height=\"606\" src=\"https:\/\/www.espacefinance.com\/133881bdd\/wp-content\/uploads\/2022\/03\/ESFILP-SIGNATURE-MAIL-BASE1-1024x606.jpg\" alt=\"Espace Finance LP Ymanci courtier \u00e0 N\u00eemes depuis 1998\n#courtier #ymanci #courtierenpr\u00eatimmobilier #ymancipezvous #transparence #expertise\" class=\"wp-image-1527\" title=\"ymanci n\u00eemes\" srcset=\"https:\/\/www.espacefinance.com\/133881bdd\/wp-content\/uploads\/2022\/03\/ESFILP-SIGNATURE-MAIL-BASE1-1024x606.jpg 1024w, https:\/\/www.espacefinance.com\/133881bdd\/wp-content\/uploads\/2022\/03\/ESFILP-SIGNATURE-MAIL-BASE1-300x178.jpg 300w, https:\/\/www.espacefinance.com\/133881bdd\/wp-content\/uploads\/2022\/03\/ESFILP-SIGNATURE-MAIL-BASE1-768x454.jpg 768w, https:\/\/www.espacefinance.com\/133881bdd\/wp-content\/uploads\/2022\/03\/ESFILP-SIGNATURE-MAIL-BASE1-1536x909.jpg 1536w, https:\/\/www.espacefinance.com\/133881bdd\/wp-content\/uploads\/2022\/03\/ESFILP-SIGNATURE-MAIL-BASE1.jpg 1754w\" sizes=\"(max-width: 1024px) 100vw, 1024px\" \/><\/a><figcaption class=\"wp-element-caption\">Espace Finance LP  &#8211; Courtier en Pr\u00eat Immobilier &amp; Assurances<\/figcaption><\/figure>\n<\/div>\n\n\n<h2 class=\"wp-block-heading\" id=\"h-courtier-immobilier\"><mark style=\"background-color:rgba(0, 0, 0, 0)\" class=\"has-inline-color has-colibri-color-2-color\">Courtier Immobilier<\/mark><\/h2>\n\n\n\n<p>Un&nbsp;<strong>courtier immobilier<\/strong>&nbsp;est un interm\u00e9diaire entre un \u00e9tablissement pr\u00eateur et un particulier \u00e0 la recherche d\u2019un pr\u00eat immobilier pour financer l\u2019achat d\u2019un bien ou des travaux.<br>Le courtier en cr\u00e9dit immobilier travaille avec des partenaires bancaires aupr\u00e8s desquels il n\u00e9gocie pour vous des conditions attractives, adapt\u00e9es \u00e0 vos besoins et \u00e0 votre situation d&#8217;emprunteur.<\/p>\n\n\n\n<p>L&rsquo;activit\u00e9 de&nbsp;<strong>courtier en pr\u00eat immobilier<\/strong>&nbsp;est r\u00e9glement\u00e9e. D\u00e8s lors, le courtier doit avoir le statut r\u00e9glement\u00e9 d\u2019Interm\u00e9diaire en Op\u00e9rations de&nbsp;Banque et en Services de Paiement (IOBSP) obtenu gr\u00e2ce \u00e0 certains dipl\u00f4mes, une certaine exp\u00e9rience ou une formation sp\u00e9cifique.<\/p>\n\n\n\n<p>Egalement, le courtier devra \u00e9galement justifier d\u2019une inscription sur le registre unique des interm\u00e9diaires tenu par l\u2019ORIAS (qui recense notamment tous les courtiers&nbsp;en cr\u00e9dit immobilier autoris\u00e9s \u00e0 pratiquer cette activit\u00e9), et d&rsquo;une assurance de responsabilit\u00e9 civile.<\/p>\n\n\n\n<h2 class=\"wp-block-heading\" id=\"h-obligations-du-courtier-immobilier\"><mark style=\"background-color:rgba(0, 0, 0, 0)\" class=\"has-inline-color has-colibri-color-2-color\">Obligations du courtier immobilier<\/mark><\/h2>\n\n\n\n<p>\u00c0 ce titre, le&nbsp;<strong>courtier en pr\u00eat immobilier<\/strong>&nbsp;est tenu \u00e0 respecter plusieurs obligations l\u00e9gales&nbsp;:&nbsp;<\/p>\n\n\n\n<ul class=\"wp-block-list\">\n<li>Le courtier de par son statut a un devoir de conseils. Il doit donc vous proposer et justifier de la solution la mieux adapt\u00e9e \u00e0 votre projet\/situation.<\/li>\n\n\n\n<li>Il ne pourra pas percevoir de r\u00e9mun\u00e9ration avant la premi\u00e8re mise \u00e0 disposition des fonds.<\/li>\n\n\n\n<li>Il exerce son activit\u00e9 dans le cadre d\u2019un mandat de ses clients. Ce mandat lui conf\u00e8re pouvoir de rechercher, au nom et pour le compte de ses clients et aupr\u00e8s de ses banques partenaires, le financement bancaire souhait\u00e9.<\/li>\n\n\n\n<li>Lors des diff\u00e9rents \u00e9changes, le courtier en pr\u00eat immobilier doit s&rsquo;abstenir de proposer une op\u00e9ration de financement qui ne serait pas adapt\u00e9e aux besoins de ses clients.<\/li>\n<\/ul>\n\n\n\n<div style=\"height:14px\" aria-hidden=\"true\" class=\"wp-block-spacer\"><\/div>\n\n\n\n<figure class=\"wp-block-image size-full\" id=\"engagement-ymanci\"><img decoding=\"async\" width=\"997\" height=\"348\" src=\"https:\/\/www.espacefinance.com\/133881bdd\/wp-content\/uploads\/2022\/05\/ENGAGEMENTS-YMANCI-042022-1.jpg\" alt=\"\" class=\"wp-image-2535\" title=\"services ymanci nimes\" srcset=\"https:\/\/www.espacefinance.com\/133881bdd\/wp-content\/uploads\/2022\/05\/ENGAGEMENTS-YMANCI-042022-1.jpg 997w, https:\/\/www.espacefinance.com\/133881bdd\/wp-content\/uploads\/2022\/05\/ENGAGEMENTS-YMANCI-042022-1-300x105.jpg 300w, https:\/\/www.espacefinance.com\/133881bdd\/wp-content\/uploads\/2022\/05\/ENGAGEMENTS-YMANCI-042022-1-768x268.jpg 768w\" sizes=\"(max-width: 997px) 100vw, 997px\" \/><figcaption class=\"wp-element-caption\">Nos engagements client Ymanci<\/figcaption><\/figure>\n\n\n<div class=\"components-placeholder\"><div class=\"notice notice-error\"><strong>Erreur RSS\u00a0:<\/strong> Retrieved unsupported status code &quot;400&quot;<\/div><\/div>","protected":false},"excerpt":{"rendered":"<p>Courtier multi-sp\u00e9cialiste depuis 1998, Courtier Immobilier Un&nbsp;courtier immobilier&nbsp;est un interm\u00e9diaire entre un \u00e9tablissement pr\u00eateur et un particulier \u00e0 la recherche d\u2019un pr\u00eat immobilier pour financer l\u2019achat d\u2019un bien ou des travaux.Le courtier en cr\u00e9dit immobilier travaille avec des partenaires bancaires aupr\u00e8s desquels il n\u00e9gocie pour vous des conditions attractives, adapt\u00e9es \u00e0 vos besoins et \u00e0 [&hellip;]<\/p>\n","protected":false},"author":1,"featured_media":1528,"parent":34,"menu_order":1,"comment_status":"closed","ping_status":"closed","template":"","meta":{"footnotes":""},"class_list":["post-419","page","type-page","status-publish","has-post-thumbnail","hentry"],"yoast_head":"<!-- This site is optimized with the Yoast SEO Premium plugin v20.0 (Yoast SEO v27.5) - https:\/\/yoast.com\/product\/yoast-seo-premium-wordpress\/ -->\n<title>Prestations &amp; Services Espace Finance LP N\u00eemes<\/title>\n<meta name=\"description\" content=\"Votre courtier vous accompagne pas \u00e0 pas, du 1er rendez-vous \u00e0 la signature chez le notaire et reste disponible pour vous.\" \/>\n<meta name=\"robots\" content=\"index, follow, max-snippet:-1, max-image-preview:large, max-video-preview:-1, noarchive\" \/>\n<link rel=\"canonical\" href=\"https:\/\/www.espacefinance.com\/133881bdd\/courtier-credit-immobilier-nimes\/prestations-services-ymanci\/\" \/>\n<meta property=\"og:locale\" content=\"fr_FR\" \/>\n<meta property=\"og:type\" content=\"article\" \/>\n<meta property=\"og:title\" content=\"Prestations &amp; Services Espace Finance LP Votre courtier Ymanci \u00e0 N\u00eemes\" \/>\n<meta property=\"og:description\" content=\"Votre courtier vous accompagne pas \u00e0 pas, du 1er rendez-vous \u00e0 la signature chez le notaire et reste disponible pour vous. Il fera tout pour faciliter les d\u00e9marches, vous conseiller sur les diff\u00e9rentes solutions de financement, n\u00e9gocier aupr\u00e8s des partenaires bancaires les meilleures conditions adapt\u00e9es \u00e0 votre situation, vous expliquer l\u2019offre de pr\u00eat dans son int\u00e9gralit\u00e9 ou encore vous tenir inform\u00e9s de l\u2019avancement de votre dossier.\" \/>\n<meta property=\"og:url\" content=\"https:\/\/www.espacefinance.com\/133881bdd\/courtier-credit-immobilier-nimes\/prestations-services-ymanci\/\" \/>\n<meta property=\"og:site_name\" content=\"N\u00eemes - Cr\u00e9dit Immobilier &amp; Assurances\" \/>\n<meta property=\"article:publisher\" content=\"https:\/\/www.facebook.com\/ymanci.credit.immobilier.assurance\" \/>\n<meta property=\"article:modified_time\" content=\"2024-08-20T14:23:25+00:00\" \/>\n<meta property=\"og:image\" content=\"https:\/\/www.espacefinance.com\/133881bdd\/wp-content\/uploads\/2022\/03\/ESFILP-SIGNATURE-MAIL-550X220.jpg\" \/>\n\t<meta property=\"og:image:width\" content=\"550\" \/>\n\t<meta property=\"og:image:height\" content=\"325\" \/>\n\t<meta property=\"og:image:type\" content=\"image\/jpeg\" \/>\n<meta name=\"twitter:card\" content=\"summary_large_image\" \/>\n<meta name=\"twitter:title\" content=\"Prestations &amp; Services Espace Finance LP\" \/>\n<meta name=\"twitter:description\" content=\"Votre courtier vous accompagne pas \u00e0 pas, du 1er rendez-vous \u00e0 la signature chez le notaire et reste disponible pour vous. Il fera tout pour faciliter les d\u00e9marches\" \/>\n<meta name=\"twitter:site\" content=\"@YMANCI_NIMES\" \/>\n<meta name=\"twitter:label1\" content=\"Dur\u00e9e de lecture estim\u00e9e\" \/>\n\t<meta name=\"twitter:data1\" content=\"3 minutes\" \/>\n<script type=\"application\/ld+json\" class=\"yoast-schema-graph\">{\"@context\":\"https:\\\/\\\/schema.org\",\"@graph\":[{\"@type\":\"WebPage\",\"@id\":\"https:\\\/\\\/www.espacefinance.com\\\/133881bdd\\\/courtier-credit-immobilier-nimes\\\/prestations-services-espace-finance-lp\\\/\",\"url\":\"https:\\\/\\\/www.espacefinance.com\\\/133881bdd\\\/courtier-credit-immobilier-nimes\\\/prestations-services-ymanci\\\/\",\"name\":\"Prestations & Services Espace Finance LP N\u00eemes\",\"isPartOf\":{\"@id\":\"https:\\\/\\\/www.espacefinance.com\\\/133881bdd\\\/#website\"},\"primaryImageOfPage\":{\"@id\":\"https:\\\/\\\/www.espacefinance.com\\\/133881bdd\\\/courtier-credit-immobilier-nimes\\\/prestations-services-ymanci\\\/#primaryimage\"},\"image\":{\"@id\":\"https:\\\/\\\/www.espacefinance.com\\\/133881bdd\\\/courtier-credit-immobilier-nimes\\\/prestations-services-ymanci\\\/#primaryimage\"},\"thumbnailUrl\":\"https:\\\/\\\/www.espacefinance.com\\\/133881bdd\\\/wp-content\\\/uploads\\\/2022\\\/03\\\/ESFILP-SIGNATURE-MAIL-550X220.jpg\",\"datePublished\":\"2022-03-02T06:18:27+00:00\",\"dateModified\":\"2024-08-20T14:23:25+00:00\",\"description\":\"Votre courtier vous accompagne pas \u00e0 pas, du 1er rendez-vous \u00e0 la signature chez le notaire et reste disponible pour vous.\",\"breadcrumb\":{\"@id\":\"https:\\\/\\\/www.espacefinance.com\\\/133881bdd\\\/courtier-credit-immobilier-nimes\\\/prestations-services-ymanci\\\/#breadcrumb\"},\"inLanguage\":\"fr-FR\",\"potentialAction\":[{\"@type\":\"ReadAction\",\"target\":[\"https:\\\/\\\/www.espacefinance.com\\\/133881bdd\\\/courtier-credit-immobilier-nimes\\\/prestations-services-ymanci\\\/\"]}]},{\"@type\":\"ImageObject\",\"inLanguage\":\"fr-FR\",\"@id\":\"https:\\\/\\\/www.espacefinance.com\\\/133881bdd\\\/courtier-credit-immobilier-nimes\\\/prestations-services-ymanci\\\/#primaryimage\",\"url\":\"https:\\\/\\\/www.espacefinance.com\\\/133881bdd\\\/wp-content\\\/uploads\\\/2022\\\/03\\\/ESFILP-SIGNATURE-MAIL-550X220.jpg\",\"contentUrl\":\"https:\\\/\\\/www.espacefinance.com\\\/133881bdd\\\/wp-content\\\/uploads\\\/2022\\\/03\\\/ESFILP-SIGNATURE-MAIL-550X220.jpg\",\"width\":550,\"height\":325,\"caption\":\"Espace Finance LP Courtier en pr\u00eat immobilier et Assurances #courtierimmobilier #courtierassurances #cr\u00e9ditimmobilier #regroupementdecr\u00e9dits #assuranceemprunteur #assurancesant\u00e9\"},{\"@type\":\"BreadcrumbList\",\"@id\":\"https:\\\/\\\/www.espacefinance.com\\\/133881bdd\\\/courtier-credit-immobilier-nimes\\\/prestations-services-ymanci\\\/#breadcrumb\",\"itemListElement\":[{\"@type\":\"ListItem\",\"position\":1,\"name\":\"Accueil\",\"item\":\"https:\\\/\\\/www.espacefinance.com\\\/133881bdd\\\/\"},{\"@type\":\"ListItem\",\"position\":2,\"name\":\"ymanci cr\u00e9dit immobilier n\u00eemes\",\"item\":\"https:\\\/\\\/www.espacefinance.com\\\/133881bdd\\\/\"},{\"@type\":\"ListItem\",\"position\":3,\"name\":\"engagement client ymanci\"}]},{\"@type\":\"WebSite\",\"@id\":\"https:\\\/\\\/www.espacefinance.com\\\/133881bdd\\\/#website\",\"url\":\"https:\\\/\\\/www.espacefinance.com\\\/133881bdd\\\/\",\"name\":\"N\u00eemes - Cr\u00e9dit Immobilier &amp; Assurances\",\"description\":\"Notre expertise \u00e0 votre service en toute transparence\",\"publisher\":{\"@id\":\"https:\\\/\\\/www.espacefinance.com\\\/133881bdd\\\/#organization\"},\"potentialAction\":[{\"@type\":\"SearchAction\",\"target\":{\"@type\":\"EntryPoint\",\"urlTemplate\":\"https:\\\/\\\/www.espacefinance.com\\\/133881bdd\\\/?s={search_term_string}\"},\"query-input\":{\"@type\":\"PropertyValueSpecification\",\"valueRequired\":true,\"valueName\":\"search_term_string\"}}],\"inLanguage\":\"fr-FR\"},{\"@type\":\"Organization\",\"@id\":\"https:\\\/\\\/www.espacefinance.com\\\/133881bdd\\\/#organization\",\"name\":\"ESPACE FINANCE LP\",\"url\":\"https:\\\/\\\/www.espacefinance.com\\\/133881bdd\\\/\",\"logo\":{\"@type\":\"ImageObject\",\"inLanguage\":\"fr-FR\",\"@id\":\"https:\\\/\\\/www.espacefinance.com\\\/133881bdd\\\/#\\\/schema\\\/logo\\\/image\\\/\",\"url\":\"https:\\\/\\\/www.espacefinance.com\\\/133881bdd\\\/wp-content\\\/uploads\\\/2022\\\/03\\\/LOGO-ESFI-YMANCI-022022.jpg\",\"contentUrl\":\"https:\\\/\\\/www.espacefinance.com\\\/133881bdd\\\/wp-content\\\/uploads\\\/2022\\\/03\\\/LOGO-ESFI-YMANCI-022022.jpg\",\"width\":1273,\"height\":710,\"caption\":\"ESPACE FINANCE LP\"},\"image\":{\"@id\":\"https:\\\/\\\/www.espacefinance.com\\\/133881bdd\\\/#\\\/schema\\\/logo\\\/image\\\/\"},\"sameAs\":[\"https:\\\/\\\/www.facebook.com\\\/ymanci.credit.immobilier.assurance\",\"https:\\\/\\\/x.com\\\/YMANCI_NIMES\",\"https:\\\/\\\/www.instagram.com\\\/espacefinancelp_ymanci_nimes\\\/?hl=fr\",\"https:\\\/\\\/www.linkedin.com\\\/showcase\\\/ymanci-nmes\\\/\",\"https:\\\/\\\/www.youtube.com\\\/channel\\\/UC1PRm7p_QVdRMUaS_Hq6zwA\"]}]}<\/script>\n<!-- \/ Yoast SEO Premium plugin. -->","yoast_head_json":{"title":"Prestations & Services Espace Finance LP N\u00eemes","description":"Votre courtier vous accompagne pas \u00e0 pas, du 1er rendez-vous \u00e0 la signature chez le notaire et reste disponible pour vous.","robots":{"index":"index","follow":"follow","max-snippet":"max-snippet:-1","max-image-preview":"max-image-preview:large","max-video-preview":"max-video-preview:-1","archive":"noarchive"},"canonical":"https:\/\/www.espacefinance.com\/133881bdd\/courtier-credit-immobilier-nimes\/prestations-services-ymanci\/","og_locale":"fr_FR","og_type":"article","og_title":"Prestations &amp; Services Espace Finance LP Votre courtier Ymanci \u00e0 N\u00eemes","og_description":"Votre courtier vous accompagne pas \u00e0 pas, du 1er rendez-vous \u00e0 la signature chez le notaire et reste disponible pour vous. Il fera tout pour faciliter les d\u00e9marches, vous conseiller sur les diff\u00e9rentes solutions de financement, n\u00e9gocier aupr\u00e8s des partenaires bancaires les meilleures conditions adapt\u00e9es \u00e0 votre situation, vous expliquer l\u2019offre de pr\u00eat dans son int\u00e9gralit\u00e9 ou encore vous tenir inform\u00e9s de l\u2019avancement de votre dossier.","og_url":"https:\/\/www.espacefinance.com\/133881bdd\/courtier-credit-immobilier-nimes\/prestations-services-ymanci\/","og_site_name":"N\u00eemes - Cr\u00e9dit Immobilier &amp; Assurances","article_publisher":"https:\/\/www.facebook.com\/ymanci.credit.immobilier.assurance","article_modified_time":"2024-08-20T14:23:25+00:00","og_image":[{"width":550,"height":325,"url":"https:\/\/www.espacefinance.com\/133881bdd\/wp-content\/uploads\/2022\/03\/ESFILP-SIGNATURE-MAIL-550X220.jpg","type":"image\/jpeg"}],"twitter_card":"summary_large_image","twitter_title":"Prestations &amp; Services Espace Finance LP","twitter_description":"Votre courtier vous accompagne pas \u00e0 pas, du 1er rendez-vous \u00e0 la signature chez le notaire et reste disponible pour vous. Il fera tout pour faciliter les d\u00e9marches","twitter_site":"@YMANCI_NIMES","twitter_misc":{"Dur\u00e9e de lecture estim\u00e9e":"3 minutes"},"schema":{"@context":"https:\/\/schema.org","@graph":[{"@type":"WebPage","@id":"https:\/\/www.espacefinance.com\/133881bdd\/courtier-credit-immobilier-nimes\/prestations-services-espace-finance-lp\/","url":"https:\/\/www.espacefinance.com\/133881bdd\/courtier-credit-immobilier-nimes\/prestations-services-ymanci\/","name":"Prestations & Services Espace Finance LP N\u00eemes","isPartOf":{"@id":"https:\/\/www.espacefinance.com\/133881bdd\/#website"},"primaryImageOfPage":{"@id":"https:\/\/www.espacefinance.com\/133881bdd\/courtier-credit-immobilier-nimes\/prestations-services-ymanci\/#primaryimage"},"image":{"@id":"https:\/\/www.espacefinance.com\/133881bdd\/courtier-credit-immobilier-nimes\/prestations-services-ymanci\/#primaryimage"},"thumbnailUrl":"https:\/\/www.espacefinance.com\/133881bdd\/wp-content\/uploads\/2022\/03\/ESFILP-SIGNATURE-MAIL-550X220.jpg","datePublished":"2022-03-02T06:18:27+00:00","dateModified":"2024-08-20T14:23:25+00:00","description":"Votre courtier vous accompagne pas \u00e0 pas, du 1er rendez-vous \u00e0 la signature chez le notaire et reste disponible pour vous.","breadcrumb":{"@id":"https:\/\/www.espacefinance.com\/133881bdd\/courtier-credit-immobilier-nimes\/prestations-services-ymanci\/#breadcrumb"},"inLanguage":"fr-FR","potentialAction":[{"@type":"ReadAction","target":["https:\/\/www.espacefinance.com\/133881bdd\/courtier-credit-immobilier-nimes\/prestations-services-ymanci\/"]}]},{"@type":"ImageObject","inLanguage":"fr-FR","@id":"https:\/\/www.espacefinance.com\/133881bdd\/courtier-credit-immobilier-nimes\/prestations-services-ymanci\/#primaryimage","url":"https:\/\/www.espacefinance.com\/133881bdd\/wp-content\/uploads\/2022\/03\/ESFILP-SIGNATURE-MAIL-550X220.jpg","contentUrl":"https:\/\/www.espacefinance.com\/133881bdd\/wp-content\/uploads\/2022\/03\/ESFILP-SIGNATURE-MAIL-550X220.jpg","width":550,"height":325,"caption":"Espace Finance LP Courtier en pr\u00eat immobilier et Assurances #courtierimmobilier #courtierassurances #cr\u00e9ditimmobilier #regroupementdecr\u00e9dits #assuranceemprunteur #assurancesant\u00e9"},{"@type":"BreadcrumbList","@id":"https:\/\/www.espacefinance.com\/133881bdd\/courtier-credit-immobilier-nimes\/prestations-services-ymanci\/#breadcrumb","itemListElement":[{"@type":"ListItem","position":1,"name":"Accueil","item":"https:\/\/www.espacefinance.com\/133881bdd\/"},{"@type":"ListItem","position":2,"name":"ymanci cr\u00e9dit immobilier n\u00eemes","item":"https:\/\/www.espacefinance.com\/133881bdd\/"},{"@type":"ListItem","position":3,"name":"engagement client ymanci"}]},{"@type":"WebSite","@id":"https:\/\/www.espacefinance.com\/133881bdd\/#website","url":"https:\/\/www.espacefinance.com\/133881bdd\/","name":"N\u00eemes - Cr\u00e9dit Immobilier &amp; Assurances","description":"Notre expertise \u00e0 votre service en toute transparence","publisher":{"@id":"https:\/\/www.espacefinance.com\/133881bdd\/#organization"},"potentialAction":[{"@type":"SearchAction","target":{"@type":"EntryPoint","urlTemplate":"https:\/\/www.espacefinance.com\/133881bdd\/?s={search_term_string}"},"query-input":{"@type":"PropertyValueSpecification","valueRequired":true,"valueName":"search_term_string"}}],"inLanguage":"fr-FR"},{"@type":"Organization","@id":"https:\/\/www.espacefinance.com\/133881bdd\/#organization","name":"ESPACE FINANCE LP","url":"https:\/\/www.espacefinance.com\/133881bdd\/","logo":{"@type":"ImageObject","inLanguage":"fr-FR","@id":"https:\/\/www.espacefinance.com\/133881bdd\/#\/schema\/logo\/image\/","url":"https:\/\/www.espacefinance.com\/133881bdd\/wp-content\/uploads\/2022\/03\/LOGO-ESFI-YMANCI-022022.jpg","contentUrl":"https:\/\/www.espacefinance.com\/133881bdd\/wp-content\/uploads\/2022\/03\/LOGO-ESFI-YMANCI-022022.jpg","width":1273,"height":710,"caption":"ESPACE FINANCE LP"},"image":{"@id":"https:\/\/www.espacefinance.com\/133881bdd\/#\/schema\/logo\/image\/"},"sameAs":["https:\/\/www.facebook.com\/ymanci.credit.immobilier.assurance","https:\/\/x.com\/YMANCI_NIMES","https:\/\/www.instagram.com\/espacefinancelp_ymanci_nimes\/?hl=fr","https:\/\/www.linkedin.com\/showcase\/ymanci-nmes\/","https:\/\/www.youtube.com\/channel\/UC1PRm7p_QVdRMUaS_Hq6zwA"]}]}},"_links":{"self":[{"href":"https:\/\/www.espacefinance.com\/133881bdd\/wp-json\/wp\/v2\/pages\/419","targetHints":{"allow":["GET"]}}],"collection":[{"href":"https:\/\/www.espacefinance.com\/133881bdd\/wp-json\/wp\/v2\/pages"}],"about":[{"href":"https:\/\/www.espacefinance.com\/133881bdd\/wp-json\/wp\/v2\/types\/page"}],"author":[{"embeddable":true,"href":"https:\/\/www.espacefinance.com\/133881bdd\/wp-json\/wp\/v2\/users\/1"}],"replies":[{"embeddable":true,"href":"https:\/\/www.espacefinance.com\/133881bdd\/wp-json\/wp\/v2\/comments?post=419"}],"version-history":[{"count":0,"href":"https:\/\/www.espacefinance.com\/133881bdd\/wp-json\/wp\/v2\/pages\/419\/revisions"}],"up":[{"embeddable":true,"href":"https:\/\/www.espacefinance.com\/133881bdd\/wp-json\/wp\/v2\/pages\/34"}],"wp:featuredmedia":[{"embeddable":true,"href":"https:\/\/www.espacefinance.com\/133881bdd\/wp-json\/wp\/v2\/media\/1528"}],"wp:attachment":[{"href":"https:\/\/www.espacefinance.com\/133881bdd\/wp-json\/wp\/v2\/media?parent=419"}],"curies":[{"name":"wp","href":"https:\/\/api.w.org\/{rel}","templated":true}]}}