{"id":284,"date":"2022-03-01T08:58:32","date_gmt":"2022-03-01T07:58:32","guid":{"rendered":"https:\/\/www.espacefinance.com\/133881bdd\/?page_id=284"},"modified":"2022-04-05T12:01:28","modified_gmt":"2022-04-05T10:01:28","slug":"achat-residence-principale-secondaire","status":"publish","type":"page","link":"https:\/\/www.espacefinance.com\/133881bdd\/financement-immobilier-travaux-professionnel-particulier\/credit-immobilier-financement\/achat-residence-principale-secondaire\/","title":{"rendered":"R\u00e9sidence Principale \/ Secondaire"},"content":{"rendered":"\n<div class=\"wp-block-media-text alignwide is-stacked-on-mobile\" style=\"grid-template-columns:47% auto\" id=\"cr\u00e9dit-r\u00e9sidence-principale-ou-secondaire\"><figure class=\"wp-block-media-text__media\"><img decoding=\"async\" width=\"1024\" height=\"682\" src=\"https:\/\/www.espacefinance.com\/133881bdd\/wp-content\/uploads\/2022\/03\/creditimmo1-1024x682.jpg\" alt=\"Financer votre r\u00e9sidence principale et ou votre r\u00e9sidence secondaire\" class=\"wp-image-285 size-full\" srcset=\"https:\/\/www.espacefinance.com\/133881bdd\/wp-content\/uploads\/2022\/03\/creditimmo1-1024x682.jpg 1024w, https:\/\/www.espacefinance.com\/133881bdd\/wp-content\/uploads\/2022\/03\/creditimmo1-300x200.jpg 300w, https:\/\/www.espacefinance.com\/133881bdd\/wp-content\/uploads\/2022\/03\/creditimmo1-768x512.jpg 768w, https:\/\/www.espacefinance.com\/133881bdd\/wp-content\/uploads\/2022\/03\/creditimmo1.jpg 1280w\" sizes=\"(max-width: 1024px) 100vw, 1024px\" \/><\/figure><div class=\"wp-block-media-text__content\">\n<p class=\"has-large-font-size\">Financer Votre r\u00e9sidence Principale et ou votre r\u00e9sidence secondaire.<\/p>\n<\/div><\/div>\n\n\n\n<div style=\"height:60px\" aria-hidden=\"true\" class=\"wp-block-spacer\"><\/div>\n\n\n\n<p>Vous envisagez d\u2019<strong>acqu\u00e9rir un bien immobilier neuf, ancien, en VEFA<\/strong>&nbsp;(Vente en \u00c9tat Futur d\u2019Ach\u00e8vement), et qu\u2019il s\u2019agisse d\u2019une maison ou d\u2019un appartement, vous cherchez \u00e0 obtenir les meilleures conditions pour votre pr\u00eat immobilier. L\u2019achat immobilier repr\u00e9sente un investissement cons\u00e9quent qui n\u00e9cessite parfois un accompagnement sur-mesure. Nos experts Ymanci Cr\u00e9dit immobilier vous accompagnent dans ce nouveau projet.<\/p>\n\n\n\n<p>Que ce soit pour un premier achat, pour une r\u00e9sidence principale ou une r\u00e9sidence secondaire, devenir propri\u00e9taire est un acte tr\u00e8s engageant, qui doit \u00eatre murement r\u00e9fl\u00e9chi. On vous donne les principales cl\u00e9s pour r\u00e9ussir.<\/p>\n\n\n\n<h2 class=\"has-text-align-center has-large-font-size wp-block-heading\" id=\"h-choisir-entre-l-achat-d-un-appartement-ou-d-une-maison\"><strong>Choisir entre l\u2019achat d\u2019un appartement ou d\u2019une maison<\/strong><\/h2>\n\n\n\n<p>En immobilier, les pr\u00e9cautions \u00e0 prendre avant de s\u2019engager sont importantes. Neuf ou ancien,&nbsp;<strong>maison ou appartement<\/strong>, chaque type de logement a ses sp\u00e9cificit\u00e9s et exige une attention particuli\u00e8re.<\/p>\n\n\n\n<p class=\"has-colibri-color-2-color has-text-color has-large-font-size\"><strong><mark style=\"background-color:rgba(0, 0, 0, 0)\" class=\"has-inline-color has-colibri-color-2-color\"><a href=\"https:\/\/www.espacefinance.com\/133881bdd\/financement-immobilier-travaux-professionnel-particulier\/credit-immobilier-financement\/achat-residence-principale-secondaire\/faire-construire-sa-maison\/\" target=\"_blank\" rel=\"noreferrer noopener\">Faire construire<\/a><\/mark><\/strong><\/p>\n\n\n\n<p class=\"has-colibri-color-2-color has-text-color has-large-font-size\"><strong><a href=\"https:\/\/www.espacefinance.com\/133881bdd\/financement-immobilier-travaux-professionnel-particulier\/credit-immobilier-financement\/achat-residence-principale-secondaire\/achat-immobilier-maison-ou-appartement\/\" target=\"_blank\" rel=\"noreferrer noopener\"><mark style=\"background-color:rgba(0, 0, 0, 0)\" class=\"has-inline-color has-colibri-color-2-color\">Acheter un<\/mark>e maison<\/a><\/strong><\/p>\n\n\n\n<p class=\"has-colibri-color-2-color has-text-color has-large-font-size\"><strong><mark style=\"background-color:rgba(0, 0, 0, 0)\" class=\"has-inline-color has-colibri-color-2-color\"><a href=\"https:\/\/www.espacefinance.com\/133881bdd\/financement-immobilier-travaux-professionnel-particulier\/credit-immobilier-financement\/achat-residence-principale-secondaire\/achat-appartement\/\" target=\"_blank\" rel=\"noreferrer noopener\">Acheter un appartement<\/a><\/mark><\/strong><\/p>\n\n\n\n<p class=\"has-colibri-color-1-color has-text-color has-large-font-size\"><strong><a href=\"https:\/\/www.espacefinance.com\/133881bdd\/financement-immobilier-travaux-professionnel-particulier\/credit-immobilier-financement\/achat-residence-principale-secondaire\/les-differents-types-de-pret-immobilier\/\" target=\"_blank\" rel=\"noreferrer noopener\"><mark style=\"background-color:rgba(0, 0, 0, 0)\" class=\"has-inline-color has-colibri-color-1-color\">Les diff\u00e9rents types de financement<\/mark><\/a><\/strong><\/p>\n","protected":false},"excerpt":{"rendered":"<p>Financer Votre r\u00e9sidence Principale et ou votre r\u00e9sidence secondaire. Vous envisagez d\u2019acqu\u00e9rir un bien immobilier neuf, ancien, en VEFA&nbsp;(Vente en \u00c9tat Futur d\u2019Ach\u00e8vement), et qu\u2019il s\u2019agisse d\u2019une maison ou d\u2019un appartement, vous cherchez \u00e0 obtenir les meilleures conditions pour votre pr\u00eat immobilier. L\u2019achat immobilier repr\u00e9sente un investissement cons\u00e9quent qui n\u00e9cessite parfois un accompagnement sur-mesure. Nos [&hellip;]<\/p>\n","protected":false},"author":1,"featured_media":285,"parent":278,"menu_order":1,"comment_status":"closed","ping_status":"closed","template":"","meta":{"footnotes":""},"class_list":["post-284","page","type-page","status-publish","has-post-thumbnail","hentry"],"yoast_head":"<!-- This site is optimized with the Yoast SEO Premium plugin v20.0 (Yoast SEO v27.5) - https:\/\/yoast.com\/product\/yoast-seo-premium-wordpress\/ -->\n<title>Financer Votre r\u00e9sidence Principale et ou votre r\u00e9sidence secondaire.<\/title>\n<meta name=\"description\" content=\"Vous envisagez d\u2019acqu\u00e9rir un bien immobilier neuf, ancien, en VEFA\u00a0(Vente en \u00c9tat Futur d\u2019Ach\u00e8vement), et qu\u2019il s\u2019agisse d\u2019une maison ou d\u2019un appartement, vous cherchez \u00e0 obtenir les meilleures conditions pour votre pr\u00eat immobilier. L\u2019achat immobilier repr\u00e9sente un investissement cons\u00e9quent qui n\u00e9cessite parfois un accompagnement sur-mesure. Nos experts Ymanci Cr\u00e9dit immobilier vous accompagnent dans ce nouveau projet.\" \/>\n<meta name=\"robots\" content=\"index, follow, max-snippet:-1, max-image-preview:large, max-video-preview:-1\" \/>\n<link rel=\"canonical\" href=\"https:\/\/www.espacefinance.com\/133881bdd\/financement-immobilier-travaux-professionnel-particulier\/credit-immobilier-financement\/achat-residence-principale-secondaire\/\" \/>\n<meta property=\"og:locale\" content=\"fr_FR\" \/>\n<meta property=\"og:type\" content=\"article\" \/>\n<meta property=\"og:title\" content=\"Financer Votre r\u00e9sidence Principale et ou votre r\u00e9sidence secondaire.\" \/>\n<meta property=\"og:description\" content=\"Vous envisagez d\u2019acqu\u00e9rir un bien immobilier neuf, ancien, en VEFA\u00a0(Vente en \u00c9tat Futur d\u2019Ach\u00e8vement), et qu\u2019il s\u2019agisse d\u2019une maison ou d\u2019un appartement, vous cherchez \u00e0 obtenir les meilleures conditions pour votre pr\u00eat immobilier. L\u2019achat immobilier repr\u00e9sente un investissement cons\u00e9quent qui n\u00e9cessite parfois un accompagnement sur-mesure. Nos experts Ymanci Cr\u00e9dit immobilier vous accompagnent dans ce nouveau projet.\" \/>\n<meta property=\"og:url\" content=\"https:\/\/www.espacefinance.com\/133881bdd\/financement-immobilier-travaux-professionnel-particulier\/credit-immobilier-financement\/achat-residence-principale-secondaire\/\" \/>\n<meta property=\"og:site_name\" content=\"N\u00eemes - Cr\u00e9dit Immobilier &amp; Assurances\" \/>\n<meta property=\"article:publisher\" content=\"https:\/\/www.facebook.com\/ymanci.credit.immobilier.assurance\" \/>\n<meta property=\"article:modified_time\" content=\"2022-04-05T10:01:28+00:00\" \/>\n<meta property=\"og:image\" content=\"https:\/\/www.espacefinance.com\/133881bdd\/wp-content\/uploads\/2022\/03\/creditimmo1.jpg\" \/>\n\t<meta property=\"og:image:width\" content=\"1280\" \/>\n\t<meta property=\"og:image:height\" content=\"853\" \/>\n\t<meta property=\"og:image:type\" content=\"image\/jpeg\" \/>\n<meta name=\"twitter:card\" content=\"summary_large_image\" \/>\n<meta name=\"twitter:title\" content=\"R\u00e9sidence Principale \/ Secondaire\" \/>\n<meta name=\"twitter:description\" content=\"Vous envisagez d\u2019acqu\u00e9rir un bien immobilier neuf, ancien, en VEFA\u00a0(Vente en \u00c9tat Futur d\u2019Ach\u00e8vement), et qu\u2019il s\u2019agisse d\u2019une maison ou d\u2019un appartement, vous cherchez \u00e0 obtenir les meilleures conditions pour votre pr\u00eat immobilier. L\u2019achat immobilier repr\u00e9sente un investissement cons\u00e9quent qui n\u00e9cessite parfois un accompagnement sur-mesure. Nos experts Ymanci Cr\u00e9dit immobilier vous accompagnent dans ce nouveau projet.\" \/>\n<meta name=\"twitter:site\" content=\"@YMANCI_NIMES\" \/>\n<meta name=\"twitter:label1\" content=\"Dur\u00e9e de lecture estim\u00e9e\" \/>\n\t<meta name=\"twitter:data1\" content=\"1 minute\" \/>\n<script type=\"application\/ld+json\" class=\"yoast-schema-graph\">{\"@context\":\"https:\\\/\\\/schema.org\",\"@graph\":[{\"@type\":\"WebPage\",\"@id\":\"https:\\\/\\\/www.espacefinance.com\\\/133881bdd\\\/financement-immobilier-travaux-professionnel-particulier\\\/credit-immobilier-financement\\\/achat-residence-principale-secondaire\\\/\",\"url\":\"https:\\\/\\\/www.espacefinance.com\\\/133881bdd\\\/financement-immobilier-travaux-professionnel-particulier\\\/credit-immobilier-financement\\\/achat-residence-principale-secondaire\\\/\",\"name\":\"Financer Votre r\u00e9sidence Principale et ou votre r\u00e9sidence secondaire.\",\"isPartOf\":{\"@id\":\"https:\\\/\\\/www.espacefinance.com\\\/133881bdd\\\/#website\"},\"primaryImageOfPage\":{\"@id\":\"https:\\\/\\\/www.espacefinance.com\\\/133881bdd\\\/financement-immobilier-travaux-professionnel-particulier\\\/credit-immobilier-financement\\\/achat-residence-principale-secondaire\\\/#primaryimage\"},\"image\":{\"@id\":\"https:\\\/\\\/www.espacefinance.com\\\/133881bdd\\\/financement-immobilier-travaux-professionnel-particulier\\\/credit-immobilier-financement\\\/achat-residence-principale-secondaire\\\/#primaryimage\"},\"thumbnailUrl\":\"https:\\\/\\\/www.espacefinance.com\\\/133881bdd\\\/wp-content\\\/uploads\\\/2022\\\/03\\\/creditimmo1.jpg\",\"datePublished\":\"2022-03-01T07:58:32+00:00\",\"dateModified\":\"2022-04-05T10:01:28+00:00\",\"description\":\"Vous envisagez d\u2019acqu\u00e9rir un bien immobilier neuf, ancien, en VEFA\u00a0(Vente en \u00c9tat Futur d\u2019Ach\u00e8vement), et qu\u2019il s\u2019agisse d\u2019une maison ou d\u2019un appartement, vous cherchez \u00e0 obtenir les meilleures conditions pour votre pr\u00eat immobilier. L\u2019achat immobilier repr\u00e9sente un investissement cons\u00e9quent qui n\u00e9cessite parfois un accompagnement sur-mesure. Nos experts Ymanci Cr\u00e9dit immobilier vous accompagnent dans ce nouveau projet.\",\"breadcrumb\":{\"@id\":\"https:\\\/\\\/www.espacefinance.com\\\/133881bdd\\\/financement-immobilier-travaux-professionnel-particulier\\\/credit-immobilier-financement\\\/achat-residence-principale-secondaire\\\/#breadcrumb\"},\"inLanguage\":\"fr-FR\",\"potentialAction\":[{\"@type\":\"ReadAction\",\"target\":[\"https:\\\/\\\/www.espacefinance.com\\\/133881bdd\\\/financement-immobilier-travaux-professionnel-particulier\\\/credit-immobilier-financement\\\/achat-residence-principale-secondaire\\\/\"]}]},{\"@type\":\"ImageObject\",\"inLanguage\":\"fr-FR\",\"@id\":\"https:\\\/\\\/www.espacefinance.com\\\/133881bdd\\\/financement-immobilier-travaux-professionnel-particulier\\\/credit-immobilier-financement\\\/achat-residence-principale-secondaire\\\/#primaryimage\",\"url\":\"https:\\\/\\\/www.espacefinance.com\\\/133881bdd\\\/wp-content\\\/uploads\\\/2022\\\/03\\\/creditimmo1.jpg\",\"contentUrl\":\"https:\\\/\\\/www.espacefinance.com\\\/133881bdd\\\/wp-content\\\/uploads\\\/2022\\\/03\\\/creditimmo1.jpg\",\"width\":1280,\"height\":853,\"caption\":\"Financer votre r\u00e9sidence principale ou secondaire\"},{\"@type\":\"BreadcrumbList\",\"@id\":\"https:\\\/\\\/www.espacefinance.com\\\/133881bdd\\\/financement-immobilier-travaux-professionnel-particulier\\\/credit-immobilier-financement\\\/achat-residence-principale-secondaire\\\/#breadcrumb\",\"itemListElement\":[{\"@type\":\"ListItem\",\"position\":1,\"name\":\"Accueil\",\"item\":\"https:\\\/\\\/www.espacefinance.com\\\/133881bdd\\\/\"},{\"@type\":\"ListItem\",\"position\":2,\"name\":\"Financement\",\"item\":\"https:\\\/\\\/www.espacefinance.com\\\/133881bdd\\\/financement-immobilier-travaux-professionnel-particulier\\\/\"},{\"@type\":\"ListItem\",\"position\":3,\"name\":\"achat revente\",\"item\":\"https:\\\/\\\/www.espacefinance.com\\\/133881bdd\\\/financement-immobilier-travaux-professionnel-particulier\\\/credit-immobilier-financement\\\/\"},{\"@type\":\"ListItem\",\"position\":4,\"name\":\"R\u00e9sidence Principale \\\/ Secondaire\"}]},{\"@type\":\"WebSite\",\"@id\":\"https:\\\/\\\/www.espacefinance.com\\\/133881bdd\\\/#website\",\"url\":\"https:\\\/\\\/www.espacefinance.com\\\/133881bdd\\\/\",\"name\":\"N\u00eemes - Cr\u00e9dit Immobilier &amp; Assurances\",\"description\":\"Notre expertise \u00e0 votre service en toute transparence\",\"publisher\":{\"@id\":\"https:\\\/\\\/www.espacefinance.com\\\/133881bdd\\\/#organization\"},\"potentialAction\":[{\"@type\":\"SearchAction\",\"target\":{\"@type\":\"EntryPoint\",\"urlTemplate\":\"https:\\\/\\\/www.espacefinance.com\\\/133881bdd\\\/?s={search_term_string}\"},\"query-input\":{\"@type\":\"PropertyValueSpecification\",\"valueRequired\":true,\"valueName\":\"search_term_string\"}}],\"inLanguage\":\"fr-FR\"},{\"@type\":\"Organization\",\"@id\":\"https:\\\/\\\/www.espacefinance.com\\\/133881bdd\\\/#organization\",\"name\":\"ESPACE FINANCE LP\",\"url\":\"https:\\\/\\\/www.espacefinance.com\\\/133881bdd\\\/\",\"logo\":{\"@type\":\"ImageObject\",\"inLanguage\":\"fr-FR\",\"@id\":\"https:\\\/\\\/www.espacefinance.com\\\/133881bdd\\\/#\\\/schema\\\/logo\\\/image\\\/\",\"url\":\"https:\\\/\\\/www.espacefinance.com\\\/133881bdd\\\/wp-content\\\/uploads\\\/2022\\\/03\\\/LOGO-ESFI-YMANCI-022022.jpg\",\"contentUrl\":\"https:\\\/\\\/www.espacefinance.com\\\/133881bdd\\\/wp-content\\\/uploads\\\/2022\\\/03\\\/LOGO-ESFI-YMANCI-022022.jpg\",\"width\":1273,\"height\":710,\"caption\":\"ESPACE FINANCE LP\"},\"image\":{\"@id\":\"https:\\\/\\\/www.espacefinance.com\\\/133881bdd\\\/#\\\/schema\\\/logo\\\/image\\\/\"},\"sameAs\":[\"https:\\\/\\\/www.facebook.com\\\/ymanci.credit.immobilier.assurance\",\"https:\\\/\\\/x.com\\\/YMANCI_NIMES\",\"https:\\\/\\\/www.instagram.com\\\/espacefinancelp_ymanci_nimes\\\/?hl=fr\",\"https:\\\/\\\/www.linkedin.com\\\/showcase\\\/ymanci-nmes\\\/\",\"https:\\\/\\\/www.youtube.com\\\/channel\\\/UC1PRm7p_QVdRMUaS_Hq6zwA\"]}]}<\/script>\n<!-- \/ Yoast SEO Premium plugin. -->","yoast_head_json":{"title":"Financer Votre r\u00e9sidence Principale et ou votre r\u00e9sidence secondaire.","description":"Vous envisagez d\u2019acqu\u00e9rir un bien immobilier neuf, ancien, en VEFA\u00a0(Vente en \u00c9tat Futur d\u2019Ach\u00e8vement), et qu\u2019il s\u2019agisse d\u2019une maison ou d\u2019un appartement, vous cherchez \u00e0 obtenir les meilleures conditions pour votre pr\u00eat immobilier. L\u2019achat immobilier repr\u00e9sente un investissement cons\u00e9quent qui n\u00e9cessite parfois un accompagnement sur-mesure. Nos experts Ymanci Cr\u00e9dit immobilier vous accompagnent dans ce nouveau projet.","robots":{"index":"index","follow":"follow","max-snippet":"max-snippet:-1","max-image-preview":"max-image-preview:large","max-video-preview":"max-video-preview:-1"},"canonical":"https:\/\/www.espacefinance.com\/133881bdd\/financement-immobilier-travaux-professionnel-particulier\/credit-immobilier-financement\/achat-residence-principale-secondaire\/","og_locale":"fr_FR","og_type":"article","og_title":"Financer Votre r\u00e9sidence Principale et ou votre r\u00e9sidence secondaire.","og_description":"Vous envisagez d\u2019acqu\u00e9rir un bien immobilier neuf, ancien, en VEFA\u00a0(Vente en \u00c9tat Futur d\u2019Ach\u00e8vement), et qu\u2019il s\u2019agisse d\u2019une maison ou d\u2019un appartement, vous cherchez \u00e0 obtenir les meilleures conditions pour votre pr\u00eat immobilier. L\u2019achat immobilier repr\u00e9sente un investissement cons\u00e9quent qui n\u00e9cessite parfois un accompagnement sur-mesure. Nos experts Ymanci Cr\u00e9dit immobilier vous accompagnent dans ce nouveau projet.","og_url":"https:\/\/www.espacefinance.com\/133881bdd\/financement-immobilier-travaux-professionnel-particulier\/credit-immobilier-financement\/achat-residence-principale-secondaire\/","og_site_name":"N\u00eemes - Cr\u00e9dit Immobilier &amp; Assurances","article_publisher":"https:\/\/www.facebook.com\/ymanci.credit.immobilier.assurance","article_modified_time":"2022-04-05T10:01:28+00:00","og_image":[{"width":1280,"height":853,"url":"https:\/\/www.espacefinance.com\/133881bdd\/wp-content\/uploads\/2022\/03\/creditimmo1.jpg","type":"image\/jpeg"}],"twitter_card":"summary_large_image","twitter_title":"R\u00e9sidence Principale \/ Secondaire","twitter_description":"Vous envisagez d\u2019acqu\u00e9rir un bien immobilier neuf, ancien, en VEFA\u00a0(Vente en \u00c9tat Futur d\u2019Ach\u00e8vement), et qu\u2019il s\u2019agisse d\u2019une maison ou d\u2019un appartement, vous cherchez \u00e0 obtenir les meilleures conditions pour votre pr\u00eat immobilier. L\u2019achat immobilier repr\u00e9sente un investissement cons\u00e9quent qui n\u00e9cessite parfois un accompagnement sur-mesure. Nos experts Ymanci Cr\u00e9dit immobilier vous accompagnent dans ce nouveau projet.","twitter_site":"@YMANCI_NIMES","twitter_misc":{"Dur\u00e9e de lecture estim\u00e9e":"1 minute"},"schema":{"@context":"https:\/\/schema.org","@graph":[{"@type":"WebPage","@id":"https:\/\/www.espacefinance.com\/133881bdd\/financement-immobilier-travaux-professionnel-particulier\/credit-immobilier-financement\/achat-residence-principale-secondaire\/","url":"https:\/\/www.espacefinance.com\/133881bdd\/financement-immobilier-travaux-professionnel-particulier\/credit-immobilier-financement\/achat-residence-principale-secondaire\/","name":"Financer Votre r\u00e9sidence Principale et ou votre r\u00e9sidence secondaire.","isPartOf":{"@id":"https:\/\/www.espacefinance.com\/133881bdd\/#website"},"primaryImageOfPage":{"@id":"https:\/\/www.espacefinance.com\/133881bdd\/financement-immobilier-travaux-professionnel-particulier\/credit-immobilier-financement\/achat-residence-principale-secondaire\/#primaryimage"},"image":{"@id":"https:\/\/www.espacefinance.com\/133881bdd\/financement-immobilier-travaux-professionnel-particulier\/credit-immobilier-financement\/achat-residence-principale-secondaire\/#primaryimage"},"thumbnailUrl":"https:\/\/www.espacefinance.com\/133881bdd\/wp-content\/uploads\/2022\/03\/creditimmo1.jpg","datePublished":"2022-03-01T07:58:32+00:00","dateModified":"2022-04-05T10:01:28+00:00","description":"Vous envisagez d\u2019acqu\u00e9rir un bien immobilier neuf, ancien, en VEFA\u00a0(Vente en \u00c9tat Futur d\u2019Ach\u00e8vement), et qu\u2019il s\u2019agisse d\u2019une maison ou d\u2019un appartement, vous cherchez \u00e0 obtenir les meilleures conditions pour votre pr\u00eat immobilier. L\u2019achat immobilier repr\u00e9sente un investissement cons\u00e9quent qui n\u00e9cessite parfois un accompagnement sur-mesure. Nos experts Ymanci Cr\u00e9dit immobilier vous accompagnent dans ce nouveau projet.","breadcrumb":{"@id":"https:\/\/www.espacefinance.com\/133881bdd\/financement-immobilier-travaux-professionnel-particulier\/credit-immobilier-financement\/achat-residence-principale-secondaire\/#breadcrumb"},"inLanguage":"fr-FR","potentialAction":[{"@type":"ReadAction","target":["https:\/\/www.espacefinance.com\/133881bdd\/financement-immobilier-travaux-professionnel-particulier\/credit-immobilier-financement\/achat-residence-principale-secondaire\/"]}]},{"@type":"ImageObject","inLanguage":"fr-FR","@id":"https:\/\/www.espacefinance.com\/133881bdd\/financement-immobilier-travaux-professionnel-particulier\/credit-immobilier-financement\/achat-residence-principale-secondaire\/#primaryimage","url":"https:\/\/www.espacefinance.com\/133881bdd\/wp-content\/uploads\/2022\/03\/creditimmo1.jpg","contentUrl":"https:\/\/www.espacefinance.com\/133881bdd\/wp-content\/uploads\/2022\/03\/creditimmo1.jpg","width":1280,"height":853,"caption":"Financer votre r\u00e9sidence principale ou secondaire"},{"@type":"BreadcrumbList","@id":"https:\/\/www.espacefinance.com\/133881bdd\/financement-immobilier-travaux-professionnel-particulier\/credit-immobilier-financement\/achat-residence-principale-secondaire\/#breadcrumb","itemListElement":[{"@type":"ListItem","position":1,"name":"Accueil","item":"https:\/\/www.espacefinance.com\/133881bdd\/"},{"@type":"ListItem","position":2,"name":"Financement","item":"https:\/\/www.espacefinance.com\/133881bdd\/financement-immobilier-travaux-professionnel-particulier\/"},{"@type":"ListItem","position":3,"name":"achat revente","item":"https:\/\/www.espacefinance.com\/133881bdd\/financement-immobilier-travaux-professionnel-particulier\/credit-immobilier-financement\/"},{"@type":"ListItem","position":4,"name":"R\u00e9sidence Principale \/ Secondaire"}]},{"@type":"WebSite","@id":"https:\/\/www.espacefinance.com\/133881bdd\/#website","url":"https:\/\/www.espacefinance.com\/133881bdd\/","name":"N\u00eemes - Cr\u00e9dit Immobilier &amp; Assurances","description":"Notre expertise \u00e0 votre service en toute transparence","publisher":{"@id":"https:\/\/www.espacefinance.com\/133881bdd\/#organization"},"potentialAction":[{"@type":"SearchAction","target":{"@type":"EntryPoint","urlTemplate":"https:\/\/www.espacefinance.com\/133881bdd\/?s={search_term_string}"},"query-input":{"@type":"PropertyValueSpecification","valueRequired":true,"valueName":"search_term_string"}}],"inLanguage":"fr-FR"},{"@type":"Organization","@id":"https:\/\/www.espacefinance.com\/133881bdd\/#organization","name":"ESPACE FINANCE LP","url":"https:\/\/www.espacefinance.com\/133881bdd\/","logo":{"@type":"ImageObject","inLanguage":"fr-FR","@id":"https:\/\/www.espacefinance.com\/133881bdd\/#\/schema\/logo\/image\/","url":"https:\/\/www.espacefinance.com\/133881bdd\/wp-content\/uploads\/2022\/03\/LOGO-ESFI-YMANCI-022022.jpg","contentUrl":"https:\/\/www.espacefinance.com\/133881bdd\/wp-content\/uploads\/2022\/03\/LOGO-ESFI-YMANCI-022022.jpg","width":1273,"height":710,"caption":"ESPACE FINANCE LP"},"image":{"@id":"https:\/\/www.espacefinance.com\/133881bdd\/#\/schema\/logo\/image\/"},"sameAs":["https:\/\/www.facebook.com\/ymanci.credit.immobilier.assurance","https:\/\/x.com\/YMANCI_NIMES","https:\/\/www.instagram.com\/espacefinancelp_ymanci_nimes\/?hl=fr","https:\/\/www.linkedin.com\/showcase\/ymanci-nmes\/","https:\/\/www.youtube.com\/channel\/UC1PRm7p_QVdRMUaS_Hq6zwA"]}]}},"_links":{"self":[{"href":"https:\/\/www.espacefinance.com\/133881bdd\/wp-json\/wp\/v2\/pages\/284","targetHints":{"allow":["GET"]}}],"collection":[{"href":"https:\/\/www.espacefinance.com\/133881bdd\/wp-json\/wp\/v2\/pages"}],"about":[{"href":"https:\/\/www.espacefinance.com\/133881bdd\/wp-json\/wp\/v2\/types\/page"}],"author":[{"embeddable":true,"href":"https:\/\/www.espacefinance.com\/133881bdd\/wp-json\/wp\/v2\/users\/1"}],"replies":[{"embeddable":true,"href":"https:\/\/www.espacefinance.com\/133881bdd\/wp-json\/wp\/v2\/comments?post=284"}],"version-history":[{"count":0,"href":"https:\/\/www.espacefinance.com\/133881bdd\/wp-json\/wp\/v2\/pages\/284\/revisions"}],"up":[{"embeddable":true,"href":"https:\/\/www.espacefinance.com\/133881bdd\/wp-json\/wp\/v2\/pages\/278"}],"wp:featuredmedia":[{"embeddable":true,"href":"https:\/\/www.espacefinance.com\/133881bdd\/wp-json\/wp\/v2\/media\/285"}],"wp:attachment":[{"href":"https:\/\/www.espacefinance.com\/133881bdd\/wp-json\/wp\/v2\/media?parent=284"}],"curies":[{"name":"wp","href":"https:\/\/api.w.org\/{rel}","templated":true}]}}