{"id":281,"date":"2022-03-01T08:51:29","date_gmt":"2022-03-01T07:51:29","guid":{"rendered":"https:\/\/www.espacefinance.com\/133881bdd\/?page_id=281"},"modified":"2022-04-08T18:00:30","modified_gmt":"2022-04-08T16:00:30","slug":"achat-revente-dans-l-ancien","status":"publish","type":"page","link":"https:\/\/www.espacefinance.com\/133881bdd\/financement-immobilier-travaux-professionnel-particulier\/credit-immobilier-financement\/achat-revente-dans-l-ancien\/","title":{"rendered":"Achat Revente dans l&rsquo;ancien"},"content":{"rendered":"\n<h2 class=\"wp-block-heading\" id=\"h-achat-revente-ou-credit\"><mark style=\"background-color:rgba(0, 0, 0, 0)\" class=\"has-inline-color has-colibri-color-1-color\">Achat revente ou cr\u00e9dit<\/mark><\/h2>\n\n\n\n<div class=\"wp-block-columns is-layout-flex wp-container-core-columns-is-layout-9d6595d7 wp-block-columns-is-layout-flex\">\n<div class=\"wp-block-column is-layout-flow wp-block-column-is-layout-flow\" style=\"flex-basis:100%\">\n<div class=\"wp-block-media-text alignwide is-stacked-on-mobile\" id=\"achat-revente\"><figure class=\"wp-block-media-text__media\"><a href=\"https:\/\/www.espacefinance.com\/133881bdd\/financement-immobilier-travaux-professionnel-particulier\/credit-immobilier-financement\/achat-revente-dans-l-ancien\/pret-relais-ymanci-ci\/\"><img decoding=\"async\" width=\"1024\" height=\"538\" src=\"https:\/\/www.espacefinance.com\/133881bdd\/wp-content\/uploads\/2022\/03\/PRET-RELAIS-YMANCI-CI-1024x538.png\" alt=\"Achat Revente\" class=\"wp-image-1288 size-full\" srcset=\"https:\/\/www.espacefinance.com\/133881bdd\/wp-content\/uploads\/2022\/03\/PRET-RELAIS-YMANCI-CI-1024x538.png 1024w, https:\/\/www.espacefinance.com\/133881bdd\/wp-content\/uploads\/2022\/03\/PRET-RELAIS-YMANCI-CI-300x158.png 300w, https:\/\/www.espacefinance.com\/133881bdd\/wp-content\/uploads\/2022\/03\/PRET-RELAIS-YMANCI-CI-768x403.png 768w, https:\/\/www.espacefinance.com\/133881bdd\/wp-content\/uploads\/2022\/03\/PRET-RELAIS-YMANCI-CI.png 1200w\" sizes=\"(max-width: 1024px) 100vw, 1024px\" \/><\/a><\/figure><div class=\"wp-block-media-text__content\">\n<p class=\"has-large-font-size\">Achetez votre nouveau logement avant d&rsquo;avoir revendu, et sans cr\u00e9dit-relais<\/p>\n<\/div><\/div>\n<\/div>\n<\/div>\n\n\n\n<hr class=\"wp-block-separator aligncenter\"\/>\n\n\n\n<p class=\"has-drop-cap\">L\u2019achat d\u2019un second bien immobilier demande de mobiliser une deuxi\u00e8me fois une somme cons\u00e9quente. Ainsi, pour vous accompagner dans votre recherche de financement, les courtiers Ymanci vous conseillent pour trouver la meilleure solution.<\/p>\n\n\n\n<div style=\"height:41px\" aria-hidden=\"true\" class=\"wp-block-spacer\"><\/div>\n\n\n\n<h2 class=\"wp-block-heading\" id=\"h-le-pret-achat-revente\">Le pr\u00eat achat-revente<\/h2>\n\n\n\n<p>Le pr\u00eat achat-revente est un type de pr\u00eat convenant parfaitement pour les secundo-acc\u00e9dants. Celui-ci est avantageux dans la mesure o\u00f9 il permet de financer votre nouvel achat dans l\u2019attente de la vente de votre logement actuel. Ce financement peut aller jusqu\u2019\u00e0 70% de la valeur estim\u00e9e de votre bien et s\u2019\u00e9taler sur 25 ans.<\/p>\n\n\n\n<p>Pour cela, un \u00e9tablissement bancaire rach\u00e8te votre pr\u00eat et combine \u00e0 un nouveau pr\u00eat souscrit pour votre nouveau logement. De cette fa\u00e7on, vos deux pr\u00eats sont regroup\u00e9s en une seule mensualit\u00e9. \u00c0 la cl\u00e9, un endettement qui reste convenable et une meilleure visibilit\u00e9.<\/p>\n\n\n\n<p>Lorsque le bien est vendu, le propri\u00e9taire peut alors rembourser une partie du pr\u00eat achat-revente et ce, sans frais de remboursement anticip\u00e9. \u00c0 ce moment pr\u00e9cis, vous pouvez alors d\u00e9cider de revoir la dur\u00e9e du cr\u00e9dit.<\/p>\n\n\n\n<h2 class=\"wp-block-heading\" id=\"h-pret-relais-et-pret-achat-revente-lequel-choisir\">Pr\u00eat relais et pr\u00eat achat-revente, lequel choisir ?<\/h2>\n\n\n\n<p>En faisant le choix d\u2019un pr\u00eat achat revente, votre taux d\u2019endettement sera moins \u00e9lev\u00e9. Toutefois cette option engendre des frais de garanties ainsi que des IRA (Indemnit\u00e9s de Remboursement Anticip\u00e9) li\u00e9 au rachat de votre pr\u00eat initial. En effet, l\u2019avance qui vous sera octroy\u00e9e par votre banque est plus cons\u00e9quente dans le cadre d\u2019un pr\u00eat achat revente, les indemnit\u00e9s le seront par cons\u00e9quence \u00e9galement. Le pr\u00eat achat revente peut \u00eatre la solution id\u00e9ale si votre endettement est trop \u00e9lev\u00e9 pour avoir recours \u00e0 un pr\u00eat relais.<\/p>\n\n\n\n<p>Vous ne savez pas quel pr\u00eat choisir ? Pour financer votre nouvel achat,&nbsp;<a href=\"https:\/\/www.espacefinance.com\/133881bdd\/courtier-credit-immobilier-assurances\/prestations-services-ymanci\/\" target=\"_blank\" rel=\"noreferrer noopener\">rapprochez-vous de nos courtiers Ymanci Cr\u00e9dit immobilier qui vous feront b\u00e9n\u00e9ficier de leur expertise !<\/a><\/p>\n","protected":false},"excerpt":{"rendered":"<p>Achat revente ou cr\u00e9dit Achetez votre nouveau logement avant d&rsquo;avoir revendu, et sans cr\u00e9dit-relais L\u2019achat d\u2019un second bien immobilier demande de mobiliser une deuxi\u00e8me fois une somme cons\u00e9quente. Ainsi, pour vous accompagner dans votre recherche de financement, les courtiers Ymanci vous conseillent pour trouver la meilleure solution. Le pr\u00eat achat-revente Le pr\u00eat achat-revente est un [&hellip;]<\/p>\n","protected":false},"author":1,"featured_media":1288,"parent":278,"menu_order":2,"comment_status":"closed","ping_status":"closed","template":"","meta":{"footnotes":""},"class_list":["post-281","page","type-page","status-publish","has-post-thumbnail","hentry"],"yoast_head":"<!-- This site is optimized with the Yoast SEO Premium plugin v20.0 (Yoast SEO v27.5) - https:\/\/yoast.com\/product\/yoast-seo-premium-wordpress\/ -->\n<title>Achat Revente dans l&#039;ancien<\/title>\n<meta name=\"description\" content=\"L\u2019achat d\u2019un second bien immobilier demande de mobiliser une deuxi\u00e8me fois une somme cons\u00e9quente. Achat revente ou Cr\u00e9dit Relais.\" \/>\n<meta name=\"robots\" content=\"index, follow, max-snippet:-1, max-image-preview:large, max-video-preview:-1\" \/>\n<link rel=\"canonical\" href=\"https:\/\/www.espacefinance.com\/133881bdd\/financement-immobilier-travaux-professionnel-particulier\/credit-immobilier-financement\/achat-revente-dans-l-ancien\/?customize_changeset_uuid=ca9bb9b5-ea51-4383-9fb7-7b8a42fab396\" \/>\n<meta property=\"og:locale\" content=\"fr_FR\" \/>\n<meta property=\"og:type\" content=\"article\" \/>\n<meta property=\"og:title\" content=\"Achat Revente dans l&#039;ancien\" \/>\n<meta property=\"og:description\" content=\"L\u2019achat d\u2019un second bien immobilier demande de mobiliser une deuxi\u00e8me fois une somme cons\u00e9quente. Ainsi, pour vous accompagner dans votre recherche de financement, les courtiers Ymanci vous conseillent pour trouver la meilleure solution.\" \/>\n<meta property=\"og:url\" content=\"https:\/\/www.espacefinance.com\/133881bdd\/financement-immobilier-travaux-professionnel-particulier\/credit-immobilier-financement\/achat-revente-dans-l-ancien\/?customize_changeset_uuid=ca9bb9b5-ea51-4383-9fb7-7b8a42fab396\" \/>\n<meta property=\"og:site_name\" content=\"N\u00eemes - Cr\u00e9dit Immobilier &amp; Assurances\" \/>\n<meta property=\"article:publisher\" content=\"https:\/\/www.facebook.com\/ymanci.credit.immobilier.assurance\" \/>\n<meta property=\"article:modified_time\" content=\"2022-04-08T16:00:30+00:00\" \/>\n<meta property=\"og:image\" content=\"https:\/\/www.espacefinance.com\/133881bdd\/wp-content\/uploads\/2022\/03\/PRET-RELAIS-YMANCI-CI.png\" \/>\n\t<meta property=\"og:image:width\" content=\"1200\" \/>\n\t<meta property=\"og:image:height\" content=\"630\" \/>\n\t<meta property=\"og:image:type\" content=\"image\/png\" \/>\n<meta name=\"twitter:card\" content=\"summary_large_image\" \/>\n<meta name=\"twitter:title\" content=\"Achat Revente dans l&#039;ancien\" \/>\n<meta name=\"twitter:site\" content=\"@YMANCI_NIMES\" \/>\n<meta name=\"twitter:label1\" content=\"Dur\u00e9e de lecture estim\u00e9e\" \/>\n\t<meta name=\"twitter:data1\" content=\"2 minutes\" \/>\n<script type=\"application\/ld+json\" class=\"yoast-schema-graph\">{\"@context\":\"https:\\\/\\\/schema.org\",\"@graph\":[{\"@type\":\"WebPage\",\"@id\":\"https:\\\/\\\/www.espacefinance.com\\\/133881bdd\\\/financement-immobilier-travaux-professionnel-particulier\\\/credit-immobilier-financement\\\/achat-revente-dans-l-ancien\\\/\",\"url\":\"https:\\\/\\\/www.espacefinance.com\\\/133881bdd\\\/financement-immobilier-travaux-professionnel-particulier\\\/credit-immobilier-financement\\\/achat-revente-dans-l-ancien\\\/?customize_changeset_uuid=ca9bb9b5-ea51-4383-9fb7-7b8a42fab396\",\"name\":\"Achat Revente dans l'ancien\",\"isPartOf\":{\"@id\":\"https:\\\/\\\/www.espacefinance.com\\\/133881bdd\\\/#website\"},\"primaryImageOfPage\":{\"@id\":\"https:\\\/\\\/www.espacefinance.com\\\/133881bdd\\\/financement-immobilier-travaux-professionnel-particulier\\\/credit-immobilier-financement\\\/achat-revente-dans-l-ancien\\\/?customize_changeset_uuid=ca9bb9b5-ea51-4383-9fb7-7b8a42fab396#primaryimage\"},\"image\":{\"@id\":\"https:\\\/\\\/www.espacefinance.com\\\/133881bdd\\\/financement-immobilier-travaux-professionnel-particulier\\\/credit-immobilier-financement\\\/achat-revente-dans-l-ancien\\\/?customize_changeset_uuid=ca9bb9b5-ea51-4383-9fb7-7b8a42fab396#primaryimage\"},\"thumbnailUrl\":\"https:\\\/\\\/www.espacefinance.com\\\/133881bdd\\\/wp-content\\\/uploads\\\/2022\\\/03\\\/PRET-RELAIS-YMANCI-CI.png\",\"datePublished\":\"2022-03-01T07:51:29+00:00\",\"dateModified\":\"2022-04-08T16:00:30+00:00\",\"description\":\"L\u2019achat d\u2019un second bien immobilier demande de mobiliser une deuxi\u00e8me fois une somme cons\u00e9quente. Achat revente ou Cr\u00e9dit Relais.\",\"breadcrumb\":{\"@id\":\"https:\\\/\\\/www.espacefinance.com\\\/133881bdd\\\/financement-immobilier-travaux-professionnel-particulier\\\/credit-immobilier-financement\\\/achat-revente-dans-l-ancien\\\/?customize_changeset_uuid=ca9bb9b5-ea51-4383-9fb7-7b8a42fab396#breadcrumb\"},\"inLanguage\":\"fr-FR\",\"potentialAction\":[{\"@type\":\"ReadAction\",\"target\":[\"https:\\\/\\\/www.espacefinance.com\\\/133881bdd\\\/financement-immobilier-travaux-professionnel-particulier\\\/credit-immobilier-financement\\\/achat-revente-dans-l-ancien\\\/?customize_changeset_uuid=ca9bb9b5-ea51-4383-9fb7-7b8a42fab396\"]}]},{\"@type\":\"ImageObject\",\"inLanguage\":\"fr-FR\",\"@id\":\"https:\\\/\\\/www.espacefinance.com\\\/133881bdd\\\/financement-immobilier-travaux-professionnel-particulier\\\/credit-immobilier-financement\\\/achat-revente-dans-l-ancien\\\/?customize_changeset_uuid=ca9bb9b5-ea51-4383-9fb7-7b8a42fab396#primaryimage\",\"url\":\"https:\\\/\\\/www.espacefinance.com\\\/133881bdd\\\/wp-content\\\/uploads\\\/2022\\\/03\\\/PRET-RELAIS-YMANCI-CI.png\",\"contentUrl\":\"https:\\\/\\\/www.espacefinance.com\\\/133881bdd\\\/wp-content\\\/uploads\\\/2022\\\/03\\\/PRET-RELAIS-YMANCI-CI.png\",\"width\":1200,\"height\":630,\"caption\":\"Achat Revente ou Cr\u00e9dit Relais\"},{\"@type\":\"BreadcrumbList\",\"@id\":\"https:\\\/\\\/www.espacefinance.com\\\/133881bdd\\\/financement-immobilier-travaux-professionnel-particulier\\\/credit-immobilier-financement\\\/achat-revente-dans-l-ancien\\\/?customize_changeset_uuid=ca9bb9b5-ea51-4383-9fb7-7b8a42fab396#breadcrumb\",\"itemListElement\":[{\"@type\":\"ListItem\",\"position\":1,\"name\":\"Accueil\",\"item\":\"https:\\\/\\\/www.espacefinance.com\\\/133881bdd\\\/\"},{\"@type\":\"ListItem\",\"position\":2,\"name\":\"Financement\",\"item\":\"https:\\\/\\\/www.espacefinance.com\\\/133881bdd\\\/financement-immobilier-travaux-professionnel-particulier\\\/\"},{\"@type\":\"ListItem\",\"position\":3,\"name\":\"achat revente\",\"item\":\"https:\\\/\\\/www.espacefinance.com\\\/133881bdd\\\/financement-immobilier-travaux-professionnel-particulier\\\/credit-immobilier-financement\\\/\"},{\"@type\":\"ListItem\",\"position\":4,\"name\":\"achat revente ou cr\u00e9dit relais\"}]},{\"@type\":\"WebSite\",\"@id\":\"https:\\\/\\\/www.espacefinance.com\\\/133881bdd\\\/#website\",\"url\":\"https:\\\/\\\/www.espacefinance.com\\\/133881bdd\\\/\",\"name\":\"N\u00eemes - Cr\u00e9dit Immobilier &amp; Assurances\",\"description\":\"Notre expertise \u00e0 votre service en toute transparence\",\"publisher\":{\"@id\":\"https:\\\/\\\/www.espacefinance.com\\\/133881bdd\\\/#organization\"},\"potentialAction\":[{\"@type\":\"SearchAction\",\"target\":{\"@type\":\"EntryPoint\",\"urlTemplate\":\"https:\\\/\\\/www.espacefinance.com\\\/133881bdd\\\/?s={search_term_string}\"},\"query-input\":{\"@type\":\"PropertyValueSpecification\",\"valueRequired\":true,\"valueName\":\"search_term_string\"}}],\"inLanguage\":\"fr-FR\"},{\"@type\":\"Organization\",\"@id\":\"https:\\\/\\\/www.espacefinance.com\\\/133881bdd\\\/#organization\",\"name\":\"ESPACE FINANCE LP\",\"url\":\"https:\\\/\\\/www.espacefinance.com\\\/133881bdd\\\/\",\"logo\":{\"@type\":\"ImageObject\",\"inLanguage\":\"fr-FR\",\"@id\":\"https:\\\/\\\/www.espacefinance.com\\\/133881bdd\\\/#\\\/schema\\\/logo\\\/image\\\/\",\"url\":\"https:\\\/\\\/www.espacefinance.com\\\/133881bdd\\\/wp-content\\\/uploads\\\/2022\\\/03\\\/LOGO-ESFI-YMANCI-022022.jpg\",\"contentUrl\":\"https:\\\/\\\/www.espacefinance.com\\\/133881bdd\\\/wp-content\\\/uploads\\\/2022\\\/03\\\/LOGO-ESFI-YMANCI-022022.jpg\",\"width\":1273,\"height\":710,\"caption\":\"ESPACE FINANCE LP\"},\"image\":{\"@id\":\"https:\\\/\\\/www.espacefinance.com\\\/133881bdd\\\/#\\\/schema\\\/logo\\\/image\\\/\"},\"sameAs\":[\"https:\\\/\\\/www.facebook.com\\\/ymanci.credit.immobilier.assurance\",\"https:\\\/\\\/x.com\\\/YMANCI_NIMES\",\"https:\\\/\\\/www.instagram.com\\\/espacefinancelp_ymanci_nimes\\\/?hl=fr\",\"https:\\\/\\\/www.linkedin.com\\\/showcase\\\/ymanci-nmes\\\/\",\"https:\\\/\\\/www.youtube.com\\\/channel\\\/UC1PRm7p_QVdRMUaS_Hq6zwA\"]}]}<\/script>\n<!-- \/ Yoast SEO Premium plugin. -->","yoast_head_json":{"title":"Achat Revente dans l'ancien","description":"L\u2019achat d\u2019un second bien immobilier demande de mobiliser une deuxi\u00e8me fois une somme cons\u00e9quente. Achat revente ou Cr\u00e9dit Relais.","robots":{"index":"index","follow":"follow","max-snippet":"max-snippet:-1","max-image-preview":"max-image-preview:large","max-video-preview":"max-video-preview:-1"},"canonical":"https:\/\/www.espacefinance.com\/133881bdd\/financement-immobilier-travaux-professionnel-particulier\/credit-immobilier-financement\/achat-revente-dans-l-ancien\/?customize_changeset_uuid=ca9bb9b5-ea51-4383-9fb7-7b8a42fab396","og_locale":"fr_FR","og_type":"article","og_title":"Achat Revente dans l'ancien","og_description":"L\u2019achat d\u2019un second bien immobilier demande de mobiliser une deuxi\u00e8me fois une somme cons\u00e9quente. Ainsi, pour vous accompagner dans votre recherche de financement, les courtiers Ymanci vous conseillent pour trouver la meilleure solution.","og_url":"https:\/\/www.espacefinance.com\/133881bdd\/financement-immobilier-travaux-professionnel-particulier\/credit-immobilier-financement\/achat-revente-dans-l-ancien\/?customize_changeset_uuid=ca9bb9b5-ea51-4383-9fb7-7b8a42fab396","og_site_name":"N\u00eemes - Cr\u00e9dit Immobilier &amp; Assurances","article_publisher":"https:\/\/www.facebook.com\/ymanci.credit.immobilier.assurance","article_modified_time":"2022-04-08T16:00:30+00:00","og_image":[{"width":1200,"height":630,"url":"https:\/\/www.espacefinance.com\/133881bdd\/wp-content\/uploads\/2022\/03\/PRET-RELAIS-YMANCI-CI.png","type":"image\/png"}],"twitter_card":"summary_large_image","twitter_title":"Achat Revente dans l'ancien","twitter_site":"@YMANCI_NIMES","twitter_misc":{"Dur\u00e9e de lecture estim\u00e9e":"2 minutes"},"schema":{"@context":"https:\/\/schema.org","@graph":[{"@type":"WebPage","@id":"https:\/\/www.espacefinance.com\/133881bdd\/financement-immobilier-travaux-professionnel-particulier\/credit-immobilier-financement\/achat-revente-dans-l-ancien\/","url":"https:\/\/www.espacefinance.com\/133881bdd\/financement-immobilier-travaux-professionnel-particulier\/credit-immobilier-financement\/achat-revente-dans-l-ancien\/?customize_changeset_uuid=ca9bb9b5-ea51-4383-9fb7-7b8a42fab396","name":"Achat Revente dans l'ancien","isPartOf":{"@id":"https:\/\/www.espacefinance.com\/133881bdd\/#website"},"primaryImageOfPage":{"@id":"https:\/\/www.espacefinance.com\/133881bdd\/financement-immobilier-travaux-professionnel-particulier\/credit-immobilier-financement\/achat-revente-dans-l-ancien\/?customize_changeset_uuid=ca9bb9b5-ea51-4383-9fb7-7b8a42fab396#primaryimage"},"image":{"@id":"https:\/\/www.espacefinance.com\/133881bdd\/financement-immobilier-travaux-professionnel-particulier\/credit-immobilier-financement\/achat-revente-dans-l-ancien\/?customize_changeset_uuid=ca9bb9b5-ea51-4383-9fb7-7b8a42fab396#primaryimage"},"thumbnailUrl":"https:\/\/www.espacefinance.com\/133881bdd\/wp-content\/uploads\/2022\/03\/PRET-RELAIS-YMANCI-CI.png","datePublished":"2022-03-01T07:51:29+00:00","dateModified":"2022-04-08T16:00:30+00:00","description":"L\u2019achat d\u2019un second bien immobilier demande de mobiliser une deuxi\u00e8me fois une somme cons\u00e9quente. Achat revente ou Cr\u00e9dit Relais.","breadcrumb":{"@id":"https:\/\/www.espacefinance.com\/133881bdd\/financement-immobilier-travaux-professionnel-particulier\/credit-immobilier-financement\/achat-revente-dans-l-ancien\/?customize_changeset_uuid=ca9bb9b5-ea51-4383-9fb7-7b8a42fab396#breadcrumb"},"inLanguage":"fr-FR","potentialAction":[{"@type":"ReadAction","target":["https:\/\/www.espacefinance.com\/133881bdd\/financement-immobilier-travaux-professionnel-particulier\/credit-immobilier-financement\/achat-revente-dans-l-ancien\/?customize_changeset_uuid=ca9bb9b5-ea51-4383-9fb7-7b8a42fab396"]}]},{"@type":"ImageObject","inLanguage":"fr-FR","@id":"https:\/\/www.espacefinance.com\/133881bdd\/financement-immobilier-travaux-professionnel-particulier\/credit-immobilier-financement\/achat-revente-dans-l-ancien\/?customize_changeset_uuid=ca9bb9b5-ea51-4383-9fb7-7b8a42fab396#primaryimage","url":"https:\/\/www.espacefinance.com\/133881bdd\/wp-content\/uploads\/2022\/03\/PRET-RELAIS-YMANCI-CI.png","contentUrl":"https:\/\/www.espacefinance.com\/133881bdd\/wp-content\/uploads\/2022\/03\/PRET-RELAIS-YMANCI-CI.png","width":1200,"height":630,"caption":"Achat Revente ou Cr\u00e9dit Relais"},{"@type":"BreadcrumbList","@id":"https:\/\/www.espacefinance.com\/133881bdd\/financement-immobilier-travaux-professionnel-particulier\/credit-immobilier-financement\/achat-revente-dans-l-ancien\/?customize_changeset_uuid=ca9bb9b5-ea51-4383-9fb7-7b8a42fab396#breadcrumb","itemListElement":[{"@type":"ListItem","position":1,"name":"Accueil","item":"https:\/\/www.espacefinance.com\/133881bdd\/"},{"@type":"ListItem","position":2,"name":"Financement","item":"https:\/\/www.espacefinance.com\/133881bdd\/financement-immobilier-travaux-professionnel-particulier\/"},{"@type":"ListItem","position":3,"name":"achat revente","item":"https:\/\/www.espacefinance.com\/133881bdd\/financement-immobilier-travaux-professionnel-particulier\/credit-immobilier-financement\/"},{"@type":"ListItem","position":4,"name":"achat revente ou cr\u00e9dit relais"}]},{"@type":"WebSite","@id":"https:\/\/www.espacefinance.com\/133881bdd\/#website","url":"https:\/\/www.espacefinance.com\/133881bdd\/","name":"N\u00eemes - Cr\u00e9dit Immobilier &amp; Assurances","description":"Notre expertise \u00e0 votre service en toute transparence","publisher":{"@id":"https:\/\/www.espacefinance.com\/133881bdd\/#organization"},"potentialAction":[{"@type":"SearchAction","target":{"@type":"EntryPoint","urlTemplate":"https:\/\/www.espacefinance.com\/133881bdd\/?s={search_term_string}"},"query-input":{"@type":"PropertyValueSpecification","valueRequired":true,"valueName":"search_term_string"}}],"inLanguage":"fr-FR"},{"@type":"Organization","@id":"https:\/\/www.espacefinance.com\/133881bdd\/#organization","name":"ESPACE FINANCE LP","url":"https:\/\/www.espacefinance.com\/133881bdd\/","logo":{"@type":"ImageObject","inLanguage":"fr-FR","@id":"https:\/\/www.espacefinance.com\/133881bdd\/#\/schema\/logo\/image\/","url":"https:\/\/www.espacefinance.com\/133881bdd\/wp-content\/uploads\/2022\/03\/LOGO-ESFI-YMANCI-022022.jpg","contentUrl":"https:\/\/www.espacefinance.com\/133881bdd\/wp-content\/uploads\/2022\/03\/LOGO-ESFI-YMANCI-022022.jpg","width":1273,"height":710,"caption":"ESPACE FINANCE LP"},"image":{"@id":"https:\/\/www.espacefinance.com\/133881bdd\/#\/schema\/logo\/image\/"},"sameAs":["https:\/\/www.facebook.com\/ymanci.credit.immobilier.assurance","https:\/\/x.com\/YMANCI_NIMES","https:\/\/www.instagram.com\/espacefinancelp_ymanci_nimes\/?hl=fr","https:\/\/www.linkedin.com\/showcase\/ymanci-nmes\/","https:\/\/www.youtube.com\/channel\/UC1PRm7p_QVdRMUaS_Hq6zwA"]}]}},"_links":{"self":[{"href":"https:\/\/www.espacefinance.com\/133881bdd\/wp-json\/wp\/v2\/pages\/281","targetHints":{"allow":["GET"]}}],"collection":[{"href":"https:\/\/www.espacefinance.com\/133881bdd\/wp-json\/wp\/v2\/pages"}],"about":[{"href":"https:\/\/www.espacefinance.com\/133881bdd\/wp-json\/wp\/v2\/types\/page"}],"author":[{"embeddable":true,"href":"https:\/\/www.espacefinance.com\/133881bdd\/wp-json\/wp\/v2\/users\/1"}],"replies":[{"embeddable":true,"href":"https:\/\/www.espacefinance.com\/133881bdd\/wp-json\/wp\/v2\/comments?post=281"}],"version-history":[{"count":0,"href":"https:\/\/www.espacefinance.com\/133881bdd\/wp-json\/wp\/v2\/pages\/281\/revisions"}],"up":[{"embeddable":true,"href":"https:\/\/www.espacefinance.com\/133881bdd\/wp-json\/wp\/v2\/pages\/278"}],"wp:featuredmedia":[{"embeddable":true,"href":"https:\/\/www.espacefinance.com\/133881bdd\/wp-json\/wp\/v2\/media\/1288"}],"wp:attachment":[{"href":"https:\/\/www.espacefinance.com\/133881bdd\/wp-json\/wp\/v2\/media?parent=281"}],"curies":[{"name":"wp","href":"https:\/\/api.w.org\/{rel}","templated":true}]}}