{"id":278,"date":"2022-03-01T08:43:33","date_gmt":"2022-03-01T07:43:33","guid":{"rendered":"https:\/\/www.espacefinance.com\/133881bdd\/?page_id=278"},"modified":"2022-11-22T13:03:49","modified_gmt":"2022-11-22T12:03:49","slug":"credit-immobilier-financement","status":"publish","type":"page","link":"https:\/\/www.espacefinance.com\/133881bdd\/financement-immobilier-travaux-professionnel-particulier\/credit-immobilier-financement\/","title":{"rendered":"Cr\u00e9dit Immobilier"},"content":{"rendered":"\n<div class=\"wp-block-cover alignwide is-light\"><span aria-hidden=\"true\" class=\"wp-block-cover__background has-background-dim\"><\/span><img decoding=\"async\" width=\"255\" height=\"198\" class=\"wp-block-cover__image-background wp-image-279\" alt=\"\" src=\"https:\/\/www.espacefinance.com\/133881bdd\/wp-content\/uploads\/2022\/03\/creditimmo4.png\" data-object-fit=\"cover\"\/><div class=\"wp-block-cover__inner-container is-layout-flow wp-block-cover-is-layout-flow\">\n<h2 class=\"has-text-align-center has-colibri-color-1-background-color has-background has-medium-font-size wp-block-heading\" id=\"h-financer-un-bien-immobilier-un-acte-important\">Financer un bien immobilier: un acte important<\/h2>\n<\/div><\/div>\n\n\n\n<div style=\"height:39px\" aria-hidden=\"true\" class=\"wp-block-spacer\"><\/div>\n\n\n\n<p class=\"has-drop-cap\">Vous envisagez d\u2019<strong>acqu\u00e9rir un bien immobilier neuf, ancien, en VEFA<\/strong>&nbsp;(Vente en \u00c9tat Futur d\u2019Ach\u00e8vement), et qu\u2019il s\u2019agisse d\u2019une maison ou d\u2019un appartement, vous cherchez \u00e0 obtenir les meilleures conditions pour votre pr\u00eat immobilier. <\/p>\n\n\n\n<p>L\u2019achat immobilier repr\u00e9sente un investissement cons\u00e9quent qui n\u00e9cessite parfois un accompagnement sur-mesure. <\/p>\n\n\n\n<p id=\"cr\u00e9dit-immobilier\"><mark style=\"background-color:#f8ed07\" class=\"has-inline-color\"><strong><em>Nos experts Ymanci Cr\u00e9dit immobilier vous accompagnent dans ce nouveau projet avec<\/em><\/strong>:<\/mark><br>#expertise<br>#clart\u00e9<br>#transparence<br>#\u00e9coute<\/p>\n\n\n\n<div style=\"height:26px\" aria-hidden=\"true\" class=\"wp-block-spacer\"><\/div>\n\n\n\n<div class=\"wp-block-buttons is-layout-flex wp-block-buttons-is-layout-flex\">\n<div class=\"wp-block-button has-custom-width wp-block-button__width-50 has-custom-font-size is-style-outline has-medium-font-size is-style-outline--1\"><a class=\"wp-block-button__link has-colibri-color-5-color has-text-color has-background wp-element-button\" href=\"https:\/\/www.espacefinance.com\/133881bdd\/financement-immobilier-travaux-professionnel-particulier\/credit-immobilier-financement\/achat-residence-principale-secondaire\/\" style=\"background:linear-gradient(90deg,rgb(6,147,227) 0%,rgb(93,227,236) 29%,rgb(155,81,224) 100%)\"><em>R\u00e9s Principale\/Secondaire<\/em><\/a><\/div>\n\n\n\n<div class=\"wp-block-button has-custom-width wp-block-button__width-50 has-custom-font-size is-style-outline has-medium-font-size is-style-outline--2\"><a class=\"wp-block-button__link has-colibri-color-5-color has-text-color has-background wp-element-button\" href=\"https:\/\/www.espacefinance.com\/133881bdd\/financement-immobilier-travaux-professionnel-particulier\/credit-immobilier-financement\/achat-revente-dans-l-ancien\/\" style=\"background:linear-gradient(135deg,rgb(74,234,220) 0%,rgb(189,164,236) 20%,rgb(207,42,186) 40%,rgb(220,138,108) 60%,rgb(236,153,52) 80%,rgb(254,248,76) 100%)\"><em>Achat-Revente<\/em><\/a><\/div>\n<\/div>\n\n\n\n<div class=\"wp-block-buttons is-layout-flex wp-block-buttons-is-layout-flex\">\n<div class=\"wp-block-button has-custom-width wp-block-button__width-50 has-custom-font-size is-style-outline has-medium-font-size is-style-outline--3\"><a class=\"wp-block-button__link has-colibri-color-5-color has-very-light-gray-to-cyan-bluish-gray-gradient-background has-text-color has-background wp-element-button\" href=\"https:\/\/www.espacefinance.com\/133881bdd\/financement-immobilier-travaux-professionnel-particulier\/credit-profesionnel\/financement-investisseur\/investissement-locatif\/\"><em>Investissement Locatif<\/em><\/a><\/div>\n\n\n\n<div class=\"wp-block-button has-custom-width wp-block-button__width-50 has-custom-font-size is-style-outline has-medium-font-size is-style-outline--4\"><a class=\"wp-block-button__link has-colibri-color-5-color has-text-color has-background wp-element-button\" href=\"https:\/\/www.espacefinance.com\/133881bdd\/financement-immobilier-travaux-professionnel-particulier\/credit-immobilier-financement\/rachat-de-soulte\/\" style=\"background:linear-gradient(135deg,rgb(202,248,128) 0%,rgb(113,206,126) 60%)\"><em>Rachat de Soulte<\/em><\/a><\/div>\n\n\n\n<div class=\"wp-block-button has-custom-width wp-block-button__width-50 has-custom-font-size has-medium-font-size\"><a class=\"wp-block-button__link has-colibri-color-5-color has-text-color has-background wp-element-button\" href=\"https:\/\/www.espacefinance.com\/133881bdd\/financement\/pret-travaux\/\" style=\"background:linear-gradient(135deg,rgb(252,185,0) 0%,rgb(226,133,21) 65%,rgb(255,105,0) 88%)\" target=\"_blank\" rel=\"noreferrer noopener\"><em>Pr\u00eat Travaux<\/em><\/a><\/div>\n\n\n\n<div class=\"wp-block-button has-custom-width wp-block-button__width-50 has-custom-font-size has-medium-font-size\"><a class=\"wp-block-button__link has-colibri-color-5-color has-blush-bordeaux-gradient-background has-text-color has-background wp-element-button\" href=\"https:\/\/www.espacefinance.com\/133881bdd\/ma-prime-renov-economies-energies\/\"><em>R\u00e9novation Energ\u00e9tique<\/em><\/a><\/div>\n\n\n\n<div class=\"wp-block-button has-custom-width wp-block-button__width-100 has-custom-font-size has-medium-font-size\"><a class=\"wp-block-button__link has-colibri-color-5-color has-text-color has-background wp-element-button\" href=\"https:\/\/www.espacefinance.com\/133881bdd\/financement-immobilier-travaux-professionnel-particulier\/parrainage\/\" style=\"background-color:#0a8403\"><em>Parrainage<\/em><\/a><\/div>\n<\/div>\n\n\n\n<p><\/p>\n","protected":false},"excerpt":{"rendered":"<p>Vous envisagez d\u2019acqu\u00e9rir un bien immobilier neuf, ancien, en VEFA&nbsp;(Vente en \u00c9tat Futur d\u2019Ach\u00e8vement), et qu\u2019il s\u2019agisse d\u2019une maison ou d\u2019un appartement, vous cherchez \u00e0 obtenir les meilleures conditions pour votre pr\u00eat immobilier. L\u2019achat immobilier repr\u00e9sente un investissement cons\u00e9quent qui n\u00e9cessite parfois un accompagnement sur-mesure. Nos experts Ymanci Cr\u00e9dit immobilier vous accompagnent dans ce nouveau [&hellip;]<\/p>\n","protected":false},"author":1,"featured_media":279,"parent":119,"menu_order":1,"comment_status":"closed","ping_status":"closed","template":"","meta":{"footnotes":""},"class_list":["post-278","page","type-page","status-publish","has-post-thumbnail","hentry"],"yoast_head":"<!-- This site is optimized with the Yoast SEO Premium plugin v20.0 (Yoast SEO v27.5) - https:\/\/yoast.com\/product\/yoast-seo-premium-wordpress\/ -->\n<title>Cr\u00e9dit Immobilier<\/title>\n<meta name=\"description\" content=\"Financer un bien immobilier.Vous envisagez d\u2019acqu\u00e9rir un bien immobilier neuf, ancien, en VEFA (Vente en \u00c9tat Futur d\u2019Ach\u00e8vement)...\" \/>\n<meta name=\"robots\" content=\"index, follow, max-snippet:-1, max-image-preview:large, max-video-preview:-1\" \/>\n<link rel=\"canonical\" href=\"https:\/\/www.espacefinance.com\/133881bdd\/financement-immobilier-travaux-professionnel-particulier\/parrainage\/\" \/>\n<meta property=\"og:locale\" content=\"fr_FR\" \/>\n<meta property=\"og:type\" content=\"article\" \/>\n<meta property=\"og:title\" content=\"Cr\u00e9dit Immobilier\" \/>\n<meta property=\"og:description\" content=\"Financer un bien immobilierVous envisagez d\u2019acqu\u00e9rir un bien immobilier neuf, ancien, en VEFA (Vente en \u00c9tat Futur d\u2019Ach\u00e8vement), et qu\u2019il s\u2019agisse d\u2019une maison ou d\u2019un appartement, vous cherchez \u00e0 obtenir les meilleures conditions pour votre pr\u00eat immobilier. Nos experts Ymanci Cr\u00e9dit immobilier vous accompagnent dans ce nouveau projet\" \/>\n<meta property=\"og:url\" content=\"https:\/\/www.espacefinance.com\/133881bdd\/financement-immobilier-travaux-professionnel-particulier\/parrainage\/\" \/>\n<meta property=\"og:site_name\" content=\"N\u00eemes - Cr\u00e9dit Immobilier &amp; Assurances\" \/>\n<meta property=\"article:publisher\" content=\"https:\/\/www.facebook.com\/ymanci.credit.immobilier.assurance\" \/>\n<meta property=\"article:modified_time\" content=\"2022-11-22T12:03:49+00:00\" \/>\n<meta property=\"og:image\" content=\"https:\/\/www.espacefinance.com\/133881bdd\/wp-content\/uploads\/2022\/03\/FONDECRAN2.jpg\" \/>\n\t<meta property=\"og:image:width\" content=\"620\" \/>\n\t<meta property=\"og:image:height\" content=\"412\" \/>\n\t<meta property=\"og:image:type\" content=\"image\/jpeg\" \/>\n<meta name=\"twitter:card\" content=\"summary_large_image\" \/>\n<meta name=\"twitter:site\" content=\"@YMANCI_NIMES\" \/>\n<meta name=\"twitter:label1\" content=\"Dur\u00e9e de lecture estim\u00e9e\" \/>\n\t<meta name=\"twitter:data1\" content=\"1 minute\" \/>\n<script type=\"application\/ld+json\" class=\"yoast-schema-graph\">{\"@context\":\"https:\\\/\\\/schema.org\",\"@graph\":[{\"@type\":\"WebPage\",\"@id\":\"https:\\\/\\\/www.espacefinance.com\\\/133881bdd\\\/financement-immobilier-travaux-professionnel-particulier\\\/credit-immobilier-financement\\\/\",\"url\":\"https:\\\/\\\/www.espacefinance.com\\\/133881bdd\\\/financement-immobilier-travaux-professionnel-particulier\\\/parrainage\\\/\",\"name\":\"Cr\u00e9dit Immobilier\",\"isPartOf\":{\"@id\":\"https:\\\/\\\/www.espacefinance.com\\\/133881bdd\\\/#website\"},\"primaryImageOfPage\":{\"@id\":\"https:\\\/\\\/www.espacefinance.com\\\/133881bdd\\\/financement-immobilier-travaux-professionnel-particulier\\\/parrainage\\\/#primaryimage\"},\"image\":{\"@id\":\"https:\\\/\\\/www.espacefinance.com\\\/133881bdd\\\/financement-immobilier-travaux-professionnel-particulier\\\/parrainage\\\/#primaryimage\"},\"thumbnailUrl\":\"https:\\\/\\\/www.espacefinance.com\\\/133881bdd\\\/wp-content\\\/uploads\\\/2022\\\/03\\\/creditimmo4.png\",\"datePublished\":\"2022-03-01T07:43:33+00:00\",\"dateModified\":\"2022-11-22T12:03:49+00:00\",\"description\":\"Financer un bien immobilier.Vous envisagez d\u2019acqu\u00e9rir un bien immobilier neuf, ancien, en VEFA (Vente en \u00c9tat Futur d\u2019Ach\u00e8vement)...\",\"breadcrumb\":{\"@id\":\"https:\\\/\\\/www.espacefinance.com\\\/133881bdd\\\/financement-immobilier-travaux-professionnel-particulier\\\/parrainage\\\/#breadcrumb\"},\"inLanguage\":\"fr-FR\",\"potentialAction\":[{\"@type\":\"ReadAction\",\"target\":[\"https:\\\/\\\/www.espacefinance.com\\\/133881bdd\\\/financement-immobilier-travaux-professionnel-particulier\\\/parrainage\\\/\"]}]},{\"@type\":\"ImageObject\",\"inLanguage\":\"fr-FR\",\"@id\":\"https:\\\/\\\/www.espacefinance.com\\\/133881bdd\\\/financement-immobilier-travaux-professionnel-particulier\\\/parrainage\\\/#primaryimage\",\"url\":\"https:\\\/\\\/www.espacefinance.com\\\/133881bdd\\\/wp-content\\\/uploads\\\/2022\\\/03\\\/creditimmo4.png\",\"contentUrl\":\"https:\\\/\\\/www.espacefinance.com\\\/133881bdd\\\/wp-content\\\/uploads\\\/2022\\\/03\\\/creditimmo4.png\",\"width\":255,\"height\":198,\"caption\":\"obtenir son cr\u00e9dit immobilier\"},{\"@type\":\"BreadcrumbList\",\"@id\":\"https:\\\/\\\/www.espacefinance.com\\\/133881bdd\\\/financement-immobilier-travaux-professionnel-particulier\\\/parrainage\\\/#breadcrumb\",\"itemListElement\":[{\"@type\":\"ListItem\",\"position\":1,\"name\":\"Accueil\",\"item\":\"https:\\\/\\\/www.espacefinance.com\\\/133881bdd\\\/\"},{\"@type\":\"ListItem\",\"position\":2,\"name\":\"Financement\",\"item\":\"https:\\\/\\\/www.espacefinance.com\\\/133881bdd\\\/financement-immobilier-travaux-professionnel-particulier\\\/\"},{\"@type\":\"ListItem\",\"position\":3,\"name\":\"achat revente\"}]},{\"@type\":\"WebSite\",\"@id\":\"https:\\\/\\\/www.espacefinance.com\\\/133881bdd\\\/#website\",\"url\":\"https:\\\/\\\/www.espacefinance.com\\\/133881bdd\\\/\",\"name\":\"N\u00eemes - Cr\u00e9dit Immobilier &amp; Assurances\",\"description\":\"Notre expertise \u00e0 votre service en toute transparence\",\"publisher\":{\"@id\":\"https:\\\/\\\/www.espacefinance.com\\\/133881bdd\\\/#organization\"},\"potentialAction\":[{\"@type\":\"SearchAction\",\"target\":{\"@type\":\"EntryPoint\",\"urlTemplate\":\"https:\\\/\\\/www.espacefinance.com\\\/133881bdd\\\/?s={search_term_string}\"},\"query-input\":{\"@type\":\"PropertyValueSpecification\",\"valueRequired\":true,\"valueName\":\"search_term_string\"}}],\"inLanguage\":\"fr-FR\"},{\"@type\":\"Organization\",\"@id\":\"https:\\\/\\\/www.espacefinance.com\\\/133881bdd\\\/#organization\",\"name\":\"ESPACE FINANCE LP\",\"url\":\"https:\\\/\\\/www.espacefinance.com\\\/133881bdd\\\/\",\"logo\":{\"@type\":\"ImageObject\",\"inLanguage\":\"fr-FR\",\"@id\":\"https:\\\/\\\/www.espacefinance.com\\\/133881bdd\\\/#\\\/schema\\\/logo\\\/image\\\/\",\"url\":\"https:\\\/\\\/www.espacefinance.com\\\/133881bdd\\\/wp-content\\\/uploads\\\/2022\\\/03\\\/LOGO-ESFI-YMANCI-022022.jpg\",\"contentUrl\":\"https:\\\/\\\/www.espacefinance.com\\\/133881bdd\\\/wp-content\\\/uploads\\\/2022\\\/03\\\/LOGO-ESFI-YMANCI-022022.jpg\",\"width\":1273,\"height\":710,\"caption\":\"ESPACE FINANCE LP\"},\"image\":{\"@id\":\"https:\\\/\\\/www.espacefinance.com\\\/133881bdd\\\/#\\\/schema\\\/logo\\\/image\\\/\"},\"sameAs\":[\"https:\\\/\\\/www.facebook.com\\\/ymanci.credit.immobilier.assurance\",\"https:\\\/\\\/x.com\\\/YMANCI_NIMES\",\"https:\\\/\\\/www.instagram.com\\\/espacefinancelp_ymanci_nimes\\\/?hl=fr\",\"https:\\\/\\\/www.linkedin.com\\\/showcase\\\/ymanci-nmes\\\/\",\"https:\\\/\\\/www.youtube.com\\\/channel\\\/UC1PRm7p_QVdRMUaS_Hq6zwA\"]}]}<\/script>\n<!-- \/ Yoast SEO Premium plugin. -->","yoast_head_json":{"title":"Cr\u00e9dit Immobilier","description":"Financer un bien immobilier.Vous envisagez d\u2019acqu\u00e9rir un bien immobilier neuf, ancien, en VEFA (Vente en \u00c9tat Futur d\u2019Ach\u00e8vement)...","robots":{"index":"index","follow":"follow","max-snippet":"max-snippet:-1","max-image-preview":"max-image-preview:large","max-video-preview":"max-video-preview:-1"},"canonical":"https:\/\/www.espacefinance.com\/133881bdd\/financement-immobilier-travaux-professionnel-particulier\/parrainage\/","og_locale":"fr_FR","og_type":"article","og_title":"Cr\u00e9dit Immobilier","og_description":"Financer un bien immobilierVous envisagez d\u2019acqu\u00e9rir un bien immobilier neuf, ancien, en VEFA (Vente en \u00c9tat Futur d\u2019Ach\u00e8vement), et qu\u2019il s\u2019agisse d\u2019une maison ou d\u2019un appartement, vous cherchez \u00e0 obtenir les meilleures conditions pour votre pr\u00eat immobilier. Nos experts Ymanci Cr\u00e9dit immobilier vous accompagnent dans ce nouveau projet","og_url":"https:\/\/www.espacefinance.com\/133881bdd\/financement-immobilier-travaux-professionnel-particulier\/parrainage\/","og_site_name":"N\u00eemes - Cr\u00e9dit Immobilier &amp; Assurances","article_publisher":"https:\/\/www.facebook.com\/ymanci.credit.immobilier.assurance","article_modified_time":"2022-11-22T12:03:49+00:00","og_image":[{"width":620,"height":412,"url":"https:\/\/www.espacefinance.com\/133881bdd\/wp-content\/uploads\/2022\/03\/FONDECRAN2.jpg","type":"image\/jpeg"}],"twitter_card":"summary_large_image","twitter_site":"@YMANCI_NIMES","twitter_misc":{"Dur\u00e9e de lecture estim\u00e9e":"1 minute"},"schema":{"@context":"https:\/\/schema.org","@graph":[{"@type":"WebPage","@id":"https:\/\/www.espacefinance.com\/133881bdd\/financement-immobilier-travaux-professionnel-particulier\/credit-immobilier-financement\/","url":"https:\/\/www.espacefinance.com\/133881bdd\/financement-immobilier-travaux-professionnel-particulier\/parrainage\/","name":"Cr\u00e9dit Immobilier","isPartOf":{"@id":"https:\/\/www.espacefinance.com\/133881bdd\/#website"},"primaryImageOfPage":{"@id":"https:\/\/www.espacefinance.com\/133881bdd\/financement-immobilier-travaux-professionnel-particulier\/parrainage\/#primaryimage"},"image":{"@id":"https:\/\/www.espacefinance.com\/133881bdd\/financement-immobilier-travaux-professionnel-particulier\/parrainage\/#primaryimage"},"thumbnailUrl":"https:\/\/www.espacefinance.com\/133881bdd\/wp-content\/uploads\/2022\/03\/creditimmo4.png","datePublished":"2022-03-01T07:43:33+00:00","dateModified":"2022-11-22T12:03:49+00:00","description":"Financer un bien immobilier.Vous envisagez d\u2019acqu\u00e9rir un bien immobilier neuf, ancien, en VEFA (Vente en \u00c9tat Futur d\u2019Ach\u00e8vement)...","breadcrumb":{"@id":"https:\/\/www.espacefinance.com\/133881bdd\/financement-immobilier-travaux-professionnel-particulier\/parrainage\/#breadcrumb"},"inLanguage":"fr-FR","potentialAction":[{"@type":"ReadAction","target":["https:\/\/www.espacefinance.com\/133881bdd\/financement-immobilier-travaux-professionnel-particulier\/parrainage\/"]}]},{"@type":"ImageObject","inLanguage":"fr-FR","@id":"https:\/\/www.espacefinance.com\/133881bdd\/financement-immobilier-travaux-professionnel-particulier\/parrainage\/#primaryimage","url":"https:\/\/www.espacefinance.com\/133881bdd\/wp-content\/uploads\/2022\/03\/creditimmo4.png","contentUrl":"https:\/\/www.espacefinance.com\/133881bdd\/wp-content\/uploads\/2022\/03\/creditimmo4.png","width":255,"height":198,"caption":"obtenir son cr\u00e9dit immobilier"},{"@type":"BreadcrumbList","@id":"https:\/\/www.espacefinance.com\/133881bdd\/financement-immobilier-travaux-professionnel-particulier\/parrainage\/#breadcrumb","itemListElement":[{"@type":"ListItem","position":1,"name":"Accueil","item":"https:\/\/www.espacefinance.com\/133881bdd\/"},{"@type":"ListItem","position":2,"name":"Financement","item":"https:\/\/www.espacefinance.com\/133881bdd\/financement-immobilier-travaux-professionnel-particulier\/"},{"@type":"ListItem","position":3,"name":"achat revente"}]},{"@type":"WebSite","@id":"https:\/\/www.espacefinance.com\/133881bdd\/#website","url":"https:\/\/www.espacefinance.com\/133881bdd\/","name":"N\u00eemes - Cr\u00e9dit Immobilier &amp; Assurances","description":"Notre expertise \u00e0 votre service en toute transparence","publisher":{"@id":"https:\/\/www.espacefinance.com\/133881bdd\/#organization"},"potentialAction":[{"@type":"SearchAction","target":{"@type":"EntryPoint","urlTemplate":"https:\/\/www.espacefinance.com\/133881bdd\/?s={search_term_string}"},"query-input":{"@type":"PropertyValueSpecification","valueRequired":true,"valueName":"search_term_string"}}],"inLanguage":"fr-FR"},{"@type":"Organization","@id":"https:\/\/www.espacefinance.com\/133881bdd\/#organization","name":"ESPACE FINANCE LP","url":"https:\/\/www.espacefinance.com\/133881bdd\/","logo":{"@type":"ImageObject","inLanguage":"fr-FR","@id":"https:\/\/www.espacefinance.com\/133881bdd\/#\/schema\/logo\/image\/","url":"https:\/\/www.espacefinance.com\/133881bdd\/wp-content\/uploads\/2022\/03\/LOGO-ESFI-YMANCI-022022.jpg","contentUrl":"https:\/\/www.espacefinance.com\/133881bdd\/wp-content\/uploads\/2022\/03\/LOGO-ESFI-YMANCI-022022.jpg","width":1273,"height":710,"caption":"ESPACE FINANCE LP"},"image":{"@id":"https:\/\/www.espacefinance.com\/133881bdd\/#\/schema\/logo\/image\/"},"sameAs":["https:\/\/www.facebook.com\/ymanci.credit.immobilier.assurance","https:\/\/x.com\/YMANCI_NIMES","https:\/\/www.instagram.com\/espacefinancelp_ymanci_nimes\/?hl=fr","https:\/\/www.linkedin.com\/showcase\/ymanci-nmes\/","https:\/\/www.youtube.com\/channel\/UC1PRm7p_QVdRMUaS_Hq6zwA"]}]}},"_links":{"self":[{"href":"https:\/\/www.espacefinance.com\/133881bdd\/wp-json\/wp\/v2\/pages\/278","targetHints":{"allow":["GET"]}}],"collection":[{"href":"https:\/\/www.espacefinance.com\/133881bdd\/wp-json\/wp\/v2\/pages"}],"about":[{"href":"https:\/\/www.espacefinance.com\/133881bdd\/wp-json\/wp\/v2\/types\/page"}],"author":[{"embeddable":true,"href":"https:\/\/www.espacefinance.com\/133881bdd\/wp-json\/wp\/v2\/users\/1"}],"replies":[{"embeddable":true,"href":"https:\/\/www.espacefinance.com\/133881bdd\/wp-json\/wp\/v2\/comments?post=278"}],"version-history":[{"count":0,"href":"https:\/\/www.espacefinance.com\/133881bdd\/wp-json\/wp\/v2\/pages\/278\/revisions"}],"up":[{"embeddable":true,"href":"https:\/\/www.espacefinance.com\/133881bdd\/wp-json\/wp\/v2\/pages\/119"}],"wp:featuredmedia":[{"embeddable":true,"href":"https:\/\/www.espacefinance.com\/133881bdd\/wp-json\/wp\/v2\/media\/279"}],"wp:attachment":[{"href":"https:\/\/www.espacefinance.com\/133881bdd\/wp-json\/wp\/v2\/media?parent=278"}],"curies":[{"name":"wp","href":"https:\/\/api.w.org\/{rel}","templated":true}]}}