{"id":267,"date":"2022-03-01T08:25:45","date_gmt":"2022-03-01T07:25:45","guid":{"rendered":"https:\/\/www.espacefinance.com\/133881bdd\/?page_id=267"},"modified":"2022-07-04T08:42:09","modified_gmt":"2022-07-04T06:42:09","slug":"assurances-particuliers-professionnel-entreprise","status":"publish","type":"page","link":"https:\/\/www.espacefinance.com\/133881bdd\/assurances-particuliers-professionnel-entreprise\/","title":{"rendered":"Assurances"},"content":{"rendered":"\n<div class=\"wp-block-media-text alignwide is-stacked-on-mobile is-image-fill\" style=\"grid-template-columns:41% auto\" id=\"courtier-en-assurance\"><figure class=\"wp-block-media-text__media\" style=\"background-image:url(https:\/\/www.espacefinance.com\/133881bdd\/wp-content\/uploads\/2022\/03\/ASSURANCES3.jpg);background-position:50% 50%\"><img decoding=\"async\" width=\"275\" height=\"183\" src=\"https:\/\/www.espacefinance.com\/133881bdd\/wp-content\/uploads\/2022\/03\/ASSURANCES3.jpg\" alt=\"\" class=\"wp-image-1779 size-full\"\/><\/figure><div class=\"wp-block-media-text__content\">\n<p class=\"has-medium-font-size\">Le r\u00f4le d&rsquo;un&nbsp;<strong>courtier<\/strong>&nbsp;en&nbsp;<strong>assurance<\/strong>&nbsp;est de trouver la meilleure&nbsp;<strong>assurance<\/strong>&nbsp;pour son client. Pour cela, il est charg\u00e9 d&rsquo;\u00e9tablir un diagnostic pr\u00e9cis des risques qui lui permet ensuite de proposer les meilleures garanties possibles.<\/p>\n<\/div><\/div>\n\n\n\n<div style=\"height:56px\" aria-hidden=\"true\" class=\"wp-block-spacer\"><\/div>\n\n\n\n<div class=\"wp-block-buttons is-content-justification-center is-layout-flex wp-container-core-buttons-is-layout-16018d1d wp-block-buttons-is-layout-flex\">\n<div class=\"wp-block-button\"><a class=\"wp-block-button__link\" href=\"https:\/\/www.espacefinance.com\/133881bdd\/assurances-particuliers-professionnel-entreprise\/assurances-particuliers-auto-habitation\/\" target=\"_blank\" rel=\"noreferrer noopener\">Assurances pour les Particuliers<\/a><\/div>\n\n\n\n<div class=\"wp-block-button\"><a class=\"wp-block-button__link has-colibri-color-2-background-color has-background\" href=\"https:\/\/www.espacefinance.com\/133881bdd\/assurances-particuliers-professionnel-entreprise\/assurances-professionnelles\/\" target=\"_blank\" rel=\"noreferrer noopener\">Assurances pour les Professionnels<\/a><\/div>\n<\/div>\n\n\n\n<hr class=\"wp-block-separator has-css-opacity\"\/>\n\n\n\n<div class=\"wp-block-buttons is-layout-flex wp-block-buttons-is-layout-flex\">\n<div class=\"wp-block-button aligncenter\"><a class=\"wp-block-button__link has-background\" href=\"https:\/\/www.espacefinance.com\/133881bdd\/assurances-particuliers-professionnel-entreprise\/assurances-particuliers-auto-habitation\/assurance-emprunteur-changer\/\" style=\"background-color:#22d618\">Assurance Emprunteur<\/a><\/div>\n<\/div>\n\n\n<div class=\"wp-block-image\">\n<figure class=\"aligncenter size-full is-resized\" id=\"courtier-assurances\"><img decoding=\"async\" src=\"https:\/\/www.espacefinance.com\/133881bdd\/wp-content\/uploads\/2022\/03\/ASSURANCES-PROFESSIONNELLES-ESPACE-FINANCE-LP-NIMES-av-coordonnees.jpg\" alt=\"assurances profesionnelles\" class=\"wp-image-276\" width=\"728\" height=\"497\" title=\"courtage assurances iard\" srcset=\"https:\/\/www.espacefinance.com\/133881bdd\/wp-content\/uploads\/2022\/03\/ASSURANCES-PROFESSIONNELLES-ESPACE-FINANCE-LP-NIMES-av-coordonnees.jpg 971w, https:\/\/www.espacefinance.com\/133881bdd\/wp-content\/uploads\/2022\/03\/ASSURANCES-PROFESSIONNELLES-ESPACE-FINANCE-LP-NIMES-av-coordonnees-300x205.jpg 300w, https:\/\/www.espacefinance.com\/133881bdd\/wp-content\/uploads\/2022\/03\/ASSURANCES-PROFESSIONNELLES-ESPACE-FINANCE-LP-NIMES-av-coordonnees-768x524.jpg 768w\" sizes=\"(max-width: 728px) 100vw, 728px\" \/><figcaption>assurances professionnelles et entreprises<\/figcaption><\/figure>\n<\/div>\n\n<div class=\"wp-block-image\">\n<figure class=\"aligncenter size-large\"><img decoding=\"async\" width=\"1024\" height=\"1024\" src=\"https:\/\/www.espacefinance.com\/133881bdd\/wp-content\/uploads\/2022\/05\/ASSURANCES-NUAGES-MOTS-1024x1024.webp\" alt=\"\" class=\"wp-image-2724\" srcset=\"https:\/\/www.espacefinance.com\/133881bdd\/wp-content\/uploads\/2022\/05\/ASSURANCES-NUAGES-MOTS.webp 1024w, https:\/\/www.espacefinance.com\/133881bdd\/wp-content\/uploads\/2022\/05\/ASSURANCES-NUAGES-MOTS-300x300.webp 300w, https:\/\/www.espacefinance.com\/133881bdd\/wp-content\/uploads\/2022\/05\/ASSURANCES-NUAGES-MOTS-150x150.webp 150w, https:\/\/www.espacefinance.com\/133881bdd\/wp-content\/uploads\/2022\/05\/ASSURANCES-NUAGES-MOTS-768x768.webp 768w\" sizes=\"(max-width: 1024px) 100vw, 1024px\" \/><figcaption>Assurances Nimes<\/figcaption><\/figure>\n<\/div>","protected":false},"excerpt":{"rendered":"<p>Le r\u00f4le d&rsquo;un&nbsp;courtier&nbsp;en&nbsp;assurance&nbsp;est de trouver la meilleure&nbsp;assurance&nbsp;pour son client. Pour cela, il est charg\u00e9 d&rsquo;\u00e9tablir un diagnostic pr\u00e9cis des risques qui lui permet ensuite de proposer les meilleures garanties possibles.<\/p>\n","protected":false},"author":1,"featured_media":268,"parent":0,"menu_order":0,"comment_status":"closed","ping_status":"closed","template":"","meta":{"footnotes":""},"class_list":["post-267","page","type-page","status-publish","has-post-thumbnail","hentry"],"yoast_head":"<!-- This site is optimized with the Yoast SEO Premium plugin v20.0 (Yoast SEO v27.5) - https:\/\/yoast.com\/product\/yoast-seo-premium-wordpress\/ -->\n<title>Assurances<\/title>\n<meta name=\"description\" content=\"Le r\u00f4le d&#039;un courtier en assurance est de trouver la meilleure assurance pour son client.\" \/>\n<meta name=\"robots\" content=\"index, follow, max-snippet:-1, max-image-preview:large, max-video-preview:-1\" \/>\n<link rel=\"canonical\" href=\"https:\/\/www.espacefinance.com\/133881bdd\/assurances-particuliers-professionnel-entreprise\/\" \/>\n<meta property=\"og:locale\" content=\"fr_FR\" \/>\n<meta property=\"og:type\" content=\"article\" \/>\n<meta property=\"og:title\" content=\"Assurances\" \/>\n<meta property=\"og:description\" content=\"Le r\u00f4le d&#039;un\u00a0courtier\u00a0en\u00a0assurance\u00a0est de trouver la meilleure\u00a0assurance\u00a0pour son client. Pour cela, il est charg\u00e9 d&#039;\u00e9tablir un diagnostic pr\u00e9cis des risques qui lui permet ensuite de proposer les meilleures garanties possibles.\" \/>\n<meta property=\"og:url\" content=\"https:\/\/www.espacefinance.com\/133881bdd\/assurances-particuliers-professionnel-entreprise\/\" \/>\n<meta property=\"og:site_name\" content=\"N\u00eemes - Cr\u00e9dit Immobilier &amp; Assurances\" \/>\n<meta property=\"article:publisher\" content=\"https:\/\/www.facebook.com\/ymanci.credit.immobilier.assurance\" \/>\n<meta property=\"article:modified_time\" content=\"2022-07-04T06:42:09+00:00\" \/>\n<meta property=\"og:image\" content=\"https:\/\/www.espacefinance.com\/133881bdd\/wp-content\/uploads\/2022\/03\/ASSURANCES1.jpg\" \/>\n\t<meta property=\"og:image:width\" content=\"275\" \/>\n\t<meta property=\"og:image:height\" content=\"183\" \/>\n\t<meta property=\"og:image:type\" content=\"image\/jpeg\" \/>\n<meta name=\"twitter:card\" content=\"summary_large_image\" \/>\n<meta name=\"twitter:description\" content=\"Le r\u00f4le d&#039;un\u00a0courtier\u00a0en\u00a0assurance\u00a0est de trouver la meilleure\u00a0assurance\u00a0pour son client. Pour cela, il est charg\u00e9 d&#039;\u00e9tablir un diagnostic pr\u00e9cis des risques qui lui permet ensuite de proposer les meilleures garanties possibles.\" \/>\n<meta name=\"twitter:site\" content=\"@YMANCI_NIMES\" \/>\n<meta name=\"twitter:label1\" content=\"Dur\u00e9e de lecture estim\u00e9e\" \/>\n\t<meta name=\"twitter:data1\" content=\"1 minute\" \/>\n<script type=\"application\/ld+json\" class=\"yoast-schema-graph\">{\"@context\":\"https:\\\/\\\/schema.org\",\"@graph\":[{\"@type\":\"WebPage\",\"@id\":\"https:\\\/\\\/www.espacefinance.com\\\/133881bdd\\\/assurances-particuliers-professionnel-entreprise\\\/\",\"url\":\"https:\\\/\\\/www.espacefinance.com\\\/133881bdd\\\/assurances-particuliers-professionnel-entreprise\\\/\",\"name\":\"Assurances\",\"isPartOf\":{\"@id\":\"https:\\\/\\\/www.espacefinance.com\\\/133881bdd\\\/#website\"},\"primaryImageOfPage\":{\"@id\":\"https:\\\/\\\/www.espacefinance.com\\\/133881bdd\\\/assurances-particuliers-professionnel-entreprise\\\/#primaryimage\"},\"image\":{\"@id\":\"https:\\\/\\\/www.espacefinance.com\\\/133881bdd\\\/assurances-particuliers-professionnel-entreprise\\\/#primaryimage\"},\"thumbnailUrl\":\"https:\\\/\\\/www.espacefinance.com\\\/133881bdd\\\/wp-content\\\/uploads\\\/2022\\\/03\\\/ASSURANCES1.jpg\",\"datePublished\":\"2022-03-01T07:25:45+00:00\",\"dateModified\":\"2022-07-04T06:42:09+00:00\",\"description\":\"Le r\u00f4le d'un courtier en assurance est de trouver la meilleure assurance pour son client.\",\"breadcrumb\":{\"@id\":\"https:\\\/\\\/www.espacefinance.com\\\/133881bdd\\\/assurances-particuliers-professionnel-entreprise\\\/#breadcrumb\"},\"inLanguage\":\"fr-FR\",\"potentialAction\":[{\"@type\":\"ReadAction\",\"target\":[\"https:\\\/\\\/www.espacefinance.com\\\/133881bdd\\\/assurances-particuliers-professionnel-entreprise\\\/\"]}]},{\"@type\":\"ImageObject\",\"inLanguage\":\"fr-FR\",\"@id\":\"https:\\\/\\\/www.espacefinance.com\\\/133881bdd\\\/assurances-particuliers-professionnel-entreprise\\\/#primaryimage\",\"url\":\"https:\\\/\\\/www.espacefinance.com\\\/133881bdd\\\/wp-content\\\/uploads\\\/2022\\\/03\\\/ASSURANCES1.jpg\",\"contentUrl\":\"https:\\\/\\\/www.espacefinance.com\\\/133881bdd\\\/wp-content\\\/uploads\\\/2022\\\/03\\\/ASSURANCES1.jpg\",\"width\":275,\"height\":183,\"caption\":\"assurances particulier & professionnelle\"},{\"@type\":\"BreadcrumbList\",\"@id\":\"https:\\\/\\\/www.espacefinance.com\\\/133881bdd\\\/assurances-particuliers-professionnel-entreprise\\\/#breadcrumb\",\"itemListElement\":[{\"@type\":\"ListItem\",\"position\":1,\"name\":\"Accueil\",\"item\":\"https:\\\/\\\/www.espacefinance.com\\\/133881bdd\\\/\"},{\"@type\":\"ListItem\",\"position\":2,\"name\":\"Courtage en Assurances\"}]},{\"@type\":\"WebSite\",\"@id\":\"https:\\\/\\\/www.espacefinance.com\\\/133881bdd\\\/#website\",\"url\":\"https:\\\/\\\/www.espacefinance.com\\\/133881bdd\\\/\",\"name\":\"N\u00eemes - Cr\u00e9dit Immobilier &amp; Assurances\",\"description\":\"Notre expertise \u00e0 votre service en toute transparence\",\"publisher\":{\"@id\":\"https:\\\/\\\/www.espacefinance.com\\\/133881bdd\\\/#organization\"},\"potentialAction\":[{\"@type\":\"SearchAction\",\"target\":{\"@type\":\"EntryPoint\",\"urlTemplate\":\"https:\\\/\\\/www.espacefinance.com\\\/133881bdd\\\/?s={search_term_string}\"},\"query-input\":{\"@type\":\"PropertyValueSpecification\",\"valueRequired\":true,\"valueName\":\"search_term_string\"}}],\"inLanguage\":\"fr-FR\"},{\"@type\":\"Organization\",\"@id\":\"https:\\\/\\\/www.espacefinance.com\\\/133881bdd\\\/#organization\",\"name\":\"ESPACE FINANCE LP\",\"url\":\"https:\\\/\\\/www.espacefinance.com\\\/133881bdd\\\/\",\"logo\":{\"@type\":\"ImageObject\",\"inLanguage\":\"fr-FR\",\"@id\":\"https:\\\/\\\/www.espacefinance.com\\\/133881bdd\\\/#\\\/schema\\\/logo\\\/image\\\/\",\"url\":\"https:\\\/\\\/www.espacefinance.com\\\/133881bdd\\\/wp-content\\\/uploads\\\/2022\\\/03\\\/LOGO-ESFI-YMANCI-022022.jpg\",\"contentUrl\":\"https:\\\/\\\/www.espacefinance.com\\\/133881bdd\\\/wp-content\\\/uploads\\\/2022\\\/03\\\/LOGO-ESFI-YMANCI-022022.jpg\",\"width\":1273,\"height\":710,\"caption\":\"ESPACE FINANCE LP\"},\"image\":{\"@id\":\"https:\\\/\\\/www.espacefinance.com\\\/133881bdd\\\/#\\\/schema\\\/logo\\\/image\\\/\"},\"sameAs\":[\"https:\\\/\\\/www.facebook.com\\\/ymanci.credit.immobilier.assurance\",\"https:\\\/\\\/x.com\\\/YMANCI_NIMES\",\"https:\\\/\\\/www.instagram.com\\\/espacefinancelp_ymanci_nimes\\\/?hl=fr\",\"https:\\\/\\\/www.linkedin.com\\\/showcase\\\/ymanci-nmes\\\/\",\"https:\\\/\\\/www.youtube.com\\\/channel\\\/UC1PRm7p_QVdRMUaS_Hq6zwA\"]}]}<\/script>\n<!-- \/ Yoast SEO Premium plugin. -->","yoast_head_json":{"title":"Assurances","description":"Le r\u00f4le d'un courtier en assurance est de trouver la meilleure assurance pour son client.","robots":{"index":"index","follow":"follow","max-snippet":"max-snippet:-1","max-image-preview":"max-image-preview:large","max-video-preview":"max-video-preview:-1"},"canonical":"https:\/\/www.espacefinance.com\/133881bdd\/assurances-particuliers-professionnel-entreprise\/","og_locale":"fr_FR","og_type":"article","og_title":"Assurances","og_description":"Le r\u00f4le d'un\u00a0courtier\u00a0en\u00a0assurance\u00a0est de trouver la meilleure\u00a0assurance\u00a0pour son client. Pour cela, il est charg\u00e9 d'\u00e9tablir un diagnostic pr\u00e9cis des risques qui lui permet ensuite de proposer les meilleures garanties possibles.","og_url":"https:\/\/www.espacefinance.com\/133881bdd\/assurances-particuliers-professionnel-entreprise\/","og_site_name":"N\u00eemes - Cr\u00e9dit Immobilier &amp; Assurances","article_publisher":"https:\/\/www.facebook.com\/ymanci.credit.immobilier.assurance","article_modified_time":"2022-07-04T06:42:09+00:00","og_image":[{"width":275,"height":183,"url":"https:\/\/www.espacefinance.com\/133881bdd\/wp-content\/uploads\/2022\/03\/ASSURANCES1.jpg","type":"image\/jpeg"}],"twitter_card":"summary_large_image","twitter_description":"Le r\u00f4le d'un\u00a0courtier\u00a0en\u00a0assurance\u00a0est de trouver la meilleure\u00a0assurance\u00a0pour son client. Pour cela, il est charg\u00e9 d'\u00e9tablir un diagnostic pr\u00e9cis des risques qui lui permet ensuite de proposer les meilleures garanties possibles.","twitter_site":"@YMANCI_NIMES","twitter_misc":{"Dur\u00e9e de lecture estim\u00e9e":"1 minute"},"schema":{"@context":"https:\/\/schema.org","@graph":[{"@type":"WebPage","@id":"https:\/\/www.espacefinance.com\/133881bdd\/assurances-particuliers-professionnel-entreprise\/","url":"https:\/\/www.espacefinance.com\/133881bdd\/assurances-particuliers-professionnel-entreprise\/","name":"Assurances","isPartOf":{"@id":"https:\/\/www.espacefinance.com\/133881bdd\/#website"},"primaryImageOfPage":{"@id":"https:\/\/www.espacefinance.com\/133881bdd\/assurances-particuliers-professionnel-entreprise\/#primaryimage"},"image":{"@id":"https:\/\/www.espacefinance.com\/133881bdd\/assurances-particuliers-professionnel-entreprise\/#primaryimage"},"thumbnailUrl":"https:\/\/www.espacefinance.com\/133881bdd\/wp-content\/uploads\/2022\/03\/ASSURANCES1.jpg","datePublished":"2022-03-01T07:25:45+00:00","dateModified":"2022-07-04T06:42:09+00:00","description":"Le r\u00f4le d'un courtier en assurance est de trouver la meilleure assurance pour son client.","breadcrumb":{"@id":"https:\/\/www.espacefinance.com\/133881bdd\/assurances-particuliers-professionnel-entreprise\/#breadcrumb"},"inLanguage":"fr-FR","potentialAction":[{"@type":"ReadAction","target":["https:\/\/www.espacefinance.com\/133881bdd\/assurances-particuliers-professionnel-entreprise\/"]}]},{"@type":"ImageObject","inLanguage":"fr-FR","@id":"https:\/\/www.espacefinance.com\/133881bdd\/assurances-particuliers-professionnel-entreprise\/#primaryimage","url":"https:\/\/www.espacefinance.com\/133881bdd\/wp-content\/uploads\/2022\/03\/ASSURANCES1.jpg","contentUrl":"https:\/\/www.espacefinance.com\/133881bdd\/wp-content\/uploads\/2022\/03\/ASSURANCES1.jpg","width":275,"height":183,"caption":"assurances particulier & professionnelle"},{"@type":"BreadcrumbList","@id":"https:\/\/www.espacefinance.com\/133881bdd\/assurances-particuliers-professionnel-entreprise\/#breadcrumb","itemListElement":[{"@type":"ListItem","position":1,"name":"Accueil","item":"https:\/\/www.espacefinance.com\/133881bdd\/"},{"@type":"ListItem","position":2,"name":"Courtage en Assurances"}]},{"@type":"WebSite","@id":"https:\/\/www.espacefinance.com\/133881bdd\/#website","url":"https:\/\/www.espacefinance.com\/133881bdd\/","name":"N\u00eemes - Cr\u00e9dit Immobilier &amp; Assurances","description":"Notre expertise \u00e0 votre service en toute transparence","publisher":{"@id":"https:\/\/www.espacefinance.com\/133881bdd\/#organization"},"potentialAction":[{"@type":"SearchAction","target":{"@type":"EntryPoint","urlTemplate":"https:\/\/www.espacefinance.com\/133881bdd\/?s={search_term_string}"},"query-input":{"@type":"PropertyValueSpecification","valueRequired":true,"valueName":"search_term_string"}}],"inLanguage":"fr-FR"},{"@type":"Organization","@id":"https:\/\/www.espacefinance.com\/133881bdd\/#organization","name":"ESPACE FINANCE LP","url":"https:\/\/www.espacefinance.com\/133881bdd\/","logo":{"@type":"ImageObject","inLanguage":"fr-FR","@id":"https:\/\/www.espacefinance.com\/133881bdd\/#\/schema\/logo\/image\/","url":"https:\/\/www.espacefinance.com\/133881bdd\/wp-content\/uploads\/2022\/03\/LOGO-ESFI-YMANCI-022022.jpg","contentUrl":"https:\/\/www.espacefinance.com\/133881bdd\/wp-content\/uploads\/2022\/03\/LOGO-ESFI-YMANCI-022022.jpg","width":1273,"height":710,"caption":"ESPACE FINANCE LP"},"image":{"@id":"https:\/\/www.espacefinance.com\/133881bdd\/#\/schema\/logo\/image\/"},"sameAs":["https:\/\/www.facebook.com\/ymanci.credit.immobilier.assurance","https:\/\/x.com\/YMANCI_NIMES","https:\/\/www.instagram.com\/espacefinancelp_ymanci_nimes\/?hl=fr","https:\/\/www.linkedin.com\/showcase\/ymanci-nmes\/","https:\/\/www.youtube.com\/channel\/UC1PRm7p_QVdRMUaS_Hq6zwA"]}]}},"_links":{"self":[{"href":"https:\/\/www.espacefinance.com\/133881bdd\/wp-json\/wp\/v2\/pages\/267","targetHints":{"allow":["GET"]}}],"collection":[{"href":"https:\/\/www.espacefinance.com\/133881bdd\/wp-json\/wp\/v2\/pages"}],"about":[{"href":"https:\/\/www.espacefinance.com\/133881bdd\/wp-json\/wp\/v2\/types\/page"}],"author":[{"embeddable":true,"href":"https:\/\/www.espacefinance.com\/133881bdd\/wp-json\/wp\/v2\/users\/1"}],"replies":[{"embeddable":true,"href":"https:\/\/www.espacefinance.com\/133881bdd\/wp-json\/wp\/v2\/comments?post=267"}],"version-history":[{"count":0,"href":"https:\/\/www.espacefinance.com\/133881bdd\/wp-json\/wp\/v2\/pages\/267\/revisions"}],"wp:featuredmedia":[{"embeddable":true,"href":"https:\/\/www.espacefinance.com\/133881bdd\/wp-json\/wp\/v2\/media\/268"}],"wp:attachment":[{"href":"https:\/\/www.espacefinance.com\/133881bdd\/wp-json\/wp\/v2\/media?parent=267"}],"curies":[{"name":"wp","href":"https:\/\/api.w.org\/{rel}","templated":true}]}}