{"id":2665,"date":"2022-05-13T08:48:59","date_gmt":"2022-05-13T06:48:59","guid":{"rendered":"https:\/\/www.espacefinance.com\/133881bdd\/?page_id=2665"},"modified":"2022-05-13T09:08:08","modified_gmt":"2022-05-13T07:08:08","slug":"assurance-obligatoire","status":"publish","type":"page","link":"https:\/\/www.espacefinance.com\/133881bdd\/assurance-obligatoire\/","title":{"rendered":"Les 2 Roues"},"content":{"rendered":"\n<h2 class=\"wp-block-heading\" id=\"h-pourquoi-bien-assurer-sa-moto-son-scooter-son-velo-electrique\">Pourquoi bien assurer sa moto, son scooter, son v\u00e9lo \u00e9lectrique&#8230;?<\/h2>\n\n\n\n<p><\/p>\n\n\n\n<figure class=\"wp-block-image size-full is-resized\"><img decoding=\"async\" src=\"https:\/\/www.espacefinance.com\/133881bdd\/wp-content\/uploads\/2022\/05\/infographie_2roues_risques-2-roues-1024x702@.webp\" alt=\"une bonne assurance 2 ou 3 roues\n#s\u00e9curit\u00e9routi\u00e8re #assurancesobligatoires #moto #scooter #assurancemoto\" class=\"wp-image-2671\" width=\"416\" height=\"285\" srcset=\"https:\/\/www.espacefinance.com\/133881bdd\/wp-content\/uploads\/2022\/05\/infographie_2roues_risques-2-roues-1024x702@.webp 554w, https:\/\/www.espacefinance.com\/133881bdd\/wp-content\/uploads\/2022\/05\/infographie_2roues_risques-2-roues-1024x702@-300x206.webp 300w\" sizes=\"(max-width: 416px) 100vw, 416px\" \/><figcaption>Les risques de la conduite d&rsquo;un 2 ou 3 roues<\/figcaption><\/figure>\n\n\n\n<h2 class=\"wp-block-heading\" id=\"h-obligation-d-assurance\">Obligation d&rsquo;assurance<\/h2>\n\n\n\n<p><a href=\"https:\/\/www.service-public.fr\/particuliers\/vosdroits\/F2628\" target=\"_blank\" rel=\"noreferrer noopener\">L&rsquo;obligation d&rsquo;assurance<\/a>&nbsp;s&rsquo;applique \u00e0 tout v\u00e9hicule terrestre \u00e0 moteur qui peut \u00eatre en circulation, que ce soit&nbsp;:<\/p>\n\n\n\n<ul class=\"wp-block-list\"><li>une voiture particuli\u00e8re, sans-permis ou un utilitaire,<\/li><li><strong><mark style=\"background-color:rgba(0, 0, 0, 0)\" class=\"has-inline-color has-colibri-color-1-color\">ou un 2 ou 3 roues (moto, scooter),<\/mark><\/strong><\/li><li><strong><mark style=\"background-color:rgba(0, 0, 0, 0)\" class=\"has-inline-color has-colibri-color-2-color\">ou un quad, m\u00eame non-homologu\u00e9<\/mark> <\/strong>(comme une mini-moto par exemple),<\/li><li><strong>mais aussi une tondeuse auto-port\u00e9e<\/strong> (avec un si\u00e8ge permettant au conducteur de le man\u0153uvrer)<\/li><\/ul>\n\n\n\n<figure class=\"wp-block-image size-full is-resized\"><img decoding=\"async\" src=\"https:\/\/www.espacefinance.com\/133881bdd\/wp-content\/uploads\/2022\/05\/ASSURANCES-2-ROUES-1.webp\" alt=\"\" class=\"wp-image-2667\" width=\"237\" height=\"237\" srcset=\"https:\/\/www.espacefinance.com\/133881bdd\/wp-content\/uploads\/2022\/05\/ASSURANCES-2-ROUES-1.webp 474w, https:\/\/www.espacefinance.com\/133881bdd\/wp-content\/uploads\/2022\/05\/ASSURANCES-2-ROUES-1-300x300.webp 300w, https:\/\/www.espacefinance.com\/133881bdd\/wp-content\/uploads\/2022\/05\/ASSURANCES-2-ROUES-1-150x150.webp 150w\" sizes=\"(max-width: 237px) 100vw, 237px\" \/><\/figure>\n\n\n\n<h2 class=\"wp-block-heading\" id=\"h-accessoires-obligatoires\">Acc\u00e9ssoires obligatoires<\/h2>\n\n\n\n<p>Accessoires obligatoires pour un 2 ou 3 roues \u00e0 moteur (moto, scooter &#8230;).<\/p>\n\n\n\n<p>Pour circuler en France avec un 2 ou 3 roues (moto, scooter&#8230;.) ou un quadricycle \u00e0 moteur (quad), plusieurs \u00e9quipements sont obligatoires&nbsp;: casque, gants, gilet, phares&#8230; Ces \u00e9quipements sont n\u00e9cessaires \u00e0 la s\u00e9curit\u00e9 des passagers ou des autres usagers de la route. L&rsquo;absence de ces \u00e9quipements constitue une&nbsp;<em>infraction: Acte interdit par la loi et passible de sanctions p\u00e9nales<\/em>&nbsp;et entra\u00eene une contravention. Certains \u00e9quipements de protection individuelle ne sont pas obligatoires mais adapt\u00e9s&nbsp;: blouson, pantalon, chaussures, airbag&#8230;<\/p>\n\n\n\n<p><a href=\"https:\/\/www.service-public.fr\/particuliers\/vosdroits\/F34168\" target=\"_blank\" rel=\"noreferrer noopener\">En savoir plus&#8230;.<\/a><\/p>\n\n\n\n<figure class=\"wp-block-gallery has-nested-images columns-default is-cropped wp-block-gallery-1 is-layout-flex wp-block-gallery-is-layout-flex\">\n<figure class=\"wp-block-image size-full\"><img decoding=\"async\" width=\"671\" height=\"380\" data-id=\"2670\" src=\"https:\/\/www.espacefinance.com\/133881bdd\/wp-content\/uploads\/2022\/05\/Equipement-2-roues.webp\" alt=\"\" class=\"wp-image-2670\" srcset=\"https:\/\/www.espacefinance.com\/133881bdd\/wp-content\/uploads\/2022\/05\/Equipement-2-roues.webp 671w, https:\/\/www.espacefinance.com\/133881bdd\/wp-content\/uploads\/2022\/05\/Equipement-2-roues-300x170.webp 300w\" sizes=\"(max-width: 671px) 100vw, 671px\" \/><figcaption>Equipements moto obligatoires<\/figcaption><\/figure>\n<\/figure>\n\n\n\n<figure class=\"wp-block-image size-full is-resized\"><img decoding=\"async\" src=\"https:\/\/www.espacefinance.com\/133881bdd\/wp-content\/uploads\/2022\/05\/trotinette-electrique.webp\" alt=\"Equipement Trotinette Electrique Obligatoire\n#trotinette\u00e9l\u00e9ctrique\" class=\"wp-image-2668\" width=\"356\" height=\"356\" srcset=\"https:\/\/www.espacefinance.com\/133881bdd\/wp-content\/uploads\/2022\/05\/trotinette-electrique.webp 474w, https:\/\/www.espacefinance.com\/133881bdd\/wp-content\/uploads\/2022\/05\/trotinette-electrique-300x300.webp 300w, https:\/\/www.espacefinance.com\/133881bdd\/wp-content\/uploads\/2022\/05\/trotinette-electrique-150x150.webp 150w\" sizes=\"(max-width: 356px) 100vw, 356px\" \/><figcaption>\u00c9quipements trottinette \u00e9lectrique <\/figcaption><\/figure>\n\n\n\n<figure class=\"wp-block-image size-full is-resized\"><img decoding=\"async\" src=\"https:\/\/www.espacefinance.com\/133881bdd\/wp-content\/uploads\/2022\/05\/accessoires-2-roues-obligatoires-amendes.jpg\" alt=\"\" class=\"wp-image-2669\" width=\"480\" height=\"477\" srcset=\"https:\/\/www.espacefinance.com\/133881bdd\/wp-content\/uploads\/2022\/05\/accessoires-2-roues-obligatoires-amendes.jpg 640w, https:\/\/www.espacefinance.com\/133881bdd\/wp-content\/uploads\/2022\/05\/accessoires-2-roues-obligatoires-amendes-300x298.jpg 300w, https:\/\/www.espacefinance.com\/133881bdd\/wp-content\/uploads\/2022\/05\/accessoires-2-roues-obligatoires-amendes-150x150.jpg 150w\" sizes=\"(max-width: 480px) 100vw, 480px\" \/><figcaption>Amendes absence \u00e9quipements obligatoires<\/figcaption><\/figure>\n","protected":false},"excerpt":{"rendered":"<p>Pourquoi bien assurer sa moto, son scooter, son v\u00e9lo \u00e9lectrique&#8230;? Obligation d&rsquo;assurance L&rsquo;obligation d&rsquo;assurance&nbsp;s&rsquo;applique \u00e0 tout v\u00e9hicule terrestre \u00e0 moteur qui peut \u00eatre en circulation, que ce soit&nbsp;: une voiture particuli\u00e8re, sans-permis ou un utilitaire, ou un 2 ou 3 roues (moto, scooter), ou un quad, m\u00eame non-homologu\u00e9 (comme une mini-moto par exemple), mais aussi [&hellip;]<\/p>\n","protected":false},"author":1,"featured_media":2666,"parent":0,"menu_order":0,"comment_status":"closed","ping_status":"closed","template":"","meta":{"footnotes":""},"class_list":["post-2665","page","type-page","status-publish","has-post-thumbnail","hentry"],"yoast_head":"<!-- This site is optimized with the Yoast SEO Premium plugin v20.0 (Yoast SEO v27.5) - https:\/\/yoast.com\/product\/yoast-seo-premium-wordpress\/ -->\n<title>Les 2 Roues - N\u00eemes - Cr\u00e9dit Immobilier &amp; Assurances<\/title>\n<meta name=\"description\" content=\"L&#039;obligation d&#039;assurance\u00a0s&#039;applique \u00e0 tout v\u00e9hicule terrestre \u00e0 moteur qui peut \u00eatre en circulation\" \/>\n<meta name=\"robots\" content=\"index, follow, max-snippet:-1, max-image-preview:large, max-video-preview:-1\" \/>\n<link rel=\"canonical\" href=\"https:\/\/www.espacefinance.com\/133881bdd\/?page_id=2665\" \/>\n<meta property=\"og:locale\" content=\"fr_FR\" \/>\n<meta property=\"og:type\" content=\"article\" \/>\n<meta property=\"og:title\" content=\"Les 2 Roues\" \/>\n<meta property=\"og:description\" content=\"L&#039;obligation d&#039;assurance\u00a0s&#039;applique \u00e0 tout v\u00e9hicule terrestre \u00e0 moteur qui peut \u00eatre en circulation\" \/>\n<meta property=\"og:url\" content=\"https:\/\/www.espacefinance.com\/133881bdd\/?page_id=2665\" \/>\n<meta property=\"og:site_name\" content=\"N\u00eemes - Cr\u00e9dit Immobilier &amp; Assurances\" \/>\n<meta property=\"article:publisher\" content=\"https:\/\/www.facebook.com\/ymanci.credit.immobilier.assurance\" \/>\n<meta property=\"article:modified_time\" content=\"2022-05-13T07:08:08+00:00\" \/>\n<meta property=\"og:image\" content=\"https:\/\/www.espacefinance.com\/133881bdd\/wp-content\/uploads\/2022\/05\/ASSURANCES-2-ROUES.webp\" \/>\n\t<meta property=\"og:image:width\" content=\"474\" \/>\n\t<meta property=\"og:image:height\" content=\"474\" \/>\n\t<meta property=\"og:image:type\" content=\"image\/webp\" \/>\n<meta name=\"twitter:card\" content=\"summary_large_image\" \/>\n<meta name=\"twitter:site\" content=\"@YMANCI_NIMES\" \/>\n<meta name=\"twitter:label1\" content=\"Dur\u00e9e de lecture estim\u00e9e\" \/>\n\t<meta name=\"twitter:data1\" content=\"2 minutes\" \/>\n<script type=\"application\/ld+json\" class=\"yoast-schema-graph\">{\"@context\":\"https:\\\/\\\/schema.org\",\"@graph\":[{\"@type\":\"WebPage\",\"@id\":\"https:\\\/\\\/www.espacefinance.com\\\/133881bdd\\\/assurance-obligatoire\\\/\",\"url\":\"https:\\\/\\\/www.espacefinance.com\\\/133881bdd\\\/?page_id=2665\",\"name\":\"Les 2 Roues - N\u00eemes - Cr\u00e9dit Immobilier &amp; Assurances\",\"isPartOf\":{\"@id\":\"https:\\\/\\\/www.espacefinance.com\\\/133881bdd\\\/#website\"},\"primaryImageOfPage\":{\"@id\":\"https:\\\/\\\/www.espacefinance.com\\\/133881bdd\\\/?page_id=2665#primaryimage\"},\"image\":{\"@id\":\"https:\\\/\\\/www.espacefinance.com\\\/133881bdd\\\/?page_id=2665#primaryimage\"},\"thumbnailUrl\":\"https:\\\/\\\/www.espacefinance.com\\\/133881bdd\\\/wp-content\\\/uploads\\\/2022\\\/05\\\/ASSURANCES-2-ROUES.webp\",\"datePublished\":\"2022-05-13T06:48:59+00:00\",\"dateModified\":\"2022-05-13T07:08:08+00:00\",\"description\":\"L'obligation d'assurance\u00a0s'applique \u00e0 tout v\u00e9hicule terrestre \u00e0 moteur qui peut \u00eatre en circulation\",\"breadcrumb\":{\"@id\":\"https:\\\/\\\/www.espacefinance.com\\\/133881bdd\\\/?page_id=2665#breadcrumb\"},\"inLanguage\":\"fr-FR\",\"potentialAction\":[{\"@type\":\"ReadAction\",\"target\":[\"https:\\\/\\\/www.espacefinance.com\\\/133881bdd\\\/?page_id=2665\"]}]},{\"@type\":\"ImageObject\",\"inLanguage\":\"fr-FR\",\"@id\":\"https:\\\/\\\/www.espacefinance.com\\\/133881bdd\\\/?page_id=2665#primaryimage\",\"url\":\"https:\\\/\\\/www.espacefinance.com\\\/133881bdd\\\/wp-content\\\/uploads\\\/2022\\\/05\\\/ASSURANCES-2-ROUES.webp\",\"contentUrl\":\"https:\\\/\\\/www.espacefinance.com\\\/133881bdd\\\/wp-content\\\/uploads\\\/2022\\\/05\\\/ASSURANCES-2-ROUES.webp\",\"width\":474,\"height\":474,\"caption\":\"Assurances 2 ou 3 roues\"},{\"@type\":\"BreadcrumbList\",\"@id\":\"https:\\\/\\\/www.espacefinance.com\\\/133881bdd\\\/?page_id=2665#breadcrumb\",\"itemListElement\":[{\"@type\":\"ListItem\",\"position\":1,\"name\":\"Accueil\",\"item\":\"https:\\\/\\\/www.espacefinance.com\\\/133881bdd\\\/\"},{\"@type\":\"ListItem\",\"position\":2,\"name\":\"Les 2 Roues\"}]},{\"@type\":\"WebSite\",\"@id\":\"https:\\\/\\\/www.espacefinance.com\\\/133881bdd\\\/#website\",\"url\":\"https:\\\/\\\/www.espacefinance.com\\\/133881bdd\\\/\",\"name\":\"N\u00eemes - Cr\u00e9dit Immobilier &amp; Assurances\",\"description\":\"Notre expertise \u00e0 votre service en toute transparence\",\"publisher\":{\"@id\":\"https:\\\/\\\/www.espacefinance.com\\\/133881bdd\\\/#organization\"},\"potentialAction\":[{\"@type\":\"SearchAction\",\"target\":{\"@type\":\"EntryPoint\",\"urlTemplate\":\"https:\\\/\\\/www.espacefinance.com\\\/133881bdd\\\/?s={search_term_string}\"},\"query-input\":{\"@type\":\"PropertyValueSpecification\",\"valueRequired\":true,\"valueName\":\"search_term_string\"}}],\"inLanguage\":\"fr-FR\"},{\"@type\":\"Organization\",\"@id\":\"https:\\\/\\\/www.espacefinance.com\\\/133881bdd\\\/#organization\",\"name\":\"ESPACE FINANCE LP\",\"url\":\"https:\\\/\\\/www.espacefinance.com\\\/133881bdd\\\/\",\"logo\":{\"@type\":\"ImageObject\",\"inLanguage\":\"fr-FR\",\"@id\":\"https:\\\/\\\/www.espacefinance.com\\\/133881bdd\\\/#\\\/schema\\\/logo\\\/image\\\/\",\"url\":\"https:\\\/\\\/www.espacefinance.com\\\/133881bdd\\\/wp-content\\\/uploads\\\/2022\\\/03\\\/LOGO-ESFI-YMANCI-022022.jpg\",\"contentUrl\":\"https:\\\/\\\/www.espacefinance.com\\\/133881bdd\\\/wp-content\\\/uploads\\\/2022\\\/03\\\/LOGO-ESFI-YMANCI-022022.jpg\",\"width\":1273,\"height\":710,\"caption\":\"ESPACE FINANCE LP\"},\"image\":{\"@id\":\"https:\\\/\\\/www.espacefinance.com\\\/133881bdd\\\/#\\\/schema\\\/logo\\\/image\\\/\"},\"sameAs\":[\"https:\\\/\\\/www.facebook.com\\\/ymanci.credit.immobilier.assurance\",\"https:\\\/\\\/x.com\\\/YMANCI_NIMES\",\"https:\\\/\\\/www.instagram.com\\\/espacefinancelp_ymanci_nimes\\\/?hl=fr\",\"https:\\\/\\\/www.linkedin.com\\\/showcase\\\/ymanci-nmes\\\/\",\"https:\\\/\\\/www.youtube.com\\\/channel\\\/UC1PRm7p_QVdRMUaS_Hq6zwA\"]}]}<\/script>\n<!-- \/ Yoast SEO Premium plugin. -->","yoast_head_json":{"title":"Les 2 Roues - N\u00eemes - Cr\u00e9dit Immobilier &amp; Assurances","description":"L'obligation d'assurance\u00a0s'applique \u00e0 tout v\u00e9hicule terrestre \u00e0 moteur qui peut \u00eatre en circulation","robots":{"index":"index","follow":"follow","max-snippet":"max-snippet:-1","max-image-preview":"max-image-preview:large","max-video-preview":"max-video-preview:-1"},"canonical":"https:\/\/www.espacefinance.com\/133881bdd\/?page_id=2665","og_locale":"fr_FR","og_type":"article","og_title":"Les 2 Roues","og_description":"L'obligation d'assurance\u00a0s'applique \u00e0 tout v\u00e9hicule terrestre \u00e0 moteur qui peut \u00eatre en circulation","og_url":"https:\/\/www.espacefinance.com\/133881bdd\/?page_id=2665","og_site_name":"N\u00eemes - Cr\u00e9dit Immobilier &amp; Assurances","article_publisher":"https:\/\/www.facebook.com\/ymanci.credit.immobilier.assurance","article_modified_time":"2022-05-13T07:08:08+00:00","og_image":[{"width":474,"height":474,"url":"https:\/\/www.espacefinance.com\/133881bdd\/wp-content\/uploads\/2022\/05\/ASSURANCES-2-ROUES.webp","type":"image\/webp"}],"twitter_card":"summary_large_image","twitter_site":"@YMANCI_NIMES","twitter_misc":{"Dur\u00e9e de lecture estim\u00e9e":"2 minutes"},"schema":{"@context":"https:\/\/schema.org","@graph":[{"@type":"WebPage","@id":"https:\/\/www.espacefinance.com\/133881bdd\/assurance-obligatoire\/","url":"https:\/\/www.espacefinance.com\/133881bdd\/?page_id=2665","name":"Les 2 Roues - N\u00eemes - Cr\u00e9dit Immobilier &amp; Assurances","isPartOf":{"@id":"https:\/\/www.espacefinance.com\/133881bdd\/#website"},"primaryImageOfPage":{"@id":"https:\/\/www.espacefinance.com\/133881bdd\/?page_id=2665#primaryimage"},"image":{"@id":"https:\/\/www.espacefinance.com\/133881bdd\/?page_id=2665#primaryimage"},"thumbnailUrl":"https:\/\/www.espacefinance.com\/133881bdd\/wp-content\/uploads\/2022\/05\/ASSURANCES-2-ROUES.webp","datePublished":"2022-05-13T06:48:59+00:00","dateModified":"2022-05-13T07:08:08+00:00","description":"L'obligation d'assurance\u00a0s'applique \u00e0 tout v\u00e9hicule terrestre \u00e0 moteur qui peut \u00eatre en circulation","breadcrumb":{"@id":"https:\/\/www.espacefinance.com\/133881bdd\/?page_id=2665#breadcrumb"},"inLanguage":"fr-FR","potentialAction":[{"@type":"ReadAction","target":["https:\/\/www.espacefinance.com\/133881bdd\/?page_id=2665"]}]},{"@type":"ImageObject","inLanguage":"fr-FR","@id":"https:\/\/www.espacefinance.com\/133881bdd\/?page_id=2665#primaryimage","url":"https:\/\/www.espacefinance.com\/133881bdd\/wp-content\/uploads\/2022\/05\/ASSURANCES-2-ROUES.webp","contentUrl":"https:\/\/www.espacefinance.com\/133881bdd\/wp-content\/uploads\/2022\/05\/ASSURANCES-2-ROUES.webp","width":474,"height":474,"caption":"Assurances 2 ou 3 roues"},{"@type":"BreadcrumbList","@id":"https:\/\/www.espacefinance.com\/133881bdd\/?page_id=2665#breadcrumb","itemListElement":[{"@type":"ListItem","position":1,"name":"Accueil","item":"https:\/\/www.espacefinance.com\/133881bdd\/"},{"@type":"ListItem","position":2,"name":"Les 2 Roues"}]},{"@type":"WebSite","@id":"https:\/\/www.espacefinance.com\/133881bdd\/#website","url":"https:\/\/www.espacefinance.com\/133881bdd\/","name":"N\u00eemes - Cr\u00e9dit Immobilier &amp; Assurances","description":"Notre expertise \u00e0 votre service en toute transparence","publisher":{"@id":"https:\/\/www.espacefinance.com\/133881bdd\/#organization"},"potentialAction":[{"@type":"SearchAction","target":{"@type":"EntryPoint","urlTemplate":"https:\/\/www.espacefinance.com\/133881bdd\/?s={search_term_string}"},"query-input":{"@type":"PropertyValueSpecification","valueRequired":true,"valueName":"search_term_string"}}],"inLanguage":"fr-FR"},{"@type":"Organization","@id":"https:\/\/www.espacefinance.com\/133881bdd\/#organization","name":"ESPACE FINANCE LP","url":"https:\/\/www.espacefinance.com\/133881bdd\/","logo":{"@type":"ImageObject","inLanguage":"fr-FR","@id":"https:\/\/www.espacefinance.com\/133881bdd\/#\/schema\/logo\/image\/","url":"https:\/\/www.espacefinance.com\/133881bdd\/wp-content\/uploads\/2022\/03\/LOGO-ESFI-YMANCI-022022.jpg","contentUrl":"https:\/\/www.espacefinance.com\/133881bdd\/wp-content\/uploads\/2022\/03\/LOGO-ESFI-YMANCI-022022.jpg","width":1273,"height":710,"caption":"ESPACE FINANCE LP"},"image":{"@id":"https:\/\/www.espacefinance.com\/133881bdd\/#\/schema\/logo\/image\/"},"sameAs":["https:\/\/www.facebook.com\/ymanci.credit.immobilier.assurance","https:\/\/x.com\/YMANCI_NIMES","https:\/\/www.instagram.com\/espacefinancelp_ymanci_nimes\/?hl=fr","https:\/\/www.linkedin.com\/showcase\/ymanci-nmes\/","https:\/\/www.youtube.com\/channel\/UC1PRm7p_QVdRMUaS_Hq6zwA"]}]}},"_links":{"self":[{"href":"https:\/\/www.espacefinance.com\/133881bdd\/wp-json\/wp\/v2\/pages\/2665","targetHints":{"allow":["GET"]}}],"collection":[{"href":"https:\/\/www.espacefinance.com\/133881bdd\/wp-json\/wp\/v2\/pages"}],"about":[{"href":"https:\/\/www.espacefinance.com\/133881bdd\/wp-json\/wp\/v2\/types\/page"}],"author":[{"embeddable":true,"href":"https:\/\/www.espacefinance.com\/133881bdd\/wp-json\/wp\/v2\/users\/1"}],"replies":[{"embeddable":true,"href":"https:\/\/www.espacefinance.com\/133881bdd\/wp-json\/wp\/v2\/comments?post=2665"}],"version-history":[{"count":0,"href":"https:\/\/www.espacefinance.com\/133881bdd\/wp-json\/wp\/v2\/pages\/2665\/revisions"}],"wp:featuredmedia":[{"embeddable":true,"href":"https:\/\/www.espacefinance.com\/133881bdd\/wp-json\/wp\/v2\/media\/2666"}],"wp:attachment":[{"href":"https:\/\/www.espacefinance.com\/133881bdd\/wp-json\/wp\/v2\/media?parent=2665"}],"curies":[{"name":"wp","href":"https:\/\/api.w.org\/{rel}","templated":true}]}}