{"id":2474,"date":"2022-04-20T16:28:20","date_gmt":"2022-04-20T14:28:20","guid":{"rendered":"https:\/\/www.espacefinance.com\/133881bdd\/?page_id=2474"},"modified":"2022-04-29T15:56:00","modified_gmt":"2022-04-29T13:56:00","slug":"calculez-votre-capacite-demprunt","status":"publish","type":"page","link":"https:\/\/www.espacefinance.com\/133881bdd\/calculez-votre-capacite-demprunt\/","title":{"rendered":"YAcquiz: calculette Capacit\u00e9 d&rsquo;Emprunt"},"content":{"rendered":"\n<h2 class=\"wp-block-heading\" id=\"h-yacquiz-calculette-capacite-d-emprunt\">YAcquiz: calculette Capacit\u00e9 d&rsquo;Emprunt<\/h2>\n\n\n\n<div style=\"height:53px\" aria-hidden=\"true\" class=\"wp-block-spacer\"><\/div>\n\n\n\n<div class=\"wp-block-image\"><figure class=\"aligncenter size-full\"><a href=\"https:\/\/www.calcul-ptz.fr\/ymanci\/pret-testing-ca.php\" target=\"_blank\" rel=\"noopener\"><img decoding=\"async\" width=\"802\" height=\"247\" src=\"https:\/\/www.espacefinance.com\/133881bdd\/wp-content\/uploads\/2022\/04\/calcul-capacite-demprunt-immobil-DEFINITIF.jpg\" alt=\"simulateur capacit\u00e9 d'emprunt\n#yacquiz #cr\u00e9ditimmobilier #capacit\u00e9demprunt #caluclette #simulateur\" class=\"wp-image-2440\" srcset=\"https:\/\/www.espacefinance.com\/133881bdd\/wp-content\/uploads\/2022\/04\/calcul-capacite-demprunt-immobil-DEFINITIF.jpg 802w, https:\/\/www.espacefinance.com\/133881bdd\/wp-content\/uploads\/2022\/04\/calcul-capacite-demprunt-immobil-DEFINITIF-300x92.jpg 300w, https:\/\/www.espacefinance.com\/133881bdd\/wp-content\/uploads\/2022\/04\/calcul-capacite-demprunt-immobil-DEFINITIF-768x237.jpg 768w\" sizes=\"(max-width: 802px) 100vw, 802px\" \/><\/a><figcaption><a href=\"https:\/\/www.calcul-ptz.fr\/ymanci\/pret-testing-ca.php\" target=\"_blank\" rel=\"noreferrer noopener\">YAquiz la calculette capacit\u00e9 d&#8217;emprunt d&rsquo;Ymanci<\/a><\/figcaption><\/figure><\/div>\n\n\n\n<div style=\"height:50px\" aria-hidden=\"true\" class=\"wp-block-spacer\"><\/div>\n\n\n\n<h2 class=\"wp-block-heading\" id=\"h-voir-les-differentes-formules-de-financements-immobiliers\">Voir les diff\u00e9rentes formules de financements immobiliers<\/h2>\n\n\n\n<div class=\"wp-block-buttons is-layout-flex wp-block-buttons-is-layout-flex\">\n<div class=\"wp-block-button\"><a class=\"wp-block-button__link\" href=\"https:\/\/www.espacefinance.com\/133881bdd\/financement-immobilier-travaux-professionnel-particulier\/credit-immobilier-financement\/achat-residence-principale-secondaire\/les-differents-types-de-pret-immobilier\/\">Les diff\u00e9rents Pr\u00eat Immobiliers<\/a><\/div>\n<\/div>\n\n\n\n<h2 class=\"wp-block-heading\" id=\"h-voir-les-solutions-de-prets-d-aide-a-l-accession\">Voir les solutions de Pr\u00eats d&rsquo;Aide \u00e0 l&rsquo;accession<\/h2>\n\n\n\n<div class=\"wp-block-buttons is-layout-flex wp-block-buttons-is-layout-flex\">\n<div class=\"wp-block-button\"><a class=\"wp-block-button__link\" href=\"https:\/\/www.espacefinance.com\/133881bdd\/financement-immobilier-travaux-professionnel-particulier\/credit-immobilier-financement\/achat-residence-principale-secondaire\/les-aides-a-l-accession\/\">Les diff\u00e9rents Pr\u00eats Aid\u00e9s<\/a><\/div>\n<\/div>\n","protected":false},"excerpt":{"rendered":"<p>YAcquiz: calculette Capacit\u00e9 d&rsquo;Emprunt Voir les diff\u00e9rentes formules de financements immobiliers Voir les solutions de Pr\u00eats d&rsquo;Aide \u00e0 l&rsquo;accession<\/p>\n","protected":false},"author":1,"featured_media":2440,"parent":0,"menu_order":0,"comment_status":"closed","ping_status":"closed","template":"","meta":{"footnotes":""},"class_list":["post-2474","page","type-page","status-publish","has-post-thumbnail","hentry"],"yoast_head":"<!-- This site is optimized with the Yoast SEO Premium plugin v20.0 (Yoast SEO v27.5) - https:\/\/yoast.com\/product\/yoast-seo-premium-wordpress\/ -->\n<title>YAcquiz: calculette Capacit\u00e9 d&#039;Emprunt -<\/title>\n<meta name=\"description\" content=\"YAcquiz calculez votre Capacit\u00e9 d&#039;Emprunt Gratuitement et Sans Engagementavec Ymanci\" \/>\n<meta name=\"robots\" content=\"index, follow, max-snippet:-1, max-image-preview:large, max-video-preview:-1\" \/>\n<link rel=\"canonical\" href=\"https:\/\/www.espacefinance.com\/133881bdd\/calculez-votre-capacite-demprunt\/\" \/>\n<meta property=\"og:locale\" content=\"fr_FR\" \/>\n<meta property=\"og:type\" content=\"article\" \/>\n<meta property=\"og:title\" content=\"YAcquiz: calculette Capacit\u00e9 d&#039;Emprunt\" \/>\n<meta property=\"og:description\" content=\"Calculez votre capacit\u00e9 d&#039;emprunt avec YAquiz, la calculette du r\u00e9seau Ymanci. #capacit\u00e9demprunt #cr\u00e9ditimmobilier #ymancipezvous #expertise #transparence #uneoffreclaireetpr\u00e9cise\" \/>\n<meta property=\"og:url\" content=\"https:\/\/www.espacefinance.com\/133881bdd\/calculez-votre-capacite-demprunt\/\" \/>\n<meta property=\"og:site_name\" content=\"N\u00eemes - Cr\u00e9dit Immobilier &amp; Assurances\" \/>\n<meta property=\"article:publisher\" content=\"https:\/\/www.facebook.com\/ymanci.credit.immobilier.assurance\" \/>\n<meta property=\"article:modified_time\" content=\"2022-04-29T13:56:00+00:00\" \/>\n<meta property=\"og:image\" content=\"https:\/\/www.espacefinance.com\/133881bdd\/wp-content\/uploads\/2022\/04\/calcul-capacite-demprunt-immobil-DEFINITIF.jpg\" \/>\n\t<meta property=\"og:image:width\" content=\"802\" \/>\n\t<meta property=\"og:image:height\" content=\"247\" \/>\n\t<meta property=\"og:image:type\" content=\"image\/jpeg\" \/>\n<meta name=\"twitter:card\" content=\"summary_large_image\" \/>\n<meta name=\"twitter:site\" content=\"@YMANCI_NIMES\" \/>\n<meta name=\"twitter:label1\" content=\"Dur\u00e9e de lecture estim\u00e9e\" \/>\n\t<meta name=\"twitter:data1\" content=\"1 minute\" \/>\n<script type=\"application\/ld+json\" class=\"yoast-schema-graph\">{\"@context\":\"https:\\\/\\\/schema.org\",\"@graph\":[{\"@type\":\"WebPage\",\"@id\":\"https:\\\/\\\/www.espacefinance.com\\\/133881bdd\\\/calculez-votre-capacite-demprunt\\\/\",\"url\":\"https:\\\/\\\/www.espacefinance.com\\\/133881bdd\\\/calculez-votre-capacite-demprunt\\\/\",\"name\":\"YAcquiz: calculette Capacit\u00e9 d'Emprunt -\",\"isPartOf\":{\"@id\":\"https:\\\/\\\/www.espacefinance.com\\\/133881bdd\\\/#website\"},\"primaryImageOfPage\":{\"@id\":\"https:\\\/\\\/www.espacefinance.com\\\/133881bdd\\\/calculez-votre-capacite-demprunt\\\/#primaryimage\"},\"image\":{\"@id\":\"https:\\\/\\\/www.espacefinance.com\\\/133881bdd\\\/calculez-votre-capacite-demprunt\\\/#primaryimage\"},\"thumbnailUrl\":\"https:\\\/\\\/www.espacefinance.com\\\/133881bdd\\\/wp-content\\\/uploads\\\/2022\\\/04\\\/calcul-capacite-demprunt-immobil-DEFINITIF.jpg\",\"datePublished\":\"2022-04-20T14:28:20+00:00\",\"dateModified\":\"2022-04-29T13:56:00+00:00\",\"description\":\"YAcquiz calculez votre Capacit\u00e9 d'Emprunt Gratuitement et Sans Engagementavec Ymanci\",\"breadcrumb\":{\"@id\":\"https:\\\/\\\/www.espacefinance.com\\\/133881bdd\\\/calculez-votre-capacite-demprunt\\\/#breadcrumb\"},\"inLanguage\":\"fr-FR\",\"potentialAction\":[{\"@type\":\"ReadAction\",\"target\":[\"https:\\\/\\\/www.espacefinance.com\\\/133881bdd\\\/calculez-votre-capacite-demprunt\\\/\"]}]},{\"@type\":\"ImageObject\",\"inLanguage\":\"fr-FR\",\"@id\":\"https:\\\/\\\/www.espacefinance.com\\\/133881bdd\\\/calculez-votre-capacite-demprunt\\\/#primaryimage\",\"url\":\"https:\\\/\\\/www.espacefinance.com\\\/133881bdd\\\/wp-content\\\/uploads\\\/2022\\\/04\\\/calcul-capacite-demprunt-immobil-DEFINITIF.jpg\",\"contentUrl\":\"https:\\\/\\\/www.espacefinance.com\\\/133881bdd\\\/wp-content\\\/uploads\\\/2022\\\/04\\\/calcul-capacite-demprunt-immobil-DEFINITIF.jpg\",\"width\":802,\"height\":247,\"caption\":\"YAquiz la calculette capacit\u00e9 d'emprunt d'Ymanci\"},{\"@type\":\"BreadcrumbList\",\"@id\":\"https:\\\/\\\/www.espacefinance.com\\\/133881bdd\\\/calculez-votre-capacite-demprunt\\\/#breadcrumb\",\"itemListElement\":[{\"@type\":\"ListItem\",\"position\":1,\"name\":\"Accueil\",\"item\":\"https:\\\/\\\/www.espacefinance.com\\\/133881bdd\\\/\"},{\"@type\":\"ListItem\",\"position\":2,\"name\":\"YAquiz: calculette Capacit\u00e9 d'Emprunt\"}]},{\"@type\":\"WebSite\",\"@id\":\"https:\\\/\\\/www.espacefinance.com\\\/133881bdd\\\/#website\",\"url\":\"https:\\\/\\\/www.espacefinance.com\\\/133881bdd\\\/\",\"name\":\"N\u00eemes - Cr\u00e9dit Immobilier &amp; Assurances\",\"description\":\"Notre expertise \u00e0 votre service en toute transparence\",\"publisher\":{\"@id\":\"https:\\\/\\\/www.espacefinance.com\\\/133881bdd\\\/#organization\"},\"potentialAction\":[{\"@type\":\"SearchAction\",\"target\":{\"@type\":\"EntryPoint\",\"urlTemplate\":\"https:\\\/\\\/www.espacefinance.com\\\/133881bdd\\\/?s={search_term_string}\"},\"query-input\":{\"@type\":\"PropertyValueSpecification\",\"valueRequired\":true,\"valueName\":\"search_term_string\"}}],\"inLanguage\":\"fr-FR\"},{\"@type\":\"Organization\",\"@id\":\"https:\\\/\\\/www.espacefinance.com\\\/133881bdd\\\/#organization\",\"name\":\"ESPACE FINANCE LP\",\"url\":\"https:\\\/\\\/www.espacefinance.com\\\/133881bdd\\\/\",\"logo\":{\"@type\":\"ImageObject\",\"inLanguage\":\"fr-FR\",\"@id\":\"https:\\\/\\\/www.espacefinance.com\\\/133881bdd\\\/#\\\/schema\\\/logo\\\/image\\\/\",\"url\":\"https:\\\/\\\/www.espacefinance.com\\\/133881bdd\\\/wp-content\\\/uploads\\\/2022\\\/03\\\/LOGO-ESFI-YMANCI-022022.jpg\",\"contentUrl\":\"https:\\\/\\\/www.espacefinance.com\\\/133881bdd\\\/wp-content\\\/uploads\\\/2022\\\/03\\\/LOGO-ESFI-YMANCI-022022.jpg\",\"width\":1273,\"height\":710,\"caption\":\"ESPACE FINANCE LP\"},\"image\":{\"@id\":\"https:\\\/\\\/www.espacefinance.com\\\/133881bdd\\\/#\\\/schema\\\/logo\\\/image\\\/\"},\"sameAs\":[\"https:\\\/\\\/www.facebook.com\\\/ymanci.credit.immobilier.assurance\",\"https:\\\/\\\/x.com\\\/YMANCI_NIMES\",\"https:\\\/\\\/www.instagram.com\\\/espacefinancelp_ymanci_nimes\\\/?hl=fr\",\"https:\\\/\\\/www.linkedin.com\\\/showcase\\\/ymanci-nmes\\\/\",\"https:\\\/\\\/www.youtube.com\\\/channel\\\/UC1PRm7p_QVdRMUaS_Hq6zwA\"]}]}<\/script>\n<!-- \/ Yoast SEO Premium plugin. -->","yoast_head_json":{"title":"YAcquiz: calculette Capacit\u00e9 d'Emprunt -","description":"YAcquiz calculez votre Capacit\u00e9 d'Emprunt Gratuitement et Sans Engagementavec Ymanci","robots":{"index":"index","follow":"follow","max-snippet":"max-snippet:-1","max-image-preview":"max-image-preview:large","max-video-preview":"max-video-preview:-1"},"canonical":"https:\/\/www.espacefinance.com\/133881bdd\/calculez-votre-capacite-demprunt\/","og_locale":"fr_FR","og_type":"article","og_title":"YAcquiz: calculette Capacit\u00e9 d'Emprunt","og_description":"Calculez votre capacit\u00e9 d'emprunt avec YAquiz, la calculette du r\u00e9seau Ymanci. #capacit\u00e9demprunt #cr\u00e9ditimmobilier #ymancipezvous #expertise #transparence #uneoffreclaireetpr\u00e9cise","og_url":"https:\/\/www.espacefinance.com\/133881bdd\/calculez-votre-capacite-demprunt\/","og_site_name":"N\u00eemes - Cr\u00e9dit Immobilier &amp; Assurances","article_publisher":"https:\/\/www.facebook.com\/ymanci.credit.immobilier.assurance","article_modified_time":"2022-04-29T13:56:00+00:00","og_image":[{"width":802,"height":247,"url":"https:\/\/www.espacefinance.com\/133881bdd\/wp-content\/uploads\/2022\/04\/calcul-capacite-demprunt-immobil-DEFINITIF.jpg","type":"image\/jpeg"}],"twitter_card":"summary_large_image","twitter_site":"@YMANCI_NIMES","twitter_misc":{"Dur\u00e9e de lecture estim\u00e9e":"1 minute"},"schema":{"@context":"https:\/\/schema.org","@graph":[{"@type":"WebPage","@id":"https:\/\/www.espacefinance.com\/133881bdd\/calculez-votre-capacite-demprunt\/","url":"https:\/\/www.espacefinance.com\/133881bdd\/calculez-votre-capacite-demprunt\/","name":"YAcquiz: calculette Capacit\u00e9 d'Emprunt -","isPartOf":{"@id":"https:\/\/www.espacefinance.com\/133881bdd\/#website"},"primaryImageOfPage":{"@id":"https:\/\/www.espacefinance.com\/133881bdd\/calculez-votre-capacite-demprunt\/#primaryimage"},"image":{"@id":"https:\/\/www.espacefinance.com\/133881bdd\/calculez-votre-capacite-demprunt\/#primaryimage"},"thumbnailUrl":"https:\/\/www.espacefinance.com\/133881bdd\/wp-content\/uploads\/2022\/04\/calcul-capacite-demprunt-immobil-DEFINITIF.jpg","datePublished":"2022-04-20T14:28:20+00:00","dateModified":"2022-04-29T13:56:00+00:00","description":"YAcquiz calculez votre Capacit\u00e9 d'Emprunt Gratuitement et Sans Engagementavec Ymanci","breadcrumb":{"@id":"https:\/\/www.espacefinance.com\/133881bdd\/calculez-votre-capacite-demprunt\/#breadcrumb"},"inLanguage":"fr-FR","potentialAction":[{"@type":"ReadAction","target":["https:\/\/www.espacefinance.com\/133881bdd\/calculez-votre-capacite-demprunt\/"]}]},{"@type":"ImageObject","inLanguage":"fr-FR","@id":"https:\/\/www.espacefinance.com\/133881bdd\/calculez-votre-capacite-demprunt\/#primaryimage","url":"https:\/\/www.espacefinance.com\/133881bdd\/wp-content\/uploads\/2022\/04\/calcul-capacite-demprunt-immobil-DEFINITIF.jpg","contentUrl":"https:\/\/www.espacefinance.com\/133881bdd\/wp-content\/uploads\/2022\/04\/calcul-capacite-demprunt-immobil-DEFINITIF.jpg","width":802,"height":247,"caption":"YAquiz la calculette capacit\u00e9 d'emprunt d'Ymanci"},{"@type":"BreadcrumbList","@id":"https:\/\/www.espacefinance.com\/133881bdd\/calculez-votre-capacite-demprunt\/#breadcrumb","itemListElement":[{"@type":"ListItem","position":1,"name":"Accueil","item":"https:\/\/www.espacefinance.com\/133881bdd\/"},{"@type":"ListItem","position":2,"name":"YAquiz: calculette Capacit\u00e9 d'Emprunt"}]},{"@type":"WebSite","@id":"https:\/\/www.espacefinance.com\/133881bdd\/#website","url":"https:\/\/www.espacefinance.com\/133881bdd\/","name":"N\u00eemes - Cr\u00e9dit Immobilier &amp; Assurances","description":"Notre expertise \u00e0 votre service en toute transparence","publisher":{"@id":"https:\/\/www.espacefinance.com\/133881bdd\/#organization"},"potentialAction":[{"@type":"SearchAction","target":{"@type":"EntryPoint","urlTemplate":"https:\/\/www.espacefinance.com\/133881bdd\/?s={search_term_string}"},"query-input":{"@type":"PropertyValueSpecification","valueRequired":true,"valueName":"search_term_string"}}],"inLanguage":"fr-FR"},{"@type":"Organization","@id":"https:\/\/www.espacefinance.com\/133881bdd\/#organization","name":"ESPACE FINANCE LP","url":"https:\/\/www.espacefinance.com\/133881bdd\/","logo":{"@type":"ImageObject","inLanguage":"fr-FR","@id":"https:\/\/www.espacefinance.com\/133881bdd\/#\/schema\/logo\/image\/","url":"https:\/\/www.espacefinance.com\/133881bdd\/wp-content\/uploads\/2022\/03\/LOGO-ESFI-YMANCI-022022.jpg","contentUrl":"https:\/\/www.espacefinance.com\/133881bdd\/wp-content\/uploads\/2022\/03\/LOGO-ESFI-YMANCI-022022.jpg","width":1273,"height":710,"caption":"ESPACE FINANCE LP"},"image":{"@id":"https:\/\/www.espacefinance.com\/133881bdd\/#\/schema\/logo\/image\/"},"sameAs":["https:\/\/www.facebook.com\/ymanci.credit.immobilier.assurance","https:\/\/x.com\/YMANCI_NIMES","https:\/\/www.instagram.com\/espacefinancelp_ymanci_nimes\/?hl=fr","https:\/\/www.linkedin.com\/showcase\/ymanci-nmes\/","https:\/\/www.youtube.com\/channel\/UC1PRm7p_QVdRMUaS_Hq6zwA"]}]}},"_links":{"self":[{"href":"https:\/\/www.espacefinance.com\/133881bdd\/wp-json\/wp\/v2\/pages\/2474","targetHints":{"allow":["GET"]}}],"collection":[{"href":"https:\/\/www.espacefinance.com\/133881bdd\/wp-json\/wp\/v2\/pages"}],"about":[{"href":"https:\/\/www.espacefinance.com\/133881bdd\/wp-json\/wp\/v2\/types\/page"}],"author":[{"embeddable":true,"href":"https:\/\/www.espacefinance.com\/133881bdd\/wp-json\/wp\/v2\/users\/1"}],"replies":[{"embeddable":true,"href":"https:\/\/www.espacefinance.com\/133881bdd\/wp-json\/wp\/v2\/comments?post=2474"}],"version-history":[{"count":0,"href":"https:\/\/www.espacefinance.com\/133881bdd\/wp-json\/wp\/v2\/pages\/2474\/revisions"}],"wp:featuredmedia":[{"embeddable":true,"href":"https:\/\/www.espacefinance.com\/133881bdd\/wp-json\/wp\/v2\/media\/2440"}],"wp:attachment":[{"href":"https:\/\/www.espacefinance.com\/133881bdd\/wp-json\/wp\/v2\/media?parent=2474"}],"curies":[{"name":"wp","href":"https:\/\/api.w.org\/{rel}","templated":true}]}}