{"id":2277,"date":"2022-04-08T09:46:59","date_gmt":"2022-04-08T07:46:59","guid":{"rendered":"https:\/\/www.espacefinance.com\/133881bdd\/?page_id=2277"},"modified":"2022-04-08T14:38:02","modified_gmt":"2022-04-08T12:38:02","slug":"parrainage","status":"publish","type":"page","link":"https:\/\/www.espacefinance.com\/133881bdd\/financement-immobilier-travaux-professionnel-particulier\/parrainage\/","title":{"rendered":"Parrainage"},"content":{"rendered":"\n<h2 class=\"wp-block-heading\" id=\"h-parrainage\">Parrainage <\/h2>\n\n\n\n<p>[Best friends day]<\/p>\n\n\n\n<p>Parlez de nous autour de vous ! Parrainez vos amis et gagnez jusqu\u2019\u00e0 300\u20ac de ch\u00e8ques cadeaux*.<\/p>\n\n\n\n<p>Pour en savoir plus, rendez-vous dans l&rsquo;agence Ymanci la plus proche de chez vous.<\/p>\n\n\n\n<p><a href=\"https:\/\/www.linkedin.com\/feed\/hashtag\/?keywords=%23bestfriendsday\" target=\"_blank\" rel=\"noreferrer noopener\">#bestfriendsday<\/a> <a href=\"https:\/\/www.linkedin.com\/feed\/hashtag\/?keywords=%23parrainage\" target=\"_blank\" rel=\"noreferrer noopener\">#parrainage<\/a> <a href=\"https:\/\/www.linkedin.com\/feed\/hashtag\/?keywords=%23ymanci\" target=\"_blank\" rel=\"noreferrer noopener\">#ymanci<\/a> <a href=\"https:\/\/www.linkedin.com\/feed\/hashtag\/?keywords=%23solutionsdefinancement\" target=\"_blank\" rel=\"noreferrer noopener\">#solutionsdefinancement<\/a> <a href=\"https:\/\/www.linkedin.com\/feed\/hashtag\/?keywords=%23accompagnement\" target=\"_blank\" rel=\"noreferrer noopener\">#accompagnement<\/a> <a href=\"https:\/\/www.linkedin.com\/feed\/hashtag\/?keywords=%23expertise\" target=\"_blank\" rel=\"noreferrer noopener\">#expertise<\/a> <a href=\"https:\/\/www.linkedin.com\/feed\/hashtag\/?keywords=%23transparence\" target=\"_blank\" rel=\"noreferrer noopener\">#transparence<\/a><\/p>\n\n\n\n<p>*Offre soumise \u00e0 conditions, sous r\u00e9serve de l\u2019acceptation par l\u2019un de nos partenaires bancaires, pr\u00eateurs. Un cr\u00e9dit vous engage et doit \u00eatre rembours\u00e9. V\u00e9rifiez vos capacit\u00e9s de remboursement avant de vous engager. Plus de d\u00e9tails sur : ymanci.fr\/mentions-legales<\/p>\n\n\n\n<div id=\"parrainage-client\" class=\"wp-block-image\"><figure class=\"aligncenter size-large is-resized\"><img decoding=\"async\" src=\"https:\/\/www.espacefinance.com\/133881bdd\/wp-content\/uploads\/2022\/04\/Best-friends-day-Ymanci-CI-1024x538.png\" alt=\"Parrainage\" class=\"wp-image-2278\" width=\"512\" height=\"269\" title=\"parrainage\" srcset=\"https:\/\/www.espacefinance.com\/133881bdd\/wp-content\/uploads\/2022\/04\/Best-friends-day-Ymanci-CI-1024x538.png 1024w, https:\/\/www.espacefinance.com\/133881bdd\/wp-content\/uploads\/2022\/04\/Best-friends-day-Ymanci-CI-300x158.png 300w, https:\/\/www.espacefinance.com\/133881bdd\/wp-content\/uploads\/2022\/04\/Best-friends-day-Ymanci-CI-768x403.png 768w, https:\/\/www.espacefinance.com\/133881bdd\/wp-content\/uploads\/2022\/04\/Best-friends-day-Ymanci-CI.png 1200w\" sizes=\"(max-width: 512px) 100vw, 512px\" \/><figcaption>Parrainage<\/figcaption><\/figure><\/div>\n\n\n\n<div class=\"wp-block-buttons is-layout-flex wp-block-buttons-is-layout-flex\">\n<div class=\"wp-block-button aligncenter\"><a class=\"wp-block-button__link\" href=\"https:\/\/www.espacefinance.com\/133881bdd\/bulletin-de-parrainage\/\">T\u00e9l\u00e9charger le Bulletin de Parrainage<\/a><\/div>\n<\/div>\n\n\n\n<p><\/p>\n","protected":false},"excerpt":{"rendered":"<p>Parrainage [Best friends day] Parlez de nous autour de vous ! Parrainez vos amis et gagnez jusqu\u2019\u00e0 300\u20ac de ch\u00e8ques cadeaux*. Pour en savoir plus, rendez-vous dans l&rsquo;agence Ymanci la plus proche de chez vous. #bestfriendsday #parrainage #ymanci #solutionsdefinancement #accompagnement #expertise #transparence *Offre soumise \u00e0 conditions, sous r\u00e9serve de l\u2019acceptation par l\u2019un de nos partenaires [&hellip;]<\/p>\n","protected":false},"author":1,"featured_media":2278,"parent":119,"menu_order":0,"comment_status":"open","ping_status":"closed","template":"","meta":{"footnotes":""},"class_list":["post-2277","page","type-page","status-publish","has-post-thumbnail","hentry"],"yoast_head":"<!-- This site is optimized with the Yoast SEO Premium plugin v20.0 (Yoast SEO v27.5) - https:\/\/yoast.com\/product\/yoast-seo-premium-wordpress\/ -->\n<title>Parrainage - N\u00eemes - Cr\u00e9dit Immobilier &amp; Assurances<\/title>\n<meta name=\"description\" content=\"[Best friends day] Parlez de nous autour de vous ! Parrainez vos amis et gagnez jusqu\u2019\u00e0 150\u20ac de ch\u00e8ques cadeaux*. Un cr\u00e9dit vous engage et doit \u00eatre rembours\u00e9.\" \/>\n<meta name=\"robots\" content=\"index, follow, max-snippet:-1, max-image-preview:large, max-video-preview:-1\" \/>\n<link rel=\"canonical\" href=\"https:\/\/www.espacefinance.com\/133881bdd\/?page_id=2277\" \/>\n<meta property=\"og:locale\" content=\"fr_FR\" \/>\n<meta property=\"og:type\" content=\"article\" \/>\n<meta property=\"og:title\" content=\"Parrainage\" \/>\n<meta property=\"og:description\" content=\"Parlez de nous autour de vous ! Parrainez vos amis et gagnez des ch\u00e8ques cadeaux*.Pour en savoir plus, rendez-vous dans l&#039;agence Ymanci la plus proche de chez vous. #bestfriendsday #parrainage #ymanci #solutionsdefinancement #accompagnement #expertise #transparence\" \/>\n<meta property=\"og:url\" content=\"https:\/\/www.espacefinance.com\/133881bdd\/?page_id=2277\" \/>\n<meta property=\"og:site_name\" content=\"N\u00eemes - Cr\u00e9dit Immobilier &amp; Assurances\" \/>\n<meta property=\"article:publisher\" content=\"https:\/\/www.facebook.com\/ymanci.credit.immobilier.assurance\" \/>\n<meta property=\"article:modified_time\" content=\"2022-04-08T12:38:02+00:00\" \/>\n<meta property=\"og:image\" content=\"https:\/\/www.espacefinance.com\/133881bdd\/wp-content\/uploads\/2022\/04\/Best-friends-day-Ymanci-CI.png\" \/>\n\t<meta property=\"og:image:width\" content=\"1200\" \/>\n\t<meta property=\"og:image:height\" content=\"630\" \/>\n\t<meta property=\"og:image:type\" content=\"image\/png\" \/>\n<meta name=\"twitter:card\" content=\"summary_large_image\" \/>\n<meta name=\"twitter:site\" content=\"@YMANCI_NIMES\" \/>\n<meta name=\"twitter:label1\" content=\"Dur\u00e9e de lecture estim\u00e9e\" \/>\n\t<meta name=\"twitter:data1\" content=\"1 minute\" \/>\n<script type=\"application\/ld+json\" class=\"yoast-schema-graph\">{\"@context\":\"https:\\\/\\\/schema.org\",\"@graph\":[{\"@type\":\"WebPage\",\"@id\":\"https:\\\/\\\/www.espacefinance.com\\\/133881bdd\\\/financement-immobilier-travaux-professionnel-particulier\\\/parrainage\\\/\",\"url\":\"https:\\\/\\\/www.espacefinance.com\\\/133881bdd\\\/?page_id=2277\",\"name\":\"Parrainage - N\u00eemes - Cr\u00e9dit Immobilier &amp; Assurances\",\"isPartOf\":{\"@id\":\"https:\\\/\\\/www.espacefinance.com\\\/133881bdd\\\/#website\"},\"primaryImageOfPage\":{\"@id\":\"https:\\\/\\\/www.espacefinance.com\\\/133881bdd\\\/?page_id=2277#primaryimage\"},\"image\":{\"@id\":\"https:\\\/\\\/www.espacefinance.com\\\/133881bdd\\\/?page_id=2277#primaryimage\"},\"thumbnailUrl\":\"https:\\\/\\\/www.espacefinance.com\\\/133881bdd\\\/wp-content\\\/uploads\\\/2022\\\/04\\\/Best-friends-day-Ymanci-CI.png\",\"datePublished\":\"2022-04-08T07:46:59+00:00\",\"dateModified\":\"2022-04-08T12:38:02+00:00\",\"description\":\"[Best friends day] Parlez de nous autour de vous ! Parrainez vos amis et gagnez jusqu\u2019\u00e0 150\u20ac de ch\u00e8ques cadeaux*. Un cr\u00e9dit vous engage et doit \u00eatre rembours\u00e9.\",\"breadcrumb\":{\"@id\":\"https:\\\/\\\/www.espacefinance.com\\\/133881bdd\\\/?page_id=2277#breadcrumb\"},\"inLanguage\":\"fr-FR\",\"potentialAction\":[{\"@type\":\"ReadAction\",\"target\":[\"https:\\\/\\\/www.espacefinance.com\\\/133881bdd\\\/?page_id=2277\"]}]},{\"@type\":\"ImageObject\",\"inLanguage\":\"fr-FR\",\"@id\":\"https:\\\/\\\/www.espacefinance.com\\\/133881bdd\\\/?page_id=2277#primaryimage\",\"url\":\"https:\\\/\\\/www.espacefinance.com\\\/133881bdd\\\/wp-content\\\/uploads\\\/2022\\\/04\\\/Best-friends-day-Ymanci-CI.png\",\"contentUrl\":\"https:\\\/\\\/www.espacefinance.com\\\/133881bdd\\\/wp-content\\\/uploads\\\/2022\\\/04\\\/Best-friends-day-Ymanci-CI.png\",\"width\":1200,\"height\":630,\"caption\":\"Parrainage\"},{\"@type\":\"BreadcrumbList\",\"@id\":\"https:\\\/\\\/www.espacefinance.com\\\/133881bdd\\\/?page_id=2277#breadcrumb\",\"itemListElement\":[{\"@type\":\"ListItem\",\"position\":1,\"name\":\"Accueil\",\"item\":\"https:\\\/\\\/www.espacefinance.com\\\/133881bdd\\\/\"},{\"@type\":\"ListItem\",\"position\":2,\"name\":\"Financement\",\"item\":\"https:\\\/\\\/www.espacefinance.com\\\/133881bdd\\\/financement-immobilier-travaux-professionnel-particulier\\\/\"},{\"@type\":\"ListItem\",\"position\":3,\"name\":\"parrainage\"}]},{\"@type\":\"WebSite\",\"@id\":\"https:\\\/\\\/www.espacefinance.com\\\/133881bdd\\\/#website\",\"url\":\"https:\\\/\\\/www.espacefinance.com\\\/133881bdd\\\/\",\"name\":\"N\u00eemes - Cr\u00e9dit Immobilier &amp; Assurances\",\"description\":\"Notre expertise \u00e0 votre service en toute transparence\",\"publisher\":{\"@id\":\"https:\\\/\\\/www.espacefinance.com\\\/133881bdd\\\/#organization\"},\"potentialAction\":[{\"@type\":\"SearchAction\",\"target\":{\"@type\":\"EntryPoint\",\"urlTemplate\":\"https:\\\/\\\/www.espacefinance.com\\\/133881bdd\\\/?s={search_term_string}\"},\"query-input\":{\"@type\":\"PropertyValueSpecification\",\"valueRequired\":true,\"valueName\":\"search_term_string\"}}],\"inLanguage\":\"fr-FR\"},{\"@type\":\"Organization\",\"@id\":\"https:\\\/\\\/www.espacefinance.com\\\/133881bdd\\\/#organization\",\"name\":\"ESPACE FINANCE LP\",\"url\":\"https:\\\/\\\/www.espacefinance.com\\\/133881bdd\\\/\",\"logo\":{\"@type\":\"ImageObject\",\"inLanguage\":\"fr-FR\",\"@id\":\"https:\\\/\\\/www.espacefinance.com\\\/133881bdd\\\/#\\\/schema\\\/logo\\\/image\\\/\",\"url\":\"https:\\\/\\\/www.espacefinance.com\\\/133881bdd\\\/wp-content\\\/uploads\\\/2022\\\/03\\\/LOGO-ESFI-YMANCI-022022.jpg\",\"contentUrl\":\"https:\\\/\\\/www.espacefinance.com\\\/133881bdd\\\/wp-content\\\/uploads\\\/2022\\\/03\\\/LOGO-ESFI-YMANCI-022022.jpg\",\"width\":1273,\"height\":710,\"caption\":\"ESPACE FINANCE LP\"},\"image\":{\"@id\":\"https:\\\/\\\/www.espacefinance.com\\\/133881bdd\\\/#\\\/schema\\\/logo\\\/image\\\/\"},\"sameAs\":[\"https:\\\/\\\/www.facebook.com\\\/ymanci.credit.immobilier.assurance\",\"https:\\\/\\\/x.com\\\/YMANCI_NIMES\",\"https:\\\/\\\/www.instagram.com\\\/espacefinancelp_ymanci_nimes\\\/?hl=fr\",\"https:\\\/\\\/www.linkedin.com\\\/showcase\\\/ymanci-nmes\\\/\",\"https:\\\/\\\/www.youtube.com\\\/channel\\\/UC1PRm7p_QVdRMUaS_Hq6zwA\"]}]}<\/script>\n<!-- \/ Yoast SEO Premium plugin. -->","yoast_head_json":{"title":"Parrainage - N\u00eemes - Cr\u00e9dit Immobilier &amp; Assurances","description":"[Best friends day] Parlez de nous autour de vous ! Parrainez vos amis et gagnez jusqu\u2019\u00e0 150\u20ac de ch\u00e8ques cadeaux*. Un cr\u00e9dit vous engage et doit \u00eatre rembours\u00e9.","robots":{"index":"index","follow":"follow","max-snippet":"max-snippet:-1","max-image-preview":"max-image-preview:large","max-video-preview":"max-video-preview:-1"},"canonical":"https:\/\/www.espacefinance.com\/133881bdd\/?page_id=2277","og_locale":"fr_FR","og_type":"article","og_title":"Parrainage","og_description":"Parlez de nous autour de vous ! Parrainez vos amis et gagnez des ch\u00e8ques cadeaux*.Pour en savoir plus, rendez-vous dans l'agence Ymanci la plus proche de chez vous. #bestfriendsday #parrainage #ymanci #solutionsdefinancement #accompagnement #expertise #transparence","og_url":"https:\/\/www.espacefinance.com\/133881bdd\/?page_id=2277","og_site_name":"N\u00eemes - Cr\u00e9dit Immobilier &amp; Assurances","article_publisher":"https:\/\/www.facebook.com\/ymanci.credit.immobilier.assurance","article_modified_time":"2022-04-08T12:38:02+00:00","og_image":[{"width":1200,"height":630,"url":"https:\/\/www.espacefinance.com\/133881bdd\/wp-content\/uploads\/2022\/04\/Best-friends-day-Ymanci-CI.png","type":"image\/png"}],"twitter_card":"summary_large_image","twitter_site":"@YMANCI_NIMES","twitter_misc":{"Dur\u00e9e de lecture estim\u00e9e":"1 minute"},"schema":{"@context":"https:\/\/schema.org","@graph":[{"@type":"WebPage","@id":"https:\/\/www.espacefinance.com\/133881bdd\/financement-immobilier-travaux-professionnel-particulier\/parrainage\/","url":"https:\/\/www.espacefinance.com\/133881bdd\/?page_id=2277","name":"Parrainage - N\u00eemes - Cr\u00e9dit Immobilier &amp; Assurances","isPartOf":{"@id":"https:\/\/www.espacefinance.com\/133881bdd\/#website"},"primaryImageOfPage":{"@id":"https:\/\/www.espacefinance.com\/133881bdd\/?page_id=2277#primaryimage"},"image":{"@id":"https:\/\/www.espacefinance.com\/133881bdd\/?page_id=2277#primaryimage"},"thumbnailUrl":"https:\/\/www.espacefinance.com\/133881bdd\/wp-content\/uploads\/2022\/04\/Best-friends-day-Ymanci-CI.png","datePublished":"2022-04-08T07:46:59+00:00","dateModified":"2022-04-08T12:38:02+00:00","description":"[Best friends day] Parlez de nous autour de vous ! Parrainez vos amis et gagnez jusqu\u2019\u00e0 150\u20ac de ch\u00e8ques cadeaux*. Un cr\u00e9dit vous engage et doit \u00eatre rembours\u00e9.","breadcrumb":{"@id":"https:\/\/www.espacefinance.com\/133881bdd\/?page_id=2277#breadcrumb"},"inLanguage":"fr-FR","potentialAction":[{"@type":"ReadAction","target":["https:\/\/www.espacefinance.com\/133881bdd\/?page_id=2277"]}]},{"@type":"ImageObject","inLanguage":"fr-FR","@id":"https:\/\/www.espacefinance.com\/133881bdd\/?page_id=2277#primaryimage","url":"https:\/\/www.espacefinance.com\/133881bdd\/wp-content\/uploads\/2022\/04\/Best-friends-day-Ymanci-CI.png","contentUrl":"https:\/\/www.espacefinance.com\/133881bdd\/wp-content\/uploads\/2022\/04\/Best-friends-day-Ymanci-CI.png","width":1200,"height":630,"caption":"Parrainage"},{"@type":"BreadcrumbList","@id":"https:\/\/www.espacefinance.com\/133881bdd\/?page_id=2277#breadcrumb","itemListElement":[{"@type":"ListItem","position":1,"name":"Accueil","item":"https:\/\/www.espacefinance.com\/133881bdd\/"},{"@type":"ListItem","position":2,"name":"Financement","item":"https:\/\/www.espacefinance.com\/133881bdd\/financement-immobilier-travaux-professionnel-particulier\/"},{"@type":"ListItem","position":3,"name":"parrainage"}]},{"@type":"WebSite","@id":"https:\/\/www.espacefinance.com\/133881bdd\/#website","url":"https:\/\/www.espacefinance.com\/133881bdd\/","name":"N\u00eemes - Cr\u00e9dit Immobilier &amp; Assurances","description":"Notre expertise \u00e0 votre service en toute transparence","publisher":{"@id":"https:\/\/www.espacefinance.com\/133881bdd\/#organization"},"potentialAction":[{"@type":"SearchAction","target":{"@type":"EntryPoint","urlTemplate":"https:\/\/www.espacefinance.com\/133881bdd\/?s={search_term_string}"},"query-input":{"@type":"PropertyValueSpecification","valueRequired":true,"valueName":"search_term_string"}}],"inLanguage":"fr-FR"},{"@type":"Organization","@id":"https:\/\/www.espacefinance.com\/133881bdd\/#organization","name":"ESPACE FINANCE LP","url":"https:\/\/www.espacefinance.com\/133881bdd\/","logo":{"@type":"ImageObject","inLanguage":"fr-FR","@id":"https:\/\/www.espacefinance.com\/133881bdd\/#\/schema\/logo\/image\/","url":"https:\/\/www.espacefinance.com\/133881bdd\/wp-content\/uploads\/2022\/03\/LOGO-ESFI-YMANCI-022022.jpg","contentUrl":"https:\/\/www.espacefinance.com\/133881bdd\/wp-content\/uploads\/2022\/03\/LOGO-ESFI-YMANCI-022022.jpg","width":1273,"height":710,"caption":"ESPACE FINANCE LP"},"image":{"@id":"https:\/\/www.espacefinance.com\/133881bdd\/#\/schema\/logo\/image\/"},"sameAs":["https:\/\/www.facebook.com\/ymanci.credit.immobilier.assurance","https:\/\/x.com\/YMANCI_NIMES","https:\/\/www.instagram.com\/espacefinancelp_ymanci_nimes\/?hl=fr","https:\/\/www.linkedin.com\/showcase\/ymanci-nmes\/","https:\/\/www.youtube.com\/channel\/UC1PRm7p_QVdRMUaS_Hq6zwA"]}]}},"_links":{"self":[{"href":"https:\/\/www.espacefinance.com\/133881bdd\/wp-json\/wp\/v2\/pages\/2277","targetHints":{"allow":["GET"]}}],"collection":[{"href":"https:\/\/www.espacefinance.com\/133881bdd\/wp-json\/wp\/v2\/pages"}],"about":[{"href":"https:\/\/www.espacefinance.com\/133881bdd\/wp-json\/wp\/v2\/types\/page"}],"author":[{"embeddable":true,"href":"https:\/\/www.espacefinance.com\/133881bdd\/wp-json\/wp\/v2\/users\/1"}],"replies":[{"embeddable":true,"href":"https:\/\/www.espacefinance.com\/133881bdd\/wp-json\/wp\/v2\/comments?post=2277"}],"version-history":[{"count":0,"href":"https:\/\/www.espacefinance.com\/133881bdd\/wp-json\/wp\/v2\/pages\/2277\/revisions"}],"up":[{"embeddable":true,"href":"https:\/\/www.espacefinance.com\/133881bdd\/wp-json\/wp\/v2\/pages\/119"}],"wp:featuredmedia":[{"embeddable":true,"href":"https:\/\/www.espacefinance.com\/133881bdd\/wp-json\/wp\/v2\/media\/2278"}],"wp:attachment":[{"href":"https:\/\/www.espacefinance.com\/133881bdd\/wp-json\/wp\/v2\/media?parent=2277"}],"curies":[{"name":"wp","href":"https:\/\/api.w.org\/{rel}","templated":true}]}}