{"id":2067,"date":"2022-04-04T17:26:52","date_gmt":"2022-04-04T15:26:52","guid":{"rendered":"https:\/\/www.espacefinance.com\/133881bdd\/?page_id=2067"},"modified":"2022-04-05T10:04:05","modified_gmt":"2022-04-05T08:04:05","slug":"financer-des-travaux-avec-un-pret-immobilier","status":"publish","type":"page","link":"https:\/\/www.espacefinance.com\/133881bdd\/financement-immobilier-travaux-professionnel-particulier\/pret-travaux\/financer-des-travaux-avec-un-pret-immobilier\/","title":{"rendered":"Financer des travaux avec un pr\u00eat immobilier"},"content":{"rendered":"\n<h2 class=\"has-colibri-color-2-color has-text-color has-x-large-font-size wp-block-heading\" id=\"h-financer-des-travaux-dans-le-cadre-d-un-pret-immobilier\"><strong>Financer des travaux dans le cadre d\u2019un pr\u00eat immobilier<\/strong><\/h2>\n\n\n\n<div style=\"height:36px\" aria-hidden=\"true\" class=\"wp-block-spacer\"><\/div>\n\n\n\n<p id=\"financement-travaux\">Vous pouvez tout \u00e0 fait inclure le co\u00fbt des\u00a0<strong>travaux de r\u00e9novation<\/strong>\u00a0dans votre pr\u00eat immobilier. Pour ce faire, vous disposez de diff\u00e9rentes alternatives :\u00a0<\/p>\n\n\n\n<div style=\"height:25px\" aria-hidden=\"true\" id=\"financement-travaux-immobilier\" class=\"wp-block-spacer\"><\/div>\n\n\n\n<p><mark style=\"background-color:rgba(0, 0, 0, 0)\" class=\"has-inline-color has-colibri-color-1-color\"><strong>Une seule ligne de cr\u00e9dit<\/strong><\/mark>\u00a0: lors du financement de votre bien immobilier, vous pouvez demander au professionnel du cr\u00e9dit qui vous accompagne d\u2019inclure dans votre cr\u00e9dit immobilier une enveloppe suppl\u00e9mentaire pour financer vos travaux. Vous disposerez alors d\u2019un seul et m\u00eame cr\u00e9dit, avec une mensualit\u00e9 unique \u00e0 rembourser chaque mois. Vous b\u00e9n\u00e9ficiez donc d\u2019une vision claire et ma\u00eetris\u00e9e de votre budget avec une seule mensualit\u00e9, une seule date de pr\u00e9l\u00e8vement, un seul taux.<\/p>\n\n\n\n<p><strong><mark style=\"background-color:rgba(0, 0, 0, 0)\" class=\"has-inline-color has-colibri-color-1-color\">Deux lignes de cr\u00e9dit<\/mark><\/strong>\u00a0:\u00a0l\u2019\u00e9tablissement bancaire consid\u00e8re que votre pr\u00eat sera s\u00e9par\u00e9 en 2 lignes\u00a0: une pour l\u2019acquisition du bien et une autre d\u00e9di\u00e9e aux travaux.<\/p>\n\n\n\n<p> Si vous choisissez cette alternative, sachez que la ligne pr\u00e9vue pour les travaux sera d\u00e9bloqu\u00e9e \u00e9tape par \u00e9tape, en fonction de la r\u00e9alisation et de l\u2019avancement des travaux.<\/p>\n\n\n\n<p><strong><mark style=\"background-color:rgba(0, 0, 0, 0)\" class=\"has-inline-color has-colibri-color-1-color\">Diff\u00e9r\u00e9 total des mensualit\u00e9s<\/mark><\/strong>&nbsp;: cette option vous permet de reporter le pr\u00e9l\u00e8vement des mensualit\u00e9s jusqu\u2019\u00e0 plusieurs mois apr\u00e8s le d\u00e9blocage des fonds. Autrement dit, vous ne rembourserez pas votre pr\u00eat tout de suite. La p\u00e9riode de diff\u00e9r\u00e9 est d\u00e9finie au moment de la signature de votre pr\u00eate, avec votre banquier. Toutefois, vous serez pr\u00e9lev\u00e9 pour l\u2019assurance emprunteur. Une fois le diff\u00e9r\u00e9 total arriv\u00e9 \u00e0 son terme, vous devrez rembourser la somme emprunt\u00e9e ainsi que les int\u00e9r\u00eats.<\/p>\n\n\n\n<p><strong><mark style=\"background-color:rgba(0, 0, 0, 0)\" class=\"has-inline-color has-colibri-color-1-color\">Diff\u00e9r\u00e9 partiel des mensualit\u00e9s<\/mark><\/strong>&nbsp;: avec le diff\u00e9r\u00e9 partiel des mensualit\u00e9s, vous rembourserez les int\u00e9r\u00eats et la prime d\u2019assurance pendant la p\u00e9riode du diff\u00e9r\u00e9. L\u2019emprunteur commencera \u00e0 amortir son pr\u00eat \u00e0 la fin de la p\u00e9riode du diff\u00e9r\u00e9.<\/p>\n\n\n\n<p><mark style=\"background-color:rgba(0, 0, 0, 0)\" class=\"has-inline-color has-colibri-color-1-color\"><strong>D\u00e9blocage progressif des fonds<\/strong>\u00a0<\/mark>: Au fur et \u00e0 mesure de la r\u00e9alisation des\u00a0<strong>travaux de r\u00e9novation<\/strong>, les prestataires tels que des artisans vous \u00e9mettront des appels de fonds \u00e0 communiquer \u00e0 votre banque. <br>Ces appels de fonds doivent \u00eatre justifi\u00e9s (factures, devis\u2026) pour vous permettre de d\u00e9bloquer le montant associ\u00e9 \u00e0 une tranche de travaux. En faisant le choix du d\u00e9blocage progressif des fonds, compte-tenu du capital d\u00e9bloqu\u00e9, votre mensualit\u00e9 va \u00e9voluer progressivement. Cette solution est souvent associ\u00e9e \u00e0 un diff\u00e9r\u00e9 partiel des mensualit\u00e9s. Il est donc important de bien \u00e9valuer\u00a0\u00e0 l\u2019avance le montant des travaux afin de ne pas avoir de mauvaises surprises.<\/p>\n\n\n\n<h2 class=\"wp-block-heading\"><strong>BON \u00c0 SAVOIR<\/strong><\/h2>\n\n\n\n<p id=\"financement-travaux\">Si vous envisagez de faire des travaux, il est conseill\u00e9 de faire jouer la concurrence en demandant plusieurs devis \u00e0 diff\u00e9rents entrepreneurs. Gr\u00e2ce \u00e0 cela vous pourrez comparer les prix et les prestations des diff\u00e9rents entrepreneurs et vous augmenterez vos chances d\u2019obtenir un devis avec un bon rapport qualit\u00e9 \/ prix\u00a0!<\/p>\n\n\n\n<p id=\"financement-travaux\"> Cependant, ne vous fiez pas qu&rsquo;aux tarifs propos\u00e9s, gardez en t\u00eate que les comp\u00e9tences de l\u2019entrepreneur choisi ainsi que la qualit\u00e9 des mat\u00e9riaux restent primordiales. <\/p>\n\n\n\n<p id=\"financement-travaux\">De plus, pour pouvoir obtenir votre pr\u00eat immobilier incluant des travaux aupr\u00e8s de votre banque, il est indispensable d\u2019avoir en votre possession ces devis.<\/p>\n\n\n\n<p id=\"financement-travaux\">Votre banque est assur\u00e9e que vous ferez appel \u00e0 des professionnels mais \u00e9galement sera inform\u00e9e du co\u00fbt de ces travaux.\u00a0 Si vous r\u00e9alisez d\u2019importants\u00a0<strong><mark style=\"background-color:rgba(0, 0, 0, 0)\" class=\"has-inline-color has-colibri-color-1-color\">travaux de r\u00e9novation<\/mark><\/strong>: demander un diff\u00e9r\u00e9 d\u2019amortissement et pr\u00e9f\u00e9rez un d\u00e9blocage progressif des fonds peuvent se r\u00e9v\u00e9ler int\u00e9ressants.<\/p>\n\n\n\n<p id=\"financement-travaux\"> En effet, cela vous permettra, par exemple, de payer un loyer pendant la dur\u00e9e des travaux sans vous retrouver dans une situation des plus inconfortables.<\/p>\n","protected":false},"excerpt":{"rendered":"<p>Financer des travaux dans le cadre d\u2019un pr\u00eat immobilier Vous pouvez tout \u00e0 fait inclure le co\u00fbt des\u00a0travaux de r\u00e9novation\u00a0dans votre pr\u00eat immobilier. Pour ce faire, vous disposez de diff\u00e9rentes alternatives :\u00a0 Une seule ligne de cr\u00e9dit\u00a0: lors du financement de votre bien immobilier, vous pouvez demander au professionnel du cr\u00e9dit qui vous accompagne d\u2019inclure [&hellip;]<\/p>\n","protected":false},"author":1,"featured_media":1402,"parent":520,"menu_order":1,"comment_status":"closed","ping_status":"closed","template":"","meta":{"footnotes":""},"class_list":["post-2067","page","type-page","status-publish","has-post-thumbnail","hentry"],"yoast_head":"<!-- This site is optimized with the Yoast SEO Premium plugin v20.0 (Yoast SEO v27.5) - https:\/\/yoast.com\/product\/yoast-seo-premium-wordpress\/ -->\n<title>Financement des travaux avec un pr\u00eat immobilier<\/title>\n<meta name=\"description\" content=\"Vous pouvez tout \u00e0 fait inclure le co\u00fbt des\u00a0travaux de r\u00e9novation\u00a0dans votre pr\u00eat immobilier. Pour ce faire, vous disposez de diff\u00e9rentes alternatives\" \/>\n<meta name=\"robots\" content=\"index, follow, max-snippet:-1, max-image-preview:large, max-video-preview:-1\" \/>\n<link rel=\"canonical\" href=\"https:\/\/www.espacefinance.com\/133881bdd\/financer-des-travaux-avec-un-pret-immobilier\/\" \/>\n<meta property=\"og:locale\" content=\"fr_FR\" \/>\n<meta property=\"og:type\" content=\"article\" \/>\n<meta property=\"og:title\" content=\"Financer des travaux avec un pr\u00eat immobilier\" \/>\n<meta property=\"og:description\" content=\"Vous pouvez tout \u00e0 fait inclure le co\u00fbt des\u00a0travaux de r\u00e9novation\u00a0dans votre pr\u00eat immobilier. Consultez nos experts. #accompagnement #expertise #transparence\" \/>\n<meta property=\"og:url\" content=\"https:\/\/www.espacefinance.com\/133881bdd\/financer-des-travaux-avec-un-pret-immobilier\/\" \/>\n<meta property=\"og:site_name\" content=\"N\u00eemes - Cr\u00e9dit Immobilier &amp; Assurances\" \/>\n<meta property=\"article:publisher\" content=\"https:\/\/www.facebook.com\/ymanci.credit.immobilier.assurance\" \/>\n<meta property=\"article:modified_time\" content=\"2022-04-05T08:04:05+00:00\" \/>\n<meta property=\"og:image\" content=\"https:\/\/www.espacefinance.com\/133881bdd\/wp-content\/uploads\/2022\/03\/AIDES-ET-TRAVAUX-IMMO-edited.jpg\" \/>\n\t<meta property=\"og:image:width\" content=\"584\" \/>\n\t<meta property=\"og:image:height\" content=\"365\" \/>\n\t<meta property=\"og:image:type\" content=\"image\/jpeg\" \/>\n<meta name=\"twitter:card\" content=\"summary_large_image\" \/>\n<meta name=\"twitter:description\" content=\"Vous pouvez tout \u00e0 fait inclure le co\u00fbt des\u00a0travaux de r\u00e9novation\u00a0dans votre pr\u00eat immobilier.\" \/>\n<meta name=\"twitter:site\" content=\"@YMANCI_NIMES\" \/>\n<meta name=\"twitter:label1\" content=\"Dur\u00e9e de lecture estim\u00e9e\" \/>\n\t<meta name=\"twitter:data1\" content=\"3 minutes\" \/>\n<script type=\"application\/ld+json\" class=\"yoast-schema-graph\">{\"@context\":\"https:\\\/\\\/schema.org\",\"@graph\":[{\"@type\":\"WebPage\",\"@id\":\"https:\\\/\\\/www.espacefinance.com\\\/133881bdd\\\/financement-immobilier-travaux-professionnel-particulier\\\/pret-travaux\\\/financer-des-travaux-avec-un-pret-immobilier\\\/\",\"url\":\"https:\\\/\\\/www.espacefinance.com\\\/133881bdd\\\/financer-des-travaux-avec-un-pret-immobilier\\\/\",\"name\":\"Financement des travaux avec un pr\u00eat immobilier\",\"isPartOf\":{\"@id\":\"https:\\\/\\\/www.espacefinance.com\\\/133881bdd\\\/#website\"},\"primaryImageOfPage\":{\"@id\":\"https:\\\/\\\/www.espacefinance.com\\\/133881bdd\\\/financer-des-travaux-avec-un-pret-immobilier\\\/#primaryimage\"},\"image\":{\"@id\":\"https:\\\/\\\/www.espacefinance.com\\\/133881bdd\\\/financer-des-travaux-avec-un-pret-immobilier\\\/#primaryimage\"},\"thumbnailUrl\":\"https:\\\/\\\/www.espacefinance.com\\\/133881bdd\\\/wp-content\\\/uploads\\\/2022\\\/03\\\/AIDES-ET-TRAVAUX-IMMO-edited.jpg\",\"datePublished\":\"2022-04-04T15:26:52+00:00\",\"dateModified\":\"2022-04-05T08:04:05+00:00\",\"description\":\"Vous pouvez tout \u00e0 fait inclure le co\u00fbt des\u00a0travaux de r\u00e9novation\u00a0dans votre pr\u00eat immobilier. Pour ce faire, vous disposez de diff\u00e9rentes alternatives\",\"breadcrumb\":{\"@id\":\"https:\\\/\\\/www.espacefinance.com\\\/133881bdd\\\/financer-des-travaux-avec-un-pret-immobilier\\\/#breadcrumb\"},\"inLanguage\":\"fr-FR\",\"potentialAction\":[{\"@type\":\"ReadAction\",\"target\":[\"https:\\\/\\\/www.espacefinance.com\\\/133881bdd\\\/financer-des-travaux-avec-un-pret-immobilier\\\/\"]}]},{\"@type\":\"ImageObject\",\"inLanguage\":\"fr-FR\",\"@id\":\"https:\\\/\\\/www.espacefinance.com\\\/133881bdd\\\/financer-des-travaux-avec-un-pret-immobilier\\\/#primaryimage\",\"url\":\"https:\\\/\\\/www.espacefinance.com\\\/133881bdd\\\/wp-content\\\/uploads\\\/2022\\\/03\\\/AIDES-ET-TRAVAUX-IMMO-edited.jpg\",\"contentUrl\":\"https:\\\/\\\/www.espacefinance.com\\\/133881bdd\\\/wp-content\\\/uploads\\\/2022\\\/03\\\/AIDES-ET-TRAVAUX-IMMO-edited.jpg\",\"width\":584,\"height\":365,\"caption\":\"Travaux, construction maison individuelle\"},{\"@type\":\"BreadcrumbList\",\"@id\":\"https:\\\/\\\/www.espacefinance.com\\\/133881bdd\\\/financer-des-travaux-avec-un-pret-immobilier\\\/#breadcrumb\",\"itemListElement\":[{\"@type\":\"ListItem\",\"position\":1,\"name\":\"Accueil\",\"item\":\"https:\\\/\\\/www.espacefinance.com\\\/133881bdd\\\/\"},{\"@type\":\"ListItem\",\"position\":2,\"name\":\"Financement\",\"item\":\"https:\\\/\\\/www.espacefinance.com\\\/133881bdd\\\/financement-immobilier-travaux-professionnel-particulier\\\/\"},{\"@type\":\"ListItem\",\"position\":3,\"name\":\"pr\u00eat travaux ymanci N\u00eemes\",\"item\":\"https:\\\/\\\/www.espacefinance.com\\\/133881bdd\\\/financement-immobilier-travaux-professionnel-particulier\\\/pret-travaux\\\/\"},{\"@type\":\"ListItem\",\"position\":4,\"name\":\"Pr\u00eat Travaux Immobilier\"}]},{\"@type\":\"WebSite\",\"@id\":\"https:\\\/\\\/www.espacefinance.com\\\/133881bdd\\\/#website\",\"url\":\"https:\\\/\\\/www.espacefinance.com\\\/133881bdd\\\/\",\"name\":\"N\u00eemes - Cr\u00e9dit Immobilier &amp; Assurances\",\"description\":\"Notre expertise \u00e0 votre service en toute transparence\",\"publisher\":{\"@id\":\"https:\\\/\\\/www.espacefinance.com\\\/133881bdd\\\/#organization\"},\"potentialAction\":[{\"@type\":\"SearchAction\",\"target\":{\"@type\":\"EntryPoint\",\"urlTemplate\":\"https:\\\/\\\/www.espacefinance.com\\\/133881bdd\\\/?s={search_term_string}\"},\"query-input\":{\"@type\":\"PropertyValueSpecification\",\"valueRequired\":true,\"valueName\":\"search_term_string\"}}],\"inLanguage\":\"fr-FR\"},{\"@type\":\"Organization\",\"@id\":\"https:\\\/\\\/www.espacefinance.com\\\/133881bdd\\\/#organization\",\"name\":\"ESPACE FINANCE LP\",\"url\":\"https:\\\/\\\/www.espacefinance.com\\\/133881bdd\\\/\",\"logo\":{\"@type\":\"ImageObject\",\"inLanguage\":\"fr-FR\",\"@id\":\"https:\\\/\\\/www.espacefinance.com\\\/133881bdd\\\/#\\\/schema\\\/logo\\\/image\\\/\",\"url\":\"https:\\\/\\\/www.espacefinance.com\\\/133881bdd\\\/wp-content\\\/uploads\\\/2022\\\/03\\\/LOGO-ESFI-YMANCI-022022.jpg\",\"contentUrl\":\"https:\\\/\\\/www.espacefinance.com\\\/133881bdd\\\/wp-content\\\/uploads\\\/2022\\\/03\\\/LOGO-ESFI-YMANCI-022022.jpg\",\"width\":1273,\"height\":710,\"caption\":\"ESPACE FINANCE LP\"},\"image\":{\"@id\":\"https:\\\/\\\/www.espacefinance.com\\\/133881bdd\\\/#\\\/schema\\\/logo\\\/image\\\/\"},\"sameAs\":[\"https:\\\/\\\/www.facebook.com\\\/ymanci.credit.immobilier.assurance\",\"https:\\\/\\\/x.com\\\/YMANCI_NIMES\",\"https:\\\/\\\/www.instagram.com\\\/espacefinancelp_ymanci_nimes\\\/?hl=fr\",\"https:\\\/\\\/www.linkedin.com\\\/showcase\\\/ymanci-nmes\\\/\",\"https:\\\/\\\/www.youtube.com\\\/channel\\\/UC1PRm7p_QVdRMUaS_Hq6zwA\"]}]}<\/script>\n<!-- \/ Yoast SEO Premium plugin. -->","yoast_head_json":{"title":"Financement des travaux avec un pr\u00eat immobilier","description":"Vous pouvez tout \u00e0 fait inclure le co\u00fbt des\u00a0travaux de r\u00e9novation\u00a0dans votre pr\u00eat immobilier. Pour ce faire, vous disposez de diff\u00e9rentes alternatives","robots":{"index":"index","follow":"follow","max-snippet":"max-snippet:-1","max-image-preview":"max-image-preview:large","max-video-preview":"max-video-preview:-1"},"canonical":"https:\/\/www.espacefinance.com\/133881bdd\/financer-des-travaux-avec-un-pret-immobilier\/","og_locale":"fr_FR","og_type":"article","og_title":"Financer des travaux avec un pr\u00eat immobilier","og_description":"Vous pouvez tout \u00e0 fait inclure le co\u00fbt des\u00a0travaux de r\u00e9novation\u00a0dans votre pr\u00eat immobilier. Consultez nos experts. #accompagnement #expertise #transparence","og_url":"https:\/\/www.espacefinance.com\/133881bdd\/financer-des-travaux-avec-un-pret-immobilier\/","og_site_name":"N\u00eemes - Cr\u00e9dit Immobilier &amp; Assurances","article_publisher":"https:\/\/www.facebook.com\/ymanci.credit.immobilier.assurance","article_modified_time":"2022-04-05T08:04:05+00:00","og_image":[{"width":584,"height":365,"url":"https:\/\/www.espacefinance.com\/133881bdd\/wp-content\/uploads\/2022\/03\/AIDES-ET-TRAVAUX-IMMO-edited.jpg","type":"image\/jpeg"}],"twitter_card":"summary_large_image","twitter_description":"Vous pouvez tout \u00e0 fait inclure le co\u00fbt des\u00a0travaux de r\u00e9novation\u00a0dans votre pr\u00eat immobilier.","twitter_site":"@YMANCI_NIMES","twitter_misc":{"Dur\u00e9e de lecture estim\u00e9e":"3 minutes"},"schema":{"@context":"https:\/\/schema.org","@graph":[{"@type":"WebPage","@id":"https:\/\/www.espacefinance.com\/133881bdd\/financement-immobilier-travaux-professionnel-particulier\/pret-travaux\/financer-des-travaux-avec-un-pret-immobilier\/","url":"https:\/\/www.espacefinance.com\/133881bdd\/financer-des-travaux-avec-un-pret-immobilier\/","name":"Financement des travaux avec un pr\u00eat immobilier","isPartOf":{"@id":"https:\/\/www.espacefinance.com\/133881bdd\/#website"},"primaryImageOfPage":{"@id":"https:\/\/www.espacefinance.com\/133881bdd\/financer-des-travaux-avec-un-pret-immobilier\/#primaryimage"},"image":{"@id":"https:\/\/www.espacefinance.com\/133881bdd\/financer-des-travaux-avec-un-pret-immobilier\/#primaryimage"},"thumbnailUrl":"https:\/\/www.espacefinance.com\/133881bdd\/wp-content\/uploads\/2022\/03\/AIDES-ET-TRAVAUX-IMMO-edited.jpg","datePublished":"2022-04-04T15:26:52+00:00","dateModified":"2022-04-05T08:04:05+00:00","description":"Vous pouvez tout \u00e0 fait inclure le co\u00fbt des\u00a0travaux de r\u00e9novation\u00a0dans votre pr\u00eat immobilier. Pour ce faire, vous disposez de diff\u00e9rentes alternatives","breadcrumb":{"@id":"https:\/\/www.espacefinance.com\/133881bdd\/financer-des-travaux-avec-un-pret-immobilier\/#breadcrumb"},"inLanguage":"fr-FR","potentialAction":[{"@type":"ReadAction","target":["https:\/\/www.espacefinance.com\/133881bdd\/financer-des-travaux-avec-un-pret-immobilier\/"]}]},{"@type":"ImageObject","inLanguage":"fr-FR","@id":"https:\/\/www.espacefinance.com\/133881bdd\/financer-des-travaux-avec-un-pret-immobilier\/#primaryimage","url":"https:\/\/www.espacefinance.com\/133881bdd\/wp-content\/uploads\/2022\/03\/AIDES-ET-TRAVAUX-IMMO-edited.jpg","contentUrl":"https:\/\/www.espacefinance.com\/133881bdd\/wp-content\/uploads\/2022\/03\/AIDES-ET-TRAVAUX-IMMO-edited.jpg","width":584,"height":365,"caption":"Travaux, construction maison individuelle"},{"@type":"BreadcrumbList","@id":"https:\/\/www.espacefinance.com\/133881bdd\/financer-des-travaux-avec-un-pret-immobilier\/#breadcrumb","itemListElement":[{"@type":"ListItem","position":1,"name":"Accueil","item":"https:\/\/www.espacefinance.com\/133881bdd\/"},{"@type":"ListItem","position":2,"name":"Financement","item":"https:\/\/www.espacefinance.com\/133881bdd\/financement-immobilier-travaux-professionnel-particulier\/"},{"@type":"ListItem","position":3,"name":"pr\u00eat travaux ymanci N\u00eemes","item":"https:\/\/www.espacefinance.com\/133881bdd\/financement-immobilier-travaux-professionnel-particulier\/pret-travaux\/"},{"@type":"ListItem","position":4,"name":"Pr\u00eat Travaux Immobilier"}]},{"@type":"WebSite","@id":"https:\/\/www.espacefinance.com\/133881bdd\/#website","url":"https:\/\/www.espacefinance.com\/133881bdd\/","name":"N\u00eemes - Cr\u00e9dit Immobilier &amp; Assurances","description":"Notre expertise \u00e0 votre service en toute transparence","publisher":{"@id":"https:\/\/www.espacefinance.com\/133881bdd\/#organization"},"potentialAction":[{"@type":"SearchAction","target":{"@type":"EntryPoint","urlTemplate":"https:\/\/www.espacefinance.com\/133881bdd\/?s={search_term_string}"},"query-input":{"@type":"PropertyValueSpecification","valueRequired":true,"valueName":"search_term_string"}}],"inLanguage":"fr-FR"},{"@type":"Organization","@id":"https:\/\/www.espacefinance.com\/133881bdd\/#organization","name":"ESPACE FINANCE LP","url":"https:\/\/www.espacefinance.com\/133881bdd\/","logo":{"@type":"ImageObject","inLanguage":"fr-FR","@id":"https:\/\/www.espacefinance.com\/133881bdd\/#\/schema\/logo\/image\/","url":"https:\/\/www.espacefinance.com\/133881bdd\/wp-content\/uploads\/2022\/03\/LOGO-ESFI-YMANCI-022022.jpg","contentUrl":"https:\/\/www.espacefinance.com\/133881bdd\/wp-content\/uploads\/2022\/03\/LOGO-ESFI-YMANCI-022022.jpg","width":1273,"height":710,"caption":"ESPACE FINANCE LP"},"image":{"@id":"https:\/\/www.espacefinance.com\/133881bdd\/#\/schema\/logo\/image\/"},"sameAs":["https:\/\/www.facebook.com\/ymanci.credit.immobilier.assurance","https:\/\/x.com\/YMANCI_NIMES","https:\/\/www.instagram.com\/espacefinancelp_ymanci_nimes\/?hl=fr","https:\/\/www.linkedin.com\/showcase\/ymanci-nmes\/","https:\/\/www.youtube.com\/channel\/UC1PRm7p_QVdRMUaS_Hq6zwA"]}]}},"_links":{"self":[{"href":"https:\/\/www.espacefinance.com\/133881bdd\/wp-json\/wp\/v2\/pages\/2067","targetHints":{"allow":["GET"]}}],"collection":[{"href":"https:\/\/www.espacefinance.com\/133881bdd\/wp-json\/wp\/v2\/pages"}],"about":[{"href":"https:\/\/www.espacefinance.com\/133881bdd\/wp-json\/wp\/v2\/types\/page"}],"author":[{"embeddable":true,"href":"https:\/\/www.espacefinance.com\/133881bdd\/wp-json\/wp\/v2\/users\/1"}],"replies":[{"embeddable":true,"href":"https:\/\/www.espacefinance.com\/133881bdd\/wp-json\/wp\/v2\/comments?post=2067"}],"version-history":[{"count":0,"href":"https:\/\/www.espacefinance.com\/133881bdd\/wp-json\/wp\/v2\/pages\/2067\/revisions"}],"up":[{"embeddable":true,"href":"https:\/\/www.espacefinance.com\/133881bdd\/wp-json\/wp\/v2\/pages\/520"}],"wp:featuredmedia":[{"embeddable":true,"href":"https:\/\/www.espacefinance.com\/133881bdd\/wp-json\/wp\/v2\/media\/1402"}],"wp:attachment":[{"href":"https:\/\/www.espacefinance.com\/133881bdd\/wp-json\/wp\/v2\/media?parent=2067"}],"curies":[{"name":"wp","href":"https:\/\/api.w.org\/{rel}","templated":true}]}}