{"id":2051,"date":"2022-04-04T17:05:51","date_gmt":"2022-04-04T15:05:51","guid":{"rendered":"https:\/\/www.espacefinance.com\/133881bdd\/?page_id=2051"},"modified":"2022-04-08T15:48:58","modified_gmt":"2022-04-08T13:48:58","slug":"les-differents-types-de-pret-immobilier","status":"publish","type":"page","link":"https:\/\/www.espacefinance.com\/133881bdd\/financement-immobilier-travaux-professionnel-particulier\/credit-immobilier-financement\/achat-residence-principale-secondaire\/les-differents-types-de-pret-immobilier\/","title":{"rendered":"Les diff\u00e9rents types de Pr\u00eat Immobilier"},"content":{"rendered":"\n<h2 class=\"has-colibri-color-2-color has-text-color has-large-font-size wp-block-heading\" id=\"h-les-differents-types-de-prets-immobiliers\"><strong>Les diff\u00e9rents types de pr\u00eats immobiliers<\/strong><\/h2>\n\n\n\n<p>Pour un achat&nbsp;immobilier, nous observons en g\u00e9n\u00e9ral 5&nbsp;grands types de pr\u00eats&nbsp;:<\/p>\n\n\n\n<h1 class=\"wp-block-heading\" id=\"h-prets-a-taux-fixe\"><strong><mark style=\"background-color:rgba(0, 0, 0, 0)\" class=\"has-inline-color has-colibri-color-1-color\">Pr\u00eats \u00e0 taux fixe<\/mark><\/strong><\/h1>\n\n\n\n<p>Le pr\u00eat dispose d\u2019un taux fixe c\u2019est-\u00e0-dire qu\u2019il n\u2019\u00e9voluera pas sur la dur\u00e9e totale du remboursement.&nbsp;Il s\u2019agit du cr\u00e9dit le plus r\u00e9pandu car c\u2019est un pr\u00eat o\u00f9 la prise de risque est faible, et donc favoris\u00e9 sur des dur\u00e9es longues.&nbsp;<strong>D\u00e9couvrez&nbsp;notre barom\u00e8tre des taux<\/strong><\/p>\n\n\n\n<h1 class=\"wp-block-heading\" id=\"h-prets-a-taux-variable\"><strong><mark style=\"background-color:rgba(0, 0, 0, 0)\" class=\"has-inline-color has-colibri-color-1-color\">Pr\u00eats \u00e0 taux variable<\/mark><\/strong><\/h1>\n\n\n\n<p>Comme son nom l\u2019indique, le taux varie selon les al\u00e9as du march\u00e9. Il est donc revu p\u00e9riodiquement et peut soit augmenter, soit diminuer.<\/p>\n\n\n\n<p> Un taux variable poss\u00e8de des avantages et des inconv\u00e9nients,\u00a0sa souscription devant\u00a0\u00eatre adapt\u00e9e \u00e0 la situation du client et \u00e0 la conjoncture du march\u00e9. Toutefois, il est possible de se prot\u00e9ger des variations extr\u00eames en \u00e9tablissant une limite haute et basse que le taux ne pourra d\u00e9passer dans le contrat (CAP\u00c9 ou KP).<\/p>\n\n\n\n<h1 class=\"wp-block-heading\" id=\"h-prets-a-taux-mixte\"><strong><mark style=\"background-color:rgba(0, 0, 0, 0)\" class=\"has-inline-color has-colibri-color-1-color\">Pr\u00eats \u00e0 taux mixte<\/mark><\/strong><\/h1>\n\n\n\n<p>Ce produit est un m\u00e9lange entre les deux pr\u00eats pr\u00e9c\u00e9dents. Avec un risque moyen, il combine l\u2019attractivit\u00e9 d&rsquo;un produit \u00e0 taux variable et \u00e0 taux fixe. <\/p>\n\n\n\n<p>Ce pr\u00eat se d\u00e9coupe en 2 phases, la premi\u00e8re phase qui comprend un taux fixe, en g\u00e9n\u00e9ral inf\u00e9rieur au taux fixe standard du march\u00e9 et une deuxi\u00e8me phase o\u00f9 le pr\u00eat passe \u00e0 un taux variable. <\/p>\n\n\n\n<p>En g\u00e9n\u00e9ral, ce taux variable est cap\u00e9, c\u2019est-\u00e0-dire qu\u2019il est plafonn\u00e9 \u00e0 la hausse comme \u00e0 la baisse.\u00a0\u00a0<\/p>\n\n\n\n<p>Par exemple, l\u2019\u00e9tablissement pr\u00eateur peut vous proposer pour la 2\u00e8me partie de votre pr\u00eat immobilier un taux variable &nbsp;\u00e0 1,5% cap\u00e9 2&nbsp;: cela signifie qu&rsquo;il peut \u00e9voluer de 2 points \u00e0 la hausse ou \u00e0 la baisse selon les conditions propos\u00e9es par la banque. Le taux d\u2019emprunt de d\u00e9part fix\u00e9 est donc \u00e0 1,5%&nbsp;et pourra \u00e9voluer \u00e0 la hausse pour atteindre les 3,5% ou \u00eatre revu \u00e0 la baisse,&nbsp;dans la limite de la marge de la banque.&nbsp;<\/p>\n\n\n\n<h1 class=\"wp-block-heading\" id=\"h-prets-in-fine\"><strong><mark style=\"background-color:rgba(0, 0, 0, 0)\" class=\"has-inline-color has-colibri-color-1-color\">Pr\u00eats in fine<\/mark><\/strong><\/h1>\n\n\n\n<p>Ce type de pr\u00eat vous permet de rembourser uniquement les int\u00e9r\u00eats d\u2019emprunt pendant toute la dur\u00e9e du cr\u00e9dit. Quant au capital du pr\u00eat, vous le rembourserez \u00e0 la derni\u00e8re \u00e9ch\u00e9ance et en une seule fois. Pour ce faire,\u00a0vous devrez \u00eatre en possession d&rsquo;une \u00e9pargne \u00e0 placer de type assurance vie\u00a0pendant toute la dur\u00e9e du pr\u00eat qui vous permettra de solder 100% du montant du cr\u00e9dit. <\/p>\n\n\n\n<p>Il s\u2019agit d\u2019une garantie de remboursement pour l\u2019\u00e9tablissement pr\u00eateur.\u00a0Sachez que le pr\u00eat in fine pr\u00e9sente un cout d&rsquo;int\u00e9r\u00eats\u00a0plus \u00e9lev\u00e9\u00a0qu\u2019un pr\u00eat amortissable. <\/p>\n\n\n\n<p>Toutefois, ce type pr\u00eat peut \u00eatre int\u00e9ressant dans le cadre d&rsquo;un projet locatif. Les int\u00e9r\u00eats d\u2019emprunt pourront \u00eatre d\u00e9duits de la base imposable de vos loyers per\u00e7us. <\/p>\n\n\n\n<p>C&rsquo;est peut \u00eatre un v\u00e9ritable avantage fiscal pour les particuliers impos\u00e9s.\u00a0<\/p>\n\n\n\n<h1 class=\"wp-block-heading\" id=\"h-prets-travaux\"><strong><mark style=\"background-color:rgba(0, 0, 0, 0)\" class=\"has-inline-color has-colibri-color-1-color\">Pr\u00eats travaux<\/mark><\/strong><\/h1>\n\n\n\n<p>Vous anticipez ou voulez r\u00e9aliser des travaux\u00a0pour votre logement (Am\u00e9nagement, modification, extension, r\u00e9novation, am\u00e9lioration thermique\u2026) ? Il se pr\u00e9sente sous forme de pr\u00eat immobilier si la somme demand\u00e9e est sup\u00e9rieure \u00e0 75 000 \u20ac,  en pr\u00eat personnel ou \u00e0 la consommation \u00e9galement, si le montant est inf\u00e9rieur \u00e0 75 000 \u20ac. \u00a0Le pr\u00e9teur exigera des devis pour le montage de votre dossier de pr\u00eat et des factures selon les banques et le type de pr\u00eat.\u00a0<\/p>\n\n\n\n<p><strong>En savoir plus sur le financement des travaux<\/strong>. Dans le cadre d&rsquo;un projet d&rsquo;achat\/revente, sachez qu\u2019il existe 2 types de pr\u00eats\u00a0sp\u00e9cifiques : le pr\u00eat relais (in fine)\u00a0et le pr\u00eat achat\/revente.\u00a0<strong>En savoir plus sur ces solutions de financement.\u00a0<\/strong><\/p>\n","protected":false},"excerpt":{"rendered":"<p>Les diff\u00e9rents types de pr\u00eats immobiliers Pour un achat&nbsp;immobilier, nous observons en g\u00e9n\u00e9ral 5&nbsp;grands types de pr\u00eats&nbsp;: Pr\u00eats \u00e0 taux fixe Le pr\u00eat dispose d\u2019un taux fixe c\u2019est-\u00e0-dire qu\u2019il n\u2019\u00e9voluera pas sur la dur\u00e9e totale du remboursement.&nbsp;Il s\u2019agit du cr\u00e9dit le plus r\u00e9pandu car c\u2019est un pr\u00eat o\u00f9 la prise de risque est faible, et [&hellip;]<\/p>\n","protected":false},"author":1,"featured_media":0,"parent":284,"menu_order":0,"comment_status":"closed","ping_status":"closed","template":"","meta":{"footnotes":""},"class_list":["post-2051","page","type-page","status-publish","hentry"],"yoast_head":"<!-- This site is optimized with the Yoast SEO Premium plugin v20.0 (Yoast SEO v27.5) - https:\/\/yoast.com\/product\/yoast-seo-premium-wordpress\/ -->\n<title>diff\u00e9rents types de pr\u00eats immobiliers<\/title>\n<meta name=\"description\" content=\"quels sont les diff\u00e9rents type de pr\u00eats immobilier? Vous pouvez rencontrer nos experts: ils vous accompagnent tout au long de votre projet.\" \/>\n<meta name=\"robots\" content=\"index, follow, max-snippet:-1, max-image-preview:large, max-video-preview:-1\" \/>\n<link rel=\"canonical\" href=\"https:\/\/www.espacefinance.com\/133881bdd\/financement-immobilier-travaux-professionnel-particulier\/credit-immobilier-financement\/achat-residence-principale-secondaire\/les-differents-types-de-pret-immobilier\/?customize_changeset_uuid=ca9bb9b5-ea51-4383-9fb7-7b8a42fab396\" \/>\n<meta property=\"og:locale\" content=\"fr_FR\" \/>\n<meta property=\"og:type\" content=\"article\" \/>\n<meta property=\"og:title\" content=\"Les diff\u00e9rents types de Pr\u00eat Immobilier\" \/>\n<meta property=\"og:description\" content=\"quels sont les diff\u00e9rents type de pr\u00eats immobilier? Vous pouvez rencontrer nos experts: ils vous accompagnent tout au long de votre projet.\" \/>\n<meta property=\"og:url\" content=\"https:\/\/www.espacefinance.com\/133881bdd\/financement-immobilier-travaux-professionnel-particulier\/credit-immobilier-financement\/achat-residence-principale-secondaire\/les-differents-types-de-pret-immobilier\/?customize_changeset_uuid=ca9bb9b5-ea51-4383-9fb7-7b8a42fab396\" \/>\n<meta property=\"og:site_name\" content=\"N\u00eemes - Cr\u00e9dit Immobilier &amp; Assurances\" \/>\n<meta property=\"article:publisher\" content=\"https:\/\/www.facebook.com\/ymanci.credit.immobilier.assurance\" \/>\n<meta property=\"article:modified_time\" content=\"2022-04-08T13:48:58+00:00\" \/>\n<meta property=\"og:image\" content=\"https:\/\/www.espacefinance.com\/133881bdd\/wp-content\/uploads\/2022\/03\/LOGO-ESFI-YMANCI-022022.jpg\" \/>\n\t<meta property=\"og:image:width\" content=\"1273\" \/>\n\t<meta property=\"og:image:height\" content=\"710\" \/>\n\t<meta property=\"og:image:type\" content=\"image\/jpeg\" \/>\n<meta name=\"twitter:card\" content=\"summary_large_image\" \/>\n<meta name=\"twitter:site\" content=\"@YMANCI_NIMES\" \/>\n<meta name=\"twitter:label1\" content=\"Dur\u00e9e de lecture estim\u00e9e\" \/>\n\t<meta name=\"twitter:data1\" content=\"3 minutes\" \/>\n<script type=\"application\/ld+json\" class=\"yoast-schema-graph\">{\"@context\":\"https:\\\/\\\/schema.org\",\"@graph\":[{\"@type\":\"WebPage\",\"@id\":\"https:\\\/\\\/www.espacefinance.com\\\/133881bdd\\\/financement-immobilier-travaux-professionnel-particulier\\\/credit-immobilier-financement\\\/achat-residence-principale-secondaire\\\/les-differents-types-de-pret-immobilier\\\/\",\"url\":\"https:\\\/\\\/www.espacefinance.com\\\/133881bdd\\\/financement-immobilier-travaux-professionnel-particulier\\\/credit-immobilier-financement\\\/achat-residence-principale-secondaire\\\/les-differents-types-de-pret-immobilier\\\/?customize_changeset_uuid=ca9bb9b5-ea51-4383-9fb7-7b8a42fab396\",\"name\":\"diff\u00e9rents types de pr\u00eats immobiliers\",\"isPartOf\":{\"@id\":\"https:\\\/\\\/www.espacefinance.com\\\/133881bdd\\\/#website\"},\"datePublished\":\"2022-04-04T15:05:51+00:00\",\"dateModified\":\"2022-04-08T13:48:58+00:00\",\"description\":\"quels sont les diff\u00e9rents type de pr\u00eats immobilier? Vous pouvez rencontrer nos experts: ils vous accompagnent tout au long de votre projet.\",\"breadcrumb\":{\"@id\":\"https:\\\/\\\/www.espacefinance.com\\\/133881bdd\\\/financement-immobilier-travaux-professionnel-particulier\\\/credit-immobilier-financement\\\/achat-residence-principale-secondaire\\\/les-differents-types-de-pret-immobilier\\\/?customize_changeset_uuid=ca9bb9b5-ea51-4383-9fb7-7b8a42fab396#breadcrumb\"},\"inLanguage\":\"fr-FR\",\"potentialAction\":[{\"@type\":\"ReadAction\",\"target\":[\"https:\\\/\\\/www.espacefinance.com\\\/133881bdd\\\/financement-immobilier-travaux-professionnel-particulier\\\/credit-immobilier-financement\\\/achat-residence-principale-secondaire\\\/les-differents-types-de-pret-immobilier\\\/?customize_changeset_uuid=ca9bb9b5-ea51-4383-9fb7-7b8a42fab396\"]}]},{\"@type\":\"BreadcrumbList\",\"@id\":\"https:\\\/\\\/www.espacefinance.com\\\/133881bdd\\\/financement-immobilier-travaux-professionnel-particulier\\\/credit-immobilier-financement\\\/achat-residence-principale-secondaire\\\/les-differents-types-de-pret-immobilier\\\/?customize_changeset_uuid=ca9bb9b5-ea51-4383-9fb7-7b8a42fab396#breadcrumb\",\"itemListElement\":[{\"@type\":\"ListItem\",\"position\":1,\"name\":\"Accueil\",\"item\":\"https:\\\/\\\/www.espacefinance.com\\\/133881bdd\\\/\"},{\"@type\":\"ListItem\",\"position\":2,\"name\":\"Financement\",\"item\":\"https:\\\/\\\/www.espacefinance.com\\\/133881bdd\\\/financement-immobilier-travaux-professionnel-particulier\\\/\"},{\"@type\":\"ListItem\",\"position\":3,\"name\":\"achat revente\",\"item\":\"https:\\\/\\\/www.espacefinance.com\\\/133881bdd\\\/financement-immobilier-travaux-professionnel-particulier\\\/credit-immobilier-financement\\\/\"},{\"@type\":\"ListItem\",\"position\":4,\"name\":\"R\u00e9sidence Principale \\\/ Secondaire\",\"item\":\"https:\\\/\\\/www.espacefinance.com\\\/133881bdd\\\/financement-immobilier-travaux-professionnel-particulier\\\/credit-immobilier-financement\\\/achat-residence-principale-secondaire\\\/\"},{\"@type\":\"ListItem\",\"position\":5,\"name\":\"LES DIFF2RENTS PR\u00cbTS IMMOBILIERS\"}]},{\"@type\":\"WebSite\",\"@id\":\"https:\\\/\\\/www.espacefinance.com\\\/133881bdd\\\/#website\",\"url\":\"https:\\\/\\\/www.espacefinance.com\\\/133881bdd\\\/\",\"name\":\"N\u00eemes - Cr\u00e9dit Immobilier &amp; Assurances\",\"description\":\"Notre expertise \u00e0 votre service en toute transparence\",\"publisher\":{\"@id\":\"https:\\\/\\\/www.espacefinance.com\\\/133881bdd\\\/#organization\"},\"potentialAction\":[{\"@type\":\"SearchAction\",\"target\":{\"@type\":\"EntryPoint\",\"urlTemplate\":\"https:\\\/\\\/www.espacefinance.com\\\/133881bdd\\\/?s={search_term_string}\"},\"query-input\":{\"@type\":\"PropertyValueSpecification\",\"valueRequired\":true,\"valueName\":\"search_term_string\"}}],\"inLanguage\":\"fr-FR\"},{\"@type\":\"Organization\",\"@id\":\"https:\\\/\\\/www.espacefinance.com\\\/133881bdd\\\/#organization\",\"name\":\"ESPACE FINANCE LP\",\"url\":\"https:\\\/\\\/www.espacefinance.com\\\/133881bdd\\\/\",\"logo\":{\"@type\":\"ImageObject\",\"inLanguage\":\"fr-FR\",\"@id\":\"https:\\\/\\\/www.espacefinance.com\\\/133881bdd\\\/#\\\/schema\\\/logo\\\/image\\\/\",\"url\":\"https:\\\/\\\/www.espacefinance.com\\\/133881bdd\\\/wp-content\\\/uploads\\\/2022\\\/03\\\/LOGO-ESFI-YMANCI-022022.jpg\",\"contentUrl\":\"https:\\\/\\\/www.espacefinance.com\\\/133881bdd\\\/wp-content\\\/uploads\\\/2022\\\/03\\\/LOGO-ESFI-YMANCI-022022.jpg\",\"width\":1273,\"height\":710,\"caption\":\"ESPACE FINANCE LP\"},\"image\":{\"@id\":\"https:\\\/\\\/www.espacefinance.com\\\/133881bdd\\\/#\\\/schema\\\/logo\\\/image\\\/\"},\"sameAs\":[\"https:\\\/\\\/www.facebook.com\\\/ymanci.credit.immobilier.assurance\",\"https:\\\/\\\/x.com\\\/YMANCI_NIMES\",\"https:\\\/\\\/www.instagram.com\\\/espacefinancelp_ymanci_nimes\\\/?hl=fr\",\"https:\\\/\\\/www.linkedin.com\\\/showcase\\\/ymanci-nmes\\\/\",\"https:\\\/\\\/www.youtube.com\\\/channel\\\/UC1PRm7p_QVdRMUaS_Hq6zwA\"]}]}<\/script>\n<!-- \/ Yoast SEO Premium plugin. -->","yoast_head_json":{"title":"diff\u00e9rents types de pr\u00eats immobiliers","description":"quels sont les diff\u00e9rents type de pr\u00eats immobilier? Vous pouvez rencontrer nos experts: ils vous accompagnent tout au long de votre projet.","robots":{"index":"index","follow":"follow","max-snippet":"max-snippet:-1","max-image-preview":"max-image-preview:large","max-video-preview":"max-video-preview:-1"},"canonical":"https:\/\/www.espacefinance.com\/133881bdd\/financement-immobilier-travaux-professionnel-particulier\/credit-immobilier-financement\/achat-residence-principale-secondaire\/les-differents-types-de-pret-immobilier\/?customize_changeset_uuid=ca9bb9b5-ea51-4383-9fb7-7b8a42fab396","og_locale":"fr_FR","og_type":"article","og_title":"Les diff\u00e9rents types de Pr\u00eat Immobilier","og_description":"quels sont les diff\u00e9rents type de pr\u00eats immobilier? Vous pouvez rencontrer nos experts: ils vous accompagnent tout au long de votre projet.","og_url":"https:\/\/www.espacefinance.com\/133881bdd\/financement-immobilier-travaux-professionnel-particulier\/credit-immobilier-financement\/achat-residence-principale-secondaire\/les-differents-types-de-pret-immobilier\/?customize_changeset_uuid=ca9bb9b5-ea51-4383-9fb7-7b8a42fab396","og_site_name":"N\u00eemes - Cr\u00e9dit Immobilier &amp; Assurances","article_publisher":"https:\/\/www.facebook.com\/ymanci.credit.immobilier.assurance","article_modified_time":"2022-04-08T13:48:58+00:00","og_image":[{"width":1273,"height":710,"url":"https:\/\/www.espacefinance.com\/133881bdd\/wp-content\/uploads\/2022\/03\/LOGO-ESFI-YMANCI-022022.jpg","type":"image\/jpeg"}],"twitter_card":"summary_large_image","twitter_site":"@YMANCI_NIMES","twitter_misc":{"Dur\u00e9e de lecture estim\u00e9e":"3 minutes"},"schema":{"@context":"https:\/\/schema.org","@graph":[{"@type":"WebPage","@id":"https:\/\/www.espacefinance.com\/133881bdd\/financement-immobilier-travaux-professionnel-particulier\/credit-immobilier-financement\/achat-residence-principale-secondaire\/les-differents-types-de-pret-immobilier\/","url":"https:\/\/www.espacefinance.com\/133881bdd\/financement-immobilier-travaux-professionnel-particulier\/credit-immobilier-financement\/achat-residence-principale-secondaire\/les-differents-types-de-pret-immobilier\/?customize_changeset_uuid=ca9bb9b5-ea51-4383-9fb7-7b8a42fab396","name":"diff\u00e9rents types de pr\u00eats immobiliers","isPartOf":{"@id":"https:\/\/www.espacefinance.com\/133881bdd\/#website"},"datePublished":"2022-04-04T15:05:51+00:00","dateModified":"2022-04-08T13:48:58+00:00","description":"quels sont les diff\u00e9rents type de pr\u00eats immobilier? Vous pouvez rencontrer nos experts: ils vous accompagnent tout au long de votre projet.","breadcrumb":{"@id":"https:\/\/www.espacefinance.com\/133881bdd\/financement-immobilier-travaux-professionnel-particulier\/credit-immobilier-financement\/achat-residence-principale-secondaire\/les-differents-types-de-pret-immobilier\/?customize_changeset_uuid=ca9bb9b5-ea51-4383-9fb7-7b8a42fab396#breadcrumb"},"inLanguage":"fr-FR","potentialAction":[{"@type":"ReadAction","target":["https:\/\/www.espacefinance.com\/133881bdd\/financement-immobilier-travaux-professionnel-particulier\/credit-immobilier-financement\/achat-residence-principale-secondaire\/les-differents-types-de-pret-immobilier\/?customize_changeset_uuid=ca9bb9b5-ea51-4383-9fb7-7b8a42fab396"]}]},{"@type":"BreadcrumbList","@id":"https:\/\/www.espacefinance.com\/133881bdd\/financement-immobilier-travaux-professionnel-particulier\/credit-immobilier-financement\/achat-residence-principale-secondaire\/les-differents-types-de-pret-immobilier\/?customize_changeset_uuid=ca9bb9b5-ea51-4383-9fb7-7b8a42fab396#breadcrumb","itemListElement":[{"@type":"ListItem","position":1,"name":"Accueil","item":"https:\/\/www.espacefinance.com\/133881bdd\/"},{"@type":"ListItem","position":2,"name":"Financement","item":"https:\/\/www.espacefinance.com\/133881bdd\/financement-immobilier-travaux-professionnel-particulier\/"},{"@type":"ListItem","position":3,"name":"achat revente","item":"https:\/\/www.espacefinance.com\/133881bdd\/financement-immobilier-travaux-professionnel-particulier\/credit-immobilier-financement\/"},{"@type":"ListItem","position":4,"name":"R\u00e9sidence Principale \/ Secondaire","item":"https:\/\/www.espacefinance.com\/133881bdd\/financement-immobilier-travaux-professionnel-particulier\/credit-immobilier-financement\/achat-residence-principale-secondaire\/"},{"@type":"ListItem","position":5,"name":"LES DIFF2RENTS PR\u00cbTS IMMOBILIERS"}]},{"@type":"WebSite","@id":"https:\/\/www.espacefinance.com\/133881bdd\/#website","url":"https:\/\/www.espacefinance.com\/133881bdd\/","name":"N\u00eemes - Cr\u00e9dit Immobilier &amp; Assurances","description":"Notre expertise \u00e0 votre service en toute transparence","publisher":{"@id":"https:\/\/www.espacefinance.com\/133881bdd\/#organization"},"potentialAction":[{"@type":"SearchAction","target":{"@type":"EntryPoint","urlTemplate":"https:\/\/www.espacefinance.com\/133881bdd\/?s={search_term_string}"},"query-input":{"@type":"PropertyValueSpecification","valueRequired":true,"valueName":"search_term_string"}}],"inLanguage":"fr-FR"},{"@type":"Organization","@id":"https:\/\/www.espacefinance.com\/133881bdd\/#organization","name":"ESPACE FINANCE LP","url":"https:\/\/www.espacefinance.com\/133881bdd\/","logo":{"@type":"ImageObject","inLanguage":"fr-FR","@id":"https:\/\/www.espacefinance.com\/133881bdd\/#\/schema\/logo\/image\/","url":"https:\/\/www.espacefinance.com\/133881bdd\/wp-content\/uploads\/2022\/03\/LOGO-ESFI-YMANCI-022022.jpg","contentUrl":"https:\/\/www.espacefinance.com\/133881bdd\/wp-content\/uploads\/2022\/03\/LOGO-ESFI-YMANCI-022022.jpg","width":1273,"height":710,"caption":"ESPACE FINANCE LP"},"image":{"@id":"https:\/\/www.espacefinance.com\/133881bdd\/#\/schema\/logo\/image\/"},"sameAs":["https:\/\/www.facebook.com\/ymanci.credit.immobilier.assurance","https:\/\/x.com\/YMANCI_NIMES","https:\/\/www.instagram.com\/espacefinancelp_ymanci_nimes\/?hl=fr","https:\/\/www.linkedin.com\/showcase\/ymanci-nmes\/","https:\/\/www.youtube.com\/channel\/UC1PRm7p_QVdRMUaS_Hq6zwA"]}]}},"_links":{"self":[{"href":"https:\/\/www.espacefinance.com\/133881bdd\/wp-json\/wp\/v2\/pages\/2051","targetHints":{"allow":["GET"]}}],"collection":[{"href":"https:\/\/www.espacefinance.com\/133881bdd\/wp-json\/wp\/v2\/pages"}],"about":[{"href":"https:\/\/www.espacefinance.com\/133881bdd\/wp-json\/wp\/v2\/types\/page"}],"author":[{"embeddable":true,"href":"https:\/\/www.espacefinance.com\/133881bdd\/wp-json\/wp\/v2\/users\/1"}],"replies":[{"embeddable":true,"href":"https:\/\/www.espacefinance.com\/133881bdd\/wp-json\/wp\/v2\/comments?post=2051"}],"version-history":[{"count":0,"href":"https:\/\/www.espacefinance.com\/133881bdd\/wp-json\/wp\/v2\/pages\/2051\/revisions"}],"up":[{"embeddable":true,"href":"https:\/\/www.espacefinance.com\/133881bdd\/wp-json\/wp\/v2\/pages\/284"}],"wp:attachment":[{"href":"https:\/\/www.espacefinance.com\/133881bdd\/wp-json\/wp\/v2\/media?parent=2051"}],"curies":[{"name":"wp","href":"https:\/\/api.w.org\/{rel}","templated":true}]}}