{"id":2014,"date":"2022-04-04T14:54:49","date_gmt":"2022-04-04T12:54:49","guid":{"rendered":"https:\/\/www.espacefinance.com\/133881bdd\/?page_id=2014"},"modified":"2022-04-08T17:13:52","modified_gmt":"2022-04-08T15:13:52","slug":"achater-appartement","status":"publish","type":"page","link":"https:\/\/www.espacefinance.com\/133881bdd\/financement-immobilier-travaux-professionnel-particulier\/credit-immobilier-financement\/achat-residence-principale-secondaire\/achater-appartement\/","title":{"rendered":"Acheter un appartement"},"content":{"rendered":"\n<p class=\"has-colibri-color-5-color has-text-color has-large-font-size\"><strong><mark>Acheter un appartement<\/mark><\/strong><\/p>\n\n\n\n<h2 class=\"wp-block-heading\" id=\"h-le-choix-d-un-logement-neuf-sans-travaux\"><strong><mark style=\"background-color:rgba(0, 0, 0, 0)\" class=\"has-inline-color has-colibri-color-1-color\">Le choix d\u2019un logement neuf sans travaux<\/mark><\/strong><\/h2>\n\n\n\n<p><strong>Acheter un appartement neuf<\/strong>\u00a0est une d\u00e9cision id\u00e9ale si vous voulez profiter d\u2019un logement impeccable dans lequel vous n\u2019avez plus qu\u2019\u00e0 poser vos valises.<\/p>\n\n\n\n<p> Souvent dot\u00e9 des derni\u00e8res inventions technologiques et r\u00e9pondant aux normes environnementales actuelles, vous n\u2019aurez effectivement rien (ou presque rien) \u00e0 refaire dans votre logement avant d\u2019emm\u00e9nager. <\/p>\n\n\n\n<p>Afin d\u2019\u00e9viter les impr\u00e9vus, comme par exemple des chantiers bloqu\u00e9s et interrompus, pensez-bien \u00e0 prendre toutes les informations n\u00e9cessaires dont vous pourrez disposer pour vous assurer du bon avancement de votre logement neuf.<\/p>\n\n\n\n<ul class=\"wp-block-list\"><li>Assurez-vous des d\u00e9lais de livraison de votre appartement neuf communiqu\u00e9s par votre promoteur.<\/li><li>V\u00e9rifiez la fiabilit\u00e9 de votre promoteur et renseignez-vous sur ses projets d\u00e9j\u00e0 aboutis : vous pouvez visiter de pr\u00e9c\u00e9dentes r\u00e9alisations pour vous faire votre propre id\u00e9e, vous rendre sur\u00a0<a href=\"https:\/\/www.societe.com\/\" target=\"_blank\" rel=\"noreferrer noopener\">societe.com<\/a>\u00a0pour vous assurer de sa sant\u00e9 financi\u00e8re ou encore consulter des organismes comme l\u2019<a href=\"http:\/\/www.aamoi.fr\/\" target=\"_blank\" rel=\"noreferrer noopener\">Association d\u2019Aide aux Ma\u00eetres d\u2019Ouvrage\u00a0Individuels<\/a>\u00a0(AAMOI) qui a pour vocation d\u2019informer, de conseiller ou encore de d\u00e9fendre les int\u00e9r\u00eats des particuliers<\/li><li>Ne versez aucune somme suppl\u00e9mentaire au d\u00e9p\u00f4t l\u00e9gal de garantie \u00e0 votre promoteur<\/li><li>Au moment de la livraison de votre appartement neuf, contr\u00f4lez l\u2019int\u00e9gralit\u00e9 du logement pour v\u00e9rifier la conformit\u00e9.<\/li><li>R\u00e9alisez tous vos paiements dans les d\u00e9lais impartis. Le promoteur peut appliquer jusqu\u2019\u00e0 1% de p\u00e9nalit\u00e9 par mois de retard de paiement.<\/li><li>N\u2019h\u00e9sitez pas \u00e0 faire appel aux garanties dont vous b\u00e9n\u00e9ficiez. La premi\u00e8re appel\u00e9e \u00ab\u00a0garantie de parfait ach\u00e8vement\u00a0\u00bb qui impose au promoteur de r\u00e9parer tous les d\u00e9fauts que vous aurez relev\u00e9 \u00e0 la livraison mais aussi les vices-cach\u00e9s qui appara\u00eetront dans l\u2019ann\u00e9e qui suit cette livraison. Il existe \u00e9galement une garantie \u00ab\u00a0biennale\u00a0\u00bb dite \u00ab\u00a0de bon fonctionnement\u00a0\u00bb dont le r\u00f4le est de garantir les \u00e9quipements (volets, portes, chaudi\u00e8re, sol, canalisation,\u2026) en cas de dysfonctionnement pendant les 2 ann\u00e9es qui suivent la r\u00e9ception des travaux. Enfin, vous profiterez de la garantie d\u00e9cennale \u00a0pendant les 10 ans qui suivent la r\u00e9ception des travaux, celle-ci\u00a0vous prot\u00e8ge contre les malfa\u00e7ons qui touche \u00e0 la structure de la r\u00e9sidence (soucis li\u00e9s aux fondations, \u00e0 la toiture,\u2026).<\/li><\/ul>\n\n\n\n<ul class=\"wp-block-list\"><li><strong>Bon \u00e0 savoir :\u00a0<\/strong>Vous disposez de 30 jours \u00e0 compter de la livraison du bien neuf pour faire savoir quels sont les d\u00e9fauts \u00e0 faire rectifier par le promoteur.<\/li><\/ul>\n\n\n\n<h2 class=\"wp-block-heading\" id=\"h-le-choix-d-un-appartement-ancien-avec-travaux\"><strong><mark style=\"background-color:rgba(0, 0, 0, 0)\" class=\"has-inline-color has-colibri-color-1-color\">Le choix d\u2019un appartement ancien avec travaux<\/mark><\/strong><\/h2>\n\n\n\n<p>Lorsque l\u2019on&nbsp;<strong>ach\u00e8te un appartement ancien \u00e0 r\u00e9nover<\/strong>, il faut imp\u00e9rativement faire un \u00e9tat des lieux complet et approfondi afin d\u2019estimer le co\u00fbt des travaux et de conna\u00eetre l\u2019\u00e9tat g\u00e9n\u00e9ral du logement. Les points essentiels pour l\u2019achat d\u2019un appartement :<\/p>\n\n\n\n<ul class=\"wp-block-list\"><li>Renseignez-vous sur l\u2019\u00e2ge de l\u2019immeuble et son entretien, v\u00e9rifiez l\u2019\u00e9tat des parties communes<\/li><li>Exigez d\u2019avoir tous les documents officiels, notamment en lien avec la copropri\u00e9t\u00e9 : ses charges, son r\u00e8glement, l\u2019\u00e9tat descriptif de division ainsi que les proc\u00e8s-verbaux li\u00e9es aux assembl\u00e9es g\u00e9n\u00e9rales dans lesquels vous pourrez retrouver les travaux vot\u00e9s&nbsp; (ex : fa\u00e7ade, balcons, toiture, plomberie, peinture\u2026)<\/li><li>V\u00e9rifiez l\u2019\u00e9tat g\u00e9n\u00e9ral des pi\u00e8ces et l\u2019exposition du logement<\/li><li>Renseignez-vous sur les composants permettant l\u2019isolation thermique du logement : type de chauffage, \u00e9tat et entretien de la chaudi\u00e8re et\/ou du ballon, fen\u00eatre en double-vitrage, type de volets,\u2026<\/li><li>Pensez bien \u00e0 vous procurer les diagnostics \u00e9nerg\u00e9tiques et techniques<\/li><li>Contr\u00f4lez l\u2019\u00e9lectricit\u00e9 et v\u00e9rifiez le bon fonctionnement des arriv\u00e9es d\u2019eau<\/li><li>Ne n\u00e9gligez pas les frais li\u00e9s \u00e0 l\u2019achat (taxes et frais d\u2019acquisition)<\/li><\/ul>\n\n\n\n<p><strong>Bon \u00e0 savoir\u00a0<\/strong>: Avant de vous lancer et pour anticiper vos travaux de r\u00e9novation, tous les \u00e9l\u00e9ments dont vous pourrez disposer vous seront d\u2019une aide pr\u00e9cieuse, certains vous serviront peut \u00eatre m\u00eame pour n\u00e9gocier le prix du bien. Vous disposez d\u2019un d\u00e9lai de r\u00e9tractation de 10 jours apr\u00e8s la signature du compromis de vente.<\/p>\n\n\n\n<div class=\"wp-block-buttons is-layout-flex wp-block-buttons-is-layout-flex\">\n<div class=\"wp-block-button\"><a class=\"wp-block-button__link\" href=\"https:\/\/www.espacefinance.com\/133881bdd\/financement-immobilier-travaux-professionnel-particulier\/credit-immobilier-financement\/achat-residence-principale-secondaire\/les-differents-types-de-pret-immobilier\/?customize_changeset_uuid=ca9bb9b5-ea51-4383-9fb7-7b8a42fab396\">Formules de pr\u00eats immobiliers<\/a><\/div>\n<\/div>\n\n\n\n<p><\/p>\n","protected":false},"excerpt":{"rendered":"<p>Acheter un appartement Le choix d\u2019un logement neuf sans travaux Acheter un appartement neuf\u00a0est une d\u00e9cision id\u00e9ale si vous voulez profiter d\u2019un logement impeccable dans lequel vous n\u2019avez plus qu\u2019\u00e0 poser vos valises. Souvent dot\u00e9 des derni\u00e8res inventions technologiques et r\u00e9pondant aux normes environnementales actuelles, vous n\u2019aurez effectivement rien (ou presque rien) \u00e0 refaire dans [&hellip;]<\/p>\n","protected":false},"author":1,"featured_media":2011,"parent":284,"menu_order":3,"comment_status":"closed","ping_status":"closed","template":"","meta":{"footnotes":""},"class_list":["post-2014","page","type-page","status-publish","has-post-thumbnail","hentry"],"yoast_head":"<!-- This site is optimized with the Yoast SEO Premium plugin v20.0 (Yoast SEO v27.5) - https:\/\/yoast.com\/product\/yoast-seo-premium-wordpress\/ -->\n<title>acheter un appartement neuf ou ancien<\/title>\n<meta name=\"description\" content=\"Acheter un appartement neuf\u00a0 ou ancien\" \/>\n<meta name=\"robots\" content=\"index, follow, max-snippet:-1, max-image-preview:large, max-video-preview:-1\" \/>\n<link rel=\"canonical\" href=\"https:\/\/www.espacefinance.com\/133881bdd\/financement-immobilier-travaux-professionnel-particulier\/credit-immobilier-financement\/achat-residence-principale-secondaire\/achat-appartement\/?customize_changeset_uuid=ca9bb9b5-ea51-4383-9fb7-7b8a42fab396\" \/>\n<meta property=\"og:locale\" content=\"fr_FR\" \/>\n<meta property=\"og:type\" content=\"article\" \/>\n<meta property=\"og:title\" content=\"acheter un appartement neuf ou ancien\" \/>\n<meta property=\"og:description\" content=\"Acheter un appartement neuf\u00a0est une d\u00e9cision id\u00e9ale si vous voulez profiter d\u2019un logement impeccable dans lequel vous n\u2019avez plus qu\u2019\u00e0 poser vos valises. Souvent dot\u00e9 des derni\u00e8res inventions technologiques et r\u00e9pondant aux normes environnementales actuelles, vous n\u2019aurez effectivement rien (ou presque rien) \u00e0 refaire dans votre logement avant d\u2019emm\u00e9nager.\" \/>\n<meta property=\"og:url\" content=\"https:\/\/www.espacefinance.com\/133881bdd\/financement-immobilier-travaux-professionnel-particulier\/credit-immobilier-financement\/achat-residence-principale-secondaire\/achat-appartement\/?customize_changeset_uuid=ca9bb9b5-ea51-4383-9fb7-7b8a42fab396\" \/>\n<meta property=\"og:site_name\" content=\"N\u00eemes - Cr\u00e9dit Immobilier &amp; Assurances\" \/>\n<meta property=\"article:publisher\" content=\"https:\/\/www.facebook.com\/ymanci.credit.immobilier.assurance\" \/>\n<meta property=\"article:modified_time\" content=\"2022-04-08T15:13:52+00:00\" \/>\n<meta property=\"og:image\" content=\"https:\/\/www.espacefinance.com\/133881bdd\/wp-content\/uploads\/2022\/04\/ACHAT-IMMOBILIER.jpg\" \/>\n\t<meta property=\"og:image:width\" content=\"470\" \/>\n\t<meta property=\"og:image:height\" content=\"282\" \/>\n\t<meta property=\"og:image:type\" content=\"image\/jpeg\" \/>\n<meta name=\"twitter:card\" content=\"summary_large_image\" \/>\n<meta name=\"twitter:title\" content=\"Acheter un appartement\" \/>\n<meta name=\"twitter:description\" content=\"Acheter un appartement neuf\u00a0est une d\u00e9cision id\u00e9ale si vous voulez profiter d\u2019un logement impeccable dans lequel vous n\u2019avez plus qu\u2019\u00e0 poser vos valises. Souvent dot\u00e9 des derni\u00e8res inventions technologiques et r\u00e9pondant aux normes environnementales actuelles, vous n\u2019aurez effectivement rien (ou presque rien) \u00e0 refaire dans votre logement avant d\u2019emm\u00e9nager.\" \/>\n<meta name=\"twitter:site\" content=\"@YMANCI_NIMES\" \/>\n<meta name=\"twitter:label1\" content=\"Dur\u00e9e de lecture estim\u00e9e\" \/>\n\t<meta name=\"twitter:data1\" content=\"4 minutes\" \/>\n<script type=\"application\/ld+json\" class=\"yoast-schema-graph\">{\"@context\":\"https:\\\/\\\/schema.org\",\"@graph\":[{\"@type\":\"WebPage\",\"@id\":\"https:\\\/\\\/www.espacefinance.com\\\/133881bdd\\\/financement-immobilier-travaux-professionnel-particulier\\\/credit-immobilier-financement\\\/achat-residence-principale-secondaire\\\/achater-appartement\\\/\",\"url\":\"https:\\\/\\\/www.espacefinance.com\\\/133881bdd\\\/financement-immobilier-travaux-professionnel-particulier\\\/credit-immobilier-financement\\\/achat-residence-principale-secondaire\\\/achat-appartement\\\/?customize_changeset_uuid=ca9bb9b5-ea51-4383-9fb7-7b8a42fab396\",\"name\":\"acheter un appartement neuf ou ancien\",\"isPartOf\":{\"@id\":\"https:\\\/\\\/www.espacefinance.com\\\/133881bdd\\\/#website\"},\"primaryImageOfPage\":{\"@id\":\"https:\\\/\\\/www.espacefinance.com\\\/133881bdd\\\/financement-immobilier-travaux-professionnel-particulier\\\/credit-immobilier-financement\\\/achat-residence-principale-secondaire\\\/achat-appartement\\\/?customize_changeset_uuid=ca9bb9b5-ea51-4383-9fb7-7b8a42fab396#primaryimage\"},\"image\":{\"@id\":\"https:\\\/\\\/www.espacefinance.com\\\/133881bdd\\\/financement-immobilier-travaux-professionnel-particulier\\\/credit-immobilier-financement\\\/achat-residence-principale-secondaire\\\/achat-appartement\\\/?customize_changeset_uuid=ca9bb9b5-ea51-4383-9fb7-7b8a42fab396#primaryimage\"},\"thumbnailUrl\":\"https:\\\/\\\/www.espacefinance.com\\\/133881bdd\\\/wp-content\\\/uploads\\\/2022\\\/04\\\/ACHAT-IMMOBILIER.jpg\",\"datePublished\":\"2022-04-04T12:54:49+00:00\",\"dateModified\":\"2022-04-08T15:13:52+00:00\",\"description\":\"Acheter un appartement neuf\u00a0 ou ancien\",\"breadcrumb\":{\"@id\":\"https:\\\/\\\/www.espacefinance.com\\\/133881bdd\\\/financement-immobilier-travaux-professionnel-particulier\\\/credit-immobilier-financement\\\/achat-residence-principale-secondaire\\\/achat-appartement\\\/?customize_changeset_uuid=ca9bb9b5-ea51-4383-9fb7-7b8a42fab396#breadcrumb\"},\"inLanguage\":\"fr-FR\",\"potentialAction\":[{\"@type\":\"ReadAction\",\"target\":[\"https:\\\/\\\/www.espacefinance.com\\\/133881bdd\\\/financement-immobilier-travaux-professionnel-particulier\\\/credit-immobilier-financement\\\/achat-residence-principale-secondaire\\\/achat-appartement\\\/?customize_changeset_uuid=ca9bb9b5-ea51-4383-9fb7-7b8a42fab396\"]}]},{\"@type\":\"ImageObject\",\"inLanguage\":\"fr-FR\",\"@id\":\"https:\\\/\\\/www.espacefinance.com\\\/133881bdd\\\/financement-immobilier-travaux-professionnel-particulier\\\/credit-immobilier-financement\\\/achat-residence-principale-secondaire\\\/achat-appartement\\\/?customize_changeset_uuid=ca9bb9b5-ea51-4383-9fb7-7b8a42fab396#primaryimage\",\"url\":\"https:\\\/\\\/www.espacefinance.com\\\/133881bdd\\\/wp-content\\\/uploads\\\/2022\\\/04\\\/ACHAT-IMMOBILIER.jpg\",\"contentUrl\":\"https:\\\/\\\/www.espacefinance.com\\\/133881bdd\\\/wp-content\\\/uploads\\\/2022\\\/04\\\/ACHAT-IMMOBILIER.jpg\",\"width\":470,\"height\":282,\"caption\":\"Achat Immobilier Neuf ou Ancien, Maison ou Appartemant, RS, RP, Locatif #achatimmobilier\"},{\"@type\":\"BreadcrumbList\",\"@id\":\"https:\\\/\\\/www.espacefinance.com\\\/133881bdd\\\/financement-immobilier-travaux-professionnel-particulier\\\/credit-immobilier-financement\\\/achat-residence-principale-secondaire\\\/achat-appartement\\\/?customize_changeset_uuid=ca9bb9b5-ea51-4383-9fb7-7b8a42fab396#breadcrumb\",\"itemListElement\":[{\"@type\":\"ListItem\",\"position\":1,\"name\":\"Accueil\",\"item\":\"https:\\\/\\\/www.espacefinance.com\\\/133881bdd\\\/\"},{\"@type\":\"ListItem\",\"position\":2,\"name\":\"Financement\",\"item\":\"https:\\\/\\\/www.espacefinance.com\\\/133881bdd\\\/financement-immobilier-travaux-professionnel-particulier\\\/\"},{\"@type\":\"ListItem\",\"position\":3,\"name\":\"achat revente\",\"item\":\"https:\\\/\\\/www.espacefinance.com\\\/133881bdd\\\/financement-immobilier-travaux-professionnel-particulier\\\/credit-immobilier-financement\\\/\"},{\"@type\":\"ListItem\",\"position\":4,\"name\":\"R\u00e9sidence Principale \\\/ Secondaire\",\"item\":\"https:\\\/\\\/www.espacefinance.com\\\/133881bdd\\\/financement-immobilier-travaux-professionnel-particulier\\\/credit-immobilier-financement\\\/achat-residence-principale-secondaire\\\/\"},{\"@type\":\"ListItem\",\"position\":5,\"name\":\"acheter un appartement\"}]},{\"@type\":\"WebSite\",\"@id\":\"https:\\\/\\\/www.espacefinance.com\\\/133881bdd\\\/#website\",\"url\":\"https:\\\/\\\/www.espacefinance.com\\\/133881bdd\\\/\",\"name\":\"N\u00eemes - Cr\u00e9dit Immobilier &amp; Assurances\",\"description\":\"Notre expertise \u00e0 votre service en toute transparence\",\"publisher\":{\"@id\":\"https:\\\/\\\/www.espacefinance.com\\\/133881bdd\\\/#organization\"},\"potentialAction\":[{\"@type\":\"SearchAction\",\"target\":{\"@type\":\"EntryPoint\",\"urlTemplate\":\"https:\\\/\\\/www.espacefinance.com\\\/133881bdd\\\/?s={search_term_string}\"},\"query-input\":{\"@type\":\"PropertyValueSpecification\",\"valueRequired\":true,\"valueName\":\"search_term_string\"}}],\"inLanguage\":\"fr-FR\"},{\"@type\":\"Organization\",\"@id\":\"https:\\\/\\\/www.espacefinance.com\\\/133881bdd\\\/#organization\",\"name\":\"ESPACE FINANCE LP\",\"url\":\"https:\\\/\\\/www.espacefinance.com\\\/133881bdd\\\/\",\"logo\":{\"@type\":\"ImageObject\",\"inLanguage\":\"fr-FR\",\"@id\":\"https:\\\/\\\/www.espacefinance.com\\\/133881bdd\\\/#\\\/schema\\\/logo\\\/image\\\/\",\"url\":\"https:\\\/\\\/www.espacefinance.com\\\/133881bdd\\\/wp-content\\\/uploads\\\/2022\\\/03\\\/LOGO-ESFI-YMANCI-022022.jpg\",\"contentUrl\":\"https:\\\/\\\/www.espacefinance.com\\\/133881bdd\\\/wp-content\\\/uploads\\\/2022\\\/03\\\/LOGO-ESFI-YMANCI-022022.jpg\",\"width\":1273,\"height\":710,\"caption\":\"ESPACE FINANCE LP\"},\"image\":{\"@id\":\"https:\\\/\\\/www.espacefinance.com\\\/133881bdd\\\/#\\\/schema\\\/logo\\\/image\\\/\"},\"sameAs\":[\"https:\\\/\\\/www.facebook.com\\\/ymanci.credit.immobilier.assurance\",\"https:\\\/\\\/x.com\\\/YMANCI_NIMES\",\"https:\\\/\\\/www.instagram.com\\\/espacefinancelp_ymanci_nimes\\\/?hl=fr\",\"https:\\\/\\\/www.linkedin.com\\\/showcase\\\/ymanci-nmes\\\/\",\"https:\\\/\\\/www.youtube.com\\\/channel\\\/UC1PRm7p_QVdRMUaS_Hq6zwA\"]}]}<\/script>\n<!-- \/ Yoast SEO Premium plugin. -->","yoast_head_json":{"title":"acheter un appartement neuf ou ancien","description":"Acheter un appartement neuf\u00a0 ou ancien","robots":{"index":"index","follow":"follow","max-snippet":"max-snippet:-1","max-image-preview":"max-image-preview:large","max-video-preview":"max-video-preview:-1"},"canonical":"https:\/\/www.espacefinance.com\/133881bdd\/financement-immobilier-travaux-professionnel-particulier\/credit-immobilier-financement\/achat-residence-principale-secondaire\/achat-appartement\/?customize_changeset_uuid=ca9bb9b5-ea51-4383-9fb7-7b8a42fab396","og_locale":"fr_FR","og_type":"article","og_title":"acheter un appartement neuf ou ancien","og_description":"Acheter un appartement neuf\u00a0est une d\u00e9cision id\u00e9ale si vous voulez profiter d\u2019un logement impeccable dans lequel vous n\u2019avez plus qu\u2019\u00e0 poser vos valises. Souvent dot\u00e9 des derni\u00e8res inventions technologiques et r\u00e9pondant aux normes environnementales actuelles, vous n\u2019aurez effectivement rien (ou presque rien) \u00e0 refaire dans votre logement avant d\u2019emm\u00e9nager.","og_url":"https:\/\/www.espacefinance.com\/133881bdd\/financement-immobilier-travaux-professionnel-particulier\/credit-immobilier-financement\/achat-residence-principale-secondaire\/achat-appartement\/?customize_changeset_uuid=ca9bb9b5-ea51-4383-9fb7-7b8a42fab396","og_site_name":"N\u00eemes - Cr\u00e9dit Immobilier &amp; Assurances","article_publisher":"https:\/\/www.facebook.com\/ymanci.credit.immobilier.assurance","article_modified_time":"2022-04-08T15:13:52+00:00","og_image":[{"width":470,"height":282,"url":"https:\/\/www.espacefinance.com\/133881bdd\/wp-content\/uploads\/2022\/04\/ACHAT-IMMOBILIER.jpg","type":"image\/jpeg"}],"twitter_card":"summary_large_image","twitter_title":"Acheter un appartement","twitter_description":"Acheter un appartement neuf\u00a0est une d\u00e9cision id\u00e9ale si vous voulez profiter d\u2019un logement impeccable dans lequel vous n\u2019avez plus qu\u2019\u00e0 poser vos valises. Souvent dot\u00e9 des derni\u00e8res inventions technologiques et r\u00e9pondant aux normes environnementales actuelles, vous n\u2019aurez effectivement rien (ou presque rien) \u00e0 refaire dans votre logement avant d\u2019emm\u00e9nager.","twitter_site":"@YMANCI_NIMES","twitter_misc":{"Dur\u00e9e de lecture estim\u00e9e":"4 minutes"},"schema":{"@context":"https:\/\/schema.org","@graph":[{"@type":"WebPage","@id":"https:\/\/www.espacefinance.com\/133881bdd\/financement-immobilier-travaux-professionnel-particulier\/credit-immobilier-financement\/achat-residence-principale-secondaire\/achater-appartement\/","url":"https:\/\/www.espacefinance.com\/133881bdd\/financement-immobilier-travaux-professionnel-particulier\/credit-immobilier-financement\/achat-residence-principale-secondaire\/achat-appartement\/?customize_changeset_uuid=ca9bb9b5-ea51-4383-9fb7-7b8a42fab396","name":"acheter un appartement neuf ou ancien","isPartOf":{"@id":"https:\/\/www.espacefinance.com\/133881bdd\/#website"},"primaryImageOfPage":{"@id":"https:\/\/www.espacefinance.com\/133881bdd\/financement-immobilier-travaux-professionnel-particulier\/credit-immobilier-financement\/achat-residence-principale-secondaire\/achat-appartement\/?customize_changeset_uuid=ca9bb9b5-ea51-4383-9fb7-7b8a42fab396#primaryimage"},"image":{"@id":"https:\/\/www.espacefinance.com\/133881bdd\/financement-immobilier-travaux-professionnel-particulier\/credit-immobilier-financement\/achat-residence-principale-secondaire\/achat-appartement\/?customize_changeset_uuid=ca9bb9b5-ea51-4383-9fb7-7b8a42fab396#primaryimage"},"thumbnailUrl":"https:\/\/www.espacefinance.com\/133881bdd\/wp-content\/uploads\/2022\/04\/ACHAT-IMMOBILIER.jpg","datePublished":"2022-04-04T12:54:49+00:00","dateModified":"2022-04-08T15:13:52+00:00","description":"Acheter un appartement neuf\u00a0 ou ancien","breadcrumb":{"@id":"https:\/\/www.espacefinance.com\/133881bdd\/financement-immobilier-travaux-professionnel-particulier\/credit-immobilier-financement\/achat-residence-principale-secondaire\/achat-appartement\/?customize_changeset_uuid=ca9bb9b5-ea51-4383-9fb7-7b8a42fab396#breadcrumb"},"inLanguage":"fr-FR","potentialAction":[{"@type":"ReadAction","target":["https:\/\/www.espacefinance.com\/133881bdd\/financement-immobilier-travaux-professionnel-particulier\/credit-immobilier-financement\/achat-residence-principale-secondaire\/achat-appartement\/?customize_changeset_uuid=ca9bb9b5-ea51-4383-9fb7-7b8a42fab396"]}]},{"@type":"ImageObject","inLanguage":"fr-FR","@id":"https:\/\/www.espacefinance.com\/133881bdd\/financement-immobilier-travaux-professionnel-particulier\/credit-immobilier-financement\/achat-residence-principale-secondaire\/achat-appartement\/?customize_changeset_uuid=ca9bb9b5-ea51-4383-9fb7-7b8a42fab396#primaryimage","url":"https:\/\/www.espacefinance.com\/133881bdd\/wp-content\/uploads\/2022\/04\/ACHAT-IMMOBILIER.jpg","contentUrl":"https:\/\/www.espacefinance.com\/133881bdd\/wp-content\/uploads\/2022\/04\/ACHAT-IMMOBILIER.jpg","width":470,"height":282,"caption":"Achat Immobilier Neuf ou Ancien, Maison ou Appartemant, RS, RP, Locatif #achatimmobilier"},{"@type":"BreadcrumbList","@id":"https:\/\/www.espacefinance.com\/133881bdd\/financement-immobilier-travaux-professionnel-particulier\/credit-immobilier-financement\/achat-residence-principale-secondaire\/achat-appartement\/?customize_changeset_uuid=ca9bb9b5-ea51-4383-9fb7-7b8a42fab396#breadcrumb","itemListElement":[{"@type":"ListItem","position":1,"name":"Accueil","item":"https:\/\/www.espacefinance.com\/133881bdd\/"},{"@type":"ListItem","position":2,"name":"Financement","item":"https:\/\/www.espacefinance.com\/133881bdd\/financement-immobilier-travaux-professionnel-particulier\/"},{"@type":"ListItem","position":3,"name":"achat revente","item":"https:\/\/www.espacefinance.com\/133881bdd\/financement-immobilier-travaux-professionnel-particulier\/credit-immobilier-financement\/"},{"@type":"ListItem","position":4,"name":"R\u00e9sidence Principale \/ Secondaire","item":"https:\/\/www.espacefinance.com\/133881bdd\/financement-immobilier-travaux-professionnel-particulier\/credit-immobilier-financement\/achat-residence-principale-secondaire\/"},{"@type":"ListItem","position":5,"name":"acheter un appartement"}]},{"@type":"WebSite","@id":"https:\/\/www.espacefinance.com\/133881bdd\/#website","url":"https:\/\/www.espacefinance.com\/133881bdd\/","name":"N\u00eemes - Cr\u00e9dit Immobilier &amp; Assurances","description":"Notre expertise \u00e0 votre service en toute transparence","publisher":{"@id":"https:\/\/www.espacefinance.com\/133881bdd\/#organization"},"potentialAction":[{"@type":"SearchAction","target":{"@type":"EntryPoint","urlTemplate":"https:\/\/www.espacefinance.com\/133881bdd\/?s={search_term_string}"},"query-input":{"@type":"PropertyValueSpecification","valueRequired":true,"valueName":"search_term_string"}}],"inLanguage":"fr-FR"},{"@type":"Organization","@id":"https:\/\/www.espacefinance.com\/133881bdd\/#organization","name":"ESPACE FINANCE LP","url":"https:\/\/www.espacefinance.com\/133881bdd\/","logo":{"@type":"ImageObject","inLanguage":"fr-FR","@id":"https:\/\/www.espacefinance.com\/133881bdd\/#\/schema\/logo\/image\/","url":"https:\/\/www.espacefinance.com\/133881bdd\/wp-content\/uploads\/2022\/03\/LOGO-ESFI-YMANCI-022022.jpg","contentUrl":"https:\/\/www.espacefinance.com\/133881bdd\/wp-content\/uploads\/2022\/03\/LOGO-ESFI-YMANCI-022022.jpg","width":1273,"height":710,"caption":"ESPACE FINANCE LP"},"image":{"@id":"https:\/\/www.espacefinance.com\/133881bdd\/#\/schema\/logo\/image\/"},"sameAs":["https:\/\/www.facebook.com\/ymanci.credit.immobilier.assurance","https:\/\/x.com\/YMANCI_NIMES","https:\/\/www.instagram.com\/espacefinancelp_ymanci_nimes\/?hl=fr","https:\/\/www.linkedin.com\/showcase\/ymanci-nmes\/","https:\/\/www.youtube.com\/channel\/UC1PRm7p_QVdRMUaS_Hq6zwA"]}]}},"_links":{"self":[{"href":"https:\/\/www.espacefinance.com\/133881bdd\/wp-json\/wp\/v2\/pages\/2014","targetHints":{"allow":["GET"]}}],"collection":[{"href":"https:\/\/www.espacefinance.com\/133881bdd\/wp-json\/wp\/v2\/pages"}],"about":[{"href":"https:\/\/www.espacefinance.com\/133881bdd\/wp-json\/wp\/v2\/types\/page"}],"author":[{"embeddable":true,"href":"https:\/\/www.espacefinance.com\/133881bdd\/wp-json\/wp\/v2\/users\/1"}],"replies":[{"embeddable":true,"href":"https:\/\/www.espacefinance.com\/133881bdd\/wp-json\/wp\/v2\/comments?post=2014"}],"version-history":[{"count":0,"href":"https:\/\/www.espacefinance.com\/133881bdd\/wp-json\/wp\/v2\/pages\/2014\/revisions"}],"up":[{"embeddable":true,"href":"https:\/\/www.espacefinance.com\/133881bdd\/wp-json\/wp\/v2\/pages\/284"}],"wp:featuredmedia":[{"embeddable":true,"href":"https:\/\/www.espacefinance.com\/133881bdd\/wp-json\/wp\/v2\/media\/2011"}],"wp:attachment":[{"href":"https:\/\/www.espacefinance.com\/133881bdd\/wp-json\/wp\/v2\/media?parent=2014"}],"curies":[{"name":"wp","href":"https:\/\/api.w.org\/{rel}","templated":true}]}}