{"id":1733,"date":"2022-03-24T18:38:12","date_gmt":"2022-03-24T17:38:12","guid":{"rendered":"https:\/\/www.espacefinance.com\/133881bdd\/?page_id=1733"},"modified":"2022-04-07T09:32:33","modified_gmt":"2022-04-07T07:32:33","slug":"mentions-legales","status":"publish","type":"page","link":"https:\/\/www.espacefinance.com\/133881bdd\/mentions-legales\/","title":{"rendered":"Mentions L\u00e9gales"},"content":{"rendered":"\n<h1 class=\"wp-block-heading\" id=\"h-mentions-legales\">Mentions l\u00e9gales<\/h1>\n\n\n\n<p><strong>Raison sociale :<\/strong>&nbsp;Espace Finance LP<br>Adresse Si\u00e8ge social : Espace Finance LP, 41 A Rue Andr\u00e9 Le N\u00f4tre 30900 N\u00eemes<br>SIRET : 41838309700031 &#8211; Rcs N\u00eemes<br>N\u00b0 TVA intracommunautaire : FR 52 418383097<br>Capital : 7622.45 \u20ac<\/p>\n\n\n\n<p><strong>Adresse site internet :<\/strong>&nbsp;https:\/\/www.espacefinance.com\/133881bdd\/<br>\u00c9diteur du site : Espace Finance LP<br>Directeur de publication : Laurent PASCUTTINI<br>Ce site web a \u00e9t\u00e9 con\u00e7u et r\u00e9alis\u00e9 par : Espace Finance LP<br>Ce site web est h\u00e9berg\u00e9 en France par : OVH<\/p>\n\n\n\n<p><strong>Traitement des informations personnelles :<\/strong><br>Conform\u00e9ment \u00e0 la loi du 6 janvier 1978 relative \u00e0 l\u2019informatique, aux fichiers et aux libert\u00e9s, nous vous informons que vous disposez d&rsquo;un droit d&rsquo;acc\u00e8s, de modification, de rectification et de suppression des donn\u00e9es qui vous concernent. Pour cela \u00e9crivez \u00e0 Espace Finance LP 41 A, Rue Andr\u00e9 Le N\u00f4tre 30900 N\u00eemes.<\/p>\n\n\n\n<p><strong>Droits d&rsquo;auteur :<\/strong><br>En application de la loi du 11 mars 1957 et du code de la propri\u00e9t\u00e9 intellectuelle du 1 er juillet 1992, toute reproduction partielle ou totale \u00e0 usage collectif est strictement interdite sans autorisation de Espace Finance LP. Tous les \u00e9l\u00e9ments contenus sur ce site (texte, photos, visuels) sont la propri\u00e9t\u00e9 de Espace Finance LP et\/ou de leurs d\u00e9tenteurs respectifs.<\/p>\n\n\n\n<h2 class=\"wp-block-heading\">D\u00e9lai de r\u00e9tractation ou de r\u00e9flexion<\/h2>\n\n\n\n<p>L\u2019emprunteur dispose d\u2019un&nbsp;<strong>d\u00e9lai l\u00e9gal de r\u00e9tractation ou de r\u00e9flexion<\/strong>&nbsp;:<\/p>\n\n\n\n<p>Pour une op\u00e9ration de&nbsp;<strong>regroupement de cr\u00e9dits<\/strong>&nbsp;soumise au r\u00e9gime du&nbsp;<strong>cr\u00e9dit \u00e0 la consommation<\/strong>, l\u2019emprunteur peut se r\u00e9tracter sans motifs dans un d\u00e9lai de quatorze jours calendaires r\u00e9volus \u00e0 compter du jour de l\u2019acceptation de l\u2019offre de contrat de cr\u00e9dit.<\/p>\n\n\n\n<p>Pour une op\u00e9ration de&nbsp;<strong>regroupement de cr\u00e9dits<\/strong>&nbsp;soumise au r\u00e9gime du&nbsp;<strong>cr\u00e9dit immobilier, ou pour un cr\u00e9dit immobilier<\/strong>, l\u2019emprunteur dispose d\u2019un d\u00e9lai de r\u00e9flexion de dix jours \u00e0 compter de la r\u00e9ception de l\u2019offre de pr\u00eat. Si la vente est subordonn\u00e9e \u00e0 l\u2019obtention du pr\u00eat et que celui-ci n\u2019est pas obtenu, le vendeur doit rembourser \u00e0 l\u2019emprunteur les sommes vers\u00e9es.<\/p>\n\n\n\n<p>Dans le cadre d\u2019une op\u00e9ration de&nbsp;<strong>regroupement de cr\u00e9dits<\/strong>&nbsp;ou de&nbsp;<strong>cr\u00e9dit immobilier<\/strong>, des honoraires d\u2019interm\u00e9diation sont susceptibles d\u2019\u00eatre factur\u00e9s. Leur montant varie en fonction de l\u2019op\u00e9ration r\u00e9alis\u00e9e.<\/p>\n\n\n\n<p>Toutefois, aucun versement de quelque nature que ce soit ne peut \u00eatre exig\u00e9 d\u2019un particulier avant l\u2019obtention d\u2019un ou plusieurs pr\u00eat(s) d\u2019argent.<\/p>\n\n\n\n<p>Conform\u00e9ment \u00e0 l\u2019article L 519-6 du Code Mon\u00e9taire et Financier, il est interdit \u00e0 toute personne physique ou morale qui apporte son concours, \u00e0 quelque titre que ce soit et de quelque mani\u00e8re que ce soit, directement ou indirectement, \u00e0 l\u2019obtention ou \u00e0 l\u2019octroi d\u2019un pr\u00eat d\u2019argent, de percevoir une somme repr\u00e9sentative de provision, de commissions, de frais de recherche, de d\u00e9marches, de constitution de dossier ou d\u2019entremise quelconque, avant le versement effectif des fonds pr\u00eat\u00e9s.<\/p>\n\n\n\n<p>Il lui est \u00e9galement interdit, avant la remise des fonds et de la copie de l\u2019acte, de pr\u00e9senter \u00e0 l\u2019acceptation de l\u2019emprunteur des lettres de change, ou de lui faire souscrire des billets \u00e0 ordre, en recouvrement des frais d\u2019entremise ou des commissions mentionn\u00e9s \u00e0 l\u2019alin\u00e9a pr\u00e9c\u00e9dent.<\/p>\n\n\n\n<p>Les modalit\u00e9s ou le niveau de la r\u00e9mun\u00e9ration per\u00e7ue par Ymanci au titre de son activit\u00e9 d\u2019interm\u00e9diation et la mani\u00e8re dont Ymanci r\u00e9mun\u00e8re son personnel ne vont pas \u00e0 l\u2019encontre de son obligation d\u2019agir au mieux des int\u00e9r\u00eats des clients ou influencer la qualit\u00e9 de ses prestations de service.<\/p>\n\n\n\n<p>Dans certains cas, une commission peut \u00eatre vers\u00e9e par l&rsquo;\u00e9tablissement de cr\u00e9dit. Cette commission r\u00e9mun\u00e8re les co\u00fbts de distribution support\u00e9s par l&rsquo;interm\u00e9diaire. Celle-ci est sans influence sur la qualit\u00e9 des propositions de l&rsquo;interm\u00e9diaire. Son montant est d\u00e9termin\u00e9 en fonction notamment de la nature de votre cr\u00e9dit, du volume et de la qualit\u00e9 de la production r\u00e9alis\u00e9e. Dans le cadre d&rsquo;un regroupement de cr\u00e9dits, cette r\u00e9mun\u00e9ration varie entre 0,5\u00a0et 4% du montant du financement. Dans le cadre d&rsquo;un cr\u00e9dit immobilier, cette r\u00e9mun\u00e9ration varie jusqu&rsquo;\u00e0 1% du montant du financement.<\/p>\n\n\n\n<h2 class=\"wp-block-heading\">Informations relatives au cr\u00e9dit&nbsp;:<\/h2>\n\n\n\n<p>Un cr\u00e9dit vous engage et doit \u00eatre rembours\u00e9. V\u00e9rifiez vos capacit\u00e9s de remboursement avant de vous engager.<\/p>\n\n\n\n<p>Dans le cadre d\u2019un regroupement de cr\u00e9dits, la diminution du montant des mensualit\u00e9s peut entra\u00eener l\u2019allongement de la dur\u00e9e du pr\u00eat, majorer le co\u00fbt total du cr\u00e9dit et augmenter l\u2019endettement total.<\/p>\n\n\n\n<h2 class=\"wp-block-heading\">M\u00e9diation :<\/h2>\n\n\n\n<p>Dans l\u2019hypoth\u00e8se o\u00f9 vous auriez saisi le\u00a0<strong>Service R\u00e9clamations Espace Finance LP-Ymanci<\/strong>, et qu\u2019aucune r\u00e9ponse ne vous aurait \u00e9t\u00e9 apport\u00e9e dans un d\u00e9lai de 2 mois \u00e0 compter de l\u2019accus\u00e9 r\u00e9ception de votre r\u00e9clamation, ou si vous estimez que la r\u00e9ponse apport\u00e9e n\u2019est pas satisfaisante et qu\u2019il demeure un litige apr\u00e8s \u00e9puisement des voies de recours interne, vous avez la possibilit\u00e9 de saisir, \u00e0 titre gratuit, un M\u00e9diateur de la consommation.<\/p>\n\n\n\n<p>Vous pouvez en cons\u00e9quence vous adresser au M\u00e9diateur de l\u2019APIC&nbsp;: DEVIGNY MEDIATION<\/p>\n\n\n\n<ul class=\"wp-block-list\"><li>Par internet :<ul><li><a href=\"http:\/\/www.mediateur-apic.com\/\" rel=\"noreferrer noopener\" target=\"_blank\">http:\/\/www.mediateur-apic.com\/<\/a><\/li><li><a href=\"https:\/\/devignymediation.fr\/\" rel=\"noreferrer noopener\" target=\"_blank\">https:\/\/devignymediation.fr\/<\/a><\/li><\/ul><\/li><li>Ou par courrier :&nbsp;<strong>DEVIGNY MEDIATION, 9, avenue Ren\u00e9 Gasnier D01, 49100 ANGERS.<\/strong><\/li><\/ul>\n\n\n\n<p>Le r\u00e8glement de la m\u00e9diation est disponible sur le site internet de&nbsp;DEVIGNY MEDIATION<\/p>\n","protected":false},"excerpt":{"rendered":"<p>Mentions l\u00e9gales Raison sociale :&nbsp;Espace Finance LPAdresse Si\u00e8ge social : Espace Finance LP, 41 A Rue Andr\u00e9 Le N\u00f4tre 30900 N\u00eemesSIRET : 41838309700031 &#8211; Rcs N\u00eemesN\u00b0 TVA intracommunautaire : FR 52 418383097Capital : 7622.45 \u20ac Adresse site internet :&nbsp;https:\/\/www.espacefinance.com\/133881bdd\/\u00c9diteur du site : Espace Finance LPDirecteur de publication : Laurent PASCUTTINICe site web a \u00e9t\u00e9 con\u00e7u [&hellip;]<\/p>\n","protected":false},"author":1,"featured_media":0,"parent":0,"menu_order":0,"comment_status":"closed","ping_status":"closed","template":"","meta":{"footnotes":""},"class_list":["post-1733","page","type-page","status-publish","hentry"],"yoast_head":"<!-- This site is optimized with the Yoast SEO Premium plugin v20.0 (Yoast SEO v27.5) - https:\/\/yoast.com\/product\/yoast-seo-premium-wordpress\/ -->\n<title>Mentions L\u00e9gales Espace Finance LP<\/title>\n<meta name=\"description\" content=\"Mentions l\u00e9gales Espace finance Lp \u00e0 N\u00eemes\" \/>\n<meta name=\"robots\" content=\"index, follow, max-snippet:-1, max-image-preview:large, max-video-preview:-1\" \/>\n<link rel=\"canonical\" href=\"https:\/\/www.espacefinance.com\/133881bdd\/mentions-legales\/\" \/>\n<meta property=\"og:locale\" content=\"fr_FR\" \/>\n<meta property=\"og:type\" content=\"article\" \/>\n<meta property=\"og:title\" content=\"Mentions L\u00e9gales\" \/>\n<meta property=\"og:description\" content=\"Mentions l\u00e9gales Espace finance Lp \u00e0 N\u00eemes\" \/>\n<meta property=\"og:url\" content=\"https:\/\/www.espacefinance.com\/133881bdd\/mentions-legales\/\" \/>\n<meta property=\"og:site_name\" content=\"N\u00eemes - Cr\u00e9dit Immobilier &amp; Assurances\" \/>\n<meta property=\"article:publisher\" content=\"https:\/\/www.facebook.com\/ymanci.credit.immobilier.assurance\" \/>\n<meta property=\"article:modified_time\" content=\"2022-04-07T07:32:33+00:00\" \/>\n<meta property=\"og:image\" content=\"https:\/\/www.espacefinance.com\/133881bdd\/wp-content\/uploads\/2022\/03\/LOGO-ESFI-YMANCI-022022.jpg\" \/>\n\t<meta property=\"og:image:width\" content=\"1273\" \/>\n\t<meta property=\"og:image:height\" content=\"710\" \/>\n\t<meta property=\"og:image:type\" content=\"image\/jpeg\" \/>\n<meta name=\"twitter:card\" content=\"summary_large_image\" \/>\n<meta name=\"twitter:site\" content=\"@YMANCI_NIMES\" \/>\n<meta name=\"twitter:label1\" content=\"Dur\u00e9e de lecture estim\u00e9e\" \/>\n\t<meta name=\"twitter:data1\" content=\"5 minutes\" \/>\n<script type=\"application\/ld+json\" class=\"yoast-schema-graph\">{\"@context\":\"https:\\\/\\\/schema.org\",\"@graph\":[{\"@type\":\"WebPage\",\"@id\":\"https:\\\/\\\/www.espacefinance.com\\\/133881bdd\\\/mentions-legales\\\/\",\"url\":\"https:\\\/\\\/www.espacefinance.com\\\/133881bdd\\\/mentions-legales\\\/\",\"name\":\"Mentions L\u00e9gales Espace Finance LP\",\"isPartOf\":{\"@id\":\"https:\\\/\\\/www.espacefinance.com\\\/133881bdd\\\/#website\"},\"datePublished\":\"2022-03-24T17:38:12+00:00\",\"dateModified\":\"2022-04-07T07:32:33+00:00\",\"description\":\"Mentions l\u00e9gales Espace finance Lp \u00e0 N\u00eemes\",\"breadcrumb\":{\"@id\":\"https:\\\/\\\/www.espacefinance.com\\\/133881bdd\\\/mentions-legales\\\/#breadcrumb\"},\"inLanguage\":\"fr-FR\",\"potentialAction\":[{\"@type\":\"ReadAction\",\"target\":[\"https:\\\/\\\/www.espacefinance.com\\\/133881bdd\\\/mentions-legales\\\/\"]}]},{\"@type\":\"BreadcrumbList\",\"@id\":\"https:\\\/\\\/www.espacefinance.com\\\/133881bdd\\\/mentions-legales\\\/#breadcrumb\",\"itemListElement\":[{\"@type\":\"ListItem\",\"position\":1,\"name\":\"Accueil\",\"item\":\"https:\\\/\\\/www.espacefinance.com\\\/133881bdd\\\/\"},{\"@type\":\"ListItem\",\"position\":2,\"name\":\"Mentions L\u00e9gales\"}]},{\"@type\":\"WebSite\",\"@id\":\"https:\\\/\\\/www.espacefinance.com\\\/133881bdd\\\/#website\",\"url\":\"https:\\\/\\\/www.espacefinance.com\\\/133881bdd\\\/\",\"name\":\"N\u00eemes - Cr\u00e9dit Immobilier &amp; Assurances\",\"description\":\"Notre expertise \u00e0 votre service en toute transparence\",\"publisher\":{\"@id\":\"https:\\\/\\\/www.espacefinance.com\\\/133881bdd\\\/#organization\"},\"potentialAction\":[{\"@type\":\"SearchAction\",\"target\":{\"@type\":\"EntryPoint\",\"urlTemplate\":\"https:\\\/\\\/www.espacefinance.com\\\/133881bdd\\\/?s={search_term_string}\"},\"query-input\":{\"@type\":\"PropertyValueSpecification\",\"valueRequired\":true,\"valueName\":\"search_term_string\"}}],\"inLanguage\":\"fr-FR\"},{\"@type\":\"Organization\",\"@id\":\"https:\\\/\\\/www.espacefinance.com\\\/133881bdd\\\/#organization\",\"name\":\"ESPACE FINANCE LP\",\"url\":\"https:\\\/\\\/www.espacefinance.com\\\/133881bdd\\\/\",\"logo\":{\"@type\":\"ImageObject\",\"inLanguage\":\"fr-FR\",\"@id\":\"https:\\\/\\\/www.espacefinance.com\\\/133881bdd\\\/#\\\/schema\\\/logo\\\/image\\\/\",\"url\":\"https:\\\/\\\/www.espacefinance.com\\\/133881bdd\\\/wp-content\\\/uploads\\\/2022\\\/03\\\/LOGO-ESFI-YMANCI-022022.jpg\",\"contentUrl\":\"https:\\\/\\\/www.espacefinance.com\\\/133881bdd\\\/wp-content\\\/uploads\\\/2022\\\/03\\\/LOGO-ESFI-YMANCI-022022.jpg\",\"width\":1273,\"height\":710,\"caption\":\"ESPACE FINANCE LP\"},\"image\":{\"@id\":\"https:\\\/\\\/www.espacefinance.com\\\/133881bdd\\\/#\\\/schema\\\/logo\\\/image\\\/\"},\"sameAs\":[\"https:\\\/\\\/www.facebook.com\\\/ymanci.credit.immobilier.assurance\",\"https:\\\/\\\/x.com\\\/YMANCI_NIMES\",\"https:\\\/\\\/www.instagram.com\\\/espacefinancelp_ymanci_nimes\\\/?hl=fr\",\"https:\\\/\\\/www.linkedin.com\\\/showcase\\\/ymanci-nmes\\\/\",\"https:\\\/\\\/www.youtube.com\\\/channel\\\/UC1PRm7p_QVdRMUaS_Hq6zwA\"]}]}<\/script>\n<!-- \/ Yoast SEO Premium plugin. -->","yoast_head_json":{"title":"Mentions L\u00e9gales Espace Finance LP","description":"Mentions l\u00e9gales Espace finance Lp \u00e0 N\u00eemes","robots":{"index":"index","follow":"follow","max-snippet":"max-snippet:-1","max-image-preview":"max-image-preview:large","max-video-preview":"max-video-preview:-1"},"canonical":"https:\/\/www.espacefinance.com\/133881bdd\/mentions-legales\/","og_locale":"fr_FR","og_type":"article","og_title":"Mentions L\u00e9gales","og_description":"Mentions l\u00e9gales Espace finance Lp \u00e0 N\u00eemes","og_url":"https:\/\/www.espacefinance.com\/133881bdd\/mentions-legales\/","og_site_name":"N\u00eemes - Cr\u00e9dit Immobilier &amp; Assurances","article_publisher":"https:\/\/www.facebook.com\/ymanci.credit.immobilier.assurance","article_modified_time":"2022-04-07T07:32:33+00:00","og_image":[{"width":1273,"height":710,"url":"https:\/\/www.espacefinance.com\/133881bdd\/wp-content\/uploads\/2022\/03\/LOGO-ESFI-YMANCI-022022.jpg","type":"image\/jpeg"}],"twitter_card":"summary_large_image","twitter_site":"@YMANCI_NIMES","twitter_misc":{"Dur\u00e9e de lecture estim\u00e9e":"5 minutes"},"schema":{"@context":"https:\/\/schema.org","@graph":[{"@type":"WebPage","@id":"https:\/\/www.espacefinance.com\/133881bdd\/mentions-legales\/","url":"https:\/\/www.espacefinance.com\/133881bdd\/mentions-legales\/","name":"Mentions L\u00e9gales Espace Finance LP","isPartOf":{"@id":"https:\/\/www.espacefinance.com\/133881bdd\/#website"},"datePublished":"2022-03-24T17:38:12+00:00","dateModified":"2022-04-07T07:32:33+00:00","description":"Mentions l\u00e9gales Espace finance Lp \u00e0 N\u00eemes","breadcrumb":{"@id":"https:\/\/www.espacefinance.com\/133881bdd\/mentions-legales\/#breadcrumb"},"inLanguage":"fr-FR","potentialAction":[{"@type":"ReadAction","target":["https:\/\/www.espacefinance.com\/133881bdd\/mentions-legales\/"]}]},{"@type":"BreadcrumbList","@id":"https:\/\/www.espacefinance.com\/133881bdd\/mentions-legales\/#breadcrumb","itemListElement":[{"@type":"ListItem","position":1,"name":"Accueil","item":"https:\/\/www.espacefinance.com\/133881bdd\/"},{"@type":"ListItem","position":2,"name":"Mentions L\u00e9gales"}]},{"@type":"WebSite","@id":"https:\/\/www.espacefinance.com\/133881bdd\/#website","url":"https:\/\/www.espacefinance.com\/133881bdd\/","name":"N\u00eemes - Cr\u00e9dit Immobilier &amp; Assurances","description":"Notre expertise \u00e0 votre service en toute transparence","publisher":{"@id":"https:\/\/www.espacefinance.com\/133881bdd\/#organization"},"potentialAction":[{"@type":"SearchAction","target":{"@type":"EntryPoint","urlTemplate":"https:\/\/www.espacefinance.com\/133881bdd\/?s={search_term_string}"},"query-input":{"@type":"PropertyValueSpecification","valueRequired":true,"valueName":"search_term_string"}}],"inLanguage":"fr-FR"},{"@type":"Organization","@id":"https:\/\/www.espacefinance.com\/133881bdd\/#organization","name":"ESPACE FINANCE LP","url":"https:\/\/www.espacefinance.com\/133881bdd\/","logo":{"@type":"ImageObject","inLanguage":"fr-FR","@id":"https:\/\/www.espacefinance.com\/133881bdd\/#\/schema\/logo\/image\/","url":"https:\/\/www.espacefinance.com\/133881bdd\/wp-content\/uploads\/2022\/03\/LOGO-ESFI-YMANCI-022022.jpg","contentUrl":"https:\/\/www.espacefinance.com\/133881bdd\/wp-content\/uploads\/2022\/03\/LOGO-ESFI-YMANCI-022022.jpg","width":1273,"height":710,"caption":"ESPACE FINANCE LP"},"image":{"@id":"https:\/\/www.espacefinance.com\/133881bdd\/#\/schema\/logo\/image\/"},"sameAs":["https:\/\/www.facebook.com\/ymanci.credit.immobilier.assurance","https:\/\/x.com\/YMANCI_NIMES","https:\/\/www.instagram.com\/espacefinancelp_ymanci_nimes\/?hl=fr","https:\/\/www.linkedin.com\/showcase\/ymanci-nmes\/","https:\/\/www.youtube.com\/channel\/UC1PRm7p_QVdRMUaS_Hq6zwA"]}]}},"_links":{"self":[{"href":"https:\/\/www.espacefinance.com\/133881bdd\/wp-json\/wp\/v2\/pages\/1733","targetHints":{"allow":["GET"]}}],"collection":[{"href":"https:\/\/www.espacefinance.com\/133881bdd\/wp-json\/wp\/v2\/pages"}],"about":[{"href":"https:\/\/www.espacefinance.com\/133881bdd\/wp-json\/wp\/v2\/types\/page"}],"author":[{"embeddable":true,"href":"https:\/\/www.espacefinance.com\/133881bdd\/wp-json\/wp\/v2\/users\/1"}],"replies":[{"embeddable":true,"href":"https:\/\/www.espacefinance.com\/133881bdd\/wp-json\/wp\/v2\/comments?post=1733"}],"version-history":[{"count":0,"href":"https:\/\/www.espacefinance.com\/133881bdd\/wp-json\/wp\/v2\/pages\/1733\/revisions"}],"wp:attachment":[{"href":"https:\/\/www.espacefinance.com\/133881bdd\/wp-json\/wp\/v2\/media?parent=1733"}],"curies":[{"name":"wp","href":"https:\/\/api.w.org\/{rel}","templated":true}]}}