{"id":1720,"date":"2022-03-24T14:06:45","date_gmt":"2022-03-24T13:06:45","guid":{"rendered":"https:\/\/www.espacefinance.com\/133881bdd\/?page_id=1720"},"modified":"2022-03-24T18:29:22","modified_gmt":"2022-03-24T17:29:22","slug":"courtier-pret-immobilier-regroupement-de-credits-assurance-emprunteur","status":"publish","type":"page","link":"https:\/\/www.espacefinance.com\/133881bdd\/courtier-pret-immobilier-regroupement-de-credits-assurance-emprunteur\/","title":{"rendered":"Qui sommes-nous?"},"content":{"rendered":"\n<h3 class=\"wp-block-heading\" id=\"h-de-vrais-professionnels-du-credit-immobilier-a-votre-ecoute\">De vrais professionnels du cr\u00e9dit immobilier, \u00e0 votre \u00e9coute !<\/h3>\n\n\n\n<p>Avec plus de&nbsp;<strong>24 ans d\u2019exp\u00e9rience en cr\u00e9dit immobilier<\/strong>&nbsp;sur le secteur de N\u00eemes, comme agent BNP Paribas puis comme courtier membre du r\u00e9seau Ymanci, nous vous proposons notre&nbsp;<strong>expertise<\/strong>&nbsp;pour trouver les solutions financi\u00e8res \u00e0 vos projets immobiliers.<\/p>\n\n\n\n<p><strong>ACHAT REVENTE \u2022 PRIMO ACCESSION \u2022 CONSTRUCTION \u2022 LOCATIF \u2022 SOULTE DE PARTAGE<\/strong><\/p>\n\n\n\n<p>A votre \u00e9coute, nous vous proposons un\u00a0<strong>v\u00e9ritable accompagnement<\/strong>\u00a0afin de vous faire gagner du temps et de vous proposer les conditions les plus adapt\u00e9es. Confiez-nous votre projet, nous vous \u00e9couterons, nous vous informerons en toute transparence et clart\u00e9. Nous interrogerons nos partenaires pour vous proposer la solution la plus adapt\u00e9e et vous trouver le\u00a0meilleur taux de cr\u00e9dit immobilier \u00e0 N\u00eemes.<\/p>\n\n\n\n<hr class=\"wp-block-separator\"\/>\n\n\n\n<div id=\"courtier-pr\u00eat-immobilier\" class=\"wp-block-image\"><figure class=\"aligncenter size-large\"><img decoding=\"async\" width=\"1024\" height=\"571\" src=\"https:\/\/www.espacefinance.com\/133881bdd\/wp-content\/uploads\/2022\/03\/LOGO-ESFI-YMANCI-022022-1024x571.jpg\" alt=\"ymanci espace finance lp\n#financement #projets #ymanci #uncr\u00e9ditclairetpr\u00e9cis #accompagnement #expertise #transparence #ymancipezvous\" class=\"wp-image-683\" title=\"courtier ymanci\" srcset=\"https:\/\/www.espacefinance.com\/133881bdd\/wp-content\/uploads\/2022\/03\/LOGO-ESFI-YMANCI-022022-1024x571.jpg 1024w, https:\/\/www.espacefinance.com\/133881bdd\/wp-content\/uploads\/2022\/03\/LOGO-ESFI-YMANCI-022022-300x167.jpg 300w, https:\/\/www.espacefinance.com\/133881bdd\/wp-content\/uploads\/2022\/03\/LOGO-ESFI-YMANCI-022022-768x428.jpg 768w, https:\/\/www.espacefinance.com\/133881bdd\/wp-content\/uploads\/2022\/03\/LOGO-ESFI-YMANCI-022022.jpg 1273w\" sizes=\"(max-width: 1024px) 100vw, 1024px\" \/><figcaption>Espace Finance FP Ymanci N\u00eemes #financement #projets #ymanci #uncr\u00e9ditclairetpr\u00e9cis #accompagnement #expertise #transparence #ymancipezvous<\/figcaption><\/figure><\/div>\n\n\n\n<p>Espace Finance LP, sas au capital de 7622,45 \u20acuros, Courtier en op\u00e9rations de banque et en assurance, ind\u00e9pendant juridiquement et financi\u00e8rement<\/p>\n\n\n\n<p>Si\u00e8ge social : 41 A rue Andr\u00e9 Le Notre &#8211; BP 37186 &#8211; 30914 NIMES CEDEX 2&nbsp;<\/p>\n\n\n\n<p>RCS Nimes 418 383 097 00031 &#8211; ORIAS : 07005554 &#8211; <a href=\"https:\/\/orias.fr\/\" target=\"_blank\" rel=\"noreferrer noopener\">www.orias.fr<\/a>  RC45087 RCP45087 &#8211; CODE APE 6492Z <\/p>\n\n\n\n<p class=\"has-small-font-size\">ESPACE FINANCE LP<br>41 A rue Andr\u00e9 Le Notre<br>BP 37186<br>30914 NIMES CEDEX 2<br>Num\u00e9ro de RCS (le cas \u00e9ch\u00e9ant) : NIMES 418383097<br>est inscrit au Registre unique des Interm\u00e9diaires en Assurance, Banque et Finance sous le num\u00e9ro d\u2019immatriculation 07005554<br>en qualit\u00e9 de :<br>\u2022 Courtier d&rsquo;assurance ou de r\u00e9assurance (COA) depuis le 30\/01\/2007<br>\u2022 Courtier en op\u00e9rations de banque et en services de paiement (COBSP) depuis le 05\/09\/2014<br>\u2022 Mandataire d&rsquo;interm\u00e9diaire d&rsquo;assurance (MIA) depuis le 25\/05\/2018<br>\u2022 Mandataire d&rsquo;interm\u00e9diaire en op\u00e9rations de banque et en services de paiement (MIOBSP) depuis le<br>05\/09\/2014<br>\u2022 Mandataire non exclusif en op\u00e9rations de banque et en services de paiement (MOBSP) depuis le<br>15\/06\/2018<br>L\u2019interm\u00e9diaire doit informer l\u2019Orias de toute modification de sa situation ou de tout \u00e9v\u00e9nement pouvant avoir des<br>cons\u00e9quences sur son inscription (Art. R.512-5 IV du code des assurances et R. 546-3 IV du code mon\u00e9taire et financier) :<\/p>\n\n\n\n<p>N\u00b0 Intracommunautaire FR52418383097<\/p>\n\n\n\n<p class=\"has-medium-font-size\"><strong>Un cr\u00e9dit vous engage et doit \u00eatre rembours\u00e9. V\u00e9rifiez vos capacit\u00e9s de remboursement avant de vous engager.<\/strong><\/p>\n\n\n\n<p class=\"has-small-font-size\">Aucun versement, de quelque nature que ce soit, ne peut \u00eatre exig\u00e9 d&rsquo;un particulier, avant l&rsquo;obtention d&rsquo;un ou plusieurs pr\u00eats d&rsquo;argent. Pour une op\u00e9ration de cr\u00e9dit immobilier, l&#8217;emprunteur dispose d&rsquo;un d\u00e9lai de r\u00e9flexion de dix jours \u00e0 compter de la r\u00e9ception de l&rsquo;offre de pr\u00eat. Si la vente est subordonn\u00e9e \u00e0 l&rsquo;obtention du pr\u00eat et que celui-ci n&rsquo;est pas obtenu, le vendeur doit rembourser \u00e0 l&#8217;emprunteur les sommes vers\u00e9es.<\/p>\n\n\n\n<div class=\"wp-block-image\"><figure class=\"aligncenter size-large\"><img decoding=\"async\" width=\"1024\" height=\"173\" src=\"https:\/\/www.espacefinance.com\/133881bdd\/wp-content\/uploads\/2022\/02\/cropped-COUV-LINKEDIN-YMANCI-CI-1-1024x173.jpg\" alt=\"Ymancipez-vous\" class=\"wp-image-131\" srcset=\"https:\/\/www.espacefinance.com\/133881bdd\/wp-content\/uploads\/2022\/02\/cropped-COUV-LINKEDIN-YMANCI-CI-1-1024x173.jpg 1024w, https:\/\/www.espacefinance.com\/133881bdd\/wp-content\/uploads\/2022\/02\/cropped-COUV-LINKEDIN-YMANCI-CI-1-300x51.jpg 300w, https:\/\/www.espacefinance.com\/133881bdd\/wp-content\/uploads\/2022\/02\/cropped-COUV-LINKEDIN-YMANCI-CI-1-768x130.jpg 768w, https:\/\/www.espacefinance.com\/133881bdd\/wp-content\/uploads\/2022\/02\/cropped-COUV-LINKEDIN-YMANCI-CI-1-1536x260.jpg 1536w, https:\/\/www.espacefinance.com\/133881bdd\/wp-content\/uploads\/2022\/02\/cropped-COUV-LINKEDIN-YMANCI-CI-1-2048x347.jpg 2048w, https:\/\/www.espacefinance.com\/133881bdd\/wp-content\/uploads\/2022\/02\/cropped-COUV-LINKEDIN-YMANCI-CI-1.jpg 1500w\" sizes=\"(max-width: 1024px) 100vw, 1024px\" \/><figcaption>#financement #projets #ymanci #uncr\u00e9ditclairetpr\u00e9cis #accompagnement #expertise #transparence #ymancipezvous<\/figcaption><\/figure><\/div>\n","protected":false},"excerpt":{"rendered":"<p>De vrais professionnels du cr\u00e9dit immobilier, \u00e0 votre \u00e9coute ! Avec plus de&nbsp;24 ans d\u2019exp\u00e9rience en cr\u00e9dit immobilier&nbsp;sur le secteur de N\u00eemes, comme agent BNP Paribas puis comme courtier membre du r\u00e9seau Ymanci, nous vous proposons notre&nbsp;expertise&nbsp;pour trouver les solutions financi\u00e8res \u00e0 vos projets immobiliers. ACHAT REVENTE \u2022 PRIMO ACCESSION \u2022 CONSTRUCTION \u2022 LOCATIF \u2022 [&hellip;]<\/p>\n","protected":false},"author":1,"featured_media":683,"parent":0,"menu_order":0,"comment_status":"closed","ping_status":"closed","template":"","meta":{"footnotes":""},"class_list":["post-1720","page","type-page","status-publish","has-post-thumbnail","hentry"],"yoast_head":"<!-- This site is optimized with the Yoast SEO Premium plugin v20.0 (Yoast SEO v27.5) - https:\/\/yoast.com\/product\/yoast-seo-premium-wordpress\/ -->\n<title>Qui sommes-nous? - N\u00eemes - Cr\u00e9dit Immobilier &amp; Assurances<\/title>\n<meta name=\"description\" content=\"Avec plus de\u00a024 ans d\u2019exp\u00e9rience en cr\u00e9dit immobilier\u00a0sur le secteur de N\u00eemes, comme agent BNP Paribas puis comme courtier membre du r\u00e9seau Ymanci, nous vous proposons notre\u00a0expertise\u00a0pour trouver les solutions financi\u00e8res \u00e0 vos projets immobiliers. A votre \u00e9coute, nous vous proposons un\u00a0v\u00e9ritable accompagnement\u00a0afin de vous faire gagner du temps et de vous proposer les conditions les plus adapt\u00e9es. Confiez-nous votre projet, nous vous \u00e9couterons, nous vous informerons en toute transparence et clart\u00e9. Nous interrogerons nos partenaires pour vous proposer la solution la plus adapt\u00e9e et vous trouver le\u00a0meilleur taux de cr\u00e9dit immobilier \u00e0 N\u00eemes.\" \/>\n<meta name=\"robots\" content=\"index, follow, max-snippet:-1, max-image-preview:large, max-video-preview:-1\" \/>\n<link rel=\"canonical\" href=\"https:\/\/www.espacefinance.com\/133881bdd\/courtier-pret-immobilier-regroupement-de-credits-assurance-emprunteur\/\" \/>\n<meta property=\"og:locale\" content=\"fr_FR\" \/>\n<meta property=\"og:type\" content=\"article\" \/>\n<meta property=\"og:title\" content=\"Qui sommes-nous?\" \/>\n<meta property=\"og:description\" content=\"Avec plus de\u00a024 ans d\u2019exp\u00e9rience en cr\u00e9dit immobilier\u00a0sur le secteur de N\u00eemes, comme agent BNP Paribas puis comme courtier membre du r\u00e9seau Ymanci, nous vous proposons notre\u00a0expertise\u00a0pour trouver les solutions financi\u00e8res \u00e0 vos projets immobiliers. A votre \u00e9coute, nous vous proposons un\u00a0v\u00e9ritable accompagnement\u00a0afin de vous faire gagner du temps et de vous proposer les conditions les plus adapt\u00e9es. Confiez-nous votre projet, nous vous \u00e9couterons, nous vous informerons en toute transparence et clart\u00e9. Nous interrogerons nos partenaires pour vous proposer la solution la plus adapt\u00e9e et vous trouver le\u00a0meilleur taux de cr\u00e9dit immobilier \u00e0 N\u00eemes.\" \/>\n<meta property=\"og:url\" content=\"https:\/\/www.espacefinance.com\/133881bdd\/courtier-pret-immobilier-regroupement-de-credits-assurance-emprunteur\/\" \/>\n<meta property=\"og:site_name\" content=\"N\u00eemes - Cr\u00e9dit Immobilier &amp; Assurances\" \/>\n<meta property=\"article:publisher\" content=\"https:\/\/www.facebook.com\/ymanci.credit.immobilier.assurance\" \/>\n<meta property=\"article:modified_time\" content=\"2022-03-24T17:29:22+00:00\" \/>\n<meta property=\"og:image\" content=\"https:\/\/www.espacefinance.com\/133881bdd\/wp-content\/uploads\/2022\/03\/LOGO-ESFI-YMANCI-022022.jpg\" \/>\n\t<meta property=\"og:image:width\" content=\"1273\" \/>\n\t<meta property=\"og:image:height\" content=\"710\" \/>\n\t<meta property=\"og:image:type\" content=\"image\/jpeg\" \/>\n<meta name=\"twitter:card\" content=\"summary_large_image\" \/>\n<meta name=\"twitter:site\" content=\"@YMANCI_NIMES\" \/>\n<meta name=\"twitter:label1\" content=\"Dur\u00e9e de lecture estim\u00e9e\" \/>\n\t<meta name=\"twitter:data1\" content=\"3 minutes\" \/>\n<script type=\"application\/ld+json\" class=\"yoast-schema-graph\">{\"@context\":\"https:\\\/\\\/schema.org\",\"@graph\":[{\"@type\":\"WebPage\",\"@id\":\"https:\\\/\\\/www.espacefinance.com\\\/133881bdd\\\/courtier-pret-immobilier-regroupement-de-credits-assurance-emprunteur\\\/\",\"url\":\"https:\\\/\\\/www.espacefinance.com\\\/133881bdd\\\/courtier-pret-immobilier-regroupement-de-credits-assurance-emprunteur\\\/\",\"name\":\"Qui sommes-nous? - N\u00eemes - Cr\u00e9dit Immobilier &amp; Assurances\",\"isPartOf\":{\"@id\":\"https:\\\/\\\/www.espacefinance.com\\\/133881bdd\\\/#website\"},\"primaryImageOfPage\":{\"@id\":\"https:\\\/\\\/www.espacefinance.com\\\/133881bdd\\\/courtier-pret-immobilier-regroupement-de-credits-assurance-emprunteur\\\/#primaryimage\"},\"image\":{\"@id\":\"https:\\\/\\\/www.espacefinance.com\\\/133881bdd\\\/courtier-pret-immobilier-regroupement-de-credits-assurance-emprunteur\\\/#primaryimage\"},\"thumbnailUrl\":\"https:\\\/\\\/www.espacefinance.com\\\/133881bdd\\\/wp-content\\\/uploads\\\/2022\\\/03\\\/LOGO-ESFI-YMANCI-022022.jpg\",\"datePublished\":\"2022-03-24T13:06:45+00:00\",\"dateModified\":\"2022-03-24T17:29:22+00:00\",\"description\":\"Avec plus de\u00a024 ans d\u2019exp\u00e9rience en cr\u00e9dit immobilier\u00a0sur le secteur de N\u00eemes, comme agent BNP Paribas puis comme courtier membre du r\u00e9seau Ymanci, nous vous proposons notre\u00a0expertise\u00a0pour trouver les solutions financi\u00e8res \u00e0 vos projets immobiliers. A votre \u00e9coute, nous vous proposons un\u00a0v\u00e9ritable accompagnement\u00a0afin de vous faire gagner du temps et de vous proposer les conditions les plus adapt\u00e9es. Confiez-nous votre projet, nous vous \u00e9couterons, nous vous informerons en toute transparence et clart\u00e9. Nous interrogerons nos partenaires pour vous proposer la solution la plus adapt\u00e9e et vous trouver le\u00a0meilleur taux de cr\u00e9dit immobilier \u00e0 N\u00eemes.\",\"breadcrumb\":{\"@id\":\"https:\\\/\\\/www.espacefinance.com\\\/133881bdd\\\/courtier-pret-immobilier-regroupement-de-credits-assurance-emprunteur\\\/#breadcrumb\"},\"inLanguage\":\"fr-FR\",\"potentialAction\":[{\"@type\":\"ReadAction\",\"target\":[\"https:\\\/\\\/www.espacefinance.com\\\/133881bdd\\\/courtier-pret-immobilier-regroupement-de-credits-assurance-emprunteur\\\/\"]}]},{\"@type\":\"ImageObject\",\"inLanguage\":\"fr-FR\",\"@id\":\"https:\\\/\\\/www.espacefinance.com\\\/133881bdd\\\/courtier-pret-immobilier-regroupement-de-credits-assurance-emprunteur\\\/#primaryimage\",\"url\":\"https:\\\/\\\/www.espacefinance.com\\\/133881bdd\\\/wp-content\\\/uploads\\\/2022\\\/03\\\/LOGO-ESFI-YMANCI-022022.jpg\",\"contentUrl\":\"https:\\\/\\\/www.espacefinance.com\\\/133881bdd\\\/wp-content\\\/uploads\\\/2022\\\/03\\\/LOGO-ESFI-YMANCI-022022.jpg\",\"width\":1273,\"height\":710,\"caption\":\"Espace Finance FP Ymanci N\u00eemes\"},{\"@type\":\"BreadcrumbList\",\"@id\":\"https:\\\/\\\/www.espacefinance.com\\\/133881bdd\\\/courtier-pret-immobilier-regroupement-de-credits-assurance-emprunteur\\\/#breadcrumb\",\"itemListElement\":[{\"@type\":\"ListItem\",\"position\":1,\"name\":\"Accueil\",\"item\":\"https:\\\/\\\/www.espacefinance.com\\\/133881bdd\\\/\"},{\"@type\":\"ListItem\",\"position\":2,\"name\":\"Qui sommes-nous?\"}]},{\"@type\":\"WebSite\",\"@id\":\"https:\\\/\\\/www.espacefinance.com\\\/133881bdd\\\/#website\",\"url\":\"https:\\\/\\\/www.espacefinance.com\\\/133881bdd\\\/\",\"name\":\"N\u00eemes - Cr\u00e9dit Immobilier &amp; Assurances\",\"description\":\"Notre expertise \u00e0 votre service en toute transparence\",\"publisher\":{\"@id\":\"https:\\\/\\\/www.espacefinance.com\\\/133881bdd\\\/#organization\"},\"potentialAction\":[{\"@type\":\"SearchAction\",\"target\":{\"@type\":\"EntryPoint\",\"urlTemplate\":\"https:\\\/\\\/www.espacefinance.com\\\/133881bdd\\\/?s={search_term_string}\"},\"query-input\":{\"@type\":\"PropertyValueSpecification\",\"valueRequired\":true,\"valueName\":\"search_term_string\"}}],\"inLanguage\":\"fr-FR\"},{\"@type\":\"Organization\",\"@id\":\"https:\\\/\\\/www.espacefinance.com\\\/133881bdd\\\/#organization\",\"name\":\"ESPACE FINANCE LP\",\"url\":\"https:\\\/\\\/www.espacefinance.com\\\/133881bdd\\\/\",\"logo\":{\"@type\":\"ImageObject\",\"inLanguage\":\"fr-FR\",\"@id\":\"https:\\\/\\\/www.espacefinance.com\\\/133881bdd\\\/#\\\/schema\\\/logo\\\/image\\\/\",\"url\":\"https:\\\/\\\/www.espacefinance.com\\\/133881bdd\\\/wp-content\\\/uploads\\\/2022\\\/03\\\/LOGO-ESFI-YMANCI-022022.jpg\",\"contentUrl\":\"https:\\\/\\\/www.espacefinance.com\\\/133881bdd\\\/wp-content\\\/uploads\\\/2022\\\/03\\\/LOGO-ESFI-YMANCI-022022.jpg\",\"width\":1273,\"height\":710,\"caption\":\"ESPACE FINANCE LP\"},\"image\":{\"@id\":\"https:\\\/\\\/www.espacefinance.com\\\/133881bdd\\\/#\\\/schema\\\/logo\\\/image\\\/\"},\"sameAs\":[\"https:\\\/\\\/www.facebook.com\\\/ymanci.credit.immobilier.assurance\",\"https:\\\/\\\/x.com\\\/YMANCI_NIMES\",\"https:\\\/\\\/www.instagram.com\\\/espacefinancelp_ymanci_nimes\\\/?hl=fr\",\"https:\\\/\\\/www.linkedin.com\\\/showcase\\\/ymanci-nmes\\\/\",\"https:\\\/\\\/www.youtube.com\\\/channel\\\/UC1PRm7p_QVdRMUaS_Hq6zwA\"]}]}<\/script>\n<!-- \/ Yoast SEO Premium plugin. -->","yoast_head_json":{"title":"Qui sommes-nous? - N\u00eemes - Cr\u00e9dit Immobilier &amp; Assurances","description":"Avec plus de\u00a024 ans d\u2019exp\u00e9rience en cr\u00e9dit immobilier\u00a0sur le secteur de N\u00eemes, comme agent BNP Paribas puis comme courtier membre du r\u00e9seau Ymanci, nous vous proposons notre\u00a0expertise\u00a0pour trouver les solutions financi\u00e8res \u00e0 vos projets immobiliers. A votre \u00e9coute, nous vous proposons un\u00a0v\u00e9ritable accompagnement\u00a0afin de vous faire gagner du temps et de vous proposer les conditions les plus adapt\u00e9es. Confiez-nous votre projet, nous vous \u00e9couterons, nous vous informerons en toute transparence et clart\u00e9. Nous interrogerons nos partenaires pour vous proposer la solution la plus adapt\u00e9e et vous trouver le\u00a0meilleur taux de cr\u00e9dit immobilier \u00e0 N\u00eemes.","robots":{"index":"index","follow":"follow","max-snippet":"max-snippet:-1","max-image-preview":"max-image-preview:large","max-video-preview":"max-video-preview:-1"},"canonical":"https:\/\/www.espacefinance.com\/133881bdd\/courtier-pret-immobilier-regroupement-de-credits-assurance-emprunteur\/","og_locale":"fr_FR","og_type":"article","og_title":"Qui sommes-nous?","og_description":"Avec plus de\u00a024 ans d\u2019exp\u00e9rience en cr\u00e9dit immobilier\u00a0sur le secteur de N\u00eemes, comme agent BNP Paribas puis comme courtier membre du r\u00e9seau Ymanci, nous vous proposons notre\u00a0expertise\u00a0pour trouver les solutions financi\u00e8res \u00e0 vos projets immobiliers. A votre \u00e9coute, nous vous proposons un\u00a0v\u00e9ritable accompagnement\u00a0afin de vous faire gagner du temps et de vous proposer les conditions les plus adapt\u00e9es. Confiez-nous votre projet, nous vous \u00e9couterons, nous vous informerons en toute transparence et clart\u00e9. Nous interrogerons nos partenaires pour vous proposer la solution la plus adapt\u00e9e et vous trouver le\u00a0meilleur taux de cr\u00e9dit immobilier \u00e0 N\u00eemes.","og_url":"https:\/\/www.espacefinance.com\/133881bdd\/courtier-pret-immobilier-regroupement-de-credits-assurance-emprunteur\/","og_site_name":"N\u00eemes - Cr\u00e9dit Immobilier &amp; Assurances","article_publisher":"https:\/\/www.facebook.com\/ymanci.credit.immobilier.assurance","article_modified_time":"2022-03-24T17:29:22+00:00","og_image":[{"width":1273,"height":710,"url":"https:\/\/www.espacefinance.com\/133881bdd\/wp-content\/uploads\/2022\/03\/LOGO-ESFI-YMANCI-022022.jpg","type":"image\/jpeg"}],"twitter_card":"summary_large_image","twitter_site":"@YMANCI_NIMES","twitter_misc":{"Dur\u00e9e de lecture estim\u00e9e":"3 minutes"},"schema":{"@context":"https:\/\/schema.org","@graph":[{"@type":"WebPage","@id":"https:\/\/www.espacefinance.com\/133881bdd\/courtier-pret-immobilier-regroupement-de-credits-assurance-emprunteur\/","url":"https:\/\/www.espacefinance.com\/133881bdd\/courtier-pret-immobilier-regroupement-de-credits-assurance-emprunteur\/","name":"Qui sommes-nous? - N\u00eemes - Cr\u00e9dit Immobilier &amp; Assurances","isPartOf":{"@id":"https:\/\/www.espacefinance.com\/133881bdd\/#website"},"primaryImageOfPage":{"@id":"https:\/\/www.espacefinance.com\/133881bdd\/courtier-pret-immobilier-regroupement-de-credits-assurance-emprunteur\/#primaryimage"},"image":{"@id":"https:\/\/www.espacefinance.com\/133881bdd\/courtier-pret-immobilier-regroupement-de-credits-assurance-emprunteur\/#primaryimage"},"thumbnailUrl":"https:\/\/www.espacefinance.com\/133881bdd\/wp-content\/uploads\/2022\/03\/LOGO-ESFI-YMANCI-022022.jpg","datePublished":"2022-03-24T13:06:45+00:00","dateModified":"2022-03-24T17:29:22+00:00","description":"Avec plus de\u00a024 ans d\u2019exp\u00e9rience en cr\u00e9dit immobilier\u00a0sur le secteur de N\u00eemes, comme agent BNP Paribas puis comme courtier membre du r\u00e9seau Ymanci, nous vous proposons notre\u00a0expertise\u00a0pour trouver les solutions financi\u00e8res \u00e0 vos projets immobiliers. A votre \u00e9coute, nous vous proposons un\u00a0v\u00e9ritable accompagnement\u00a0afin de vous faire gagner du temps et de vous proposer les conditions les plus adapt\u00e9es. Confiez-nous votre projet, nous vous \u00e9couterons, nous vous informerons en toute transparence et clart\u00e9. Nous interrogerons nos partenaires pour vous proposer la solution la plus adapt\u00e9e et vous trouver le\u00a0meilleur taux de cr\u00e9dit immobilier \u00e0 N\u00eemes.","breadcrumb":{"@id":"https:\/\/www.espacefinance.com\/133881bdd\/courtier-pret-immobilier-regroupement-de-credits-assurance-emprunteur\/#breadcrumb"},"inLanguage":"fr-FR","potentialAction":[{"@type":"ReadAction","target":["https:\/\/www.espacefinance.com\/133881bdd\/courtier-pret-immobilier-regroupement-de-credits-assurance-emprunteur\/"]}]},{"@type":"ImageObject","inLanguage":"fr-FR","@id":"https:\/\/www.espacefinance.com\/133881bdd\/courtier-pret-immobilier-regroupement-de-credits-assurance-emprunteur\/#primaryimage","url":"https:\/\/www.espacefinance.com\/133881bdd\/wp-content\/uploads\/2022\/03\/LOGO-ESFI-YMANCI-022022.jpg","contentUrl":"https:\/\/www.espacefinance.com\/133881bdd\/wp-content\/uploads\/2022\/03\/LOGO-ESFI-YMANCI-022022.jpg","width":1273,"height":710,"caption":"Espace Finance FP Ymanci N\u00eemes"},{"@type":"BreadcrumbList","@id":"https:\/\/www.espacefinance.com\/133881bdd\/courtier-pret-immobilier-regroupement-de-credits-assurance-emprunteur\/#breadcrumb","itemListElement":[{"@type":"ListItem","position":1,"name":"Accueil","item":"https:\/\/www.espacefinance.com\/133881bdd\/"},{"@type":"ListItem","position":2,"name":"Qui sommes-nous?"}]},{"@type":"WebSite","@id":"https:\/\/www.espacefinance.com\/133881bdd\/#website","url":"https:\/\/www.espacefinance.com\/133881bdd\/","name":"N\u00eemes - Cr\u00e9dit Immobilier &amp; Assurances","description":"Notre expertise \u00e0 votre service en toute transparence","publisher":{"@id":"https:\/\/www.espacefinance.com\/133881bdd\/#organization"},"potentialAction":[{"@type":"SearchAction","target":{"@type":"EntryPoint","urlTemplate":"https:\/\/www.espacefinance.com\/133881bdd\/?s={search_term_string}"},"query-input":{"@type":"PropertyValueSpecification","valueRequired":true,"valueName":"search_term_string"}}],"inLanguage":"fr-FR"},{"@type":"Organization","@id":"https:\/\/www.espacefinance.com\/133881bdd\/#organization","name":"ESPACE FINANCE LP","url":"https:\/\/www.espacefinance.com\/133881bdd\/","logo":{"@type":"ImageObject","inLanguage":"fr-FR","@id":"https:\/\/www.espacefinance.com\/133881bdd\/#\/schema\/logo\/image\/","url":"https:\/\/www.espacefinance.com\/133881bdd\/wp-content\/uploads\/2022\/03\/LOGO-ESFI-YMANCI-022022.jpg","contentUrl":"https:\/\/www.espacefinance.com\/133881bdd\/wp-content\/uploads\/2022\/03\/LOGO-ESFI-YMANCI-022022.jpg","width":1273,"height":710,"caption":"ESPACE FINANCE LP"},"image":{"@id":"https:\/\/www.espacefinance.com\/133881bdd\/#\/schema\/logo\/image\/"},"sameAs":["https:\/\/www.facebook.com\/ymanci.credit.immobilier.assurance","https:\/\/x.com\/YMANCI_NIMES","https:\/\/www.instagram.com\/espacefinancelp_ymanci_nimes\/?hl=fr","https:\/\/www.linkedin.com\/showcase\/ymanci-nmes\/","https:\/\/www.youtube.com\/channel\/UC1PRm7p_QVdRMUaS_Hq6zwA"]}]}},"_links":{"self":[{"href":"https:\/\/www.espacefinance.com\/133881bdd\/wp-json\/wp\/v2\/pages\/1720","targetHints":{"allow":["GET"]}}],"collection":[{"href":"https:\/\/www.espacefinance.com\/133881bdd\/wp-json\/wp\/v2\/pages"}],"about":[{"href":"https:\/\/www.espacefinance.com\/133881bdd\/wp-json\/wp\/v2\/types\/page"}],"author":[{"embeddable":true,"href":"https:\/\/www.espacefinance.com\/133881bdd\/wp-json\/wp\/v2\/users\/1"}],"replies":[{"embeddable":true,"href":"https:\/\/www.espacefinance.com\/133881bdd\/wp-json\/wp\/v2\/comments?post=1720"}],"version-history":[{"count":0,"href":"https:\/\/www.espacefinance.com\/133881bdd\/wp-json\/wp\/v2\/pages\/1720\/revisions"}],"wp:featuredmedia":[{"embeddable":true,"href":"https:\/\/www.espacefinance.com\/133881bdd\/wp-json\/wp\/v2\/media\/683"}],"wp:attachment":[{"href":"https:\/\/www.espacefinance.com\/133881bdd\/wp-json\/wp\/v2\/media?parent=1720"}],"curies":[{"name":"wp","href":"https:\/\/api.w.org\/{rel}","templated":true}]}}