{"id":1388,"date":"2022-03-16T16:19:44","date_gmt":"2022-03-16T15:19:44","guid":{"rendered":"https:\/\/www.espacefinance.com\/133881bdd\/?page_id=1388"},"modified":"2022-03-28T09:54:34","modified_gmt":"2022-03-28T07:54:34","slug":"resiliation-assurance-emprunteur","status":"publish","type":"page","link":"https:\/\/www.espacefinance.com\/133881bdd\/assurances-particuliers-professionnel-entreprise\/resiliation-assurance-emprunteur\/","title":{"rendered":"R\u00e9silier son Assurance Emprunteur"},"content":{"rendered":"\n<p id=\"r\u00e9siliation-assurance-de-pr\u00eat\">R\u00e9silier son assurance emprunteur pendant son cr\u00e9dit immobilier est possible, il suffit simplement de respecter quelques conditions. Selon l\u2019anciennet\u00e9 du cr\u00e9dit, deux lois permettent la r\u00e9siliation de l\u2019assurance emprunteur : la loi Hamon, et la loi Bourquin. Voici&nbsp;<strong>comment r\u00e9silier son assurance cr\u00e9dit immobilier<\/strong>&nbsp;: l\u00e9gislation, d\u00e9marches et mod\u00e8les de lettres de r\u00e9siliation \u00e0 compl\u00e9ter.<\/p>\n\n\n\n<div class=\"wp-block-cover is-light has-parallax\" style=\"background-image:url(https:\/\/www.espacefinance.com\/133881bdd\/wp-content\/uploads\/2022\/03\/cropped-FONDECRAN8.jpg)\"><span aria-hidden=\"true\" class=\"wp-block-cover__gradient-background has-background-dim\"><\/span><div class=\"wp-block-cover__inner-container is-layout-flow wp-block-cover-is-layout-flow\">\n<p class=\"has-text-align-center has-colibri-color-5-color has-text-color has-large-font-size\">Comment R\u00e9silier son Assurance de Pr\u00eat<\/p>\n\n\n\n<p class=\"has-text-align-center has-colibri-color-5-color has-text-color has-large-font-size\"><a href=\"https:\/\/vimeo.com\/692975095\" target=\"_blank\" rel=\"noreferrer noopener\">https:\/\/vimeo.com\/692975095<\/a><img decoding=\"async\" width=\"150\" height=\"150\" class=\"wp-image-1389\" style=\"width: 150px;\" src=\"https:\/\/www.espacefinance.com\/133881bdd\/wp-content\/uploads\/2022\/03\/SABLIER.jpg\" alt=\"\" srcset=\"https:\/\/www.espacefinance.com\/133881bdd\/wp-content\/uploads\/2022\/03\/SABLIER.jpg 225w, https:\/\/www.espacefinance.com\/133881bdd\/wp-content\/uploads\/2022\/03\/SABLIER-150x150.jpg 150w\" sizes=\"(max-width: 150px) 100vw, 150px\" \/><\/p>\n<\/div><\/div>\n\n\n\n<h2 class=\"wp-block-heading\" id=\"h-conditions-a-respecter\">Conditions \u00e0 respecter<\/h2>\n\n\n\n<p>M\u00eame s\u2019il est possible de&nbsp;<strong>r\u00e9silier son assurance emprunteur<\/strong>&nbsp;gr\u00e2ce aux lois Hamon et Bourquin, l\u2019assurance d\u2019un cr\u00e9dit immobilier reste la plupart du temps obligatoire puisqu\u2019elle est exig\u00e9e par la banque. Ainsi, il est indispensable de proposer un autre contrat d\u2019assurance \u00e0 l\u2019\u00e9tablissement bancaire lors d\u2019une demande de r\u00e9siliation pour r\u00e9aliser ce que l\u2019on appelle une substitution d\u2019assurance emprunteur.<\/p>\n\n\n\n<p>Pour accepter une demande de r\u00e9siliation d\u2019assurance, l\u2019\u00e9tablissement bancaire doit examiner les garanties propos\u00e9es dans le nouveau contrat ainsi que ses conditions particuli\u00e8res pour valider ou non l\u2019\u00e9quivalence des garanties. Il est donc imp\u00e9ratif de souscrire \u00e0 un nouveau contrat, afin d\u2019obtenir ces conditions particuli\u00e8res, avant de r\u00e9silier son assurance emprunteur.<\/p>\n\n\n\n<p><strong>L\u2019\u00e9quivalence des garanties est le principe selon lequel le nouveau contrat pr\u00e9sent\u00e9 pour substituer l\u2019ancien doit proposer des garanties au minimum \u00e9quivalentes \u00e0 celle du contrat groupe de la banque. <\/strong>Cette derni\u00e8re dispose d\u2019un d\u00e9lai de 10 jours ouvr\u00e9s pour \u00e9tudier les conditions particuli\u00e8res d\u2019un contrat, valider ou non l\u2019\u00e9quivalence des garanties, et faire parvenir \u00e0 l\u2019emprunteur sa d\u00e9cision par \u00e9crit.<\/p>\n\n\n\n<p>Le non-respect de l\u2019\u00e9quivalence des garanties est le seul motif valable pour qu\u2019un \u00e9tablissement bancaire refuse une substitution d\u2019assurance emprunteur. En cas de refus pour toute autre raison, et donc non justifi\u00e9, ou en cas d\u2019absence de r\u00e9ponse dans le d\u00e9lai l\u00e9gal de 10 jours ouvr\u00e9s, l\u2019\u00e9tablissement bancaire est passible d\u2019une amende de 3000 \u20ac.<\/p>\n\n\n\n<p>Pour s\u2019assurer du respect de l\u2019\u00e9quivalence des garanties d\u2019un contrat et trouver la meilleure offre, il est donc indispensable de comparer les contrats d\u2019assurance emprunteur du march\u00e9.<br><strong><mark style=\"background-color:#5f5f5f;color:#d5b708\" class=\"has-inline-color\">Faire appel \u00e0 un courtier Ymanci sp\u00e9cialiste en cr\u00e9dit immobilier est la solution la plus efficace pour obtenir plusieurs devis personnalis\u00e9s selon son profil et les exigences de l\u2019\u00e9tablissement pr\u00eateur.<\/mark><\/strong><\/p>\n\n\n\n<p>Nous nous occupons de toutes les formalit\u00e9s.<\/p>\n\n\n\n<div class=\"wp-block-buttons is-content-justification-center is-layout-flex wp-container-core-buttons-is-layout-16018d1d wp-block-buttons-is-layout-flex\">\n<div class=\"wp-block-button\"><a class=\"wp-block-button__link\" href=\"https:\/\/www.espacefinance.com\/133881bdd\/message-contact\/\">Demande de contact      <\/a><\/div>\n<\/div>\n","protected":false},"excerpt":{"rendered":"<p>R\u00e9silier son assurance emprunteur pendant son cr\u00e9dit immobilier est possible, il suffit simplement de respecter quelques conditions. Selon l\u2019anciennet\u00e9 du cr\u00e9dit, deux lois permettent la r\u00e9siliation de l\u2019assurance emprunteur : la loi Hamon, et la loi Bourquin. Voici&nbsp;comment r\u00e9silier son assurance cr\u00e9dit immobilier&nbsp;: l\u00e9gislation, d\u00e9marches et mod\u00e8les de lettres de r\u00e9siliation \u00e0 compl\u00e9ter. Conditions \u00e0 [&hellip;]<\/p>\n","protected":false},"author":1,"featured_media":234,"parent":267,"menu_order":2,"comment_status":"closed","ping_status":"closed","template":"","meta":{"footnotes":""},"class_list":["post-1388","page","type-page","status-publish","has-post-thumbnail","hentry"],"yoast_head":"<!-- This site is optimized with the Yoast SEO Premium plugin v20.0 (Yoast SEO v27.5) - https:\/\/yoast.com\/product\/yoast-seo-premium-wordpress\/ -->\n<title>R\u00e9silier son Assurance Emprunteur<\/title>\n<meta name=\"description\" content=\"R\u00e9silier son assurance emprunteur pendant son cr\u00e9dit immobilier est possible, il suffit simplement de respecter quelques conditions. Selon l\u2019anciennet\u00e9 du cr\u00e9dit, deux lois permettent la r\u00e9siliation de l\u2019assurance emprunteur : la loi Hamon, et la loi Bourquin. Voici\u00a0comment r\u00e9silier son assurance cr\u00e9dit immobilier\u00a0: l\u00e9gislation, d\u00e9marches et mod\u00e8les de lettres de r\u00e9siliation \u00e0 compl\u00e9ter. N\u00eemes - Cr\u00e9dit Immobilier &amp; Assurances R\u00e9silier son Assurance Emprunteur\" \/>\n<meta name=\"robots\" content=\"index, follow, max-snippet:-1, max-image-preview:large, max-video-preview:-1\" \/>\n<link rel=\"canonical\" href=\"https:\/\/www.espacefinance.com\/133881bdd\/assurances-particuliers-professionnel-entreprise\/resiliation-assurance-emprunteur\/\" \/>\n<meta property=\"og:locale\" content=\"fr_FR\" \/>\n<meta property=\"og:type\" content=\"article\" \/>\n<meta property=\"og:title\" content=\"R\u00e9silier son Assurance de Pr\u00eat N\u00eemes - Cr\u00e9dit Immobilier &amp; Assurances R\u00e9silier son Assurance Emprunteur\" \/>\n<meta property=\"og:description\" content=\"R\u00e9silier son assurance emprunteur pendant son cr\u00e9dit immobilier est possible, il suffit simplement de respecter quelques conditions. Selon l\u2019anciennet\u00e9 du cr\u00e9dit, deux lois permettent la r\u00e9siliation de l\u2019assurance emprunteur : la loi Hamon, et la loi Bourquin. Voici\u00a0comment r\u00e9silier son assurance cr\u00e9dit immobilier\u00a0: l\u00e9gislation, d\u00e9marches et mod\u00e8les de lettres de r\u00e9siliation \u00e0 compl\u00e9ter. N\u00eemes - Cr\u00e9dit Immobilier &amp; Assurances R\u00e9silier son Assurance Emprunteur\" \/>\n<meta property=\"og:url\" content=\"https:\/\/www.espacefinance.com\/133881bdd\/assurances-particuliers-professionnel-entreprise\/resiliation-assurance-emprunteur\/\" \/>\n<meta property=\"og:site_name\" content=\"N\u00eemes - Cr\u00e9dit Immobilier &amp; Assurances\" \/>\n<meta property=\"article:publisher\" content=\"https:\/\/www.facebook.com\/ymanci.credit.immobilier.assurance\" \/>\n<meta property=\"article:modified_time\" content=\"2022-03-28T07:54:34+00:00\" \/>\n<meta property=\"og:image\" content=\"https:\/\/www.espacefinance.com\/133881bdd\/wp-content\/uploads\/2022\/02\/cropped-ASSPRET6-CHANGER@.jpg\" \/>\n\t<meta property=\"og:image:width\" content=\"728\" \/>\n\t<meta property=\"og:image:height\" content=\"416\" \/>\n\t<meta property=\"og:image:type\" content=\"image\/jpeg\" \/>\n<meta name=\"twitter:card\" content=\"summary_large_image\" \/>\n<meta name=\"twitter:title\" content=\"R\u00e9silier son Assurance Emprunteur\" \/>\n<meta name=\"twitter:site\" content=\"@YMANCI_NIMES\" \/>\n<meta name=\"twitter:label1\" content=\"Dur\u00e9e de lecture estim\u00e9e\" \/>\n\t<meta name=\"twitter:data1\" content=\"3 minutes\" \/>\n<script type=\"application\/ld+json\" class=\"yoast-schema-graph\">{\"@context\":\"https:\\\/\\\/schema.org\",\"@graph\":[{\"@type\":\"WebPage\",\"@id\":\"https:\\\/\\\/www.espacefinance.com\\\/133881bdd\\\/assurances-particuliers-professionnel-entreprise\\\/resiliation-assurance-emprunteur\\\/\",\"url\":\"https:\\\/\\\/www.espacefinance.com\\\/133881bdd\\\/assurances-particuliers-professionnel-entreprise\\\/resiliation-assurance-emprunteur\\\/\",\"name\":\"R\u00e9silier son Assurance Emprunteur\",\"isPartOf\":{\"@id\":\"https:\\\/\\\/www.espacefinance.com\\\/133881bdd\\\/#website\"},\"primaryImageOfPage\":{\"@id\":\"https:\\\/\\\/www.espacefinance.com\\\/133881bdd\\\/assurances-particuliers-professionnel-entreprise\\\/resiliation-assurance-emprunteur\\\/#primaryimage\"},\"image\":{\"@id\":\"https:\\\/\\\/www.espacefinance.com\\\/133881bdd\\\/assurances-particuliers-professionnel-entreprise\\\/resiliation-assurance-emprunteur\\\/#primaryimage\"},\"thumbnailUrl\":\"https:\\\/\\\/www.espacefinance.com\\\/133881bdd\\\/wp-content\\\/uploads\\\/2022\\\/02\\\/cropped-ASSPRET6-CHANGER@.jpg\",\"datePublished\":\"2022-03-16T15:19:44+00:00\",\"dateModified\":\"2022-03-28T07:54:34+00:00\",\"description\":\"R\u00e9silier son assurance emprunteur pendant son cr\u00e9dit immobilier est possible, il suffit simplement de respecter quelques conditions. Selon l\u2019anciennet\u00e9 du cr\u00e9dit, deux lois permettent la r\u00e9siliation de l\u2019assurance emprunteur : la loi Hamon, et la loi Bourquin. Voici\u00a0comment r\u00e9silier son assurance cr\u00e9dit immobilier\u00a0: l\u00e9gislation, d\u00e9marches et mod\u00e8les de lettres de r\u00e9siliation \u00e0 compl\u00e9ter. N\u00eemes - Cr\u00e9dit Immobilier &amp; Assurances R\u00e9silier son Assurance Emprunteur\",\"breadcrumb\":{\"@id\":\"https:\\\/\\\/www.espacefinance.com\\\/133881bdd\\\/assurances-particuliers-professionnel-entreprise\\\/resiliation-assurance-emprunteur\\\/#breadcrumb\"},\"inLanguage\":\"fr-FR\",\"potentialAction\":[{\"@type\":\"ReadAction\",\"target\":[\"https:\\\/\\\/www.espacefinance.com\\\/133881bdd\\\/assurances-particuliers-professionnel-entreprise\\\/resiliation-assurance-emprunteur\\\/\"]}]},{\"@type\":\"ImageObject\",\"inLanguage\":\"fr-FR\",\"@id\":\"https:\\\/\\\/www.espacefinance.com\\\/133881bdd\\\/assurances-particuliers-professionnel-entreprise\\\/resiliation-assurance-emprunteur\\\/#primaryimage\",\"url\":\"https:\\\/\\\/www.espacefinance.com\\\/133881bdd\\\/wp-content\\\/uploads\\\/2022\\\/02\\\/cropped-ASSPRET6-CHANGER@.jpg\",\"contentUrl\":\"https:\\\/\\\/www.espacefinance.com\\\/133881bdd\\\/wp-content\\\/uploads\\\/2022\\\/02\\\/cropped-ASSPRET6-CHANGER@.jpg\",\"width\":728,\"height\":416,\"caption\":\"R\u00e9forme d\u00e9lai droit \u00e0 l'oubli\"},{\"@type\":\"BreadcrumbList\",\"@id\":\"https:\\\/\\\/www.espacefinance.com\\\/133881bdd\\\/assurances-particuliers-professionnel-entreprise\\\/resiliation-assurance-emprunteur\\\/#breadcrumb\",\"itemListElement\":[{\"@type\":\"ListItem\",\"position\":1,\"name\":\"Accueil\",\"item\":\"https:\\\/\\\/www.espacefinance.com\\\/133881bdd\\\/\"},{\"@type\":\"ListItem\",\"position\":2,\"name\":\"Courtage en Assurances\",\"item\":\"https:\\\/\\\/www.espacefinance.com\\\/133881bdd\\\/assurances-particuliers-professionnel-entreprise\\\/\"},{\"@type\":\"ListItem\",\"position\":3,\"name\":\"R\u00e9silier son Assurance Emprunteur\"}]},{\"@type\":\"WebSite\",\"@id\":\"https:\\\/\\\/www.espacefinance.com\\\/133881bdd\\\/#website\",\"url\":\"https:\\\/\\\/www.espacefinance.com\\\/133881bdd\\\/\",\"name\":\"N\u00eemes - Cr\u00e9dit Immobilier &amp; Assurances\",\"description\":\"Notre expertise \u00e0 votre service en toute transparence\",\"publisher\":{\"@id\":\"https:\\\/\\\/www.espacefinance.com\\\/133881bdd\\\/#organization\"},\"potentialAction\":[{\"@type\":\"SearchAction\",\"target\":{\"@type\":\"EntryPoint\",\"urlTemplate\":\"https:\\\/\\\/www.espacefinance.com\\\/133881bdd\\\/?s={search_term_string}\"},\"query-input\":{\"@type\":\"PropertyValueSpecification\",\"valueRequired\":true,\"valueName\":\"search_term_string\"}}],\"inLanguage\":\"fr-FR\"},{\"@type\":\"Organization\",\"@id\":\"https:\\\/\\\/www.espacefinance.com\\\/133881bdd\\\/#organization\",\"name\":\"ESPACE FINANCE LP\",\"url\":\"https:\\\/\\\/www.espacefinance.com\\\/133881bdd\\\/\",\"logo\":{\"@type\":\"ImageObject\",\"inLanguage\":\"fr-FR\",\"@id\":\"https:\\\/\\\/www.espacefinance.com\\\/133881bdd\\\/#\\\/schema\\\/logo\\\/image\\\/\",\"url\":\"https:\\\/\\\/www.espacefinance.com\\\/133881bdd\\\/wp-content\\\/uploads\\\/2022\\\/03\\\/LOGO-ESFI-YMANCI-022022.jpg\",\"contentUrl\":\"https:\\\/\\\/www.espacefinance.com\\\/133881bdd\\\/wp-content\\\/uploads\\\/2022\\\/03\\\/LOGO-ESFI-YMANCI-022022.jpg\",\"width\":1273,\"height\":710,\"caption\":\"ESPACE FINANCE LP\"},\"image\":{\"@id\":\"https:\\\/\\\/www.espacefinance.com\\\/133881bdd\\\/#\\\/schema\\\/logo\\\/image\\\/\"},\"sameAs\":[\"https:\\\/\\\/www.facebook.com\\\/ymanci.credit.immobilier.assurance\",\"https:\\\/\\\/x.com\\\/YMANCI_NIMES\",\"https:\\\/\\\/www.instagram.com\\\/espacefinancelp_ymanci_nimes\\\/?hl=fr\",\"https:\\\/\\\/www.linkedin.com\\\/showcase\\\/ymanci-nmes\\\/\",\"https:\\\/\\\/www.youtube.com\\\/channel\\\/UC1PRm7p_QVdRMUaS_Hq6zwA\"]}]}<\/script>\n<!-- \/ Yoast SEO Premium plugin. -->","yoast_head_json":{"title":"R\u00e9silier son Assurance Emprunteur","description":"R\u00e9silier son assurance emprunteur pendant son cr\u00e9dit immobilier est possible, il suffit simplement de respecter quelques conditions. Selon l\u2019anciennet\u00e9 du cr\u00e9dit, deux lois permettent la r\u00e9siliation de l\u2019assurance emprunteur : la loi Hamon, et la loi Bourquin. Voici\u00a0comment r\u00e9silier son assurance cr\u00e9dit immobilier\u00a0: l\u00e9gislation, d\u00e9marches et mod\u00e8les de lettres de r\u00e9siliation \u00e0 compl\u00e9ter. N\u00eemes - Cr\u00e9dit Immobilier &amp; Assurances R\u00e9silier son Assurance Emprunteur","robots":{"index":"index","follow":"follow","max-snippet":"max-snippet:-1","max-image-preview":"max-image-preview:large","max-video-preview":"max-video-preview:-1"},"canonical":"https:\/\/www.espacefinance.com\/133881bdd\/assurances-particuliers-professionnel-entreprise\/resiliation-assurance-emprunteur\/","og_locale":"fr_FR","og_type":"article","og_title":"R\u00e9silier son Assurance de Pr\u00eat N\u00eemes - Cr\u00e9dit Immobilier &amp; Assurances R\u00e9silier son Assurance Emprunteur","og_description":"R\u00e9silier son assurance emprunteur pendant son cr\u00e9dit immobilier est possible, il suffit simplement de respecter quelques conditions. Selon l\u2019anciennet\u00e9 du cr\u00e9dit, deux lois permettent la r\u00e9siliation de l\u2019assurance emprunteur : la loi Hamon, et la loi Bourquin. Voici\u00a0comment r\u00e9silier son assurance cr\u00e9dit immobilier\u00a0: l\u00e9gislation, d\u00e9marches et mod\u00e8les de lettres de r\u00e9siliation \u00e0 compl\u00e9ter. N\u00eemes - Cr\u00e9dit Immobilier &amp; Assurances R\u00e9silier son Assurance Emprunteur","og_url":"https:\/\/www.espacefinance.com\/133881bdd\/assurances-particuliers-professionnel-entreprise\/resiliation-assurance-emprunteur\/","og_site_name":"N\u00eemes - Cr\u00e9dit Immobilier &amp; Assurances","article_publisher":"https:\/\/www.facebook.com\/ymanci.credit.immobilier.assurance","article_modified_time":"2022-03-28T07:54:34+00:00","og_image":[{"width":728,"height":416,"url":"https:\/\/www.espacefinance.com\/133881bdd\/wp-content\/uploads\/2022\/02\/cropped-ASSPRET6-CHANGER@.jpg","type":"image\/jpeg"}],"twitter_card":"summary_large_image","twitter_title":"R\u00e9silier son Assurance Emprunteur","twitter_site":"@YMANCI_NIMES","twitter_misc":{"Dur\u00e9e de lecture estim\u00e9e":"3 minutes"},"schema":{"@context":"https:\/\/schema.org","@graph":[{"@type":"WebPage","@id":"https:\/\/www.espacefinance.com\/133881bdd\/assurances-particuliers-professionnel-entreprise\/resiliation-assurance-emprunteur\/","url":"https:\/\/www.espacefinance.com\/133881bdd\/assurances-particuliers-professionnel-entreprise\/resiliation-assurance-emprunteur\/","name":"R\u00e9silier son Assurance Emprunteur","isPartOf":{"@id":"https:\/\/www.espacefinance.com\/133881bdd\/#website"},"primaryImageOfPage":{"@id":"https:\/\/www.espacefinance.com\/133881bdd\/assurances-particuliers-professionnel-entreprise\/resiliation-assurance-emprunteur\/#primaryimage"},"image":{"@id":"https:\/\/www.espacefinance.com\/133881bdd\/assurances-particuliers-professionnel-entreprise\/resiliation-assurance-emprunteur\/#primaryimage"},"thumbnailUrl":"https:\/\/www.espacefinance.com\/133881bdd\/wp-content\/uploads\/2022\/02\/cropped-ASSPRET6-CHANGER@.jpg","datePublished":"2022-03-16T15:19:44+00:00","dateModified":"2022-03-28T07:54:34+00:00","description":"R\u00e9silier son assurance emprunteur pendant son cr\u00e9dit immobilier est possible, il suffit simplement de respecter quelques conditions. Selon l\u2019anciennet\u00e9 du cr\u00e9dit, deux lois permettent la r\u00e9siliation de l\u2019assurance emprunteur : la loi Hamon, et la loi Bourquin. Voici\u00a0comment r\u00e9silier son assurance cr\u00e9dit immobilier\u00a0: l\u00e9gislation, d\u00e9marches et mod\u00e8les de lettres de r\u00e9siliation \u00e0 compl\u00e9ter. N\u00eemes - Cr\u00e9dit Immobilier &amp; Assurances R\u00e9silier son Assurance Emprunteur","breadcrumb":{"@id":"https:\/\/www.espacefinance.com\/133881bdd\/assurances-particuliers-professionnel-entreprise\/resiliation-assurance-emprunteur\/#breadcrumb"},"inLanguage":"fr-FR","potentialAction":[{"@type":"ReadAction","target":["https:\/\/www.espacefinance.com\/133881bdd\/assurances-particuliers-professionnel-entreprise\/resiliation-assurance-emprunteur\/"]}]},{"@type":"ImageObject","inLanguage":"fr-FR","@id":"https:\/\/www.espacefinance.com\/133881bdd\/assurances-particuliers-professionnel-entreprise\/resiliation-assurance-emprunteur\/#primaryimage","url":"https:\/\/www.espacefinance.com\/133881bdd\/wp-content\/uploads\/2022\/02\/cropped-ASSPRET6-CHANGER@.jpg","contentUrl":"https:\/\/www.espacefinance.com\/133881bdd\/wp-content\/uploads\/2022\/02\/cropped-ASSPRET6-CHANGER@.jpg","width":728,"height":416,"caption":"R\u00e9forme d\u00e9lai droit \u00e0 l'oubli"},{"@type":"BreadcrumbList","@id":"https:\/\/www.espacefinance.com\/133881bdd\/assurances-particuliers-professionnel-entreprise\/resiliation-assurance-emprunteur\/#breadcrumb","itemListElement":[{"@type":"ListItem","position":1,"name":"Accueil","item":"https:\/\/www.espacefinance.com\/133881bdd\/"},{"@type":"ListItem","position":2,"name":"Courtage en Assurances","item":"https:\/\/www.espacefinance.com\/133881bdd\/assurances-particuliers-professionnel-entreprise\/"},{"@type":"ListItem","position":3,"name":"R\u00e9silier son Assurance Emprunteur"}]},{"@type":"WebSite","@id":"https:\/\/www.espacefinance.com\/133881bdd\/#website","url":"https:\/\/www.espacefinance.com\/133881bdd\/","name":"N\u00eemes - Cr\u00e9dit Immobilier &amp; Assurances","description":"Notre expertise \u00e0 votre service en toute transparence","publisher":{"@id":"https:\/\/www.espacefinance.com\/133881bdd\/#organization"},"potentialAction":[{"@type":"SearchAction","target":{"@type":"EntryPoint","urlTemplate":"https:\/\/www.espacefinance.com\/133881bdd\/?s={search_term_string}"},"query-input":{"@type":"PropertyValueSpecification","valueRequired":true,"valueName":"search_term_string"}}],"inLanguage":"fr-FR"},{"@type":"Organization","@id":"https:\/\/www.espacefinance.com\/133881bdd\/#organization","name":"ESPACE FINANCE LP","url":"https:\/\/www.espacefinance.com\/133881bdd\/","logo":{"@type":"ImageObject","inLanguage":"fr-FR","@id":"https:\/\/www.espacefinance.com\/133881bdd\/#\/schema\/logo\/image\/","url":"https:\/\/www.espacefinance.com\/133881bdd\/wp-content\/uploads\/2022\/03\/LOGO-ESFI-YMANCI-022022.jpg","contentUrl":"https:\/\/www.espacefinance.com\/133881bdd\/wp-content\/uploads\/2022\/03\/LOGO-ESFI-YMANCI-022022.jpg","width":1273,"height":710,"caption":"ESPACE FINANCE LP"},"image":{"@id":"https:\/\/www.espacefinance.com\/133881bdd\/#\/schema\/logo\/image\/"},"sameAs":["https:\/\/www.facebook.com\/ymanci.credit.immobilier.assurance","https:\/\/x.com\/YMANCI_NIMES","https:\/\/www.instagram.com\/espacefinancelp_ymanci_nimes\/?hl=fr","https:\/\/www.linkedin.com\/showcase\/ymanci-nmes\/","https:\/\/www.youtube.com\/channel\/UC1PRm7p_QVdRMUaS_Hq6zwA"]}]}},"_links":{"self":[{"href":"https:\/\/www.espacefinance.com\/133881bdd\/wp-json\/wp\/v2\/pages\/1388","targetHints":{"allow":["GET"]}}],"collection":[{"href":"https:\/\/www.espacefinance.com\/133881bdd\/wp-json\/wp\/v2\/pages"}],"about":[{"href":"https:\/\/www.espacefinance.com\/133881bdd\/wp-json\/wp\/v2\/types\/page"}],"author":[{"embeddable":true,"href":"https:\/\/www.espacefinance.com\/133881bdd\/wp-json\/wp\/v2\/users\/1"}],"replies":[{"embeddable":true,"href":"https:\/\/www.espacefinance.com\/133881bdd\/wp-json\/wp\/v2\/comments?post=1388"}],"version-history":[{"count":0,"href":"https:\/\/www.espacefinance.com\/133881bdd\/wp-json\/wp\/v2\/pages\/1388\/revisions"}],"up":[{"embeddable":true,"href":"https:\/\/www.espacefinance.com\/133881bdd\/wp-json\/wp\/v2\/pages\/267"}],"wp:featuredmedia":[{"embeddable":true,"href":"https:\/\/www.espacefinance.com\/133881bdd\/wp-json\/wp\/v2\/media\/234"}],"wp:attachment":[{"href":"https:\/\/www.espacefinance.com\/133881bdd\/wp-json\/wp\/v2\/media?parent=1388"}],"curies":[{"name":"wp","href":"https:\/\/api.w.org\/{rel}","templated":true}]}}