{"id":1275,"date":"2022-03-15T16:19:41","date_gmt":"2022-03-15T15:19:41","guid":{"rendered":"https:\/\/www.espacefinance.com\/133881bdd\/?page_id=1275"},"modified":"2022-05-13T08:57:56","modified_gmt":"2022-05-13T06:57:56","slug":"assurance-vehicules-auto","status":"publish","type":"page","link":"https:\/\/www.espacefinance.com\/133881bdd\/assurances-particuliers-professionnel-entreprise\/assurances-particuliers-auto-habitation\/assurance-vehicules-auto\/","title":{"rendered":"V\u00e9hicules"},"content":{"rendered":"\n<p class=\"has-drop-cap\" id=\"assurance-auto\">Le propri\u00e9taire d&rsquo;un v\u00e9hicule terrestre \u00e0 moteur (voiture, moto, &#8230;) destin\u00e9 \u00e0 circuler doit l&rsquo;assurer avec au minimum la garantie responsabilit\u00e9 civile. L&rsquo;assurance responsabilit\u00e9 civile, appel\u00e9e parfois&nbsp;<em>assurance au tiers<\/em>, sert \u00e0 indemniser les victimes des dommages caus\u00e9s par le v\u00e9hicule. Il s&rsquo;agit des tiers et des passagers du v\u00e9hicule, mais pas du conducteur et du responsable de l&rsquo;accident. Le non-respect de l&rsquo;obligation d&rsquo;assurance est puni p\u00e9nalement.<\/p>\n\n\n\n<hr class=\"wp-block-separator aligncenter\"\/>\n\n\n\n<div class=\"wp-block-image\"><figure class=\"aligncenter size-full\"><img decoding=\"async\" width=\"300\" height=\"168\" src=\"https:\/\/www.espacefinance.com\/133881bdd\/wp-content\/uploads\/2022\/03\/CARTE_VERTE@assurance.jpg\" alt=\"Assurance V\u00e9hicule\" class=\"wp-image-1276\"\/><figcaption>Assurance V\u00e9hicules<\/figcaption><\/figure><\/div>\n\n\n\n<h2 class=\"wp-block-heading\" id=\"h-qui-est-concerne\">Qui est concern\u00e9&nbsp;?<\/h2>\n\n\n\n<div class=\"wp-block-group\"><div class=\"wp-block-group__inner-container is-layout-flow wp-block-group-is-layout-flow\">\n<p class=\"has-drop-cap\" id=\"assurance-auto\">Tout propri\u00e9taire d&rsquo;un v\u00e9hicule terrestre \u00e0 moteur destin\u00e9 \u00e0 circuler doit l&rsquo;assurer.<\/p>\n\n\n\n<p>Le v\u00e9hicule soumis \u00e0 l&rsquo;obligation d&rsquo;assurance peut \u00eatre notamment un des suivants&nbsp;:<\/p>\n\n\n\n<ul class=\"wp-block-list\"><li>Voiture (particuli\u00e8re, utilitaire ou\u00a0<a href=\"https:\/\/www.service-public.fr\/particuliers\/vosdroits\/F31416\">sans-permis<\/a>)<\/li><li><a href=\"https:\/\/www.espacefinance.com\/133881bdd\/assurance-obligatoire\/\" target=\"_blank\" rel=\"noreferrer noopener\">2 ou 3 roues (moto ou scooter) ou quad,<\/a> m\u00eame non-homologu\u00e9 (mini-moto par exemple)<\/li><li>Tondeuse auto-port\u00e9e avec un si\u00e8ge permettant au conducteur de man\u0153uvrer l&rsquo;engin<\/li><\/ul>\n\n\n\n<p>Le v\u00e9hicule destin\u00e9 \u00e0 circuler n&rsquo;est pas n\u00e9cessairement un v\u00e9hicule qui est en circulation. C&rsquo;est un v\u00e9hicule qui peut \u00eatre mis en circulation.<\/p>\n\n\n\n<p>Par exemple, le fait de ne pas utiliser le v\u00e9hicule pendant une longue p\u00e9riode ne permet pas d&rsquo;\u00e9chapper \u00e0 l&rsquo;obligation d&rsquo;assurance.<\/p>\n\n\n\n<p>De m\u00eame, le fait de stationner le v\u00e9hicule dans un garage priv\u00e9 ne permet pas non plus d&rsquo;\u00e9chapper \u00e0 l&rsquo;obligation d&rsquo;assurance. En effet, le v\u00e9hicule peut \u00eatre mis en circulation par un tiers (un voleur par exemple) et provoquer des d\u00e9g\u00e2ts.<\/p>\n<\/div><\/div>\n\n\n\n<div id=\"garanties-assuances\" class=\"wp-block-buttons is-layout-flex wp-block-buttons-is-layout-flex\">\n<div class=\"wp-block-button\"><a class=\"wp-block-button__link\" href=\"https:\/\/www.espacefinance.com\/133881bdd\/assurances-particuliers-professionnel-entreprise\/assurances-particuliers-auto-habitation\/assurance-vehicules-auto\/garanties-facultatives-de-lassurance-auto\/\" target=\"_blank\" rel=\"noreferrer noopener\">Quelles garanties choisir&#8230;<\/a><\/div>\n<\/div>\n\n\n\n<div style=\"height:30px\" aria-hidden=\"true\" class=\"wp-block-spacer\"><\/div>\n\n\n\n<div class=\"wp-block-buttons is-layout-flex wp-block-buttons-is-layout-flex\">\n<div class=\"wp-block-button\"><a class=\"wp-block-button__link has-colibri-color-3-background-color has-background\" href=\"https:\/\/www.espacefinance.com\/133881bdd\/wp-content\/uploads\/2022\/03\/Devis-Auto-classique-Site.pdf\" target=\"_blank\" rel=\"noreferrer noopener\">Demandez un devis d&rsquo;Assurance Auto (joindre un relev\u00e9 d&rsquo;information)<\/a><\/div>\n<\/div>\n\n\n\n<p><\/p>\n","protected":false},"excerpt":{"rendered":"<p>Le propri\u00e9taire d&rsquo;un v\u00e9hicule terrestre \u00e0 moteur (voiture, moto, &#8230;) destin\u00e9 \u00e0 circuler doit l&rsquo;assurer avec au minimum la garantie responsabilit\u00e9 civile. L&rsquo;assurance responsabilit\u00e9 civile, appel\u00e9e parfois&nbsp;assurance au tiers, sert \u00e0 indemniser les victimes des dommages caus\u00e9s par le v\u00e9hicule. Il s&rsquo;agit des tiers et des passagers du v\u00e9hicule, mais pas du conducteur et du [&hellip;]<\/p>\n","protected":false},"author":1,"featured_media":1276,"parent":270,"menu_order":1,"comment_status":"closed","ping_status":"closed","template":"","meta":{"footnotes":""},"class_list":["post-1275","page","type-page","status-publish","has-post-thumbnail","hentry"],"yoast_head":"<!-- This site is optimized with the Yoast SEO Premium plugin v20.0 (Yoast SEO v27.5) - https:\/\/yoast.com\/product\/yoast-seo-premium-wordpress\/ -->\n<title>Assurance Auto N\u00eemes<\/title>\n<meta name=\"description\" content=\"Tout propri\u00e9taire d&#039;un v\u00e9hicule terrestre \u00e0 moteur destin\u00e9 \u00e0 circuler doit l&#039;assurer.Le v\u00e9hicule soumis \u00e0 l&#039;obligation d&#039;assurance peut \u00eatre notamment un des suivants\u00a0:Voiture (particuli\u00e8re, utilitaire ou\u00a0sans-permis)2 ou 3 roues (moto ou scooter) ou quad, m\u00eame non-homologu\u00e9 (mini-moto par exemple)Tondeuse auto-port\u00e9e avec un si\u00e8ge permettant au conducteur de man\u0153uvrer l&#039;enginLe v\u00e9hicule destin\u00e9 \u00e0 circuler n&#039;est pas n\u00e9cessairement un v\u00e9hicule qui est en circulation, mais un v\u00e9hicule qui peut \u00eatre mis en circulation.Ainsi, le fait de ne pas utiliser le v\u00e9hicule pendant une longue p\u00e9riode ne permet pas d&#039;\u00e9chapper \u00e0 l&#039;obligation d&#039;assurance, puisque le v\u00e9hicule peut \u00eatre mis en circulation.\" \/>\n<meta name=\"robots\" content=\"index, follow, max-snippet:-1, max-image-preview:large, max-video-preview:-1\" \/>\n<link rel=\"canonical\" href=\"https:\/\/www.espacefinance.com\/133881bdd\/assurances-particuliers-professionnel-entreprise\/assurances-particuliers-auto-habitation\/assurance-vehicules-auto\/\" \/>\n<meta property=\"og:locale\" content=\"fr_FR\" \/>\n<meta property=\"og:type\" content=\"article\" \/>\n<meta property=\"og:title\" content=\"V\u00e9hicules assurance v\u00e9hicule\" \/>\n<meta property=\"og:description\" content=\"Tout propri\u00e9taire d&#039;un v\u00e9hicule terrestre \u00e0 moteur destin\u00e9 \u00e0 circuler doit l&#039;assurer. De m\u00eame, le fait de stationner le v\u00e9hicule dans un garage priv\u00e9 ne permet pas non plus d&#039;\u00e9chapper \u00e0 l&#039;obligation d&#039;assurance. En effet, le v\u00e9hicule peut \u00eatre mis en circulation par un tiers (un voleur par exemple) et provoquer des d\u00e9g\u00e2ts.\" \/>\n<meta property=\"og:url\" content=\"https:\/\/www.espacefinance.com\/133881bdd\/assurances-particuliers-professionnel-entreprise\/assurances-particuliers-auto-habitation\/assurance-vehicules-auto\/\" \/>\n<meta property=\"og:site_name\" content=\"N\u00eemes - Cr\u00e9dit Immobilier &amp; Assurances\" \/>\n<meta property=\"article:publisher\" content=\"https:\/\/www.facebook.com\/ymanci.credit.immobilier.assurance\" \/>\n<meta property=\"article:modified_time\" content=\"2022-05-13T06:57:56+00:00\" \/>\n<meta property=\"og:image\" content=\"https:\/\/www.espacefinance.com\/133881bdd\/wp-content\/uploads\/2022\/03\/CARTE_VERTE@assurance.jpg\" \/>\n\t<meta property=\"og:image:width\" content=\"300\" \/>\n\t<meta property=\"og:image:height\" content=\"168\" \/>\n\t<meta property=\"og:image:type\" content=\"image\/jpeg\" \/>\n<meta name=\"twitter:card\" content=\"summary_large_image\" \/>\n<meta name=\"twitter:title\" content=\"V\u00e9hicules\" \/>\n<meta name=\"twitter:site\" content=\"@YMANCI_NIMES\" \/>\n<meta name=\"twitter:label1\" content=\"Dur\u00e9e de lecture estim\u00e9e\" \/>\n\t<meta name=\"twitter:data1\" content=\"2 minutes\" \/>\n<script type=\"application\/ld+json\" class=\"yoast-schema-graph\">{\"@context\":\"https:\\\/\\\/schema.org\",\"@graph\":[{\"@type\":\"WebPage\",\"@id\":\"https:\\\/\\\/www.espacefinance.com\\\/133881bdd\\\/assurances-particuliers-professionnel-entreprise\\\/assurances-particuliers-auto-habitation\\\/assurance-vehicules-auto\\\/\",\"url\":\"https:\\\/\\\/www.espacefinance.com\\\/133881bdd\\\/assurances-particuliers-professionnel-entreprise\\\/assurances-particuliers-auto-habitation\\\/assurance-vehicules-auto\\\/\",\"name\":\"Assurance Auto N\u00eemes\",\"isPartOf\":{\"@id\":\"https:\\\/\\\/www.espacefinance.com\\\/133881bdd\\\/#website\"},\"primaryImageOfPage\":{\"@id\":\"https:\\\/\\\/www.espacefinance.com\\\/133881bdd\\\/assurances-particuliers-professionnel-entreprise\\\/assurances-particuliers-auto-habitation\\\/assurance-vehicules-auto\\\/#primaryimage\"},\"image\":{\"@id\":\"https:\\\/\\\/www.espacefinance.com\\\/133881bdd\\\/assurances-particuliers-professionnel-entreprise\\\/assurances-particuliers-auto-habitation\\\/assurance-vehicules-auto\\\/#primaryimage\"},\"thumbnailUrl\":\"https:\\\/\\\/www.espacefinance.com\\\/133881bdd\\\/wp-content\\\/uploads\\\/2022\\\/03\\\/CARTE_VERTE@assurance.jpg\",\"datePublished\":\"2022-03-15T15:19:41+00:00\",\"dateModified\":\"2022-05-13T06:57:56+00:00\",\"description\":\"Tout propri\u00e9taire d'un v\u00e9hicule terrestre \u00e0 moteur destin\u00e9 \u00e0 circuler doit l'assurer.Le v\u00e9hicule soumis \u00e0 l'obligation d'assurance peut \u00eatre notamment un des suivants\u00a0:Voiture (particuli\u00e8re, utilitaire ou\u00a0sans-permis)2 ou 3 roues (moto ou scooter) ou quad, m\u00eame non-homologu\u00e9 (mini-moto par exemple)Tondeuse auto-port\u00e9e avec un si\u00e8ge permettant au conducteur de man\u0153uvrer l'enginLe v\u00e9hicule destin\u00e9 \u00e0 circuler n'est pas n\u00e9cessairement un v\u00e9hicule qui est en circulation, mais un v\u00e9hicule qui peut \u00eatre mis en circulation.Ainsi, le fait de ne pas utiliser le v\u00e9hicule pendant une longue p\u00e9riode ne permet pas d'\u00e9chapper \u00e0 l'obligation d'assurance, puisque le v\u00e9hicule peut \u00eatre mis en circulation.\",\"breadcrumb\":{\"@id\":\"https:\\\/\\\/www.espacefinance.com\\\/133881bdd\\\/assurances-particuliers-professionnel-entreprise\\\/assurances-particuliers-auto-habitation\\\/assurance-vehicules-auto\\\/#breadcrumb\"},\"inLanguage\":\"fr-FR\",\"potentialAction\":[{\"@type\":\"ReadAction\",\"target\":[\"https:\\\/\\\/www.espacefinance.com\\\/133881bdd\\\/assurances-particuliers-professionnel-entreprise\\\/assurances-particuliers-auto-habitation\\\/assurance-vehicules-auto\\\/\"]}]},{\"@type\":\"ImageObject\",\"inLanguage\":\"fr-FR\",\"@id\":\"https:\\\/\\\/www.espacefinance.com\\\/133881bdd\\\/assurances-particuliers-professionnel-entreprise\\\/assurances-particuliers-auto-habitation\\\/assurance-vehicules-auto\\\/#primaryimage\",\"url\":\"https:\\\/\\\/www.espacefinance.com\\\/133881bdd\\\/wp-content\\\/uploads\\\/2022\\\/03\\\/CARTE_VERTE@assurance.jpg\",\"contentUrl\":\"https:\\\/\\\/www.espacefinance.com\\\/133881bdd\\\/wp-content\\\/uploads\\\/2022\\\/03\\\/CARTE_VERTE@assurance.jpg\",\"width\":300,\"height\":168,\"caption\":\"Assurance V\u00e9hicules\"},{\"@type\":\"BreadcrumbList\",\"@id\":\"https:\\\/\\\/www.espacefinance.com\\\/133881bdd\\\/assurances-particuliers-professionnel-entreprise\\\/assurances-particuliers-auto-habitation\\\/assurance-vehicules-auto\\\/#breadcrumb\",\"itemListElement\":[{\"@type\":\"ListItem\",\"position\":1,\"name\":\"Accueil\",\"item\":\"https:\\\/\\\/www.espacefinance.com\\\/133881bdd\\\/\"},{\"@type\":\"ListItem\",\"position\":2,\"name\":\"Courtage en Assurances\",\"item\":\"https:\\\/\\\/www.espacefinance.com\\\/133881bdd\\\/assurances-particuliers-professionnel-entreprise\\\/\"},{\"@type\":\"ListItem\",\"position\":3,\"name\":\"Assurances pour les particuliers\",\"item\":\"https:\\\/\\\/www.espacefinance.com\\\/133881bdd\\\/assurances-particuliers-professionnel-entreprise\\\/assurances-particuliers-auto-habitation\\\/\"},{\"@type\":\"ListItem\",\"position\":4,\"name\":\"V\u00e9hicules\"}]},{\"@type\":\"WebSite\",\"@id\":\"https:\\\/\\\/www.espacefinance.com\\\/133881bdd\\\/#website\",\"url\":\"https:\\\/\\\/www.espacefinance.com\\\/133881bdd\\\/\",\"name\":\"N\u00eemes - Cr\u00e9dit Immobilier &amp; Assurances\",\"description\":\"Notre expertise \u00e0 votre service en toute transparence\",\"publisher\":{\"@id\":\"https:\\\/\\\/www.espacefinance.com\\\/133881bdd\\\/#organization\"},\"potentialAction\":[{\"@type\":\"SearchAction\",\"target\":{\"@type\":\"EntryPoint\",\"urlTemplate\":\"https:\\\/\\\/www.espacefinance.com\\\/133881bdd\\\/?s={search_term_string}\"},\"query-input\":{\"@type\":\"PropertyValueSpecification\",\"valueRequired\":true,\"valueName\":\"search_term_string\"}}],\"inLanguage\":\"fr-FR\"},{\"@type\":\"Organization\",\"@id\":\"https:\\\/\\\/www.espacefinance.com\\\/133881bdd\\\/#organization\",\"name\":\"ESPACE FINANCE LP\",\"url\":\"https:\\\/\\\/www.espacefinance.com\\\/133881bdd\\\/\",\"logo\":{\"@type\":\"ImageObject\",\"inLanguage\":\"fr-FR\",\"@id\":\"https:\\\/\\\/www.espacefinance.com\\\/133881bdd\\\/#\\\/schema\\\/logo\\\/image\\\/\",\"url\":\"https:\\\/\\\/www.espacefinance.com\\\/133881bdd\\\/wp-content\\\/uploads\\\/2022\\\/03\\\/LOGO-ESFI-YMANCI-022022.jpg\",\"contentUrl\":\"https:\\\/\\\/www.espacefinance.com\\\/133881bdd\\\/wp-content\\\/uploads\\\/2022\\\/03\\\/LOGO-ESFI-YMANCI-022022.jpg\",\"width\":1273,\"height\":710,\"caption\":\"ESPACE FINANCE LP\"},\"image\":{\"@id\":\"https:\\\/\\\/www.espacefinance.com\\\/133881bdd\\\/#\\\/schema\\\/logo\\\/image\\\/\"},\"sameAs\":[\"https:\\\/\\\/www.facebook.com\\\/ymanci.credit.immobilier.assurance\",\"https:\\\/\\\/x.com\\\/YMANCI_NIMES\",\"https:\\\/\\\/www.instagram.com\\\/espacefinancelp_ymanci_nimes\\\/?hl=fr\",\"https:\\\/\\\/www.linkedin.com\\\/showcase\\\/ymanci-nmes\\\/\",\"https:\\\/\\\/www.youtube.com\\\/channel\\\/UC1PRm7p_QVdRMUaS_Hq6zwA\"]}]}<\/script>\n<!-- \/ Yoast SEO Premium plugin. -->","yoast_head_json":{"title":"Assurance Auto N\u00eemes","description":"Tout propri\u00e9taire d'un v\u00e9hicule terrestre \u00e0 moteur destin\u00e9 \u00e0 circuler doit l'assurer.Le v\u00e9hicule soumis \u00e0 l'obligation d'assurance peut \u00eatre notamment un des suivants\u00a0:Voiture (particuli\u00e8re, utilitaire ou\u00a0sans-permis)2 ou 3 roues (moto ou scooter) ou quad, m\u00eame non-homologu\u00e9 (mini-moto par exemple)Tondeuse auto-port\u00e9e avec un si\u00e8ge permettant au conducteur de man\u0153uvrer l'enginLe v\u00e9hicule destin\u00e9 \u00e0 circuler n'est pas n\u00e9cessairement un v\u00e9hicule qui est en circulation, mais un v\u00e9hicule qui peut \u00eatre mis en circulation.Ainsi, le fait de ne pas utiliser le v\u00e9hicule pendant une longue p\u00e9riode ne permet pas d'\u00e9chapper \u00e0 l'obligation d'assurance, puisque le v\u00e9hicule peut \u00eatre mis en circulation.","robots":{"index":"index","follow":"follow","max-snippet":"max-snippet:-1","max-image-preview":"max-image-preview:large","max-video-preview":"max-video-preview:-1"},"canonical":"https:\/\/www.espacefinance.com\/133881bdd\/assurances-particuliers-professionnel-entreprise\/assurances-particuliers-auto-habitation\/assurance-vehicules-auto\/","og_locale":"fr_FR","og_type":"article","og_title":"V\u00e9hicules assurance v\u00e9hicule","og_description":"Tout propri\u00e9taire d'un v\u00e9hicule terrestre \u00e0 moteur destin\u00e9 \u00e0 circuler doit l'assurer. De m\u00eame, le fait de stationner le v\u00e9hicule dans un garage priv\u00e9 ne permet pas non plus d'\u00e9chapper \u00e0 l'obligation d'assurance. En effet, le v\u00e9hicule peut \u00eatre mis en circulation par un tiers (un voleur par exemple) et provoquer des d\u00e9g\u00e2ts.","og_url":"https:\/\/www.espacefinance.com\/133881bdd\/assurances-particuliers-professionnel-entreprise\/assurances-particuliers-auto-habitation\/assurance-vehicules-auto\/","og_site_name":"N\u00eemes - Cr\u00e9dit Immobilier &amp; Assurances","article_publisher":"https:\/\/www.facebook.com\/ymanci.credit.immobilier.assurance","article_modified_time":"2022-05-13T06:57:56+00:00","og_image":[{"width":300,"height":168,"url":"https:\/\/www.espacefinance.com\/133881bdd\/wp-content\/uploads\/2022\/03\/CARTE_VERTE@assurance.jpg","type":"image\/jpeg"}],"twitter_card":"summary_large_image","twitter_title":"V\u00e9hicules","twitter_site":"@YMANCI_NIMES","twitter_misc":{"Dur\u00e9e de lecture estim\u00e9e":"2 minutes"},"schema":{"@context":"https:\/\/schema.org","@graph":[{"@type":"WebPage","@id":"https:\/\/www.espacefinance.com\/133881bdd\/assurances-particuliers-professionnel-entreprise\/assurances-particuliers-auto-habitation\/assurance-vehicules-auto\/","url":"https:\/\/www.espacefinance.com\/133881bdd\/assurances-particuliers-professionnel-entreprise\/assurances-particuliers-auto-habitation\/assurance-vehicules-auto\/","name":"Assurance Auto N\u00eemes","isPartOf":{"@id":"https:\/\/www.espacefinance.com\/133881bdd\/#website"},"primaryImageOfPage":{"@id":"https:\/\/www.espacefinance.com\/133881bdd\/assurances-particuliers-professionnel-entreprise\/assurances-particuliers-auto-habitation\/assurance-vehicules-auto\/#primaryimage"},"image":{"@id":"https:\/\/www.espacefinance.com\/133881bdd\/assurances-particuliers-professionnel-entreprise\/assurances-particuliers-auto-habitation\/assurance-vehicules-auto\/#primaryimage"},"thumbnailUrl":"https:\/\/www.espacefinance.com\/133881bdd\/wp-content\/uploads\/2022\/03\/CARTE_VERTE@assurance.jpg","datePublished":"2022-03-15T15:19:41+00:00","dateModified":"2022-05-13T06:57:56+00:00","description":"Tout propri\u00e9taire d'un v\u00e9hicule terrestre \u00e0 moteur destin\u00e9 \u00e0 circuler doit l'assurer.Le v\u00e9hicule soumis \u00e0 l'obligation d'assurance peut \u00eatre notamment un des suivants\u00a0:Voiture (particuli\u00e8re, utilitaire ou\u00a0sans-permis)2 ou 3 roues (moto ou scooter) ou quad, m\u00eame non-homologu\u00e9 (mini-moto par exemple)Tondeuse auto-port\u00e9e avec un si\u00e8ge permettant au conducteur de man\u0153uvrer l'enginLe v\u00e9hicule destin\u00e9 \u00e0 circuler n'est pas n\u00e9cessairement un v\u00e9hicule qui est en circulation, mais un v\u00e9hicule qui peut \u00eatre mis en circulation.Ainsi, le fait de ne pas utiliser le v\u00e9hicule pendant une longue p\u00e9riode ne permet pas d'\u00e9chapper \u00e0 l'obligation d'assurance, puisque le v\u00e9hicule peut \u00eatre mis en circulation.","breadcrumb":{"@id":"https:\/\/www.espacefinance.com\/133881bdd\/assurances-particuliers-professionnel-entreprise\/assurances-particuliers-auto-habitation\/assurance-vehicules-auto\/#breadcrumb"},"inLanguage":"fr-FR","potentialAction":[{"@type":"ReadAction","target":["https:\/\/www.espacefinance.com\/133881bdd\/assurances-particuliers-professionnel-entreprise\/assurances-particuliers-auto-habitation\/assurance-vehicules-auto\/"]}]},{"@type":"ImageObject","inLanguage":"fr-FR","@id":"https:\/\/www.espacefinance.com\/133881bdd\/assurances-particuliers-professionnel-entreprise\/assurances-particuliers-auto-habitation\/assurance-vehicules-auto\/#primaryimage","url":"https:\/\/www.espacefinance.com\/133881bdd\/wp-content\/uploads\/2022\/03\/CARTE_VERTE@assurance.jpg","contentUrl":"https:\/\/www.espacefinance.com\/133881bdd\/wp-content\/uploads\/2022\/03\/CARTE_VERTE@assurance.jpg","width":300,"height":168,"caption":"Assurance V\u00e9hicules"},{"@type":"BreadcrumbList","@id":"https:\/\/www.espacefinance.com\/133881bdd\/assurances-particuliers-professionnel-entreprise\/assurances-particuliers-auto-habitation\/assurance-vehicules-auto\/#breadcrumb","itemListElement":[{"@type":"ListItem","position":1,"name":"Accueil","item":"https:\/\/www.espacefinance.com\/133881bdd\/"},{"@type":"ListItem","position":2,"name":"Courtage en Assurances","item":"https:\/\/www.espacefinance.com\/133881bdd\/assurances-particuliers-professionnel-entreprise\/"},{"@type":"ListItem","position":3,"name":"Assurances pour les particuliers","item":"https:\/\/www.espacefinance.com\/133881bdd\/assurances-particuliers-professionnel-entreprise\/assurances-particuliers-auto-habitation\/"},{"@type":"ListItem","position":4,"name":"V\u00e9hicules"}]},{"@type":"WebSite","@id":"https:\/\/www.espacefinance.com\/133881bdd\/#website","url":"https:\/\/www.espacefinance.com\/133881bdd\/","name":"N\u00eemes - Cr\u00e9dit Immobilier &amp; Assurances","description":"Notre expertise \u00e0 votre service en toute transparence","publisher":{"@id":"https:\/\/www.espacefinance.com\/133881bdd\/#organization"},"potentialAction":[{"@type":"SearchAction","target":{"@type":"EntryPoint","urlTemplate":"https:\/\/www.espacefinance.com\/133881bdd\/?s={search_term_string}"},"query-input":{"@type":"PropertyValueSpecification","valueRequired":true,"valueName":"search_term_string"}}],"inLanguage":"fr-FR"},{"@type":"Organization","@id":"https:\/\/www.espacefinance.com\/133881bdd\/#organization","name":"ESPACE FINANCE LP","url":"https:\/\/www.espacefinance.com\/133881bdd\/","logo":{"@type":"ImageObject","inLanguage":"fr-FR","@id":"https:\/\/www.espacefinance.com\/133881bdd\/#\/schema\/logo\/image\/","url":"https:\/\/www.espacefinance.com\/133881bdd\/wp-content\/uploads\/2022\/03\/LOGO-ESFI-YMANCI-022022.jpg","contentUrl":"https:\/\/www.espacefinance.com\/133881bdd\/wp-content\/uploads\/2022\/03\/LOGO-ESFI-YMANCI-022022.jpg","width":1273,"height":710,"caption":"ESPACE FINANCE LP"},"image":{"@id":"https:\/\/www.espacefinance.com\/133881bdd\/#\/schema\/logo\/image\/"},"sameAs":["https:\/\/www.facebook.com\/ymanci.credit.immobilier.assurance","https:\/\/x.com\/YMANCI_NIMES","https:\/\/www.instagram.com\/espacefinancelp_ymanci_nimes\/?hl=fr","https:\/\/www.linkedin.com\/showcase\/ymanci-nmes\/","https:\/\/www.youtube.com\/channel\/UC1PRm7p_QVdRMUaS_Hq6zwA"]}]}},"_links":{"self":[{"href":"https:\/\/www.espacefinance.com\/133881bdd\/wp-json\/wp\/v2\/pages\/1275","targetHints":{"allow":["GET"]}}],"collection":[{"href":"https:\/\/www.espacefinance.com\/133881bdd\/wp-json\/wp\/v2\/pages"}],"about":[{"href":"https:\/\/www.espacefinance.com\/133881bdd\/wp-json\/wp\/v2\/types\/page"}],"author":[{"embeddable":true,"href":"https:\/\/www.espacefinance.com\/133881bdd\/wp-json\/wp\/v2\/users\/1"}],"replies":[{"embeddable":true,"href":"https:\/\/www.espacefinance.com\/133881bdd\/wp-json\/wp\/v2\/comments?post=1275"}],"version-history":[{"count":0,"href":"https:\/\/www.espacefinance.com\/133881bdd\/wp-json\/wp\/v2\/pages\/1275\/revisions"}],"up":[{"embeddable":true,"href":"https:\/\/www.espacefinance.com\/133881bdd\/wp-json\/wp\/v2\/pages\/270"}],"wp:featuredmedia":[{"embeddable":true,"href":"https:\/\/www.espacefinance.com\/133881bdd\/wp-json\/wp\/v2\/media\/1276"}],"wp:attachment":[{"href":"https:\/\/www.espacefinance.com\/133881bdd\/wp-json\/wp\/v2\/media?parent=1275"}],"curies":[{"name":"wp","href":"https:\/\/api.w.org\/{rel}","templated":true}]}}